{"id":10195,"date":"2020-10-03T23:08:09","date_gmt":"2020-10-03T23:08:09","guid":{"rendered":"https:\/\/capazmente.com\/investigacion\/?page_id=10195"},"modified":"2020-10-03T23:08:09","modified_gmt":"2020-10-03T23:08:09","slug":"boletin-de-novedades-editoriales","status":"publish","type":"page","link":"https:\/\/ciesas.edu.mx\/investigacion\/boletin-de-novedades-editoriales\/","title":{"rendered":"Bolet\u00edn de novedades editoriales"},"content":{"rendered":"\n<p><a href=\"https:\/\/books.google.es\/books?hl=es&amp;lr=&amp;id=a_bRJrc3Uc0C&amp;oi=fnd&amp;pg=PA5&amp;dq=ciesas&amp;ots=qWp4uo1dFh&amp;sig=BL7SNKyTc99GVLCy2sRlmKLo0wE\">Nueve estudios sobre el espacio: representaci\u00f3n y formas de apropiaci\u00f3n<\/a><\/p>\n\n\n<p><a href=\"https:\/\/books.google.es\/books?hl=es&amp;lr=&amp;id=HCguKvdKXn4C&amp;oi=fnd&amp;pg=PA103&amp;dq=ciesas&amp;ots=tAlEDlHIB0&amp;sig=UW90fUW20w7u6vhsufF_kqgGdy8\">La distribuci\u00f3n del ingreso en M\u00e9xico en \u00e9pocas de estabilizaci\u00f3n y reforma econ\u00f3mica<\/a><\/p>\n\n\n<p><a href=\"https:\/\/books.google.es\/books?hl=es&amp;lr=&amp;id=ZKCX9dQk05kC&amp;oi=fnd&amp;pg=PA253&amp;dq=ciesas&amp;ots=WCFPj-gkMe&amp;sig=MXb3jWGPv5wOFC1rRF4iGIH_uEE\">La pol\u00edtica del gatopardo: multiculturalismo y democracia en Oaxaca<\/a><\/p>\n\n\n<p><a href=\"https:\/\/www.cairn.info\/revue-problemes-d-amerique-latine-2011-4-page-133.htm\">Transiciones vulnerables: juventud, desigualdad y exclusi\u00f3n en M\u00e9xico<\/a><\/p>\n\n\n<p><a href=\"https:\/\/books.google.es\/books?hl=es&amp;lr=&amp;id=suYXMFB6OPAC&amp;oi=fnd&amp;pg=PA17&amp;dq=ciesas&amp;ots=cVKMOCWx53&amp;sig=w4eNZiIfEyFTHy1cxz1CIlJUvsI\">Lacandonia al filo del agua<\/a><\/p>\n\n\n<p><a href=\"https:\/\/books.google.es\/books?hl=es&amp;lr=&amp;id=O0QGhO_x2xoC&amp;oi=fnd&amp;pg=PA9&amp;dq=ciesas&amp;ots=xntKhnKrMF&amp;sig=AW9v_vbah9uHR1_zXsxEkFg-78k\">La disputa por la construcci\u00f3n democr\u00e1tica en Am\u00e9rica Latina<\/a><\/p>\n<div class=\"pvc_clear\"><\/div><p id=\"pvc_stats_10195\" class=\"pvc_stats all  \" data-element-id=\"10195\" style=\"\"><i class=\"pvc-stats-icon small\" aria-hidden=\"true\"><svg aria-hidden=\"true\" focusable=\"false\" data-prefix=\"far\" data-icon=\"chart-bar\" role=\"img\" xmlns=\"http:\/\/www.w3.org\/2000\/svg\" viewBox=\"0 0 512 512\" class=\"svg-inline--fa fa-chart-bar fa-w-16 fa-2x\"><path fill=\"currentColor\" d=\"M396.8 352h22.4c6.4 0 12.8-6.4 12.8-12.8V108.8c0-6.4-6.4-12.8-12.8-12.8h-22.4c-6.4 0-12.8 6.4-12.8 12.8v230.4c0 6.4 6.4 12.8 12.8 12.8zm-192 0h22.4c6.4 0 12.8-6.4 12.8-12.8V140.8c0-6.4-6.4-12.8-12.8-12.8h-22.4c-6.4 0-12.8 6.4-12.8 12.8v198.4c0 6.4 6.4 12.8 12.8 12.8zm96 0h22.4c6.4 0 12.8-6.4 12.8-12.8V204.8c0-6.4-6.4-12.8-12.8-12.8h-22.4c-6.4 0-12.8 6.4-12.8 12.8v134.4c0 6.4 6.4 12.8 12.8 12.8zM496 400H48V80c0-8.84-7.16-16-16-16H16C7.16 64 0 71.16 0 80v336c0 17.67 14.33 32 32 32h464c8.84 0 16-7.16 16-16v-16c0-8.84-7.16-16-16-16zm-387.2-48h22.4c6.4 0 12.8-6.4 12.8-12.8v-70.4c0-6.4-6.4-12.8-12.8-12.8h-22.4c-6.4 0-12.8 6.4-12.8 12.8v70.4c0 6.4 6.4 12.8 12.8 12.8z\" class=\"\"><\/path><\/svg><\/i> <img loading=\"lazy\" decoding=\"async\" width=\"16\" height=\"16\" alt=\"Loading\" src=\"https:\/\/ciesas.edu.mx\/investigacion\/wp-content\/plugins\/page-views-count\/ajax-loader-2x.gif\" border=0 \/><\/p><div class=\"pvc_clear\"><\/div>","protected":false},"excerpt":{"rendered":"<p>Nueve estudios sobre el espacio: representaci\u00f3n y formas de apropiaci\u00f3n La distribuci\u00f3n del ingreso en M\u00e9xico en \u00e9pocas de estabilizaci\u00f3n y reforma econ\u00f3mica La pol\u00edtica del gatopardo: multiculturalismo y democracia en Oaxaca Transiciones vulnerables: juventud, desigualdad y exclusi\u00f3n en M\u00e9xico Lacandonia al filo del agua La disputa por la construcci\u00f3n democr\u00e1tica en Am\u00e9rica Latina<\/p>\n<div class=\"pvc_clear\"><\/div>\n<p id=\"pvc_stats_10195\" class=\"pvc_stats all  \" data-element-id=\"10195\" style=\"\"><i class=\"pvc-stats-icon small\" aria-hidden=\"true\"><svg aria-hidden=\"true\" focusable=\"false\" data-prefix=\"far\" data-icon=\"chart-bar\" role=\"img\" xmlns=\"http:\/\/www.w3.org\/2000\/svg\" viewBox=\"0 0 512 512\" class=\"svg-inline--fa fa-chart-bar fa-w-16 fa-2x\"><path fill=\"currentColor\" d=\"M396.8 352h22.4c6.4 0 12.8-6.4 12.8-12.8V108.8c0-6.4-6.4-12.8-12.8-12.8h-22.4c-6.4 0-12.8 6.4-12.8 12.8v230.4c0 6.4 6.4 12.8 12.8 12.8zm-192 0h22.4c6.4 0 12.8-6.4 12.8-12.8V140.8c0-6.4-6.4-12.8-12.8-12.8h-22.4c-6.4 0-12.8 6.4-12.8 12.8v198.4c0 6.4 6.4 12.8 12.8 12.8zm96 0h22.4c6.4 0 12.8-6.4 12.8-12.8V204.8c0-6.4-6.4-12.8-12.8-12.8h-22.4c-6.4 0-12.8 6.4-12.8 12.8v134.4c0 6.4 6.4 12.8 12.8 12.8zM496 400H48V80c0-8.84-7.16-16-16-16H16C7.16 64 0 71.16 0 80v336c0 17.67 14.33 32 32 32h464c8.84 0 16-7.16 16-16v-16c0-8.84-7.16-16-16-16zm-387.2-48h22.4c6.4 0 12.8-6.4 12.8-12.8v-70.4c0-6.4-6.4-12.8-12.8-12.8h-22.4c-6.4 0-12.8 6.4-12.8 12.8v70.4c0 6.4 6.4 12.8 12.8 12.8z\" class=\"\"><\/path><\/svg><\/i> <img loading=\"lazy\" decoding=\"async\" width=\"16\" height=\"16\" alt=\"Loading\" src=\"https:\/\/ciesas.edu.mx\/investigacion\/wp-content\/plugins\/page-views-count\/ajax-loader-2x.gif\" border=0 \/><\/p>\n<div class=\"pvc_clear\"><\/div>\n","protected":false},"author":5,"featured_media":0,"parent":0,"menu_order":51,"comment_status":"closed","ping_status":"closed","template":"","meta":{"qubely_global_settings":"","qubely_interactions":"","om_disable_all_campaigns":false,"_uag_custom_page_level_css":"","_monsterinsights_skip_tracking":false,"_monsterinsights_sitenote_active":false,"_monsterinsights_sitenote_note":"","_monsterinsights_sitenote_category":0,"footnotes":""},"class_list":["post-10195","page","type-page","status-publish","hentry"],"aioseo_notices":[],"a3_pvc":{"activated":true,"total_views":25,"today_views":0},"featured_image_urls_v2":{"full":"","thumbnail":"","medium":"","medium_large":"","large":"","1536x1536":"","2048x2048":"","qubely_landscape":"","qubely_portrait":"","qubely_thumbnail":"","gb-block-post-grid-landscape":"","gb-block-post-grid-square":"","ciesas":"","noticias":"","noticias_portrait":"","posgrados":"","fotoacademicos":"","noticias-investigacion":"","academico":"","academico-listado":"","sedes-foto":""},"post_excerpt_stackable_v2":"<p>Nueve estudios sobre el espacio: representaci\u00f3n y formas de apropiaci\u00f3n La distribuci\u00f3n del ingreso en M\u00e9xico en \u00e9pocas de estabilizaci\u00f3n y reforma econ\u00f3mica La pol\u00edtica del gatopardo: multiculturalismo y democracia en Oaxaca Transiciones vulnerables: juventud, desigualdad y exclusi\u00f3n en M\u00e9xico Lacandonia al filo del agua La disputa por la construcci\u00f3n democr\u00e1tica en Am\u00e9rica Latina<\/p>\n<div class=\"pvc_clear\"><\/div>\n<p id=\"pvc_stats_10195\" class=\"pvc_stats all  \" data-element-id=\"10195\" style=\"\"><i class=\"pvc-stats-icon small\" aria-hidden=\"true\"><svg aria-hidden=\"true\" focusable=\"false\" data-prefix=\"far\" data-icon=\"chart-bar\" role=\"img\" xmlns=\"http:\/\/www.w3.org\/2000\/svg\" viewBox=\"0 0 512 512\" class=\"svg-inline--fa fa-chart-bar fa-w-16 fa-2x\"><path fill=\"currentColor\" d=\"M396.8 352h22.4c6.4 0 12.8-6.4 12.8-12.8V108.8c0-6.4-6.4-12.8-12.8-12.8h-22.4c-6.4 0-12.8 6.4-12.8 12.8v230.4c0 6.4 6.4 12.8 12.8 12.8zm-192 0h22.4c6.4 0 12.8-6.4 12.8-12.8V140.8c0-6.4-6.4-12.8-12.8-12.8h-22.4c-6.4 0-12.8 6.4-12.8 12.8v198.4c0 6.4 6.4 12.8 12.8 12.8zm96 0h22.4c6.4 0 12.8-6.4 12.8-12.8V204.8c0-6.4-6.4-12.8-12.8-12.8h-22.4c-6.4 0-12.8 6.4-12.8 12.8v134.4c0 6.4 6.4 12.8 12.8 12.8zM496 400H48V80c0-8.84-7.16-16-16-16H16C7.16 64 0 71.16 0 80v336c0 17.67 14.33 32 32 32h464c8.84 0 16-7.16 16-16v-16c0-8.84-7.16-16-16-16zm-387.2-48h22.4c6.4 0 12.8-6.4 12.8-12.8v-70.4c0-6.4-6.4-12.8-12.8-12.8h-22.4c-6.4 0-12.8 6.4-12.8 12.8v70.4c0 6.4 6.4 12.8 12.8 12.8z\" class=\"\"><\/path><\/svg><\/i> <img loading=\"lazy\" decoding=\"async\" width=\"16\" height=\"16\" alt=\"Loading\" src=\"https:\/\/ciesas.edu.mx\/investigacion\/wp-content\/plugins\/page-views-count\/ajax-loader-2x.gif\" border=0 \/><\/p>\n<div class=\"pvc_clear\"><\/div>\n","category_list_v2":"","author_info_v2":{"name":"Elizabeth","url":"https:\/\/ciesas.edu.mx\/investigacion\/author\/elizabeth\/"},"comments_num_v2":"0 comentarios","featured_image_src":null,"featured_image_src_square":null,"uagb_featured_image_src":{"full":false,"thumbnail":false,"medium":false,"medium_large":false,"large":false,"1536x1536":false,"2048x2048":false,"qubely_landscape":false,"qubely_portrait":false,"qubely_thumbnail":false,"gb-block-post-grid-landscape":false,"gb-block-post-grid-square":false,"ciesas":false,"noticias":false,"noticias_portrait":false,"posgrados":false,"fotoacademicos":false,"noticias-investigacion":false,"academico":false,"academico-listado":false,"sedes-foto":false},"uagb_author_info":{"display_name":"Elizabeth","author_link":"https:\/\/ciesas.edu.mx\/investigacion\/author\/elizabeth\/"},"uagb_comment_info":0,"uagb_excerpt":"Nueve estudios sobre el espacio: representaci\u00f3n y formas de apropiaci\u00f3n La distribuci\u00f3n del ingreso en M\u00e9xico en \u00e9pocas de estabilizaci\u00f3n y reforma econ\u00f3mica La pol\u00edtica del gatopardo: multiculturalismo y democracia en Oaxaca Transiciones vulnerables: juventud, desigualdad y exclusi\u00f3n en M\u00e9xico Lacandonia al filo del agua La disputa por la construcci\u00f3n democr\u00e1tica en Am\u00e9rica Latina","_links":{"self":[{"href":"https:\/\/ciesas.edu.mx\/investigacion\/wp-json\/wp\/v2\/pages\/10195","targetHints":{"allow":["GET"]}}],"collection":[{"href":"https:\/\/ciesas.edu.mx\/investigacion\/wp-json\/wp\/v2\/pages"}],"about":[{"href":"https:\/\/ciesas.edu.mx\/investigacion\/wp-json\/wp\/v2\/types\/page"}],"author":[{"embeddable":true,"href":"https:\/\/ciesas.edu.mx\/investigacion\/wp-json\/wp\/v2\/users\/5"}],"replies":[{"embeddable":true,"href":"https:\/\/ciesas.edu.mx\/investigacion\/wp-json\/wp\/v2\/comments?post=10195"}],"version-history":[{"count":0,"href":"https:\/\/ciesas.edu.mx\/investigacion\/wp-json\/wp\/v2\/pages\/10195\/revisions"}],"wp:attachment":[{"href":"https:\/\/ciesas.edu.mx\/investigacion\/wp-json\/wp\/v2\/media?parent=10195"}],"curies":[{"name":"wp","href":"https:\/\/api.w.org\/{rel}","templated":true}]}}