{"id":11261,"date":"2020-11-21T22:27:58","date_gmt":"2020-11-21T22:27:58","guid":{"rendered":"https:\/\/capazmente.com\/investigacion\/?page_id=11261"},"modified":"2021-10-11T18:28:55","modified_gmt":"2021-10-11T18:28:55","slug":"linea-6-estudios-de-las-migraciones","status":"publish","type":"page","link":"https:\/\/ciesas.edu.mx\/investigacion\/agrupacion-tematica-y-por-sedes\/linea-6-estudios-de-las-migraciones\/","title":{"rendered":"L\u00ednea 6. Estudios de las migraciones"},"content":{"rendered":"\n<div class=\"wp-block-qubely-row qubely-section qubely-block-40e462\"><div class=\"qubely-row-overlay\"><\/div><div class=\"qubely-container\"><div class=\"qubely-row \">\n<div class=\"wp-block-qubely-column qubely-column qubely-column-front qubely-block-23b9cb\"><div class=\"qubely-column-inner\">\n<div class=\"wp-block-qubely-row qubely-section qubely-block-eb03cd\"><div class=\"qubely-row-overlay\"><\/div><div class=\"qubely-container-fluid\"><div class=\"qubely-row \">\n<div class=\"wp-block-qubely-column qubely-column qubely-column-front qubely-block-e80d24\"><div class=\"qubely-column-inner\">\n\n<\/div><\/div>\n\n\n\n<div class=\"wp-block-qubely-column qubely-column qubely-column-front qubely-block-a9c99a\"><div class=\"qubely-column-inner\">\n<div class=\"qubely-block-accordion  qubely-block-6d1518\" data-item-toggle=\"true\">\n<div class=\"wp-block-qubely-accordion-item qubely-block-4ebf07\"><div class=\"qubely-accordion-item qubely-type-fill false\"><div class=\"qubely-accordion-panel qubely-icon-position-right\"><span class=\"qubely-accordion-panel-handler\" role=\"button\"><span class=\"qubely-accordion-panel-handler-label\">Definici\u00f3n<\/span><span class=\"qubely-accordion-icon fa fa-plus\"><\/span><\/span><\/div><div class=\"qubely-accordion-body\"><div itemprop=\"text\">\n<p><strong>Definici\u00f3n<\/strong><\/p>\n\n\n\n<p>Siguiendo la amplia tradici\u00f3n de estudios de las migraciones en M\u00e9xico, en esta l\u00ednea de investigaci\u00f3n engloba a los proyectos del CIESAS que analizan las continuidades y cambios, las instituciones y comunidades, las sociedades nacionales, regionales y locales, y en general las categor\u00edas sociales (g\u00e9nero, etnia, clase, edad, origen, entre otras) que en su interrelaci\u00f3n construyen las migraciones en sus diferentes tipos o categor\u00edas.<\/p>\n<\/div><\/div><\/div><\/div>\n\n\n\n<div class=\"wp-block-qubely-accordion-item qubely-block-287e6d\"><div class=\"qubely-accordion-item qubely-type-fill false\"><div class=\"qubely-accordion-panel qubely-icon-position-right\"><span class=\"qubely-accordion-panel-handler\" role=\"button\"><span class=\"qubely-accordion-panel-handler-label\">Subl\u00edneas<\/span><span class=\"qubely-accordion-icon fa fa-plus\"><\/span><\/span><\/div><div class=\"qubely-accordion-body\"><div itemprop=\"text\">\n<p><strong>Subl\u00edneas<\/strong><\/p>\n\n\n\n<table class=\"wp-block-advgb-table advgb-table-frontend\"><tbody><tr><td>\u2022Trabajadores temporales<\/td><\/tr><tr><td>\u2022Di\u00e1sporas<\/td><\/tr><tr><td>\u2022Migraci\u00f3n y minor\u00edas \u00e9tnicas\/ migraciones y grupos minoritarios<\/td><\/tr><\/tbody><\/table>\n<\/div><\/div><\/div><\/div>\n<\/div>\n\n\n\n<table id=\"tablepress-9\" class=\"tablepress tablepress-id-9 tablepress-responsive\">\n<thead>\n<tr class=\"row-1\">\n\t<th class=\"column-1\">L\u00ednea 1<\/th><th class=\"column-2\">L\u00ednea 2<\/th><th class=\"column-3\">Titulo de Proyecto<\/th><th class=\"column-4\">Estado<\/th><th class=\"column-5\">Sede<\/th><th class=\"column-6\">Nombre completo<\/th>\n<\/tr>\n<\/thead>\n<tbody class=\"row-striping row-hover\">\n<tr class=\"row-2\">\n\t<td class=\"column-1\">6. Estudios de las migraciones<\/td><td class=\"column-2\"><\/td><td class=\"column-3\">Marcas y expresiones f\u00fanebres de la muerte tr\u00e1gica en las vialidades de la metr\u00f3polis. Pr\u00e1ctica ritual, memoria del duelo y riesgo del transitar en la zona metropolitana de Guadalajara<\/td><td class=\"column-4\">Jalisco<\/td><td class=\"column-5\">Occidente<\/td><td class=\"column-6\"><a href=\"https:\/\/ciesas.edu.mx\/investigacion\/2020\/03\/26\/aceves-lozano-jorge-eduardo\/\" rel=\"noopener\" target=\"_blank\">Jorge Eduardo Aceves Lozano<\/a><\/td>\n<\/tr>\n<tr class=\"row-3\">\n\t<td class=\"column-1\">6. Estudios de las migraciones<\/td><td class=\"column-2\"><\/td><td class=\"column-3\">Agravio, indignaci\u00f3n y desobediencias. Trayectorias de hijos de migrantes nacidos en Estados Unidos<\/td><td class=\"column-4\">California Estados Unidos<\/td><td class=\"column-5\">Pac\u00edfico Sur<\/td><td class=\"column-6\"><a href=\"https:\/\/ciesas.edu.mx\/investigacion\/2020\/03\/26\/aquino-moreschi-alejandra\/\" rel=\"noopener\" target=\"_blank\">Alejandra Aquino Moreschi<\/a><\/td>\n<\/tr>\n<tr class=\"row-4\">\n\t<td class=\"column-1\">6. Estudios de las migraciones<\/td><td class=\"column-2\"><\/td><td class=\"column-3\">Yalalag Un pueblo Zapoteca transnacional<\/td><td class=\"column-4\">Oaxaca<\/td><td class=\"column-5\">Pac\u00edfico Sur<\/td><td class=\"column-6\"><a href=\"https:\/\/ciesas.edu.mx\/investigacion\/2020\/03\/26\/aquino-moreschi-alejandra\/\" rel=\"noopener\" target=\"_blank\">Alejandra Aquino Moreschi<\/a><\/td>\n<\/tr>\n<tr class=\"row-5\">\n\t<td class=\"column-1\">6. Estudios de las migraciones<\/td><td class=\"column-2\">4. Antropolog\u00eda jur\u00eddica y estudios pol\u00edticos: poder, democracia, violencia y g\u00e9nero<\/td><td class=\"column-3\">Mujeres acompa\u00f1antes de los migrantes japoneses corporativos en la Ciudad de M\u00e9xico y Le\u00f3n, Guanajuato<\/td><td class=\"column-4\">Ciudad de M\u00e9xico Guanajuato Quer\u00e9taro<\/td><td class=\"column-5\">Ciudad de M\u00e9xico<\/td><td class=\"column-6\"><a href=\"https:\/\/ciesas.edu.mx\/investigacion\/2020\/03\/31\/asakura-hiroko\/\" rel=\"noopener\" target=\"_blank\">Hiroko Asakura<\/a><\/td>\n<\/tr>\n<tr class=\"row-6\">\n\t<td class=\"column-1\">6. Estudios de las migraciones<\/td><td class=\"column-2\"><\/td><td class=\"column-3\">Retos en las familias de estatus legal mixto de origen mexicano en Estados Unidos<\/td><td class=\"column-4\">California EU<\/td><td class=\"column-5\">Ciudad de M\u00e9xico<\/td><td class=\"column-6\"><a href=\"https:\/\/ciesas.edu.mx\/investigacion\/2020\/03\/25\/barros-nock-maria-magdalena-guadalupe\/\" rel=\"noopener\" target=\"_blank\">Mar\u00eda Magdalena Guadalupe Barros Nock<\/a><\/td>\n<\/tr>\n<tr class=\"row-7\">\n\t<td class=\"column-1\">6. Estudios de las migraciones<\/td><td class=\"column-2\"><\/td><td class=\"column-3\">Nuevo orden Mundial. Segunda fase: Estrategias para la auto-protecci\u00f3n de mexicanos en Estados Unidos<\/td><td class=\"column-4\">Nueva York Florida Pensilvania California Washington Colorado Oregon Arkansas<\/td><td class=\"column-5\">Ciudad de M\u00e9xico<\/td><td class=\"column-6\"><a href=\"https:\/\/ciesas.edu.mx\/investigacion\/2020\/03\/25\/barros-nock-maria-magdalena-guadalupe\/\" rel=\"noopener\" target=\"_blank\">Mar\u00eda Magdalena Guadalupe Barros Nock<\/a><\/td>\n<\/tr>\n<tr class=\"row-8\">\n\t<td class=\"column-1\">6. Estudios de las migraciones<\/td><td class=\"column-2\"><\/td><td class=\"column-3\">Grupo binacional Guatemala-M\u00e9xico de estudios de las fronteras<\/td><td class=\"column-4\">Chiapas Campeche  Guatemala<\/td><td class=\"column-5\">Sureste<\/td><td class=\"column-6\"><a href=\"https:\/\/ciesas.edu.mx\/investigacion\/personal-academico\/fernandez-casanueva-carmen\/\">Carmen Fern\u00e1ndez Casanueva<\/a><\/td>\n<\/tr>\n<tr class=\"row-9\">\n\t<td class=\"column-1\">6. Estudios de las migraciones<\/td><td class=\"column-2\">2. Antropolog\u00eda, historia social y econ\u00f3mica, y globalizaci\u00f3n<\/td><td class=\"column-3\">Conservaci\u00f3n de la historia de las familias con ascendencia japonesa en el noreste de M\u00e9xico<\/td><td class=\"column-4\">Nuevo Le\u00f3n Coahuila Tamaulipas San Luis Potos\u00ed  California Texas  Jap\u00f3n<\/td><td class=\"column-5\">Noreste<\/td><td class=\"column-6\"><a href=\"https:\/\/ciesas.edu.mx\/investigacion\/2020\/03\/27\/hirai-shinji\/\" rel=\"noopener\" target=\"_blank\">Shinji Hirai<\/a><\/td>\n<\/tr>\n<tr class=\"row-10\">\n\t<td class=\"column-1\">6. Estudios de las migraciones<\/td><td class=\"column-2\"><\/td><td class=\"column-3\">De pa\u00eds de tr\u00e1nsito a pa\u00eds de destino. Dos espacios emergentes de refugio de centroamericanos en M\u00e9xico<\/td><td class=\"column-4\">Chiapas<\/td><td class=\"column-5\">Ciudad de M\u00e9xico<\/td><td class=\"column-6\"><a href=\"https:\/\/ciesas.edu.mx\/investigacion\/2020\/03\/25\/boisen-susann-v-hjorth\/\" rel=\"noopener\" target=\"_blank\">Susann Vallentin Hjorth Boisen<\/a><\/td>\n<\/tr>\n<tr class=\"row-11\">\n\t<td class=\"column-1\">6. Estudios de las migraciones<\/td><td class=\"column-2\"><\/td><td class=\"column-3\">Nuevo orden internacional<\/td><td class=\"column-4\">Estados Unidos<\/td><td class=\"column-5\">Ciudad de M\u00e9xico<\/td><td class=\"column-6\"><a href=\"https:\/\/ciesas.edu.mx\/investigacion\/2020\/03\/30\/martinez-casas-maria-regina\/\" rel=\"noopener\" target=\"_blank\">Mar\u00eda Regina Mart\u00ednez Casas<\/a><\/td>\n<\/tr>\n<tr class=\"row-12\">\n\t<td class=\"column-1\">6. Estudios de las migraciones<\/td><td class=\"column-2\"><\/td><td class=\"column-3\">Tendencias del Nuevo Orden Mundial, impacto en el desarrollo de las regiones y territorios de nuestro pa\u00eds<\/td><td class=\"column-4\">No Aplica<\/td><td class=\"column-5\">Ciudad de M\u00e9xico<\/td><td class=\"column-6\"><a href=\"https:\/\/ciesas.edu.mx\/investigacion\/2020\/03\/30\/martinez-casas-maria-regina\/\" rel=\"noopener\" target=\"_blank\">Mar\u00eda Regina Mart\u00ednez Casas<\/a><\/td>\n<\/tr>\n<tr class=\"row-13\">\n\t<td class=\"column-1\">6. Estudios de las migraciones<\/td><td class=\"column-2\"><\/td><td class=\"column-3\">Regi\u00f3n Transfronteriza M\u00e9xico-Guatemala: Dimensi\u00f3n Regional y Bases para su Desarrollo Integral<\/td><td class=\"column-4\">No Aplica<\/td><td class=\"column-5\">Occidente<\/td><td class=\"column-6\"><a href=\"https:\/\/ciesas.edu.mx\/investigacion\/2020\/03\/26\/mateos-rodriguez-pablo\/\" rel=\"noopener\" target=\"_blank\">Pablo Mateos Rodr\u00edguez<\/a><\/td>\n<\/tr>\n<tr class=\"row-14\">\n\t<td class=\"column-1\">6. Estudios de las migraciones<\/td><td class=\"column-2\"><\/td><td class=\"column-3\">PIPMEX: Programa de Investigaci\u00f3n sobre Pol\u00edtica Migratoria Comparada y Procesos de Incorporaci\u00f3n de Migrantes en M\u00e9xico y Mexicanos en el Extranjero.<\/td><td class=\"column-4\">No Aplica<\/td><td class=\"column-5\">Occidente<\/td><td class=\"column-6\"><a href=\"https:\/\/ciesas.edu.mx\/investigacion\/2020\/03\/26\/mateos-rodriguez-pablo\/\" rel=\"noopener\" target=\"_blank\">Pablo Mateos Rodr\u00edguez<\/a><\/td>\n<\/tr>\n<tr class=\"row-15\">\n\t<td class=\"column-1\">6. Estudios de las migraciones<\/td><td class=\"column-2\"><\/td><td class=\"column-3\">Entre dos fuegos: naturalizaci\u00f3n e invisibilidad de la violencia contra mujeres migrantes en territorio mexicano<\/td><td class=\"column-4\">Campeche Chiapas Tabasco<\/td><td class=\"column-5\">Sureste<\/td><td class=\"column-6\"><a href=\"https:\/\/ciesas.edu.mx\/investigacion\/2020\/03\/27\/rivera-farfan-carolina\/\" rel=\"noopener\" target=\"_blank\">Carolina Rivera Farf\u00e1n<\/a><\/td>\n<\/tr>\n<tr class=\"row-16\">\n\t<td class=\"column-1\">6. Estudios de las migraciones<\/td><td class=\"column-2\"><\/td><td class=\"column-3\">Ni\u00f1ez y adolescencia centroamericana migrante en el soconusco, Chiapas<\/td><td class=\"column-4\">Chiapas Oaxaca Veracruz Estado de M\u00e9xico Coahuila Nuevo Le\u00f3n<\/td><td class=\"column-5\">Sureste<\/td><td class=\"column-6\"><a href=\"https:\/\/ciesas.edu.mx\/investigacion\/2020\/03\/27\/rivera-farfan-carolina\/\" rel=\"noopener\" target=\"_blank\">Carolina Rivera Farf\u00e1n<\/a><\/td>\n<\/tr>\n<tr class=\"row-17\">\n\t<td class=\"column-1\">6. Estudios de las migraciones<\/td><td class=\"column-2\"><\/td><td class=\"column-3\">Regi\u00f3n transfronteriza M\u00e9xico-Guatemala: dimensi\u00f3n regional y bases para su desarrollo integral. (primera fase, 2017-2018).<\/td><td class=\"column-4\">Chiapas Quintana Roo (M\u00e9xico)  San Marcos Huehuetenango  (Guatemala)<\/td><td class=\"column-5\">Sureste<\/td><td class=\"column-6\"><a href=\"https:\/\/ciesas.edu.mx\/investigacion\/2020\/03\/27\/rivera-farfan-carolina\/\" rel=\"noopener\" target=\"_blank\">Carolina Rivera Farf\u00e1n<\/a><\/td>\n<\/tr>\n<tr class=\"row-18\">\n\t<td class=\"column-1\">6. Estudios de las migraciones<\/td><td class=\"column-2\"><\/td><td class=\"column-3\">Grupo binacional Guatemala-M\u00e9xico de estudios de las fronteras: din\u00e1micas transfronterizas y perspectivas multidimensionales<\/td><td class=\"column-4\">Chiapas Tabasco Campeche<\/td><td class=\"column-5\">Sureste<\/td><td class=\"column-6\"><a href=\"https:\/\/ciesas.edu.mx\/investigacion\/2020\/03\/27\/rivera-farfan-carolina\/\" rel=\"noopener\" target=\"_blank\">Carolina Rivera Farf\u00e1n<\/a><\/td>\n<\/tr>\n<tr class=\"row-19\">\n\t<td class=\"column-1\">6. Estudios de las migraciones<\/td><td class=\"column-2\"><\/td><td class=\"column-3\">Procesos y mecanismos de integraci\u00f3n social y cultural que denoten inclusi\u00f3n y exclusi\u00f3n social y pol\u00edtica, con atenci\u00f3n a la dimensi\u00f3n laboral, residencial y de movilidad transfronteriza. Interesa atender los procesos de inferiorizaci\u00f3n<\/td><td class=\"column-4\">Territorio nacional<\/td><td class=\"column-5\">Sureste<\/td><td class=\"column-6\"><a href=\"https:\/\/ciesas.edu.mx\/investigacion\/2020\/03\/27\/rivera-farfan-carolina\/\" rel=\"noopener\" target=\"_blank\">Carolina Rivera Farf\u00e1n<\/a><\/td>\n<\/tr>\n<tr class=\"row-20\">\n\t<td class=\"column-1\">6. Estudios de las migraciones<\/td><td class=\"column-2\"><\/td><td class=\"column-3\">Reclutamiento, procesamiento y condiciones de movilidad en el Programa de visas H2. El caso de los trabajadores temporales contratados en Monterrey.<\/td><td class=\"column-4\">Nuevo Le\u00f3n<\/td><td class=\"column-5\">Noreste<\/td><td class=\"column-6\"><a href=\"https:\/\/ciesas.edu.mx\/investigacion\/2020\/03\/27\/sandoval-hernandez-efren\/\" rel=\"noopener\" target=\"_blank\">Efr\u00e9n Sandoval Hern\u00e1ndez<\/a><\/td>\n<\/tr>\n<tr class=\"row-21\">\n\t<td class=\"column-1\">6. Estudios de las migraciones<\/td><td class=\"column-2\"><\/td><td class=\"column-3\">M\u00e9xico incluyente: grupos vulnerables y desarrollo<\/td><td class=\"column-4\">Colima Jalisco Guanajuato Sinaloa<\/td><td class=\"column-5\">Occidente<\/td><td class=\"column-6\"><a href=\"https:\/\/ciesas.edu.mx\/investigacion\/2020\/06\/17\/david-omar-stabridis-arana\/\" rel=\"noopener\" target=\"_blank\">David Omar Stabridis Arana<\/a><\/td>\n<\/tr>\n<tr class=\"row-22\">\n\t<td class=\"column-1\">6. Estudios de las migraciones<\/td><td class=\"column-2\"><\/td><td class=\"column-3\">La migraci\u00f3n internacional y la ciudadan\u00eda: el caso de Veracruz<\/td><td class=\"column-4\">Por definir<\/td><td class=\"column-5\">Golfo<\/td><td class=\"column-6\"><a href=\"https:\/\/ciesas.edu.mx\/investigacion\/2020\/03\/26\/zamudio-grave-patricia-eugenia\/\" rel=\"noopener\" target=\"_blank\">Patricia Eugenia Zamudio Grave<\/a><\/td>\n<\/tr>\n<\/tbody>\n<\/table>\n\n<\/div><\/div>\n<\/div><\/div><\/div>\n<\/div><\/div>\n<\/div><\/div><\/div>\n<div class=\"pvc_clear\"><\/div><p id=\"pvc_stats_11261\" class=\"pvc_stats all  \" data-element-id=\"11261\" style=\"\"><i class=\"pvc-stats-icon small\" aria-hidden=\"true\"><svg aria-hidden=\"true\" focusable=\"false\" data-prefix=\"far\" data-icon=\"chart-bar\" role=\"img\" xmlns=\"http:\/\/www.w3.org\/2000\/svg\" viewBox=\"0 0 512 512\" class=\"svg-inline--fa fa-chart-bar fa-w-16 fa-2x\"><path fill=\"currentColor\" d=\"M396.8 352h22.4c6.4 0 12.8-6.4 12.8-12.8V108.8c0-6.4-6.4-12.8-12.8-12.8h-22.4c-6.4 0-12.8 6.4-12.8 12.8v230.4c0 6.4 6.4 12.8 12.8 12.8zm-192 0h22.4c6.4 0 12.8-6.4 12.8-12.8V140.8c0-6.4-6.4-12.8-12.8-12.8h-22.4c-6.4 0-12.8 6.4-12.8 12.8v198.4c0 6.4 6.4 12.8 12.8 12.8zm96 0h22.4c6.4 0 12.8-6.4 12.8-12.8V204.8c0-6.4-6.4-12.8-12.8-12.8h-22.4c-6.4 0-12.8 6.4-12.8 12.8v134.4c0 6.4 6.4 12.8 12.8 12.8zM496 400H48V80c0-8.84-7.16-16-16-16H16C7.16 64 0 71.16 0 80v336c0 17.67 14.33 32 32 32h464c8.84 0 16-7.16 16-16v-16c0-8.84-7.16-16-16-16zm-387.2-48h22.4c6.4 0 12.8-6.4 12.8-12.8v-70.4c0-6.4-6.4-12.8-12.8-12.8h-22.4c-6.4 0-12.8 6.4-12.8 12.8v70.4c0 6.4 6.4 12.8 12.8 12.8z\" class=\"\"><\/path><\/svg><\/i> <img loading=\"lazy\" decoding=\"async\" width=\"16\" height=\"16\" alt=\"Loading\" src=\"https:\/\/ciesas.edu.mx\/investigacion\/wp-content\/plugins\/page-views-count\/ajax-loader-2x.gif\" border=0 \/><\/p><div class=\"pvc_clear\"><\/div>","protected":false},"excerpt":{"rendered":"<div class=\"pvc_clear\"><\/div>\n<p id=\"pvc_stats_11261\" class=\"pvc_stats all  \" data-element-id=\"11261\" style=\"\"><i class=\"pvc-stats-icon small\" aria-hidden=\"true\"><svg aria-hidden=\"true\" focusable=\"false\" data-prefix=\"far\" data-icon=\"chart-bar\" role=\"img\" xmlns=\"http:\/\/www.w3.org\/2000\/svg\" viewBox=\"0 0 512 512\" class=\"svg-inline--fa fa-chart-bar fa-w-16 fa-2x\"><path fill=\"currentColor\" d=\"M396.8 352h22.4c6.4 0 12.8-6.4 12.8-12.8V108.8c0-6.4-6.4-12.8-12.8-12.8h-22.4c-6.4 0-12.8 6.4-12.8 12.8v230.4c0 6.4 6.4 12.8 12.8 12.8zm-192 0h22.4c6.4 0 12.8-6.4 12.8-12.8V140.8c0-6.4-6.4-12.8-12.8-12.8h-22.4c-6.4 0-12.8 6.4-12.8 12.8v198.4c0 6.4 6.4 12.8 12.8 12.8zm96 0h22.4c6.4 0 12.8-6.4 12.8-12.8V204.8c0-6.4-6.4-12.8-12.8-12.8h-22.4c-6.4 0-12.8 6.4-12.8 12.8v134.4c0 6.4 6.4 12.8 12.8 12.8zM496 400H48V80c0-8.84-7.16-16-16-16H16C7.16 64 0 71.16 0 80v336c0 17.67 14.33 32 32 32h464c8.84 0 16-7.16 16-16v-16c0-8.84-7.16-16-16-16zm-387.2-48h22.4c6.4 0 12.8-6.4 12.8-12.8v-70.4c0-6.4-6.4-12.8-12.8-12.8h-22.4c-6.4 0-12.8 6.4-12.8 12.8v70.4c0 6.4 6.4 12.8 12.8 12.8z\" class=\"\"><\/path><\/svg><\/i> <img loading=\"lazy\" decoding=\"async\" width=\"16\" height=\"16\" alt=\"Loading\" src=\"https:\/\/ciesas.edu.mx\/investigacion\/wp-content\/plugins\/page-views-count\/ajax-loader-2x.gif\" border=0 \/><\/p>\n<div class=\"pvc_clear\"><\/div>\n","protected":false},"author":5,"featured_media":0,"parent":12222,"menu_order":24,"comment_status":"closed","ping_status":"closed","template":"","meta":{"qubely_global_settings":"","qubely_interactions":"","om_disable_all_campaigns":false,"_uag_custom_page_level_css":"","_monsterinsights_skip_tracking":false,"_monsterinsights_sitenote_active":false,"_monsterinsights_sitenote_note":"","_monsterinsights_sitenote_category":0,"footnotes":""},"class_list":["post-11261","page","type-page","status-publish","hentry"],"aioseo_notices":[],"featured_image_urls_v2":{"full":"","thumbnail":"","medium":"","medium_large":"","large":"","1536x1536":"","2048x2048":"","qubely_landscape":"","qubely_portrait":"","qubely_thumbnail":"","gb-block-post-grid-landscape":"","gb-block-post-grid-square":"","ciesas":"","noticias":"","noticias_portrait":"","posgrados":"","fotoacademicos":"","noticias-investigacion":"","academico":"","academico-listado":"","sedes-foto":""},"post_excerpt_stackable_v2":"<p>Definici\u00f3n Definici\u00f3n Siguiendo la amplia tradici\u00f3n de estudios de las migraciones en M\u00e9xico, en esta l\u00ednea de investigaci\u00f3n engloba a los proyectos del CIESAS que analizan las continuidades y cambios, las instituciones y comunidades, las sociedades nacionales, regionales y locales, y en general las categor\u00edas sociales (g\u00e9nero, etnia, clase, edad, origen, entre otras) que en su interrelaci\u00f3n construyen las migraciones en sus diferentes tipos o categor\u00edas. Subl\u00edneas Subl\u00edneas \u2022Trabajadores temporales\u2022Di\u00e1sporas\u2022Migraci\u00f3n y minor\u00edas \u00e9tnicas\/ migraciones y grupos minoritarios L\u00ednea 1L\u00ednea 2Titulo de ProyectoEstadoSedeNombre completo 6. Estudios de las migracionesMarcas y expresiones f\u00fanebres de la muerte tr\u00e1gica en las vialidades de la&hellip;<\/p>\n<div class=\"pvc_clear\"><\/div>\n<p id=\"pvc_stats_11261\" class=\"pvc_stats all  \" data-element-id=\"11261\" style=\"\"><i class=\"pvc-stats-icon small\" aria-hidden=\"true\"><svg aria-hidden=\"true\" focusable=\"false\" data-prefix=\"far\" data-icon=\"chart-bar\" role=\"img\" xmlns=\"http:\/\/www.w3.org\/2000\/svg\" viewBox=\"0 0 512 512\" class=\"svg-inline--fa fa-chart-bar fa-w-16 fa-2x\"><path fill=\"currentColor\" d=\"M396.8 352h22.4c6.4 0 12.8-6.4 12.8-12.8V108.8c0-6.4-6.4-12.8-12.8-12.8h-22.4c-6.4 0-12.8 6.4-12.8 12.8v230.4c0 6.4 6.4 12.8 12.8 12.8zm-192 0h22.4c6.4 0 12.8-6.4 12.8-12.8V140.8c0-6.4-6.4-12.8-12.8-12.8h-22.4c-6.4 0-12.8 6.4-12.8 12.8v198.4c0 6.4 6.4 12.8 12.8 12.8zm96 0h22.4c6.4 0 12.8-6.4 12.8-12.8V204.8c0-6.4-6.4-12.8-12.8-12.8h-22.4c-6.4 0-12.8 6.4-12.8 12.8v134.4c0 6.4 6.4 12.8 12.8 12.8zM496 400H48V80c0-8.84-7.16-16-16-16H16C7.16 64 0 71.16 0 80v336c0 17.67 14.33 32 32 32h464c8.84 0 16-7.16 16-16v-16c0-8.84-7.16-16-16-16zm-387.2-48h22.4c6.4 0 12.8-6.4 12.8-12.8v-70.4c0-6.4-6.4-12.8-12.8-12.8h-22.4c-6.4 0-12.8 6.4-12.8 12.8v70.4c0 6.4 6.4 12.8 12.8 12.8z\" class=\"\"><\/path><\/svg><\/i> <img loading=\"lazy\" decoding=\"async\" width=\"16\" height=\"16\" alt=\"Loading\" src=\"https:\/\/ciesas.edu.mx\/investigacion\/wp-content\/plugins\/page-views-count\/ajax-loader-2x.gif\" border=0 \/><\/p>\n<div class=\"pvc_clear\"><\/div>\n","category_list_v2":"","author_info_v2":{"name":"Elizabeth","url":"https:\/\/ciesas.edu.mx\/investigacion\/author\/elizabeth\/"},"comments_num_v2":"0 comentarios","featured_image_src":null,"featured_image_src_square":null,"uagb_featured_image_src":{"full":false,"thumbnail":false,"medium":false,"medium_large":false,"large":false,"1536x1536":false,"2048x2048":false,"qubely_landscape":false,"qubely_portrait":false,"qubely_thumbnail":false,"gb-block-post-grid-landscape":false,"gb-block-post-grid-square":false,"ciesas":false,"noticias":false,"noticias_portrait":false,"posgrados":false,"fotoacademicos":false,"noticias-investigacion":false,"academico":false,"academico-listado":false,"sedes-foto":false},"uagb_author_info":{"display_name":"Elizabeth","author_link":"https:\/\/ciesas.edu.mx\/investigacion\/author\/elizabeth\/"},"uagb_comment_info":0,"uagb_excerpt":null,"_links":{"self":[{"href":"https:\/\/ciesas.edu.mx\/investigacion\/wp-json\/wp\/v2\/pages\/11261","targetHints":{"allow":["GET"]}}],"collection":[{"href":"https:\/\/ciesas.edu.mx\/investigacion\/wp-json\/wp\/v2\/pages"}],"about":[{"href":"https:\/\/ciesas.edu.mx\/investigacion\/wp-json\/wp\/v2\/types\/page"}],"author":[{"embeddable":true,"href":"https:\/\/ciesas.edu.mx\/investigacion\/wp-json\/wp\/v2\/users\/5"}],"replies":[{"embeddable":true,"href":"https:\/\/ciesas.edu.mx\/investigacion\/wp-json\/wp\/v2\/comments?post=11261"}],"version-history":[{"count":0,"href":"https:\/\/ciesas.edu.mx\/investigacion\/wp-json\/wp\/v2\/pages\/11261\/revisions"}],"up":[{"embeddable":true,"href":"https:\/\/ciesas.edu.mx\/investigacion\/wp-json\/wp\/v2\/pages\/12222"}],"wp:attachment":[{"href":"https:\/\/ciesas.edu.mx\/investigacion\/wp-json\/wp\/v2\/media?parent=11261"}],"curies":[{"name":"wp","href":"https:\/\/api.w.org\/{rel}","templated":true}]}}