{"id":11266,"date":"2020-11-21T22:32:36","date_gmt":"2020-11-21T22:32:36","guid":{"rendered":"https:\/\/capazmente.com\/investigacion\/?page_id=11266"},"modified":"2021-01-19T22:12:46","modified_gmt":"2021-01-19T22:12:46","slug":"linea-7-estudios-urbanos","status":"publish","type":"page","link":"https:\/\/ciesas.edu.mx\/investigacion\/agrupacion-tematica-y-por-sedes\/linea-7-estudios-urbanos\/","title":{"rendered":"L\u00ednea 7. Estudios urbanos"},"content":{"rendered":"\n<div class=\"wp-block-qubely-row qubely-section qubely-block-0b5731\"><div class=\"qubely-row-overlay\"><\/div><div class=\"qubely-container\"><div class=\"qubely-row \">\n<div class=\"wp-block-qubely-column qubely-column qubely-column-front qubely-block-2aefb2\"><div class=\"qubely-column-inner\">\n\n<\/div><\/div>\n\n\n\n<div class=\"wp-block-qubely-column qubely-column qubely-column-front qubely-block-e2dd97\"><div class=\"qubely-column-inner\">\n<div class=\"qubely-block-accordion  qubely-block-a89840\" data-item-toggle=\"true\">\n<div class=\"wp-block-qubely-accordion-item qubely-block-db3405\"><div class=\"qubely-accordion-item qubely-type-fill false\"><div class=\"qubely-accordion-panel qubely-icon-position-right\"><span class=\"qubely-accordion-panel-handler\" role=\"button\"><span class=\"qubely-accordion-panel-handler-label\">Definici\u00f3n<\/span><span class=\"qubely-accordion-icon fa fa-plus\"><\/span><\/span><\/div><div class=\"qubely-accordion-body\"><div itemprop=\"text\">\n<p><strong>Definici\u00f3n<\/strong><\/p>\n\n\n\n<p>Esta l\u00ednea se enfoca de modo transdisciplinario en la ciudad como espacio socialmente producido mediante complejos procesos socioecon\u00f3micos, pol\u00edticos y culturales; espacio que no es contenedor inerte de esos procesos, sino su espejo, testigo y motor. Los procesos urbanos est\u00e1n atravesados por m\u00faltiples dimensiones, las cuales abordamos a trav\u00e9s de diversas subl\u00edneas de investigaci\u00f3n.<\/p>\n<\/div><\/div><\/div><\/div>\n\n\n\n<div class=\"wp-block-qubely-accordion-item qubely-block-f36b68\"><div class=\"qubely-accordion-item qubely-type-fill false\"><div class=\"qubely-accordion-panel qubely-icon-position-right\"><span class=\"qubely-accordion-panel-handler\" role=\"button\"><span class=\"qubely-accordion-panel-handler-label\">Subl\u00edneas<\/span><span class=\"qubely-accordion-icon fa fa-plus\"><\/span><\/span><\/div><div class=\"qubely-accordion-body\"><div itemprop=\"text\">\n<p><strong>Subl\u00edneas<\/strong><\/p>\n\n\n\n<table class=\"wp-block-advgb-table advgb-table-frontend\"><tbody><tr><td>Trabajo<\/td><\/tr><tr><td>Territorio<\/td><\/tr><tr><td>Desigualdades \/ discriminaci\u00f3n<\/td><\/tr><tr><td>Continuidad urbano-rural-urbano<\/td><\/tr><tr><td>Apropiaci\u00f3n \/ transformaci\u00f3n de espacios<\/td><\/tr><tr><td>Movilidades<\/td><\/tr><tr><td>Segregaci\u00f3n \/ fragmentaci\u00f3n socio espacial<\/td><\/tr><tr><td>Procesos pol\u00edticos<\/td><\/tr><tr><td>Seguridad p\u00fablica \/ violencia<\/td><\/tr><tr><td>Vivienda<\/td><\/tr><tr><td>Cultura y sociedad<\/td><\/tr><tr><td>Familias y grupos dom\u00e9sticos<\/td><\/tr><tr><td>Movimientos sociales<\/td><\/tr><\/tbody><\/table>\n<\/div><\/div><\/div><\/div>\n<\/div>\n\n\n\n<table id=\"tablepress-9\" class=\"tablepress tablepress-id-9 tablepress-responsive\">\n<thead>\n<tr class=\"row-1\">\n\t<th class=\"column-1\">L\u00ednea 1<\/th><th class=\"column-2\">L\u00ednea 2<\/th><th class=\"column-3\">Titulo de Proyecto<\/th><th class=\"column-4\">Estado<\/th><th class=\"column-5\">Sede<\/th><th class=\"column-6\">Nombre completo<\/th>\n<\/tr>\n<\/thead>\n<tbody class=\"row-striping row-hover\">\n<tr class=\"row-2\">\n\t<td class=\"column-1\">7. Estudios urbanos<\/td><td class=\"column-2\"><\/td><td class=\"column-3\">La movilidad\/accesibilidad al espacio urbano de los adultos mayores en la ciudad de M\u00e9xico<\/td><td class=\"column-4\">Ciudad de M\u00e9xico<\/td><td class=\"column-5\">Ciudad de M\u00e9xico<\/td><td class=\"column-6\"><a href=\"https:\/\/ciesas.edu.mx\/investigacion\/2020\/03\/30\/icazuriaga-montes-maria-del-carmen\/\" rel=\"noopener\" target=\"_blank\">Carmen Icazuriaga Montes<\/a><\/td>\n<\/tr>\n<tr class=\"row-3\">\n\t<td class=\"column-1\">7. Estudios urbanos<\/td><td class=\"column-2\"><\/td><td class=\"column-3\">Din\u00e1micas de impacto local por implementaci\u00f3n de pol\u00edticas p\u00fablicas en la zona metropolitana de Xalapa, Veracruz<\/td><td class=\"column-4\">Veracruz<\/td><td class=\"column-5\">Golfo<\/td><td class=\"column-6\"><a href=\"https:\/\/ciesas.edu.mx\/investigacion\/2020\/03\/26\/moreno-andrade-saul-horacio\/\" rel=\"noopener\" target=\"_blank\">Sa\u00fal Horacio Moreno Andrade<\/a><\/td>\n<\/tr>\n<tr class=\"row-4\">\n\t<td class=\"column-1\">7. Estudios urbanos<\/td><td class=\"column-2\"><\/td><td class=\"column-3\">Informal construction and domestic work: Collaborative research on institutional influences in job quality<\/td><td class=\"column-4\">China Corea del Sur India Sud\u00e1frica  M\u00e9xico<\/td><td class=\"column-5\">Ciudad de M\u00e9xico<\/td><td class=\"column-6\"><a href=\"https:\/\/ciesas.edu.mx\/investigacion\/2020\/03\/31\/rojas-garcia-georgina\/\" rel=\"noopener\" target=\"_blank\">Georgina Rojas Garc\u00eda<\/a><\/td>\n<\/tr>\n<tr class=\"row-5\">\n\t<td class=\"column-1\">7. Estudios urbanos<\/td><td class=\"column-2\"><\/td><td class=\"column-3\">La desestructuraci\u00f3n de enclaves productivos energ\u00e9ticos: ajustes estructurales, respuestas locales, gesti\u00f3n del territorio y tejido social<\/td><td class=\"column-4\">No Aplica<\/td><td class=\"column-5\">Ciudad de M\u00e9xico<\/td><td class=\"column-6\"><a href=\"https:\/\/ciesas.edu.mx\/investigacion\/2020\/03\/31\/rojas-garcia-georgina\/\" rel=\"noopener\" target=\"_blank\">Georgina Rojas Garc\u00eda<\/a><\/td>\n<\/tr>\n<tr class=\"row-6\">\n\t<td class=\"column-1\">7. Estudios urbanos<\/td><td class=\"column-2\"><\/td><td class=\"column-3\">Nuevo orden mundial. Segunda fase: estrategias para la autoprotecci\u00f3n de mexicanos en Estados Unidos<\/td><td class=\"column-4\">Puebla Tabasco<\/td><td class=\"column-5\">Ciudad de M\u00e9xico<\/td><td class=\"column-6\"><a href=\"https:\/\/ciesas.edu.mx\/investigacion\/2020\/03\/31\/rojas-garcia-georgina\/\" rel=\"noopener\" target=\"_blank\">Georgina Rojas Garc\u00eda<\/a><\/td>\n<\/tr>\n<tr class=\"row-7\">\n\t<td class=\"column-1\">7. Estudios urbanos<\/td><td class=\"column-2\"><\/td><td class=\"column-3\">Bienestar, vejez y resiliencia<\/td><td class=\"column-4\">Veracruz<\/td><td class=\"column-5\">Golfo<\/td><td class=\"column-6\"><a href=\"https:\/\/ciesas.edu.mx\/investigacion\/2020\/03\/26\/vazquez-palacios-felipe-roboam\/\" rel=\"noopener\" target=\"_blank\">Felipe Roboam V\u00e1zquez Palacios<\/a><\/td>\n<\/tr>\n<tr class=\"row-8\">\n\t<td class=\"column-1\">7. Estudios urbanos<\/td><td class=\"column-2\">1. Pol\u00edticas, ambiente y sociedad<\/td><td class=\"column-3\">El envejecimiento y su entorno como marco para la vejez.<\/td><td class=\"column-4\">Veracruz<\/td><td class=\"column-5\">Golfo<\/td><td class=\"column-6\"><a href=\"https:\/\/ciesas.edu.mx\/investigacion\/2020\/03\/26\/vazquez-palacios-felipe-roboam\/\" rel=\"noopener\" target=\"_blank\">Felipe Roboam V\u00e1zquez Palacios<\/a><\/td>\n<\/tr>\n<tr class=\"row-9\">\n\t<td class=\"column-1\">7. Estudios urbanos<\/td><td class=\"column-2\"><\/td><td class=\"column-3\">Metropolizaci\u00f3n, espacio ruraI-urbano en la zona de Xalapa, Ver.: reorganizaci\u00f3n social y territorial.<\/td><td class=\"column-4\">Veracruz<\/td><td class=\"column-5\">Golfo<\/td><td class=\"column-6\"><a href=\"https:\/\/ciesas.edu.mx\/investigacion\/2020\/03\/26\/villanueva-olmedo-minerva\/\" rel=\"noopener\" target=\"_blank\">Minerva Villanueva Olmedo<\/a><\/td>\n<\/tr>\n<tr class=\"row-10\">\n\t<td class=\"column-1\">7. Estudios urbanos<\/td><td class=\"column-2\"><\/td><td class=\"column-3\">La seguridad p\u00fablica frente a la privatizaci\u00f3n en las metr\u00f3polis mexicanas<\/td><td class=\"column-4\">No Aplica<\/td><td class=\"column-5\">Ciudad de M\u00e9xico<\/td><td class=\"column-6\"><a href=\"https:\/\/ciesas.edu.mx\/investigacion\/2020\/03\/31\/zamorano-villarreal-claudia-carolina\/\" rel=\"noopener\" target=\"_blank\">Claudia Carolina Zamorano Villarreal<\/a><\/td>\n<\/tr>\n<\/tbody>\n<\/table>\n\n<\/div><\/div>\n<\/div><\/div><\/div>\n<div class=\"pvc_clear\"><\/div><p id=\"pvc_stats_11266\" class=\"pvc_stats all  \" data-element-id=\"11266\" style=\"\"><i class=\"pvc-stats-icon small\" aria-hidden=\"true\"><svg aria-hidden=\"true\" focusable=\"false\" data-prefix=\"far\" data-icon=\"chart-bar\" role=\"img\" xmlns=\"http:\/\/www.w3.org\/2000\/svg\" viewBox=\"0 0 512 512\" class=\"svg-inline--fa fa-chart-bar fa-w-16 fa-2x\"><path fill=\"currentColor\" d=\"M396.8 352h22.4c6.4 0 12.8-6.4 12.8-12.8V108.8c0-6.4-6.4-12.8-12.8-12.8h-22.4c-6.4 0-12.8 6.4-12.8 12.8v230.4c0 6.4 6.4 12.8 12.8 12.8zm-192 0h22.4c6.4 0 12.8-6.4 12.8-12.8V140.8c0-6.4-6.4-12.8-12.8-12.8h-22.4c-6.4 0-12.8 6.4-12.8 12.8v198.4c0 6.4 6.4 12.8 12.8 12.8zm96 0h22.4c6.4 0 12.8-6.4 12.8-12.8V204.8c0-6.4-6.4-12.8-12.8-12.8h-22.4c-6.4 0-12.8 6.4-12.8 12.8v134.4c0 6.4 6.4 12.8 12.8 12.8zM496 400H48V80c0-8.84-7.16-16-16-16H16C7.16 64 0 71.16 0 80v336c0 17.67 14.33 32 32 32h464c8.84 0 16-7.16 16-16v-16c0-8.84-7.16-16-16-16zm-387.2-48h22.4c6.4 0 12.8-6.4 12.8-12.8v-70.4c0-6.4-6.4-12.8-12.8-12.8h-22.4c-6.4 0-12.8 6.4-12.8 12.8v70.4c0 6.4 6.4 12.8 12.8 12.8z\" class=\"\"><\/path><\/svg><\/i> <img loading=\"lazy\" decoding=\"async\" width=\"16\" height=\"16\" alt=\"Loading\" src=\"https:\/\/ciesas.edu.mx\/investigacion\/wp-content\/plugins\/page-views-count\/ajax-loader-2x.gif\" border=0 \/><\/p><div class=\"pvc_clear\"><\/div>","protected":false},"excerpt":{"rendered":"<div class=\"pvc_clear\"><\/div>\n<p id=\"pvc_stats_11266\" class=\"pvc_stats all  \" data-element-id=\"11266\" style=\"\"><i class=\"pvc-stats-icon small\" aria-hidden=\"true\"><svg aria-hidden=\"true\" focusable=\"false\" data-prefix=\"far\" data-icon=\"chart-bar\" role=\"img\" xmlns=\"http:\/\/www.w3.org\/2000\/svg\" viewBox=\"0 0 512 512\" class=\"svg-inline--fa fa-chart-bar fa-w-16 fa-2x\"><path fill=\"currentColor\" d=\"M396.8 352h22.4c6.4 0 12.8-6.4 12.8-12.8V108.8c0-6.4-6.4-12.8-12.8-12.8h-22.4c-6.4 0-12.8 6.4-12.8 12.8v230.4c0 6.4 6.4 12.8 12.8 12.8zm-192 0h22.4c6.4 0 12.8-6.4 12.8-12.8V140.8c0-6.4-6.4-12.8-12.8-12.8h-22.4c-6.4 0-12.8 6.4-12.8 12.8v198.4c0 6.4 6.4 12.8 12.8 12.8zm96 0h22.4c6.4 0 12.8-6.4 12.8-12.8V204.8c0-6.4-6.4-12.8-12.8-12.8h-22.4c-6.4 0-12.8 6.4-12.8 12.8v134.4c0 6.4 6.4 12.8 12.8 12.8zM496 400H48V80c0-8.84-7.16-16-16-16H16C7.16 64 0 71.16 0 80v336c0 17.67 14.33 32 32 32h464c8.84 0 16-7.16 16-16v-16c0-8.84-7.16-16-16-16zm-387.2-48h22.4c6.4 0 12.8-6.4 12.8-12.8v-70.4c0-6.4-6.4-12.8-12.8-12.8h-22.4c-6.4 0-12.8 6.4-12.8 12.8v70.4c0 6.4 6.4 12.8 12.8 12.8z\" class=\"\"><\/path><\/svg><\/i> <img loading=\"lazy\" decoding=\"async\" width=\"16\" height=\"16\" alt=\"Loading\" src=\"https:\/\/ciesas.edu.mx\/investigacion\/wp-content\/plugins\/page-views-count\/ajax-loader-2x.gif\" border=0 \/><\/p>\n<div class=\"pvc_clear\"><\/div>\n","protected":false},"author":5,"featured_media":0,"parent":12222,"menu_order":23,"comment_status":"closed","ping_status":"closed","template":"","meta":{"qubely_global_settings":"","qubely_interactions":"","om_disable_all_campaigns":false,"_uag_custom_page_level_css":"","_monsterinsights_skip_tracking":false,"_monsterinsights_sitenote_active":false,"_monsterinsights_sitenote_note":"","_monsterinsights_sitenote_category":0,"footnotes":""},"class_list":["post-11266","page","type-page","status-publish","hentry"],"aioseo_notices":[],"featured_image_urls_v2":{"full":"","thumbnail":"","medium":"","medium_large":"","large":"","1536x1536":"","2048x2048":"","qubely_landscape":"","qubely_portrait":"","qubely_thumbnail":"","gb-block-post-grid-landscape":"","gb-block-post-grid-square":"","ciesas":"","noticias":"","noticias_portrait":"","posgrados":"","fotoacademicos":"","noticias-investigacion":"","academico":"","academico-listado":"","sedes-foto":""},"post_excerpt_stackable_v2":"<p>Definici\u00f3n Definici\u00f3n Esta l\u00ednea se enfoca de modo transdisciplinario en la ciudad como espacio socialmente producido mediante complejos procesos socioecon\u00f3micos, pol\u00edticos y culturales; espacio que no es contenedor inerte de esos procesos, sino su espejo, testigo y motor. Los procesos urbanos est\u00e1n atravesados por m\u00faltiples dimensiones, las cuales abordamos a trav\u00e9s de diversas subl\u00edneas de investigaci\u00f3n. Subl\u00edneas Subl\u00edneas TrabajoTerritorioDesigualdades \/ discriminaci\u00f3nContinuidad urbano-rural-urbanoApropiaci\u00f3n \/ transformaci\u00f3n de espaciosMovilidadesSegregaci\u00f3n \/ fragmentaci\u00f3n socio espacialProcesos pol\u00edticosSeguridad p\u00fablica \/ violenciaViviendaCultura y sociedadFamilias y grupos dom\u00e9sticosMovimientos sociales L\u00ednea 1L\u00ednea 2Titulo de ProyectoEstadoSedeNombre completo 7. Estudios urbanosLa movilidad\/accesibilidad al espacio urbano de los adultos mayores en la ciudad&hellip;<\/p>\n<div class=\"pvc_clear\"><\/div>\n<p id=\"pvc_stats_11266\" class=\"pvc_stats all  \" data-element-id=\"11266\" style=\"\"><i class=\"pvc-stats-icon small\" aria-hidden=\"true\"><svg aria-hidden=\"true\" focusable=\"false\" data-prefix=\"far\" data-icon=\"chart-bar\" role=\"img\" xmlns=\"http:\/\/www.w3.org\/2000\/svg\" viewBox=\"0 0 512 512\" class=\"svg-inline--fa fa-chart-bar fa-w-16 fa-2x\"><path fill=\"currentColor\" d=\"M396.8 352h22.4c6.4 0 12.8-6.4 12.8-12.8V108.8c0-6.4-6.4-12.8-12.8-12.8h-22.4c-6.4 0-12.8 6.4-12.8 12.8v230.4c0 6.4 6.4 12.8 12.8 12.8zm-192 0h22.4c6.4 0 12.8-6.4 12.8-12.8V140.8c0-6.4-6.4-12.8-12.8-12.8h-22.4c-6.4 0-12.8 6.4-12.8 12.8v198.4c0 6.4 6.4 12.8 12.8 12.8zm96 0h22.4c6.4 0 12.8-6.4 12.8-12.8V204.8c0-6.4-6.4-12.8-12.8-12.8h-22.4c-6.4 0-12.8 6.4-12.8 12.8v134.4c0 6.4 6.4 12.8 12.8 12.8zM496 400H48V80c0-8.84-7.16-16-16-16H16C7.16 64 0 71.16 0 80v336c0 17.67 14.33 32 32 32h464c8.84 0 16-7.16 16-16v-16c0-8.84-7.16-16-16-16zm-387.2-48h22.4c6.4 0 12.8-6.4 12.8-12.8v-70.4c0-6.4-6.4-12.8-12.8-12.8h-22.4c-6.4 0-12.8 6.4-12.8 12.8v70.4c0 6.4 6.4 12.8 12.8 12.8z\" class=\"\"><\/path><\/svg><\/i> <img loading=\"lazy\" decoding=\"async\" width=\"16\" height=\"16\" alt=\"Loading\" src=\"https:\/\/ciesas.edu.mx\/investigacion\/wp-content\/plugins\/page-views-count\/ajax-loader-2x.gif\" border=0 \/><\/p>\n<div class=\"pvc_clear\"><\/div>\n","category_list_v2":"","author_info_v2":{"name":"Elizabeth","url":"https:\/\/ciesas.edu.mx\/investigacion\/author\/elizabeth\/"},"comments_num_v2":"0 comentarios","featured_image_src":null,"featured_image_src_square":null,"uagb_featured_image_src":{"full":false,"thumbnail":false,"medium":false,"medium_large":false,"large":false,"1536x1536":false,"2048x2048":false,"qubely_landscape":false,"qubely_portrait":false,"qubely_thumbnail":false,"gb-block-post-grid-landscape":false,"gb-block-post-grid-square":false,"ciesas":false,"noticias":false,"noticias_portrait":false,"posgrados":false,"fotoacademicos":false,"noticias-investigacion":false,"academico":false,"academico-listado":false,"sedes-foto":false},"uagb_author_info":{"display_name":"Elizabeth","author_link":"https:\/\/ciesas.edu.mx\/investigacion\/author\/elizabeth\/"},"uagb_comment_info":0,"uagb_excerpt":null,"_links":{"self":[{"href":"https:\/\/ciesas.edu.mx\/investigacion\/wp-json\/wp\/v2\/pages\/11266","targetHints":{"allow":["GET"]}}],"collection":[{"href":"https:\/\/ciesas.edu.mx\/investigacion\/wp-json\/wp\/v2\/pages"}],"about":[{"href":"https:\/\/ciesas.edu.mx\/investigacion\/wp-json\/wp\/v2\/types\/page"}],"author":[{"embeddable":true,"href":"https:\/\/ciesas.edu.mx\/investigacion\/wp-json\/wp\/v2\/users\/5"}],"replies":[{"embeddable":true,"href":"https:\/\/ciesas.edu.mx\/investigacion\/wp-json\/wp\/v2\/comments?post=11266"}],"version-history":[{"count":0,"href":"https:\/\/ciesas.edu.mx\/investigacion\/wp-json\/wp\/v2\/pages\/11266\/revisions"}],"up":[{"embeddable":true,"href":"https:\/\/ciesas.edu.mx\/investigacion\/wp-json\/wp\/v2\/pages\/12222"}],"wp:attachment":[{"href":"https:\/\/ciesas.edu.mx\/investigacion\/wp-json\/wp\/v2\/media?parent=11266"}],"curies":[{"name":"wp","href":"https:\/\/api.w.org\/{rel}","templated":true}]}}