{"id":11276,"date":"2020-11-21T22:46:56","date_gmt":"2020-11-21T22:46:56","guid":{"rendered":"https:\/\/capazmente.com\/investigacion\/?page_id=11276"},"modified":"2021-01-19T22:14:32","modified_gmt":"2021-01-19T22:14:32","slug":"linea-9-estudios-de-la-cultura","status":"publish","type":"page","link":"https:\/\/ciesas.edu.mx\/investigacion\/agrupacion-tematica-y-por-sedes\/linea-9-estudios-de-la-cultura\/","title":{"rendered":"L\u00ednea 9. Estudios de la cultura"},"content":{"rendered":"\n<div class=\"wp-block-qubely-row qubely-section qubely-block-a7a298\"><div class=\"qubely-row-overlay\"><\/div><div class=\"qubely-container\"><div class=\"qubely-row \">\n<div class=\"wp-block-qubely-column qubely-column qubely-column-front qubely-block-d8a763\"><div class=\"qubely-column-inner\">\n\n<\/div><\/div>\n\n\n\n<div class=\"wp-block-qubely-column qubely-column qubely-column-front qubely-block-00239c\"><div class=\"qubely-column-inner\">\n<div class=\"qubely-block-accordion  qubely-block-d4308a\" data-item-toggle=\"true\">\n<div class=\"wp-block-qubely-accordion-item qubely-block-38b90f\"><div class=\"qubely-accordion-item qubely-type-fill false\"><div class=\"qubely-accordion-panel qubely-icon-position-right\"><span class=\"qubely-accordion-panel-handler\" role=\"button\"><span class=\"qubely-accordion-panel-handler-label\">Definici\u00f3n<\/span><span class=\"qubely-accordion-icon fa fa-plus\"><\/span><\/span><\/div><div class=\"qubely-accordion-body\"><div itemprop=\"text\">\n<p><strong>Definici\u00f3n<\/strong><\/p>\n\n\n\n<p>Se analizan diferentes dimensiones y manifestaciones de la cultura expresadas en los discursos, lenguajes, formas de comunicaci\u00f3n, de religiosidad, arte (m\u00fasica) as\u00ed como en las relaciones interpersonales cercanas (familias, amigos). Estos estudios se realizan desde distintas disciplinas (antropolog\u00eda, sociolog\u00eda, pol\u00edtica, econom\u00eda, entre otras) as\u00ed como a partir de perspectivas o enfoques variados. Utilizan principalmente metodolog\u00edas cualitativas, pero no excluyen el an\u00e1lisis cuantitativo o mixto. Abarcan grupos diferenciados, por ejemplo, a partir de su identidad \u00e9tnica, creencias religiosas, estilos de vida, representaciones sociales<\/p>\n<\/div><\/div><\/div><\/div>\n\n\n\n<div class=\"wp-block-qubely-accordion-item qubely-block-d92ae4\"><div class=\"qubely-accordion-item qubely-type-fill false\"><div class=\"qubely-accordion-panel qubely-icon-position-right\"><span class=\"qubely-accordion-panel-handler\" role=\"button\"><span class=\"qubely-accordion-panel-handler-label\">Subl\u00edneas<\/span><span class=\"qubely-accordion-icon fa fa-plus\"><\/span><\/span><\/div><div class=\"qubely-accordion-body\"><div itemprop=\"text\">\n<p><strong>Subl\u00edneas<\/strong><\/p>\n\n\n\n<table class=\"wp-block-advgb-table advgb-table-frontend\"><tbody><tr><td>Comunicaci\u00f3n y lenguajes<\/td><\/tr><tr><td>M\u00fasica y otras artes<\/td><\/tr><tr><td>Religi\u00f3n<\/td><\/tr><tr><td>Relaciones interpersonales cercanas<\/td><\/tr><\/tbody><\/table>\n<\/div><\/div><\/div><\/div>\n<\/div>\n\n\n\n<table id=\"tablepress-9\" class=\"tablepress tablepress-id-9 tablepress-responsive\">\n<thead>\n<tr class=\"row-1\">\n\t<th class=\"column-1\">L\u00ednea 1<\/th><th class=\"column-2\">L\u00ednea 2<\/th><th class=\"column-3\">Titulo de Proyecto<\/th><th class=\"column-4\">Estado<\/th><th class=\"column-5\">Sede<\/th><th class=\"column-6\">Nombre completo<\/th>\n<\/tr>\n<\/thead>\n<tbody class=\"row-striping row-hover\">\n<tr class=\"row-2\">\n\t<td class=\"column-1\">9. Estudios de la cultura<\/td><td class=\"column-2\"><\/td><td class=\"column-3\">Santuarios Transacionales<\/td><td class=\"column-4\">Noreste y centro de M\u00e9xico<\/td><td class=\"column-5\">Occidente<\/td><td class=\"column-6\"><a href=\"https:\/\/ciesas.edu.mx\/investigacion\/2020\/03\/26\/aguilar-ros-maria-alejandra\/\" rel=\"noopener\" target=\"_blank\">Mar\u00eda Alejandra Aguilar Ros<\/a><\/td>\n<\/tr>\n<tr class=\"row-3\">\n\t<td class=\"column-1\">9. Estudios de la cultura<\/td><td class=\"column-2\"><\/td><td class=\"column-3\">Estados Unidos en California M\u00e9xico 1948-1980<\/td><td class=\"column-4\">California, M\u00e9xico\/Estados Unidos 1840-1885<\/td><td class=\"column-5\">Pac\u00edfico Sur<\/td><td class=\"column-6\"><a href=\"https:\/\/ciesas.edu.mx\/investigacion\/2020\/03\/26\/dalton-palomo-margarita\/\" rel=\"noopener\" target=\"_blank\">Margarita Dalton Palomo<\/a><\/td>\n<\/tr>\n<tr class=\"row-4\">\n\t<td class=\"column-1\">9. Estudios de la cultura<\/td><td class=\"column-2\"><\/td><td class=\"column-3\"><\/td><td class=\"column-4\"><\/td><td class=\"column-5\"><\/td><td class=\"column-6\"><a href=\"https:\/\/ciesas.edu.mx\/investigacion\/2020\/03\/26\/de-la-torre-castellanos-angela-renee\/\" rel=\"noopener\" target=\"_blank\">Renee de la Torre<\/a><\/td>\n<\/tr>\n<tr class=\"row-5\">\n\t<td class=\"column-1\">9. Estudios de la cultura<\/td><td class=\"column-2\"><\/td><td class=\"column-3\">Educaci\u00f3n parenta y competencia social de los j\u00f3venes en M\u00e9xico. Una perspectiva sociol\u00f3gica<\/td><td class=\"column-4\">Ciudad de M\u00e9xico<\/td><td class=\"column-5\">Ciudad de M\u00e9xico<\/td><td class=\"column-6\"><a href=\"https:\/\/ciesas.edu.mx\/investigacion\/2020\/03\/30\/esteinou-rosario\/\" rel=\"noopener\" target=\"_blank\">Rosario Esteinou Madrid<\/a><\/td>\n<\/tr>\n<tr class=\"row-6\">\n\t<td class=\"column-1\">9. Estudios de la cultura<\/td><td class=\"column-2\"><\/td><td class=\"column-3\">Intimidad y vida de pareja en la ciudad de M\u00e9xico<\/td><td class=\"column-4\">No Aplica<\/td><td class=\"column-5\">Ciudad de M\u00e9xico<\/td><td class=\"column-6\"><a href=\"https:\/\/ciesas.edu.mx\/investigacion\/2020\/03\/30\/esteinou-rosario\/\" rel=\"noopener\" target=\"_blank\">Rosario Esteinou Madrid<\/a><\/td>\n<\/tr>\n<tr class=\"row-7\">\n\t<td class=\"column-1\">9. Estudios de la cultura<\/td><td class=\"column-2\"><\/td><td class=\"column-3\">Misoginia en pocas palabras: Identificaci\u00f3n y an\u00e1lisis de violencia escrita contra las mujeres en textos cortos de Twitter<\/td><td class=\"column-4\">No Aplica<\/td><td class=\"column-5\">Peninsular<\/td><td class=\"column-6\"><a href=\"https:\/\/ciesas.edu.mx\/investigacion\/2020\/06\/17\/perla-orquidea-fragoso-lugo\/\" rel=\"noopener\" target=\"_blank\">Perla Orqu\u00eddea Fragoso Lugo<\/a><\/td>\n<\/tr>\n<tr class=\"row-8\">\n\t<td class=\"column-1\">9. Estudios de la cultura<\/td><td class=\"column-2\"><\/td><td class=\"column-3\">Sociedad y religi\u00f3n<\/td><td class=\"column-4\">Chiapas<\/td><td class=\"column-5\">Sureste<\/td><td class=\"column-6\"><a href=\"https:\/\/ciesas.edu.mx\/investigacion\/2020\/03\/27\/jacorzynski-witold-robert\/\" rel=\"noopener\" target=\"_blank\">Witold Robert Jacorzynski<\/a><\/td>\n<\/tr>\n<tr class=\"row-9\">\n\t<td class=\"column-1\">9. Estudios de la cultura<\/td><td class=\"column-2\"><\/td><td class=\"column-3\">Religi\u00f3n y sociedad en M\u00e9xico: recomposiciones desde la experiencia y el sentido practicado<\/td><td class=\"column-4\">No Aplica<\/td><td class=\"column-5\">Peninsular<\/td><td class=\"column-6\"><a href=\"https:\/\/ciesas.edu.mx\/investigacion\/2020\/03\/27\/juarez-huet-nahayelli-beatriz\/\" rel=\"noopener\" target=\"_blank\">Nahayelli Beatriz Ju\u00e1rez Huet<\/a><\/td>\n<\/tr>\n<tr class=\"row-10\">\n\t<td class=\"column-1\">9. Estudios de la cultura<\/td><td class=\"column-2\"><\/td><td class=\"column-3\">Cat\u00e1logo latinoamericano de tesis de antropolog\u00eda social<\/td><td class=\"column-4\">No Aplica<\/td><td class=\"column-5\">Ciudad de M\u00e9xico<\/td><td class=\"column-6\"><a href=\"https:\/\/ciesas.edu.mx\/investigacion\/2020\/03\/30\/melville-aguirre-jorge-roberto\/\" rel=\"noopener\" target=\"_blank\">Jorge Roberto Melville Aguirre<\/a><\/td>\n<\/tr>\n<tr class=\"row-11\">\n\t<td class=\"column-1\">9. Estudios de la cultura<\/td><td class=\"column-2\"><\/td><td class=\"column-3\">Formaci\u00f3n antropol\u00f3gica en M\u00e9xico<\/td><td class=\"column-4\">Territorio nacional<\/td><td class=\"column-5\">Ciudad de M\u00e9xico<\/td><td class=\"column-6\"><a href=\"https:\/\/ciesas.edu.mx\/investigacion\/2020\/03\/30\/melville-aguirre-jorge-roberto\/\" rel=\"noopener\" target=\"_blank\">Jorge Roberto Melville Aguirre<\/a><\/td>\n<\/tr>\n<tr class=\"row-12\">\n\t<td class=\"column-1\">9. Estudios de la cultura<\/td><td class=\"column-2\"><\/td><td class=\"column-3\">Ritual sonoro en catedral parroquias y pueblos. Catalogaci\u00f3n e investigaci\u00f3n musical en Oaxaca<\/td><td class=\"column-4\">Oaxaca<\/td><td class=\"column-5\">Pac\u00edfico Sur<\/td><td class=\"column-6\"><a href=\"https:\/\/ciesas.edu.mx\/investigacion\/2020\/03\/26\/2631-2\/\" rel=\"noopener\" target=\"_blank\">Sergio Navarrete Pellicer<\/a><\/td>\n<\/tr>\n<tr class=\"row-13\">\n\t<td class=\"column-1\">9. Estudios de la cultura<\/td><td class=\"column-2\"><\/td><td class=\"column-3\">Afro-Mexican Musical Youth in Oaxaca: Roots, Creativity, Community<\/td><td class=\"column-4\">Oaxaca Guerrero<\/td><td class=\"column-5\">Pac\u00edfico Sur<\/td><td class=\"column-6\"><a href=\"https:\/\/ciesas.edu.mx\/investigacion\/2020\/03\/26\/2631-2\/\" rel=\"noopener\" target=\"_blank\">Sergio Navarrete Pellicer<\/a><\/td>\n<\/tr>\n<tr class=\"row-14\">\n\t<td class=\"column-1\">9. Estudios de la cultura<\/td><td class=\"column-2\"><\/td><td class=\"column-3\">Muerte y resurrecci\u00f3n en la frontera. Procesos regionales de construcci\u00f3n de la cultura en el noreste de M\u00ebxico y Sur de Texas. El caso del hip hop y la m\u00fasica norte\u00f1a.<\/td><td class=\"column-4\">Coahuila Nuevo Le\u00f3n Tamaulipas<\/td><td class=\"column-5\">Noreste<\/td><td class=\"column-6\"><a href=\"https:\/\/ciesas.edu.mx\/investigacion\/2020\/06\/17\/jose-juan-olvera-gudino\/\" rel=\"noopener\" target=\"_blank\">Jos\u00e9 Juan Olvera Gudi\u00f1o<\/a><\/td>\n<\/tr>\n<tr class=\"row-15\">\n\t<td class=\"column-1\">9. Estudios de la cultura<\/td><td class=\"column-2\"><\/td><td class=\"column-3\">M\u00fasica popular en el noreste de M\u00e9xico<\/td><td class=\"column-4\">Coahuila Nuevo Le\u00f3n Tamaulipas Sinaloa  Texas<\/td><td class=\"column-5\">Noreste<\/td><td class=\"column-6\"><a href=\"https:\/\/ciesas.edu.mx\/investigacion\/2020\/06\/17\/jose-juan-olvera-gudino\/\" rel=\"noopener\" target=\"_blank\">Jos\u00e9 Juan Olvera Gudi\u00f1o<\/a><\/td>\n<\/tr>\n<tr class=\"row-16\">\n\t<td class=\"column-1\">9. Estudios de la cultura<\/td><td class=\"column-2\"><\/td><td class=\"column-3\">Muerte y resurrecci\u00f3n en la frontera. Procesos regionales de construcci\u00f3n de la cultura en el noreste de M\u00e9xico y Sur de Texas: Los casos del hi hop y la m\u00fasica norte\u00f1a<\/td><td class=\"column-4\">Tamaulipas Nuevo Le\u00f3n Chihuahua  Texas<\/td><td class=\"column-5\">Noreste<\/td><td class=\"column-6\"><a href=\"https:\/\/ciesas.edu.mx\/investigacion\/2020\/06\/17\/jose-juan-olvera-gudino\/\" rel=\"noopener\" target=\"_blank\">Jos\u00e9 Juan Olvera Gudi\u00f1o<\/a><\/td>\n<\/tr>\n<tr class=\"row-17\">\n\t<td class=\"column-1\">9. Estudios de la cultura<\/td><td class=\"column-2\"><\/td><td class=\"column-3\">Reconfiguraciones de las identidades religiosas en M\u00e9xico<\/td><td class=\"column-4\">Chiapas<\/td><td class=\"column-5\">Sureste<\/td><td class=\"column-6\"><a href=\"https:\/\/ciesas.edu.mx\/investigacion\/2020\/03\/27\/rivera-farfan-carolina\/\" rel=\"noopener\" target=\"_blank\">Carolina Rivera Farf\u00e1n<\/a><\/td>\n<\/tr>\n<tr class=\"row-18\">\n\t<td class=\"column-1\">9. Estudios de la cultura<\/td><td class=\"column-2\"><\/td><td class=\"column-3\">Pueblos mayas y teolog\u00eda de la liberaci\u00f3n<\/td><td class=\"column-4\">Chiapas<\/td><td class=\"column-5\">Sureste<\/td><td class=\"column-6\"><a href=\"https:\/\/ciesas.edu.mx\/investigacion\/2020\/03\/27\/robledo-hernandez-gabriela\/\" rel=\"noopener\" target=\"_blank\">Gabriela Robledo Hern\u00e1ndez<\/a><\/td>\n<\/tr>\n<tr class=\"row-19\">\n\t<td class=\"column-1\">9. Estudios de la cultura<\/td><td class=\"column-2\"><\/td><td class=\"column-3\">Religi\u00f3n y Sociedad en M\u00e9xico<\/td><td class=\"column-4\">Territorio nacional<\/td><td class=\"column-5\">Sureste<\/td><td class=\"column-6\"><a href=\"https:\/\/ciesas.edu.mx\/investigacion\/2020\/03\/27\/robledo-hernandez-gabriela\/\" rel=\"noopener\" target=\"_blank\">Gabriela Robledo Hern\u00e1ndez<\/a><\/td>\n<\/tr>\n<tr class=\"row-20\">\n\t<td class=\"column-1\">9. Estudios de la cultura<\/td><td class=\"column-2\"><\/td><td class=\"column-3\">Mujeres de muchos rostros: identidades de g\u00e9nero, proyectos de vida y familia. Relatos de mujeres j\u00f3venes adultas en Guadalajara<\/td><td class=\"column-4\">Jalisco<\/td><td class=\"column-5\">Occidente<\/td><td class=\"column-6\"><a href=\"https:\/\/ciesas.edu.mx\/investigacion\/2020\/03\/26\/safa-barraza-patricia\/\" rel=\"noopener\" target=\"_blank\">Patricia Safa Barraza<\/a><\/td>\n<\/tr>\n<tr class=\"row-21\">\n\t<td class=\"column-1\">9. Estudios de la cultura<\/td><td class=\"column-2\"><\/td><td class=\"column-3\">La investigaci\u00f3n del CIESAS en sus primeras cuatro d\u00e9cadas.<\/td><td class=\"column-4\">Territorio nacional<\/td><td class=\"column-5\">Ciudad de M\u00e9xico<\/td><td class=\"column-6\"><a href=\"https:\/\/ciesas.edu.mx\/investigacion\/2020\/03\/31\/torres-mejia-patricia\/\" rel=\"noopener\" target=\"_blank\">Patricia Torres Mej\u00eda<\/a><\/td>\n<\/tr>\n<\/tbody>\n<\/table>\n\n<\/div><\/div>\n<\/div><\/div><\/div>\n\n\n\n<p><\/p>\n<div class=\"pvc_clear\"><\/div><p id=\"pvc_stats_11276\" class=\"pvc_stats all  \" data-element-id=\"11276\" style=\"\"><i class=\"pvc-stats-icon small\" aria-hidden=\"true\"><svg aria-hidden=\"true\" focusable=\"false\" data-prefix=\"far\" data-icon=\"chart-bar\" role=\"img\" xmlns=\"http:\/\/www.w3.org\/2000\/svg\" viewBox=\"0 0 512 512\" class=\"svg-inline--fa fa-chart-bar fa-w-16 fa-2x\"><path fill=\"currentColor\" d=\"M396.8 352h22.4c6.4 0 12.8-6.4 12.8-12.8V108.8c0-6.4-6.4-12.8-12.8-12.8h-22.4c-6.4 0-12.8 6.4-12.8 12.8v230.4c0 6.4 6.4 12.8 12.8 12.8zm-192 0h22.4c6.4 0 12.8-6.4 12.8-12.8V140.8c0-6.4-6.4-12.8-12.8-12.8h-22.4c-6.4 0-12.8 6.4-12.8 12.8v198.4c0 6.4 6.4 12.8 12.8 12.8zm96 0h22.4c6.4 0 12.8-6.4 12.8-12.8V204.8c0-6.4-6.4-12.8-12.8-12.8h-22.4c-6.4 0-12.8 6.4-12.8 12.8v134.4c0 6.4 6.4 12.8 12.8 12.8zM496 400H48V80c0-8.84-7.16-16-16-16H16C7.16 64 0 71.16 0 80v336c0 17.67 14.33 32 32 32h464c8.84 0 16-7.16 16-16v-16c0-8.84-7.16-16-16-16zm-387.2-48h22.4c6.4 0 12.8-6.4 12.8-12.8v-70.4c0-6.4-6.4-12.8-12.8-12.8h-22.4c-6.4 0-12.8 6.4-12.8 12.8v70.4c0 6.4 6.4 12.8 12.8 12.8z\" class=\"\"><\/path><\/svg><\/i> <img loading=\"lazy\" decoding=\"async\" width=\"16\" height=\"16\" alt=\"Loading\" src=\"https:\/\/ciesas.edu.mx\/investigacion\/wp-content\/plugins\/page-views-count\/ajax-loader-2x.gif\" border=0 \/><\/p><div class=\"pvc_clear\"><\/div>","protected":false},"excerpt":{"rendered":"<div class=\"pvc_clear\"><\/div>\n<p id=\"pvc_stats_11276\" class=\"pvc_stats all  \" data-element-id=\"11276\" style=\"\"><i class=\"pvc-stats-icon small\" aria-hidden=\"true\"><svg aria-hidden=\"true\" focusable=\"false\" data-prefix=\"far\" data-icon=\"chart-bar\" role=\"img\" xmlns=\"http:\/\/www.w3.org\/2000\/svg\" viewBox=\"0 0 512 512\" class=\"svg-inline--fa fa-chart-bar fa-w-16 fa-2x\"><path fill=\"currentColor\" d=\"M396.8 352h22.4c6.4 0 12.8-6.4 12.8-12.8V108.8c0-6.4-6.4-12.8-12.8-12.8h-22.4c-6.4 0-12.8 6.4-12.8 12.8v230.4c0 6.4 6.4 12.8 12.8 12.8zm-192 0h22.4c6.4 0 12.8-6.4 12.8-12.8V140.8c0-6.4-6.4-12.8-12.8-12.8h-22.4c-6.4 0-12.8 6.4-12.8 12.8v198.4c0 6.4 6.4 12.8 12.8 12.8zm96 0h22.4c6.4 0 12.8-6.4 12.8-12.8V204.8c0-6.4-6.4-12.8-12.8-12.8h-22.4c-6.4 0-12.8 6.4-12.8 12.8v134.4c0 6.4 6.4 12.8 12.8 12.8zM496 400H48V80c0-8.84-7.16-16-16-16H16C7.16 64 0 71.16 0 80v336c0 17.67 14.33 32 32 32h464c8.84 0 16-7.16 16-16v-16c0-8.84-7.16-16-16-16zm-387.2-48h22.4c6.4 0 12.8-6.4 12.8-12.8v-70.4c0-6.4-6.4-12.8-12.8-12.8h-22.4c-6.4 0-12.8 6.4-12.8 12.8v70.4c0 6.4 6.4 12.8 12.8 12.8z\" class=\"\"><\/path><\/svg><\/i> <img loading=\"lazy\" decoding=\"async\" width=\"16\" height=\"16\" alt=\"Loading\" src=\"https:\/\/ciesas.edu.mx\/investigacion\/wp-content\/plugins\/page-views-count\/ajax-loader-2x.gif\" border=0 \/><\/p>\n<div class=\"pvc_clear\"><\/div>\n","protected":false},"author":5,"featured_media":0,"parent":12222,"menu_order":21,"comment_status":"closed","ping_status":"closed","template":"","meta":{"qubely_global_settings":"","qubely_interactions":"","om_disable_all_campaigns":false,"_uag_custom_page_level_css":"","_monsterinsights_skip_tracking":false,"_monsterinsights_sitenote_active":false,"_monsterinsights_sitenote_note":"","_monsterinsights_sitenote_category":0,"footnotes":""},"class_list":["post-11276","page","type-page","status-publish","hentry"],"aioseo_notices":[],"a3_pvc":{"activated":true,"total_views":800,"today_views":0},"featured_image_urls_v2":{"full":"","thumbnail":"","medium":"","medium_large":"","large":"","1536x1536":"","2048x2048":"","qubely_landscape":"","qubely_portrait":"","qubely_thumbnail":"","gb-block-post-grid-landscape":"","gb-block-post-grid-square":"","ciesas":"","noticias":"","noticias_portrait":"","posgrados":"","fotoacademicos":"","noticias-investigacion":"","academico":"","academico-listado":"","sedes-foto":""},"post_excerpt_stackable_v2":"<p>Definici\u00f3n Definici\u00f3n Se analizan diferentes dimensiones y manifestaciones de la cultura expresadas en los discursos, lenguajes, formas de comunicaci\u00f3n, de religiosidad, arte (m\u00fasica) as\u00ed como en las relaciones interpersonales cercanas (familias, amigos). Estos estudios se realizan desde distintas disciplinas (antropolog\u00eda, sociolog\u00eda, pol\u00edtica, econom\u00eda, entre otras) as\u00ed como a partir de perspectivas o enfoques variados. Utilizan principalmente metodolog\u00edas cualitativas, pero no excluyen el an\u00e1lisis cuantitativo o mixto. Abarcan grupos diferenciados, por ejemplo, a partir de su identidad \u00e9tnica, creencias religiosas, estilos de vida, representaciones sociales Subl\u00edneas Subl\u00edneas Comunicaci\u00f3n y lenguajesM\u00fasica y otras artesReligi\u00f3nRelaciones interpersonales cercanas L\u00ednea 1L\u00ednea 2Titulo de ProyectoEstadoSedeNombre completo&hellip;<\/p>\n<div class=\"pvc_clear\"><\/div>\n<p id=\"pvc_stats_11276\" class=\"pvc_stats all  \" data-element-id=\"11276\" style=\"\"><i class=\"pvc-stats-icon small\" aria-hidden=\"true\"><svg aria-hidden=\"true\" focusable=\"false\" data-prefix=\"far\" data-icon=\"chart-bar\" role=\"img\" xmlns=\"http:\/\/www.w3.org\/2000\/svg\" viewBox=\"0 0 512 512\" class=\"svg-inline--fa fa-chart-bar fa-w-16 fa-2x\"><path fill=\"currentColor\" d=\"M396.8 352h22.4c6.4 0 12.8-6.4 12.8-12.8V108.8c0-6.4-6.4-12.8-12.8-12.8h-22.4c-6.4 0-12.8 6.4-12.8 12.8v230.4c0 6.4 6.4 12.8 12.8 12.8zm-192 0h22.4c6.4 0 12.8-6.4 12.8-12.8V140.8c0-6.4-6.4-12.8-12.8-12.8h-22.4c-6.4 0-12.8 6.4-12.8 12.8v198.4c0 6.4 6.4 12.8 12.8 12.8zm96 0h22.4c6.4 0 12.8-6.4 12.8-12.8V204.8c0-6.4-6.4-12.8-12.8-12.8h-22.4c-6.4 0-12.8 6.4-12.8 12.8v134.4c0 6.4 6.4 12.8 12.8 12.8zM496 400H48V80c0-8.84-7.16-16-16-16H16C7.16 64 0 71.16 0 80v336c0 17.67 14.33 32 32 32h464c8.84 0 16-7.16 16-16v-16c0-8.84-7.16-16-16-16zm-387.2-48h22.4c6.4 0 12.8-6.4 12.8-12.8v-70.4c0-6.4-6.4-12.8-12.8-12.8h-22.4c-6.4 0-12.8 6.4-12.8 12.8v70.4c0 6.4 6.4 12.8 12.8 12.8z\" class=\"\"><\/path><\/svg><\/i> <img loading=\"lazy\" decoding=\"async\" width=\"16\" height=\"16\" alt=\"Loading\" src=\"https:\/\/ciesas.edu.mx\/investigacion\/wp-content\/plugins\/page-views-count\/ajax-loader-2x.gif\" border=0 \/><\/p>\n<div class=\"pvc_clear\"><\/div>\n","category_list_v2":"","author_info_v2":{"name":"Elizabeth","url":"https:\/\/ciesas.edu.mx\/investigacion\/author\/elizabeth\/"},"comments_num_v2":"0 comentarios","featured_image_src":null,"featured_image_src_square":null,"uagb_featured_image_src":{"full":false,"thumbnail":false,"medium":false,"medium_large":false,"large":false,"1536x1536":false,"2048x2048":false,"qubely_landscape":false,"qubely_portrait":false,"qubely_thumbnail":false,"gb-block-post-grid-landscape":false,"gb-block-post-grid-square":false,"ciesas":false,"noticias":false,"noticias_portrait":false,"posgrados":false,"fotoacademicos":false,"noticias-investigacion":false,"academico":false,"academico-listado":false,"sedes-foto":false},"uagb_author_info":{"display_name":"Elizabeth","author_link":"https:\/\/ciesas.edu.mx\/investigacion\/author\/elizabeth\/"},"uagb_comment_info":0,"uagb_excerpt":null,"_links":{"self":[{"href":"https:\/\/ciesas.edu.mx\/investigacion\/wp-json\/wp\/v2\/pages\/11276","targetHints":{"allow":["GET"]}}],"collection":[{"href":"https:\/\/ciesas.edu.mx\/investigacion\/wp-json\/wp\/v2\/pages"}],"about":[{"href":"https:\/\/ciesas.edu.mx\/investigacion\/wp-json\/wp\/v2\/types\/page"}],"author":[{"embeddable":true,"href":"https:\/\/ciesas.edu.mx\/investigacion\/wp-json\/wp\/v2\/users\/5"}],"replies":[{"embeddable":true,"href":"https:\/\/ciesas.edu.mx\/investigacion\/wp-json\/wp\/v2\/comments?post=11276"}],"version-history":[{"count":0,"href":"https:\/\/ciesas.edu.mx\/investigacion\/wp-json\/wp\/v2\/pages\/11276\/revisions"}],"up":[{"embeddable":true,"href":"https:\/\/ciesas.edu.mx\/investigacion\/wp-json\/wp\/v2\/pages\/12222"}],"wp:attachment":[{"href":"https:\/\/ciesas.edu.mx\/investigacion\/wp-json\/wp\/v2\/media?parent=11276"}],"curies":[{"name":"wp","href":"https:\/\/api.w.org\/{rel}","templated":true}]}}