{"id":11279,"date":"2020-11-21T22:47:58","date_gmt":"2020-11-21T22:47:58","guid":{"rendered":"https:\/\/capazmente.com\/investigacion\/?page_id=11279"},"modified":"2021-01-19T22:15:26","modified_gmt":"2021-01-19T22:15:26","slug":"linea-10-historia","status":"publish","type":"page","link":"https:\/\/ciesas.edu.mx\/investigacion\/agrupacion-tematica-y-por-sedes\/linea-10-historia\/","title":{"rendered":"L\u00ednea 10. Historia"},"content":{"rendered":"\n<div class=\"wp-block-qubely-row qubely-section qubely-block-b8e2e2\"><div class=\"qubely-row-overlay\"><\/div><div class=\"qubely-container\"><div class=\"qubely-row \">\n<div class=\"wp-block-qubely-column qubely-column qubely-column-front qubely-block-d40a3c\"><div class=\"qubely-column-inner\">\n\n<\/div><\/div>\n\n\n\n<div class=\"wp-block-qubely-column qubely-column qubely-column-front qubely-block-e26ae0\"><div class=\"qubely-column-inner\">\n<div class=\"qubely-block-accordion  qubely-block-685e2b\" data-item-toggle=\"true\">\n<div class=\"wp-block-qubely-accordion-item qubely-block-d09048\"><div class=\"qubely-accordion-item qubely-type-fill false\"><div class=\"qubely-accordion-panel qubely-icon-position-right\"><span class=\"qubely-accordion-panel-handler\" role=\"button\"><span class=\"qubely-accordion-panel-handler-label\">Definici\u00f3n<\/span><span class=\"qubely-accordion-icon fa fa-plus\"><\/span><\/span><\/div><div class=\"qubely-accordion-body\"><div itemprop=\"text\">\n<p><strong>Definici\u00f3n<\/strong><\/p>\n\n\n\n<p>En el CIESAS numerosas investigaciones abarcan desde el M\u00e9xico Antiguo hasta el siglo XX. Algunas subrayan cierta tem\u00e1tica espec\u00edfica, ling\u00fc\u00edstica, social, econ\u00f3mica, epigr\u00e1fica, \u00e9tnica, pol\u00edtica, cultual, entre otros, por lo que tambi\u00e9n est\u00e1n enlistadas en otras l\u00edneas.<\/p>\n<\/div><\/div><\/div><\/div>\n\n\n\n<div class=\"wp-block-qubely-accordion-item qubely-block-e55955\"><div class=\"qubely-accordion-item qubely-type-fill false\"><div class=\"qubely-accordion-panel qubely-icon-position-right\"><span class=\"qubely-accordion-panel-handler\" role=\"button\"><span class=\"qubely-accordion-panel-handler-label\">Subl\u00edneas<\/span><span class=\"qubely-accordion-icon fa fa-plus\"><\/span><\/span><\/div><div class=\"qubely-accordion-body\"><div itemprop=\"text\">\n<p><strong>Subl\u00edneas<\/strong><\/p>\n\n\n\n<ul class=\"wp-block-list\"><li>Procesos globales: relaciones, interacciones e interdependencias supraregionales y trasnfronterizas<\/li><li>Hegemon\u00eda occidental y Colonialidad del poder<\/li><li>Interculturalidad; flujos migratorios<\/li><li>Diversidad y diferencia<\/li><li>Revoluciones y movimientos sociales en la modernidad y la postmodernidad<\/li><li>Ling\u00fc\u00edstica<\/li><li>Social<\/li><li>Econ\u00f3mica<\/li><li>Epigr\u00e1fica<\/li><li>\u00c9tnica<\/li><li>Pol\u00edtica<\/li><li>Cultural<\/li><li>G\u00e9nero<\/li><\/ul>\n<\/div><\/div><\/div><\/div>\n<\/div>\n\n\n\n<table id=\"tablepress-9\" class=\"tablepress tablepress-id-9 tablepress-responsive\">\n<thead>\n<tr class=\"row-1\">\n\t<th class=\"column-1\">L\u00ednea 1<\/th><th class=\"column-2\">L\u00ednea 2<\/th><th class=\"column-3\">Titulo de Proyecto<\/th><th class=\"column-4\">Estado<\/th><th class=\"column-5\">Sede<\/th><th class=\"column-6\">Nombre completo<\/th>\n<\/tr>\n<\/thead>\n<tbody class=\"row-striping row-hover\">\n<tr class=\"row-2\">\n\t<td class=\"column-1\">13. Otra<\/td><td class=\"column-2\">10. Historia<\/td><td class=\"column-3\">La desamortizaci\u00f3n civil en m\u00e9xico en los siglos XIX Y XX. Efectos y consecuencias para los ayuntamientos y pueblos ind\u00edgenas, 1856-1936<\/td><td class=\"column-4\">Michoac\u00e1n<\/td><td class=\"column-5\">Ciudad de M\u00e9xico<\/td><td class=\"column-6\"><a href=\"https:\/\/ciesas.edu.mx\/investigacion\/2020\/03\/30\/escobar-ohmstede-antonio\/\" rel=\"noopener\" target=\"_blank\">Antonio Escobar Ohmstede<\/a><\/td>\n<\/tr>\n<tr class=\"row-3\">\n\t<td class=\"column-1\">13. Otra<\/td><td class=\"column-2\">10. Historia<\/td><td class=\"column-3\">Conserving Indigenous Memories of Land Privatization in Mexico: Michoac\u00e1ns Libros de Hijuelas, 1719?1929<\/td><td class=\"column-4\">Oaxaca<\/td><td class=\"column-5\">Ciudad de M\u00e9xico<\/td><td class=\"column-6\"><a href=\"https:\/\/ciesas.edu.mx\/investigacion\/2020\/03\/30\/escobar-ohmstede-antonio\/\" rel=\"noopener\" target=\"_blank\">Antonio Escobar Ohmstede<\/a><\/td>\n<\/tr>\n<tr class=\"row-4\">\n\t<td class=\"column-1\">3. Procesos, pol\u00edticas y actores educativos hist\u00f3ricos y contempor\u00e1neos<\/td><td class=\"column-2\">10. Historia<\/td><td class=\"column-3\">Educaci\u00f3n superior, inclusi\u00f3n y cambio social en M\u00e9xico en el siglo XXI<\/td><td class=\"column-4\">Territorio nacional<\/td><td class=\"column-5\">Ciudad de M\u00e9xico<\/td><td class=\"column-6\"><a href=\"https:\/\/ciesas.edu.mx\/investigacion\/2020\/03\/30\/navarrete-gomez-carlos-david\/\" rel=\"noopener\" target=\"_blank\">Carlos David Navarrete G\u00f3mez<\/a><\/td>\n<\/tr>\n<tr class=\"row-5\">\n\t<td class=\"column-1\">10. Historia<\/td><td class=\"column-2\"><\/td><td class=\"column-3\">Historias e historiograf\u00edas comparadas en Chiapas y Guatemala. El tributo, las contribuciones directas, 1800-1850<\/td><td class=\"column-4\">Chiapas<\/td><td class=\"column-5\">Sureste<\/td><td class=\"column-6\"><a href=\"https:\/\/ciesas.edu.mx\/investigacion\/2020\/03\/27\/pollack-aaron-joel\/\" rel=\"noopener\" target=\"_blank\">Aaron Joel Pollack<\/a><\/td>\n<\/tr>\n<tr class=\"row-6\">\n\t<td class=\"column-1\">10. Historia<\/td><td class=\"column-2\"><\/td><td class=\"column-3\">Las contribuciones directas, el Estado y las relaciones \u00e9tnicas en Chiapas y Guatemala (1800-1850).<\/td><td class=\"column-4\">Chiapas<\/td><td class=\"column-5\">Sureste<\/td><td class=\"column-6\"><a href=\"https:\/\/ciesas.edu.mx\/investigacion\/2020\/03\/27\/pollack-aaron-joel\/\" rel=\"noopener\" target=\"_blank\">Aaron Joel Pollack<\/a><\/td>\n<\/tr>\n<tr class=\"row-7\">\n\t<td class=\"column-1\">10. Historia<\/td><td class=\"column-2\"><\/td><td class=\"column-3\">Grupo binacional Guatemala-M\u00e9xico de estudios de las fronteras: din\u00e1micas transfronterizas y perspectivas multidimensionales<\/td><td class=\"column-4\">Chiapas Campeche Yucat\u00e1n Quintana Roo<\/td><td class=\"column-5\">Sureste<\/td><td class=\"column-6\"><a href=\"https:\/\/ciesas.edu.mx\/investigacion\/2020\/03\/27\/pollack-aaron-joel\/\" rel=\"noopener\" target=\"_blank\">Aaron Joel Pollack<\/a><\/td>\n<\/tr>\n<tr class=\"row-8\">\n\t<td class=\"column-1\">10. Historia<\/td><td class=\"column-2\"><\/td><td class=\"column-3\">Esclavitud ind\u00edgena en el norte de Nueva Espa\u00f1a. Siglos XVI- XVII.<\/td><td class=\"column-4\">Norte de Nueva York, de Nueva Espa\u00f1a y Sur de Texas, Nuevo M\u00e9xico y California <\/td><td class=\"column-5\">Noreste<\/td><td class=\"column-6\"><a href=\"https:\/\/ciesas.edu.mx\/investigacion\/personal-academico\/sheridan-prieto-cecilia\/\">Mar\u00eda Cecilia Sheridan Prieto<\/a><\/td>\n<\/tr>\n<tr class=\"row-9\">\n\t<td class=\"column-1\">10. Historia<\/td><td class=\"column-2\"><\/td><td class=\"column-3\">El declive de la propiedad ejidal en un municipio urbano: el caso de Xalapa, Veracruz<\/td><td class=\"column-4\">Veracruz<\/td><td class=\"column-5\">Golfo<\/td><td class=\"column-6\"><a href=\"https:\/\/ciesas.edu.mx\/investigacion\/2020\/03\/26\/velazquez-hernandez-emilia\/\" rel=\"noopener\" target=\"_blank\">Emilia Vel\u00e1zquez Hern\u00e1ndez<\/a><\/td>\n<\/tr>\n<tr class=\"row-10\">\n\t<td class=\"column-1\">10. Historia<\/td><td class=\"column-2\">2. Antropolog\u00eda, historia social y econ\u00f3mica, y globalizaci\u00f3n<\/td><td class=\"column-3\">Diversidad econ\u00f3mica, social y cultural en el M\u00e9xico pre moderno.<\/td><td class=\"column-4\">Mesoam\u00e9rica<\/td><td class=\"column-5\">Ciudad de M\u00e9xico<\/td><td class=\"column-6\"><a href=\"https:\/\/ciesas.edu.mx\/investigacion\/2020\/03\/31\/von-mentz-lundberg-brigida-m\/\" rel=\"noopener\" target=\"_blank\">Br\u00edgida M. Von Mentz Lundberg<\/a><\/td>\n<\/tr>\n<\/tbody>\n<\/table>\n\n<\/div><\/div>\n<\/div><\/div><\/div>\n<div class=\"pvc_clear\"><\/div><p id=\"pvc_stats_11279\" class=\"pvc_stats all  \" data-element-id=\"11279\" style=\"\"><i class=\"pvc-stats-icon small\" aria-hidden=\"true\"><svg aria-hidden=\"true\" focusable=\"false\" data-prefix=\"far\" data-icon=\"chart-bar\" role=\"img\" xmlns=\"http:\/\/www.w3.org\/2000\/svg\" viewBox=\"0 0 512 512\" class=\"svg-inline--fa fa-chart-bar fa-w-16 fa-2x\"><path fill=\"currentColor\" d=\"M396.8 352h22.4c6.4 0 12.8-6.4 12.8-12.8V108.8c0-6.4-6.4-12.8-12.8-12.8h-22.4c-6.4 0-12.8 6.4-12.8 12.8v230.4c0 6.4 6.4 12.8 12.8 12.8zm-192 0h22.4c6.4 0 12.8-6.4 12.8-12.8V140.8c0-6.4-6.4-12.8-12.8-12.8h-22.4c-6.4 0-12.8 6.4-12.8 12.8v198.4c0 6.4 6.4 12.8 12.8 12.8zm96 0h22.4c6.4 0 12.8-6.4 12.8-12.8V204.8c0-6.4-6.4-12.8-12.8-12.8h-22.4c-6.4 0-12.8 6.4-12.8 12.8v134.4c0 6.4 6.4 12.8 12.8 12.8zM496 400H48V80c0-8.84-7.16-16-16-16H16C7.16 64 0 71.16 0 80v336c0 17.67 14.33 32 32 32h464c8.84 0 16-7.16 16-16v-16c0-8.84-7.16-16-16-16zm-387.2-48h22.4c6.4 0 12.8-6.4 12.8-12.8v-70.4c0-6.4-6.4-12.8-12.8-12.8h-22.4c-6.4 0-12.8 6.4-12.8 12.8v70.4c0 6.4 6.4 12.8 12.8 12.8z\" class=\"\"><\/path><\/svg><\/i> <img loading=\"lazy\" decoding=\"async\" width=\"16\" height=\"16\" alt=\"Loading\" src=\"https:\/\/ciesas.edu.mx\/investigacion\/wp-content\/plugins\/page-views-count\/ajax-loader-2x.gif\" border=0 \/><\/p><div class=\"pvc_clear\"><\/div>","protected":false},"excerpt":{"rendered":"<div class=\"pvc_clear\"><\/div>\n<p id=\"pvc_stats_11279\" class=\"pvc_stats all  \" data-element-id=\"11279\" style=\"\"><i class=\"pvc-stats-icon small\" aria-hidden=\"true\"><svg aria-hidden=\"true\" focusable=\"false\" data-prefix=\"far\" data-icon=\"chart-bar\" role=\"img\" xmlns=\"http:\/\/www.w3.org\/2000\/svg\" viewBox=\"0 0 512 512\" class=\"svg-inline--fa fa-chart-bar fa-w-16 fa-2x\"><path fill=\"currentColor\" d=\"M396.8 352h22.4c6.4 0 12.8-6.4 12.8-12.8V108.8c0-6.4-6.4-12.8-12.8-12.8h-22.4c-6.4 0-12.8 6.4-12.8 12.8v230.4c0 6.4 6.4 12.8 12.8 12.8zm-192 0h22.4c6.4 0 12.8-6.4 12.8-12.8V140.8c0-6.4-6.4-12.8-12.8-12.8h-22.4c-6.4 0-12.8 6.4-12.8 12.8v198.4c0 6.4 6.4 12.8 12.8 12.8zm96 0h22.4c6.4 0 12.8-6.4 12.8-12.8V204.8c0-6.4-6.4-12.8-12.8-12.8h-22.4c-6.4 0-12.8 6.4-12.8 12.8v134.4c0 6.4 6.4 12.8 12.8 12.8zM496 400H48V80c0-8.84-7.16-16-16-16H16C7.16 64 0 71.16 0 80v336c0 17.67 14.33 32 32 32h464c8.84 0 16-7.16 16-16v-16c0-8.84-7.16-16-16-16zm-387.2-48h22.4c6.4 0 12.8-6.4 12.8-12.8v-70.4c0-6.4-6.4-12.8-12.8-12.8h-22.4c-6.4 0-12.8 6.4-12.8 12.8v70.4c0 6.4 6.4 12.8 12.8 12.8z\" class=\"\"><\/path><\/svg><\/i> <img loading=\"lazy\" decoding=\"async\" width=\"16\" height=\"16\" alt=\"Loading\" src=\"https:\/\/ciesas.edu.mx\/investigacion\/wp-content\/plugins\/page-views-count\/ajax-loader-2x.gif\" border=0 \/><\/p>\n<div class=\"pvc_clear\"><\/div>\n","protected":false},"author":5,"featured_media":0,"parent":12222,"menu_order":20,"comment_status":"closed","ping_status":"closed","template":"","meta":{"qubely_global_settings":"","qubely_interactions":"","om_disable_all_campaigns":false,"_uag_custom_page_level_css":"","_monsterinsights_skip_tracking":false,"_monsterinsights_sitenote_active":false,"_monsterinsights_sitenote_note":"","_monsterinsights_sitenote_category":0,"footnotes":""},"class_list":["post-11279","page","type-page","status-publish","hentry"],"aioseo_notices":[],"featured_image_urls_v2":{"full":"","thumbnail":"","medium":"","medium_large":"","large":"","1536x1536":"","2048x2048":"","qubely_landscape":"","qubely_portrait":"","qubely_thumbnail":"","gb-block-post-grid-landscape":"","gb-block-post-grid-square":"","ciesas":"","noticias":"","noticias_portrait":"","posgrados":"","fotoacademicos":"","noticias-investigacion":"","academico":"","academico-listado":"","sedes-foto":""},"post_excerpt_stackable_v2":"<p>Definici\u00f3n Definici\u00f3n En el CIESAS numerosas investigaciones abarcan desde el M\u00e9xico Antiguo hasta el siglo XX. Algunas subrayan cierta tem\u00e1tica espec\u00edfica, ling\u00fc\u00edstica, social, econ\u00f3mica, epigr\u00e1fica, \u00e9tnica, pol\u00edtica, cultual, entre otros, por lo que tambi\u00e9n est\u00e1n enlistadas en otras l\u00edneas. Subl\u00edneas Subl\u00edneas Procesos globales: relaciones, interacciones e interdependencias supraregionales y trasnfronterizasHegemon\u00eda occidental y Colonialidad del poderInterculturalidad; flujos migratoriosDiversidad y diferenciaRevoluciones y movimientos sociales en la modernidad y la postmodernidadLing\u00fc\u00edsticaSocialEcon\u00f3micaEpigr\u00e1fica\u00c9tnicaPol\u00edticaCulturalG\u00e9nero L\u00ednea 1L\u00ednea 2Titulo de ProyectoEstadoSedeNombre completo 13. Otra10. HistoriaLa desamortizaci\u00f3n civil en m\u00e9xico en los siglos XIX Y XX. Efectos y consecuencias para los ayuntamientos y pueblos ind\u00edgenas, 1856-1936Michoac\u00e1nCiudad de M\u00e9xicoAntonio Escobar&hellip;<\/p>\n<div class=\"pvc_clear\"><\/div>\n<p id=\"pvc_stats_11279\" class=\"pvc_stats all  \" data-element-id=\"11279\" style=\"\"><i class=\"pvc-stats-icon small\" aria-hidden=\"true\"><svg aria-hidden=\"true\" focusable=\"false\" data-prefix=\"far\" data-icon=\"chart-bar\" role=\"img\" xmlns=\"http:\/\/www.w3.org\/2000\/svg\" viewBox=\"0 0 512 512\" class=\"svg-inline--fa fa-chart-bar fa-w-16 fa-2x\"><path fill=\"currentColor\" d=\"M396.8 352h22.4c6.4 0 12.8-6.4 12.8-12.8V108.8c0-6.4-6.4-12.8-12.8-12.8h-22.4c-6.4 0-12.8 6.4-12.8 12.8v230.4c0 6.4 6.4 12.8 12.8 12.8zm-192 0h22.4c6.4 0 12.8-6.4 12.8-12.8V140.8c0-6.4-6.4-12.8-12.8-12.8h-22.4c-6.4 0-12.8 6.4-12.8 12.8v198.4c0 6.4 6.4 12.8 12.8 12.8zm96 0h22.4c6.4 0 12.8-6.4 12.8-12.8V204.8c0-6.4-6.4-12.8-12.8-12.8h-22.4c-6.4 0-12.8 6.4-12.8 12.8v134.4c0 6.4 6.4 12.8 12.8 12.8zM496 400H48V80c0-8.84-7.16-16-16-16H16C7.16 64 0 71.16 0 80v336c0 17.67 14.33 32 32 32h464c8.84 0 16-7.16 16-16v-16c0-8.84-7.16-16-16-16zm-387.2-48h22.4c6.4 0 12.8-6.4 12.8-12.8v-70.4c0-6.4-6.4-12.8-12.8-12.8h-22.4c-6.4 0-12.8 6.4-12.8 12.8v70.4c0 6.4 6.4 12.8 12.8 12.8z\" class=\"\"><\/path><\/svg><\/i> <img loading=\"lazy\" decoding=\"async\" width=\"16\" height=\"16\" alt=\"Loading\" src=\"https:\/\/ciesas.edu.mx\/investigacion\/wp-content\/plugins\/page-views-count\/ajax-loader-2x.gif\" border=0 \/><\/p>\n<div class=\"pvc_clear\"><\/div>\n","category_list_v2":"","author_info_v2":{"name":"Elizabeth","url":"https:\/\/ciesas.edu.mx\/investigacion\/author\/elizabeth\/"},"comments_num_v2":"0 comentarios","featured_image_src":null,"featured_image_src_square":null,"uagb_featured_image_src":{"full":false,"thumbnail":false,"medium":false,"medium_large":false,"large":false,"1536x1536":false,"2048x2048":false,"qubely_landscape":false,"qubely_portrait":false,"qubely_thumbnail":false,"gb-block-post-grid-landscape":false,"gb-block-post-grid-square":false,"ciesas":false,"noticias":false,"noticias_portrait":false,"posgrados":false,"fotoacademicos":false,"noticias-investigacion":false,"academico":false,"academico-listado":false,"sedes-foto":false},"uagb_author_info":{"display_name":"Elizabeth","author_link":"https:\/\/ciesas.edu.mx\/investigacion\/author\/elizabeth\/"},"uagb_comment_info":0,"uagb_excerpt":null,"_links":{"self":[{"href":"https:\/\/ciesas.edu.mx\/investigacion\/wp-json\/wp\/v2\/pages\/11279","targetHints":{"allow":["GET"]}}],"collection":[{"href":"https:\/\/ciesas.edu.mx\/investigacion\/wp-json\/wp\/v2\/pages"}],"about":[{"href":"https:\/\/ciesas.edu.mx\/investigacion\/wp-json\/wp\/v2\/types\/page"}],"author":[{"embeddable":true,"href":"https:\/\/ciesas.edu.mx\/investigacion\/wp-json\/wp\/v2\/users\/5"}],"replies":[{"embeddable":true,"href":"https:\/\/ciesas.edu.mx\/investigacion\/wp-json\/wp\/v2\/comments?post=11279"}],"version-history":[{"count":0,"href":"https:\/\/ciesas.edu.mx\/investigacion\/wp-json\/wp\/v2\/pages\/11279\/revisions"}],"up":[{"embeddable":true,"href":"https:\/\/ciesas.edu.mx\/investigacion\/wp-json\/wp\/v2\/pages\/12222"}],"wp:attachment":[{"href":"https:\/\/ciesas.edu.mx\/investigacion\/wp-json\/wp\/v2\/media?parent=11279"}],"curies":[{"name":"wp","href":"https:\/\/api.w.org\/{rel}","templated":true}]}}