{"id":11281,"date":"2020-11-21T22:49:16","date_gmt":"2020-11-21T22:49:16","guid":{"rendered":"https:\/\/capazmente.com\/investigacion\/?page_id=11281"},"modified":"2021-01-29T01:40:09","modified_gmt":"2021-01-29T01:40:09","slug":"linea-11-antropologias-emergentes","status":"publish","type":"page","link":"https:\/\/ciesas.edu.mx\/investigacion\/agrupacion-tematica-y-por-sedes\/linea-11-antropologias-emergentes\/","title":{"rendered":"L\u00ednea 11. Antropolog\u00edas emergentes"},"content":{"rendered":"\n<div class=\"wp-block-qubely-row qubely-section qubely-block-039222\"><div class=\"qubely-row-overlay\"><\/div><div class=\"qubely-container\"><div class=\"qubely-row \">\n<div class=\"wp-block-qubely-column qubely-column qubely-column-front qubely-block-69792d\"><div class=\"qubely-column-inner\">\n\n<\/div><\/div>\n\n\n\n<div class=\"wp-block-qubely-column qubely-column qubely-column-front qubely-block-28651e\"><div class=\"qubely-column-inner\">\n<div class=\"qubely-block-accordion  qubely-block-895304\" data-item-toggle=\"true\">\n<div class=\"wp-block-qubely-accordion-item qubely-block-85ebc1\"><div class=\"qubely-accordion-item qubely-type-fill false\"><div class=\"qubely-accordion-panel qubely-icon-position-right\"><span class=\"qubely-accordion-panel-handler\" role=\"button\"><span class=\"qubely-accordion-panel-handler-label\">Definici\u00f3n<\/span><span class=\"qubely-accordion-icon fa fa-plus\"><\/span><\/span><\/div><div class=\"qubely-accordion-body\"><div itemprop=\"text\">\n<p><strong>Definici\u00f3n<\/strong><\/p>\n\n\n\n<p>Enfoques multidisciplinarios o de la complejidad que exploran problem\u00e1ticas del mundo contempor\u00e1neo, donde cobra cada vez mayor importancia el impacto de la tecnolog\u00eda y la globalizaci\u00f3n en la interacci\u00f3n social.&nbsp;&nbsp;<\/p>\n<\/div><\/div><\/div><\/div>\n\n\n\n<div class=\"wp-block-qubely-accordion-item qubely-block-6ff526\"><div class=\"qubely-accordion-item qubely-type-fill false\"><div class=\"qubely-accordion-panel qubely-icon-position-right\"><span class=\"qubely-accordion-panel-handler\" role=\"button\"><span class=\"qubely-accordion-panel-handler-label\">Subl\u00edneas<\/span><span class=\"qubely-accordion-icon fa fa-plus\"><\/span><\/span><\/div><div class=\"qubely-accordion-body\"><div itemprop=\"text\">\n<p><strong>Subl\u00edneas<\/strong><\/p>\n\n\n\n<ul class=\"wp-block-list\"><li>Antropolog\u00eda audiovisual&nbsp;y metodolog\u00edas participativas<\/li><\/ul>\n\n\n\n<p>Reunir\u00eda proyectos de investigaci\u00f3n-acci\u00f3n en antropolog\u00eda audiovisual con metodolog\u00edas participativo-colaborativas.<\/p>\n\n\n\n<ul class=\"wp-block-list\"><li>Antropolog\u00eda semi\u00f3tica<\/li><\/ul>\n\n\n\n<p>Acercamientos multidisciplinarios y complejos, que exploran problem\u00e1ticas del mundo contempor\u00e1neo, donde cobra cada vez mayor importancia el impacto de la tecnolog\u00eda y la globalizaci\u00f3n en variados \u00e1mbitos de la vida y la interacci\u00f3n social, a partir del an\u00e1lisis de pr\u00e1cticas y discursos que se manifiestan en diversos lenguajes (verbales, no verbales, visuales, multimodales o digitales), con \u00e9nfasis en los actores que intervienen en su producci\u00f3n, consumo, apropiaci\u00f3n y reconfiguraci\u00f3n.<\/p>\n\n\n\n<ul class=\"wp-block-list\"><li>Antropolog\u00eda de los feminismos&nbsp;<\/li><li>Antropolog\u00eda de lo digital&nbsp;<\/li><\/ul>\n\n\n\n<p><\/p>\n<\/div><\/div><\/div><\/div>\n<\/div>\n\n\n\n<table id=\"tablepress-9\" class=\"tablepress tablepress-id-9 tablepress-responsive\">\n<thead>\n<tr class=\"row-1\">\n\t<th class=\"column-1\">L\u00ednea 1<\/th><th class=\"column-2\">L\u00ednea 2<\/th><th class=\"column-3\">Titulo de Proyecto<\/th><th class=\"column-4\">Estado<\/th><th class=\"column-5\">Sede<\/th><th class=\"column-6\">Nombre completo<\/th>\n<\/tr>\n<\/thead>\n<tbody class=\"row-striping row-hover\">\n<tr class=\"row-2\">\n\t<td class=\"column-1\">11. Antropolog\u00edas emergentes<\/td><td class=\"column-2\"><\/td><td class=\"column-3\">Antropolog\u00eda, comunicaci\u00f3n e interculturalidad<\/td><td class=\"column-4\">Veracruz<\/td><td class=\"column-5\">Golfo<\/td><td class=\"column-6\"><a href=\"https:\/\/ciesas.edu.mx\/investigacion\/2020\/03\/26\/baez-landa-mariano\/\" rel=\"noopener\" target=\"_blank\">Mariano B\u00e1ez Landa<\/a><\/td>\n<\/tr>\n<tr class=\"row-3\">\n\t<td class=\"column-1\">11. Antropolog\u00edas emergentes<\/td><td class=\"column-2\"><\/td><td class=\"column-3\">Las transiciones chiapanecas<\/td><td class=\"column-4\">Jalisco Veracruz Guerrero<\/td><td class=\"column-5\">Sureste<\/td><td class=\"column-6\"><a href=\"https:\/\/ciesas.edu.mx\/investigacion\/2020\/03\/27\/escalona-victoria-jose-luis\/\" rel=\"noopener\" target=\"_blank\">Jos\u00e9 Luis Escalona Victoria<\/a><\/td>\n<\/tr>\n<tr class=\"row-4\">\n\t<td class=\"column-1\">11. Antropolog\u00edas emergentes<\/td><td class=\"column-2\"><\/td><td class=\"column-3\">Claves para una antropolog\u00eda semi\u00f3tica<\/td><td class=\"column-4\">No Aplica<\/td><td class=\"column-5\">Ciudad de M\u00e9xico<\/td><td class=\"column-6\"><a href=\"https:\/\/ciesas.edu.mx\/investigacion\/2020\/03\/31\/salgado-andrade-eva\/\" rel=\"noopener\" target=\"_blank\">Eva Salgado Andrade<\/a><\/td>\n<\/tr>\n<tr class=\"row-5\">\n\t<td class=\"column-1\">11. Antropolog\u00edas emergentes<\/td><td class=\"column-2\"><\/td><td class=\"column-3\">ESTUDIO 2019 SOBRE APROPIACI\u00d3N DE CONTENIDOS INFORMATIVOS Y DE OPINI\u00d3N<\/td><td class=\"column-4\">No Aplica<\/td><td class=\"column-5\">Ciudad de M\u00e9xico<\/td><td class=\"column-6\"><a href=\"https:\/\/ciesas.edu.mx\/investigacion\/2020\/03\/31\/salgado-andrade-eva\/\" rel=\"noopener\" target=\"_blank\">Eva Salgado Andrade<\/a><\/td>\n<\/tr>\n<tr class=\"row-6\">\n\t<td class=\"column-1\">11. Antropolog\u00edas emergentes<\/td><td class=\"column-2\"><\/td><td class=\"column-3\">La construcci\u00f3n virtual de la realidad<\/td><td class=\"column-4\">No Aplica<\/td><td class=\"column-5\">Ciudad de M\u00e9xico<\/td><td class=\"column-6\"><a href=\"https:\/\/ciesas.edu.mx\/investigacion\/2020\/03\/31\/salgado-andrade-eva\/\" rel=\"noopener\" target=\"_blank\">Eva Salgado Andrade<\/a><\/td>\n<\/tr>\n<tr class=\"row-7\">\n\t<td class=\"column-1\">11. Antropolog\u00edas emergentes<\/td><td class=\"column-2\"><\/td><td class=\"column-3\">Arquitectura textual y actos de habla. El Credo en Lengua de Michoac\u00e1n<\/td><td class=\"column-4\">Michoac\u00e1n<\/td><td class=\"column-5\">Ciudad de M\u00e9xico<\/td><td class=\"column-6\"><a href=\"https:\/\/ciesas.edu.mx\/investigacion\/2020\/03\/31\/villavicencio-zarza-frida-guadalupe\/\" rel=\"noopener\" target=\"_blank\">Frida Guadalupe Villavicencio Zarza<\/a><\/td>\n<\/tr>\n<\/tbody>\n<\/table>\n\n\n\n\n<p><\/p>\n<\/div><\/div>\n<\/div><\/div><\/div>\n<div class=\"pvc_clear\"><\/div><p id=\"pvc_stats_11281\" class=\"pvc_stats all  \" data-element-id=\"11281\" style=\"\"><i class=\"pvc-stats-icon small\" aria-hidden=\"true\"><svg aria-hidden=\"true\" focusable=\"false\" data-prefix=\"far\" data-icon=\"chart-bar\" role=\"img\" xmlns=\"http:\/\/www.w3.org\/2000\/svg\" viewBox=\"0 0 512 512\" class=\"svg-inline--fa fa-chart-bar fa-w-16 fa-2x\"><path fill=\"currentColor\" d=\"M396.8 352h22.4c6.4 0 12.8-6.4 12.8-12.8V108.8c0-6.4-6.4-12.8-12.8-12.8h-22.4c-6.4 0-12.8 6.4-12.8 12.8v230.4c0 6.4 6.4 12.8 12.8 12.8zm-192 0h22.4c6.4 0 12.8-6.4 12.8-12.8V140.8c0-6.4-6.4-12.8-12.8-12.8h-22.4c-6.4 0-12.8 6.4-12.8 12.8v198.4c0 6.4 6.4 12.8 12.8 12.8zm96 0h22.4c6.4 0 12.8-6.4 12.8-12.8V204.8c0-6.4-6.4-12.8-12.8-12.8h-22.4c-6.4 0-12.8 6.4-12.8 12.8v134.4c0 6.4 6.4 12.8 12.8 12.8zM496 400H48V80c0-8.84-7.16-16-16-16H16C7.16 64 0 71.16 0 80v336c0 17.67 14.33 32 32 32h464c8.84 0 16-7.16 16-16v-16c0-8.84-7.16-16-16-16zm-387.2-48h22.4c6.4 0 12.8-6.4 12.8-12.8v-70.4c0-6.4-6.4-12.8-12.8-12.8h-22.4c-6.4 0-12.8 6.4-12.8 12.8v70.4c0 6.4 6.4 12.8 12.8 12.8z\" class=\"\"><\/path><\/svg><\/i> <img loading=\"lazy\" decoding=\"async\" width=\"16\" height=\"16\" alt=\"Loading\" src=\"https:\/\/ciesas.edu.mx\/investigacion\/wp-content\/plugins\/page-views-count\/ajax-loader-2x.gif\" border=0 \/><\/p><div class=\"pvc_clear\"><\/div>","protected":false},"excerpt":{"rendered":"<div class=\"pvc_clear\"><\/div>\n<p id=\"pvc_stats_11281\" class=\"pvc_stats all  \" data-element-id=\"11281\" style=\"\"><i class=\"pvc-stats-icon small\" aria-hidden=\"true\"><svg aria-hidden=\"true\" focusable=\"false\" data-prefix=\"far\" data-icon=\"chart-bar\" role=\"img\" xmlns=\"http:\/\/www.w3.org\/2000\/svg\" viewBox=\"0 0 512 512\" class=\"svg-inline--fa fa-chart-bar fa-w-16 fa-2x\"><path fill=\"currentColor\" d=\"M396.8 352h22.4c6.4 0 12.8-6.4 12.8-12.8V108.8c0-6.4-6.4-12.8-12.8-12.8h-22.4c-6.4 0-12.8 6.4-12.8 12.8v230.4c0 6.4 6.4 12.8 12.8 12.8zm-192 0h22.4c6.4 0 12.8-6.4 12.8-12.8V140.8c0-6.4-6.4-12.8-12.8-12.8h-22.4c-6.4 0-12.8 6.4-12.8 12.8v198.4c0 6.4 6.4 12.8 12.8 12.8zm96 0h22.4c6.4 0 12.8-6.4 12.8-12.8V204.8c0-6.4-6.4-12.8-12.8-12.8h-22.4c-6.4 0-12.8 6.4-12.8 12.8v134.4c0 6.4 6.4 12.8 12.8 12.8zM496 400H48V80c0-8.84-7.16-16-16-16H16C7.16 64 0 71.16 0 80v336c0 17.67 14.33 32 32 32h464c8.84 0 16-7.16 16-16v-16c0-8.84-7.16-16-16-16zm-387.2-48h22.4c6.4 0 12.8-6.4 12.8-12.8v-70.4c0-6.4-6.4-12.8-12.8-12.8h-22.4c-6.4 0-12.8 6.4-12.8 12.8v70.4c0 6.4 6.4 12.8 12.8 12.8z\" class=\"\"><\/path><\/svg><\/i> <img loading=\"lazy\" decoding=\"async\" width=\"16\" height=\"16\" alt=\"Loading\" src=\"https:\/\/ciesas.edu.mx\/investigacion\/wp-content\/plugins\/page-views-count\/ajax-loader-2x.gif\" border=0 \/><\/p>\n<div class=\"pvc_clear\"><\/div>\n","protected":false},"author":5,"featured_media":0,"parent":12222,"menu_order":16,"comment_status":"closed","ping_status":"closed","template":"","meta":{"qubely_global_settings":"","qubely_interactions":"","om_disable_all_campaigns":false,"_uag_custom_page_level_css":"","_monsterinsights_skip_tracking":false,"_monsterinsights_sitenote_active":false,"_monsterinsights_sitenote_note":"","_monsterinsights_sitenote_category":0,"footnotes":""},"class_list":["post-11281","page","type-page","status-publish","hentry"],"aioseo_notices":[],"a3_pvc":{"activated":true,"total_views":478,"today_views":0},"featured_image_urls_v2":{"full":"","thumbnail":"","medium":"","medium_large":"","large":"","1536x1536":"","2048x2048":"","qubely_landscape":"","qubely_portrait":"","qubely_thumbnail":"","gb-block-post-grid-landscape":"","gb-block-post-grid-square":"","ciesas":"","noticias":"","noticias_portrait":"","posgrados":"","fotoacademicos":"","noticias-investigacion":"","academico":"","academico-listado":"","sedes-foto":""},"post_excerpt_stackable_v2":"<p>Definici\u00f3n Definici\u00f3n Enfoques multidisciplinarios o de la complejidad que exploran problem\u00e1ticas del mundo contempor\u00e1neo, donde cobra cada vez mayor importancia el impacto de la tecnolog\u00eda y la globalizaci\u00f3n en la interacci\u00f3n social.&nbsp;&nbsp; Subl\u00edneas Subl\u00edneas Antropolog\u00eda audiovisual&nbsp;y metodolog\u00edas participativas Reunir\u00eda proyectos de investigaci\u00f3n-acci\u00f3n en antropolog\u00eda audiovisual con metodolog\u00edas participativo-colaborativas. Antropolog\u00eda semi\u00f3tica Acercamientos multidisciplinarios y complejos, que exploran problem\u00e1ticas del mundo contempor\u00e1neo, donde cobra cada vez mayor importancia el impacto de la tecnolog\u00eda y la globalizaci\u00f3n en variados \u00e1mbitos de la vida y la interacci\u00f3n social, a partir del an\u00e1lisis de pr\u00e1cticas y discursos que se manifiestan en diversos lenguajes (verbales, no&hellip;<\/p>\n<div class=\"pvc_clear\"><\/div>\n<p id=\"pvc_stats_11281\" class=\"pvc_stats all  \" data-element-id=\"11281\" style=\"\"><i class=\"pvc-stats-icon small\" aria-hidden=\"true\"><svg aria-hidden=\"true\" focusable=\"false\" data-prefix=\"far\" data-icon=\"chart-bar\" role=\"img\" xmlns=\"http:\/\/www.w3.org\/2000\/svg\" viewBox=\"0 0 512 512\" class=\"svg-inline--fa fa-chart-bar fa-w-16 fa-2x\"><path fill=\"currentColor\" d=\"M396.8 352h22.4c6.4 0 12.8-6.4 12.8-12.8V108.8c0-6.4-6.4-12.8-12.8-12.8h-22.4c-6.4 0-12.8 6.4-12.8 12.8v230.4c0 6.4 6.4 12.8 12.8 12.8zm-192 0h22.4c6.4 0 12.8-6.4 12.8-12.8V140.8c0-6.4-6.4-12.8-12.8-12.8h-22.4c-6.4 0-12.8 6.4-12.8 12.8v198.4c0 6.4 6.4 12.8 12.8 12.8zm96 0h22.4c6.4 0 12.8-6.4 12.8-12.8V204.8c0-6.4-6.4-12.8-12.8-12.8h-22.4c-6.4 0-12.8 6.4-12.8 12.8v134.4c0 6.4 6.4 12.8 12.8 12.8zM496 400H48V80c0-8.84-7.16-16-16-16H16C7.16 64 0 71.16 0 80v336c0 17.67 14.33 32 32 32h464c8.84 0 16-7.16 16-16v-16c0-8.84-7.16-16-16-16zm-387.2-48h22.4c6.4 0 12.8-6.4 12.8-12.8v-70.4c0-6.4-6.4-12.8-12.8-12.8h-22.4c-6.4 0-12.8 6.4-12.8 12.8v70.4c0 6.4 6.4 12.8 12.8 12.8z\" class=\"\"><\/path><\/svg><\/i> <img loading=\"lazy\" decoding=\"async\" width=\"16\" height=\"16\" alt=\"Loading\" src=\"https:\/\/ciesas.edu.mx\/investigacion\/wp-content\/plugins\/page-views-count\/ajax-loader-2x.gif\" border=0 \/><\/p>\n<div class=\"pvc_clear\"><\/div>\n","category_list_v2":"","author_info_v2":{"name":"Elizabeth","url":"https:\/\/ciesas.edu.mx\/investigacion\/author\/elizabeth\/"},"comments_num_v2":"0 comentarios","featured_image_src":null,"featured_image_src_square":null,"uagb_featured_image_src":{"full":false,"thumbnail":false,"medium":false,"medium_large":false,"large":false,"1536x1536":false,"2048x2048":false,"qubely_landscape":false,"qubely_portrait":false,"qubely_thumbnail":false,"gb-block-post-grid-landscape":false,"gb-block-post-grid-square":false,"ciesas":false,"noticias":false,"noticias_portrait":false,"posgrados":false,"fotoacademicos":false,"noticias-investigacion":false,"academico":false,"academico-listado":false,"sedes-foto":false},"uagb_author_info":{"display_name":"Elizabeth","author_link":"https:\/\/ciesas.edu.mx\/investigacion\/author\/elizabeth\/"},"uagb_comment_info":0,"uagb_excerpt":null,"_links":{"self":[{"href":"https:\/\/ciesas.edu.mx\/investigacion\/wp-json\/wp\/v2\/pages\/11281","targetHints":{"allow":["GET"]}}],"collection":[{"href":"https:\/\/ciesas.edu.mx\/investigacion\/wp-json\/wp\/v2\/pages"}],"about":[{"href":"https:\/\/ciesas.edu.mx\/investigacion\/wp-json\/wp\/v2\/types\/page"}],"author":[{"embeddable":true,"href":"https:\/\/ciesas.edu.mx\/investigacion\/wp-json\/wp\/v2\/users\/5"}],"replies":[{"embeddable":true,"href":"https:\/\/ciesas.edu.mx\/investigacion\/wp-json\/wp\/v2\/comments?post=11281"}],"version-history":[{"count":0,"href":"https:\/\/ciesas.edu.mx\/investigacion\/wp-json\/wp\/v2\/pages\/11281\/revisions"}],"up":[{"embeddable":true,"href":"https:\/\/ciesas.edu.mx\/investigacion\/wp-json\/wp\/v2\/pages\/12222"}],"wp:attachment":[{"href":"https:\/\/ciesas.edu.mx\/investigacion\/wp-json\/wp\/v2\/media?parent=11281"}],"curies":[{"name":"wp","href":"https:\/\/api.w.org\/{rel}","templated":true}]}}