{"id":16732,"date":"2023-06-20T21:18:57","date_gmt":"2023-06-20T21:18:57","guid":{"rendered":"https:\/\/ciesas.edu.mx\/investigacion\/?page_id=16732"},"modified":"2025-09-29T17:57:30","modified_gmt":"2025-09-29T17:57:30","slug":"occidente","status":"publish","type":"page","link":"https:\/\/ciesas.edu.mx\/investigacion\/occidente\/","title":{"rendered":"Occidente"},"content":{"rendered":"\n<div class=\"wp-block-qubely-row qubely-section qubely-block-a6e202\"><div class=\"qubely-row-overlay\"><\/div><div class=\"qubely-container\"><div class=\"qubely-row \">\n<div class=\"wp-block-qubely-column qubely-column qubely-column-front qubely-block-4b2296\"><div class=\"qubely-column-inner\"><div class=\"wp-block-image\">\n<figure class=\"aligncenter size-full\"><a href=\"https:\/\/occidente.ciesas.edu.mx\/\" target=\"_blank\" rel=\"noreferrer noopener\"><img loading=\"lazy\" decoding=\"async\" width=\"1024\" height=\"350\" src=\"https:\/\/ciesas.edu.mx\/investigacion\/wp-content\/uploads\/2023\/06\/occidente.png\" alt=\"\" class=\"wp-image-16738\" srcset=\"https:\/\/ciesas.edu.mx\/investigacion\/wp-content\/uploads\/2023\/06\/occidente.png 1024w, https:\/\/ciesas.edu.mx\/investigacion\/wp-content\/uploads\/2023\/06\/occidente-300x103.png 300w, https:\/\/ciesas.edu.mx\/investigacion\/wp-content\/uploads\/2023\/06\/occidente-768x263.png 768w\" sizes=\"auto, (max-width: 1024px) 100vw, 1024px\" \/><\/a><\/figure><\/div>\n\n\n<p><strong>Qui\u00e9nes somos<\/strong><\/p>\n\n\n\n<p class=\"has-normal-font-size\">El <a href=\"https:\/\/occidente.ciesas.edu.mx\/\" target=\"_blank\" rel=\"noreferrer noopener\">CIESAS Occidente<\/a> fue instaurado formalmente en septiembre de 1987, gracias a Leonel Dur\u00e1n, Director General de la instituci\u00f3n, y a las gestiones de Agust\u00edn Escobar y Jorge Alonso. En su inicio de actividades cont\u00f3 con tres proyectos colectivos que le confirieron identidad. Asimismo, en 1991 la unidad comenz\u00f3 a impartir el primer doctorado en Ciencias Sociales en la regi\u00f3n.<\/p>\n\n\n\n<p>La misi\u00f3n de esta sede es promover la b\u00fasqueda del conocimiento y la formaci\u00f3n especializada, con el m\u00e1s estricto apego a los c\u00f3digos de investigaci\u00f3n cient\u00edfica y libertad de c\u00e1tedra, en conformidad con las directrices de planeaci\u00f3n institucional, pertinencia de la responsabilidad disciplinaria, las l\u00edneas de investigaci\u00f3n del centro, su car\u00e1cter especializado y de comprometida vinculaci\u00f3n social.<\/p>\n\n\n\n<p>Es sede del el Doctorado en Ciencias Sociales, as\u00ed como de la C\u00e1tedra de Estudios Regionales \u201cGuillermo de la Pe\u00f1a\u201d, la C\u00e1tedra Jorge Alonso y la C\u00e1tedra de Estudios Interdisciplinarios de la Educaci\u00f3n \u201cDra. Luz Elena Galv\u00e1n y Lafarga\u201d.<\/p>\n\n\n\n<p>Actualmente, la Unidad cuenta con veinte&nbsp;investigadores que pertenecen al N\u00facleo Acad\u00e9mico B\u00e1sico&nbsp;(NAB), dos Catedr\u00e1ticos del Consejo Nacional de Ciencia y Tecnolog\u00eda (CONACYT), cuatro&nbsp;Investigadores Asociados y nueve&nbsp;posdoctorantes.&nbsp;Los cuales,&nbsp;con el apoyo de equipos de asistentes y la participaci\u00f3n de estudiantes, realizan trabajos de investigaci\u00f3n, con informaci\u00f3n de campo y&nbsp;diversos&nbsp;archivos, para la generaci\u00f3n de conocimiento fundado en el an\u00e1lisis de fuentes de primera mano. Conoce la <a href=\"https:\/\/occidente.ciesas.edu.mx\/investigadores-as\/\" target=\"_blank\" rel=\"noreferrer noopener\">Planta Acad\u00e9mica Occidente<\/a>.<\/p>\n<\/div><\/div>\n<\/div><\/div><\/div>\n<div class=\"pvc_clear\"><\/div><p id=\"pvc_stats_16732\" class=\"pvc_stats all  \" data-element-id=\"16732\" style=\"\"><i class=\"pvc-stats-icon small\" aria-hidden=\"true\"><svg aria-hidden=\"true\" focusable=\"false\" data-prefix=\"far\" data-icon=\"chart-bar\" role=\"img\" xmlns=\"http:\/\/www.w3.org\/2000\/svg\" viewBox=\"0 0 512 512\" class=\"svg-inline--fa fa-chart-bar fa-w-16 fa-2x\"><path fill=\"currentColor\" d=\"M396.8 352h22.4c6.4 0 12.8-6.4 12.8-12.8V108.8c0-6.4-6.4-12.8-12.8-12.8h-22.4c-6.4 0-12.8 6.4-12.8 12.8v230.4c0 6.4 6.4 12.8 12.8 12.8zm-192 0h22.4c6.4 0 12.8-6.4 12.8-12.8V140.8c0-6.4-6.4-12.8-12.8-12.8h-22.4c-6.4 0-12.8 6.4-12.8 12.8v198.4c0 6.4 6.4 12.8 12.8 12.8zm96 0h22.4c6.4 0 12.8-6.4 12.8-12.8V204.8c0-6.4-6.4-12.8-12.8-12.8h-22.4c-6.4 0-12.8 6.4-12.8 12.8v134.4c0 6.4 6.4 12.8 12.8 12.8zM496 400H48V80c0-8.84-7.16-16-16-16H16C7.16 64 0 71.16 0 80v336c0 17.67 14.33 32 32 32h464c8.84 0 16-7.16 16-16v-16c0-8.84-7.16-16-16-16zm-387.2-48h22.4c6.4 0 12.8-6.4 12.8-12.8v-70.4c0-6.4-6.4-12.8-12.8-12.8h-22.4c-6.4 0-12.8 6.4-12.8 12.8v70.4c0 6.4 6.4 12.8 12.8 12.8z\" class=\"\"><\/path><\/svg><\/i> <img loading=\"lazy\" decoding=\"async\" width=\"16\" height=\"16\" alt=\"Loading\" src=\"https:\/\/ciesas.edu.mx\/investigacion\/wp-content\/plugins\/page-views-count\/ajax-loader-2x.gif\" border=0 \/><\/p><div class=\"pvc_clear\"><\/div>","protected":false},"excerpt":{"rendered":"<div class=\"pvc_clear\"><\/div>\n<p id=\"pvc_stats_16732\" class=\"pvc_stats all  \" data-element-id=\"16732\" style=\"\"><i class=\"pvc-stats-icon small\" aria-hidden=\"true\"><svg aria-hidden=\"true\" focusable=\"false\" data-prefix=\"far\" data-icon=\"chart-bar\" role=\"img\" xmlns=\"http:\/\/www.w3.org\/2000\/svg\" viewBox=\"0 0 512 512\" class=\"svg-inline--fa fa-chart-bar fa-w-16 fa-2x\"><path fill=\"currentColor\" d=\"M396.8 352h22.4c6.4 0 12.8-6.4 12.8-12.8V108.8c0-6.4-6.4-12.8-12.8-12.8h-22.4c-6.4 0-12.8 6.4-12.8 12.8v230.4c0 6.4 6.4 12.8 12.8 12.8zm-192 0h22.4c6.4 0 12.8-6.4 12.8-12.8V140.8c0-6.4-6.4-12.8-12.8-12.8h-22.4c-6.4 0-12.8 6.4-12.8 12.8v198.4c0 6.4 6.4 12.8 12.8 12.8zm96 0h22.4c6.4 0 12.8-6.4 12.8-12.8V204.8c0-6.4-6.4-12.8-12.8-12.8h-22.4c-6.4 0-12.8 6.4-12.8 12.8v134.4c0 6.4 6.4 12.8 12.8 12.8zM496 400H48V80c0-8.84-7.16-16-16-16H16C7.16 64 0 71.16 0 80v336c0 17.67 14.33 32 32 32h464c8.84 0 16-7.16 16-16v-16c0-8.84-7.16-16-16-16zm-387.2-48h22.4c6.4 0 12.8-6.4 12.8-12.8v-70.4c0-6.4-6.4-12.8-12.8-12.8h-22.4c-6.4 0-12.8 6.4-12.8 12.8v70.4c0 6.4 6.4 12.8 12.8 12.8z\" class=\"\"><\/path><\/svg><\/i> <img loading=\"lazy\" decoding=\"async\" width=\"16\" height=\"16\" alt=\"Loading\" src=\"https:\/\/ciesas.edu.mx\/investigacion\/wp-content\/plugins\/page-views-count\/ajax-loader-2x.gif\" border=0 \/><\/p>\n<div class=\"pvc_clear\"><\/div>\n","protected":false},"author":5,"featured_media":0,"parent":0,"menu_order":0,"comment_status":"closed","ping_status":"closed","template":"","meta":{"qubely_global_settings":"","qubely_interactions":"","om_disable_all_campaigns":false,"_uag_custom_page_level_css":"","_monsterinsights_skip_tracking":false,"_monsterinsights_sitenote_active":false,"_monsterinsights_sitenote_note":"","_monsterinsights_sitenote_category":0,"footnotes":""},"class_list":["post-16732","page","type-page","status-publish","hentry"],"aioseo_notices":[],"featured_image_urls_v2":{"full":"","thumbnail":"","medium":"","medium_large":"","large":"","1536x1536":"","2048x2048":"","qubely_landscape":"","qubely_portrait":"","qubely_thumbnail":"","gb-block-post-grid-landscape":"","gb-block-post-grid-square":"","ciesas":"","noticias":"","noticias_portrait":"","posgrados":"","fotoacademicos":"","noticias-investigacion":"","academico":"","academico-listado":"","sedes-foto":""},"post_excerpt_stackable_v2":"<p>Qui\u00e9nes somos El CIESAS Occidente fue instaurado formalmente en septiembre de 1987, gracias a Leonel Dur\u00e1n, Director General de la instituci\u00f3n, y a las gestiones de Agust\u00edn Escobar y Jorge Alonso. En su inicio de actividades cont\u00f3 con tres proyectos colectivos que le confirieron identidad. Asimismo, en 1991 la unidad comenz\u00f3 a impartir el primer doctorado en Ciencias Sociales en la regi\u00f3n. La misi\u00f3n de esta sede es promover la b\u00fasqueda del conocimiento y la formaci\u00f3n especializada, con el m\u00e1s estricto apego a los c\u00f3digos de investigaci\u00f3n cient\u00edfica y libertad de c\u00e1tedra, en conformidad con las directrices de planeaci\u00f3n institucional,&hellip;<\/p>\n<div class=\"pvc_clear\"><\/div>\n<p id=\"pvc_stats_16732\" class=\"pvc_stats all  \" data-element-id=\"16732\" style=\"\"><i class=\"pvc-stats-icon small\" aria-hidden=\"true\"><svg aria-hidden=\"true\" focusable=\"false\" data-prefix=\"far\" data-icon=\"chart-bar\" role=\"img\" xmlns=\"http:\/\/www.w3.org\/2000\/svg\" viewBox=\"0 0 512 512\" class=\"svg-inline--fa fa-chart-bar fa-w-16 fa-2x\"><path fill=\"currentColor\" d=\"M396.8 352h22.4c6.4 0 12.8-6.4 12.8-12.8V108.8c0-6.4-6.4-12.8-12.8-12.8h-22.4c-6.4 0-12.8 6.4-12.8 12.8v230.4c0 6.4 6.4 12.8 12.8 12.8zm-192 0h22.4c6.4 0 12.8-6.4 12.8-12.8V140.8c0-6.4-6.4-12.8-12.8-12.8h-22.4c-6.4 0-12.8 6.4-12.8 12.8v198.4c0 6.4 6.4 12.8 12.8 12.8zm96 0h22.4c6.4 0 12.8-6.4 12.8-12.8V204.8c0-6.4-6.4-12.8-12.8-12.8h-22.4c-6.4 0-12.8 6.4-12.8 12.8v134.4c0 6.4 6.4 12.8 12.8 12.8zM496 400H48V80c0-8.84-7.16-16-16-16H16C7.16 64 0 71.16 0 80v336c0 17.67 14.33 32 32 32h464c8.84 0 16-7.16 16-16v-16c0-8.84-7.16-16-16-16zm-387.2-48h22.4c6.4 0 12.8-6.4 12.8-12.8v-70.4c0-6.4-6.4-12.8-12.8-12.8h-22.4c-6.4 0-12.8 6.4-12.8 12.8v70.4c0 6.4 6.4 12.8 12.8 12.8z\" class=\"\"><\/path><\/svg><\/i> <img loading=\"lazy\" decoding=\"async\" width=\"16\" height=\"16\" alt=\"Loading\" src=\"https:\/\/ciesas.edu.mx\/investigacion\/wp-content\/plugins\/page-views-count\/ajax-loader-2x.gif\" border=0 \/><\/p>\n<div class=\"pvc_clear\"><\/div>\n","category_list_v2":"","author_info_v2":{"name":"Elizabeth","url":"https:\/\/ciesas.edu.mx\/investigacion\/author\/elizabeth\/"},"comments_num_v2":"0 comentarios","featured_image_src":null,"featured_image_src_square":null,"uagb_featured_image_src":{"full":false,"thumbnail":false,"medium":false,"medium_large":false,"large":false,"1536x1536":false,"2048x2048":false,"qubely_landscape":false,"qubely_portrait":false,"qubely_thumbnail":false,"gb-block-post-grid-landscape":false,"gb-block-post-grid-square":false,"ciesas":false,"noticias":false,"noticias_portrait":false,"posgrados":false,"fotoacademicos":false,"noticias-investigacion":false,"academico":false,"academico-listado":false,"sedes-foto":false},"uagb_author_info":{"display_name":"Elizabeth","author_link":"https:\/\/ciesas.edu.mx\/investigacion\/author\/elizabeth\/"},"uagb_comment_info":0,"uagb_excerpt":null,"_links":{"self":[{"href":"https:\/\/ciesas.edu.mx\/investigacion\/wp-json\/wp\/v2\/pages\/16732","targetHints":{"allow":["GET"]}}],"collection":[{"href":"https:\/\/ciesas.edu.mx\/investigacion\/wp-json\/wp\/v2\/pages"}],"about":[{"href":"https:\/\/ciesas.edu.mx\/investigacion\/wp-json\/wp\/v2\/types\/page"}],"author":[{"embeddable":true,"href":"https:\/\/ciesas.edu.mx\/investigacion\/wp-json\/wp\/v2\/users\/5"}],"replies":[{"embeddable":true,"href":"https:\/\/ciesas.edu.mx\/investigacion\/wp-json\/wp\/v2\/comments?post=16732"}],"version-history":[{"count":1,"href":"https:\/\/ciesas.edu.mx\/investigacion\/wp-json\/wp\/v2\/pages\/16732\/revisions"}],"predecessor-version":[{"id":17291,"href":"https:\/\/ciesas.edu.mx\/investigacion\/wp-json\/wp\/v2\/pages\/16732\/revisions\/17291"}],"wp:attachment":[{"href":"https:\/\/ciesas.edu.mx\/investigacion\/wp-json\/wp\/v2\/media?parent=16732"}],"curies":[{"name":"wp","href":"https:\/\/api.w.org\/{rel}","templated":true}]}}