{"id":5514,"date":"2020-04-29T23:20:04","date_gmt":"2020-04-29T23:20:04","guid":{"rendered":"https:\/\/capazmente.com\/investigacion\/?page_id=5514"},"modified":"2023-06-20T21:43:06","modified_gmt":"2023-06-20T21:43:06","slug":"pacifico-sur","status":"publish","type":"page","link":"https:\/\/ciesas.edu.mx\/investigacion\/pacifico-sur\/","title":{"rendered":"Pac\u00edfico Sur"},"content":{"rendered":"\n<div class=\"wp-block-ugb-container ugb-container ugb-bec85c1 ugb-container--v2 ugb-container--design-basic ugb-main-block ugb--has-custom-content-width\"><style>.ugb-bec85c1-wrapper.ugb-container__wrapper{border-style:solid !important;border-color:#000000 !important;border-top-width:0px !important;border-right-width:0px !important;border-bottom-width:0px !important;border-left-width:0px !important}.ugb-bec85c1.ugb-container{justify-content:center}.ugb-bec85c1.ugb-container > .ugb-inner-block{max-width:960px !important}<\/style><div class=\"ugb-inner-block\"><div class=\"ugb-block-content\"><div class=\"ugb-container__wrapper ugb-bec85c1-wrapper ugb--shadow-8\"><div class=\"ugb-container__side\"><div class=\"ugb-container__content-wrapper ugb-bec85c1-content-wrapper\"><div class=\"wp-block-image\">\n<figure class=\"aligncenter size-large is-resized\"><a href=\"https:\/\/pacificosur.ciesas.edu.mx\/\" target=\"_blank\" rel=\"noreferrer noopener\"><img decoding=\"async\" src=\"https:\/\/ciesas.edu.mx\/investigacion\/wp-content\/uploads\/2020\/06\/pacifico-sur-1024x350.png\" alt=\"\" class=\"wp-image-7470\" width=\"760\" srcset=\"https:\/\/ciesas.edu.mx\/investigacion\/wp-content\/uploads\/2020\/06\/pacifico-sur-1024x350.png 1024w, https:\/\/ciesas.edu.mx\/investigacion\/wp-content\/uploads\/2020\/06\/pacifico-sur-300x103.png 300w, https:\/\/ciesas.edu.mx\/investigacion\/wp-content\/uploads\/2020\/06\/pacifico-sur-768x263.png 768w, https:\/\/ciesas.edu.mx\/investigacion\/wp-content\/uploads\/2020\/06\/pacifico-sur.png 1170w\" sizes=\"(max-width: 1024px) 100vw, 1024px\" \/><\/a><\/figure><\/div>\n\n\n<div class=\"wp-block-qubely-row qubely-section qubely-block-f41f6e\"><div class=\"qubely-row-overlay\"><\/div><div class=\"qubely-container-fluid\"><div class=\"qubely-row \">\n<div class=\"wp-block-qubely-column qubely-column qubely-column-front qubely-block-9307f9\"><div class=\"qubely-column-inner\">\n<h4 class=\"wp-block-heading has-custom-font\" id=\"2-qui%C3%A9nes-somos\">Qui\u00e9nes somos<\/h4>\n\n\n\n<p>El <a href=\"https:\/\/pacificosur.ciesas.edu.mx\/\" target=\"_blank\" rel=\"noreferrer noopener\">CIESAS Pac\u00edfico Sur<\/a> inicia actividades en 1987 con un cuerpo b\u00e1sico de acad\u00e9micos, encabezado por el antrop\u00f3logo Salom\u00f3n Nahmad, a partir de un acuerdo entre el Centro de Investigaciones y Estudios Superiores en Antropolog\u00eda Social (CIESAS) y el Gobierno del Estado de Oaxaca, el cual ten\u00eda como fundamento un proyecto orientado a la investigaci\u00f3n y vinculaci\u00f3n con los pueblos ind\u00edgenas de la zona.<\/p>\n\n\n\n<p>Al ser el \u00fanico centro p\u00fablico del Consejo Nacional de Humanidades, Ciencias y Tecnolog\u00edas (CONAHCYT) en Oaxaca, sus investigaciones antropol\u00f3gicas sobre la regi\u00f3n contribuyen activamente al estudio del sur de la rep\u00fablica mexicana, al mismo tiempo que impulsan la formaci\u00f3n de antrop\u00f3logos ind\u00edgenas.<\/p>\n\n\n\n<p>En la <a href=\"https:\/\/pacificosur.ciesas.edu.mx\/\" target=\"_blank\" rel=\"noreferrer noopener\">Unidad Pac\u00edfico Sur <\/a>se realizan estudios de car\u00e1cter antropol\u00f3gico, hist\u00f3rico, etnohist\u00f3rico y ling\u00fc\u00edstico. Su vocaci\u00f3n cumple con el objetivo de desarrollo cient\u00edfico y, a la vez, con el compromiso hacia la comunidad, pues el trabajo de investigaci\u00f3n en Historia y Antropolog\u00eda es una herramienta capaz de impactar en la transformaci\u00f3n social de Oaxaca y, por tanto, de M\u00e9xico. Conoce la Planta Acad\u00e9mica. <\/p>\n<\/div><\/div>\n<\/div><\/div><\/div>\n<\/div><\/div><\/div><\/div><\/div><\/div>\n<div class=\"pvc_clear\"><\/div><p id=\"pvc_stats_5514\" class=\"pvc_stats all  \" data-element-id=\"5514\" style=\"\"><i class=\"pvc-stats-icon small\" aria-hidden=\"true\"><svg aria-hidden=\"true\" focusable=\"false\" data-prefix=\"far\" data-icon=\"chart-bar\" role=\"img\" xmlns=\"http:\/\/www.w3.org\/2000\/svg\" viewBox=\"0 0 512 512\" class=\"svg-inline--fa fa-chart-bar fa-w-16 fa-2x\"><path fill=\"currentColor\" d=\"M396.8 352h22.4c6.4 0 12.8-6.4 12.8-12.8V108.8c0-6.4-6.4-12.8-12.8-12.8h-22.4c-6.4 0-12.8 6.4-12.8 12.8v230.4c0 6.4 6.4 12.8 12.8 12.8zm-192 0h22.4c6.4 0 12.8-6.4 12.8-12.8V140.8c0-6.4-6.4-12.8-12.8-12.8h-22.4c-6.4 0-12.8 6.4-12.8 12.8v198.4c0 6.4 6.4 12.8 12.8 12.8zm96 0h22.4c6.4 0 12.8-6.4 12.8-12.8V204.8c0-6.4-6.4-12.8-12.8-12.8h-22.4c-6.4 0-12.8 6.4-12.8 12.8v134.4c0 6.4 6.4 12.8 12.8 12.8zM496 400H48V80c0-8.84-7.16-16-16-16H16C7.16 64 0 71.16 0 80v336c0 17.67 14.33 32 32 32h464c8.84 0 16-7.16 16-16v-16c0-8.84-7.16-16-16-16zm-387.2-48h22.4c6.4 0 12.8-6.4 12.8-12.8v-70.4c0-6.4-6.4-12.8-12.8-12.8h-22.4c-6.4 0-12.8 6.4-12.8 12.8v70.4c0 6.4 6.4 12.8 12.8 12.8z\" class=\"\"><\/path><\/svg><\/i> <img loading=\"lazy\" decoding=\"async\" width=\"16\" height=\"16\" alt=\"Loading\" src=\"https:\/\/ciesas.edu.mx\/investigacion\/wp-content\/plugins\/page-views-count\/ajax-loader-2x.gif\" border=0 \/><\/p><div class=\"pvc_clear\"><\/div>","protected":false},"excerpt":{"rendered":"<div class=\"pvc_clear\"><\/div>\n<p id=\"pvc_stats_5514\" class=\"pvc_stats all  \" data-element-id=\"5514\" style=\"\"><i class=\"pvc-stats-icon small\" aria-hidden=\"true\"><svg aria-hidden=\"true\" focusable=\"false\" data-prefix=\"far\" data-icon=\"chart-bar\" role=\"img\" xmlns=\"http:\/\/www.w3.org\/2000\/svg\" viewBox=\"0 0 512 512\" class=\"svg-inline--fa fa-chart-bar fa-w-16 fa-2x\"><path fill=\"currentColor\" d=\"M396.8 352h22.4c6.4 0 12.8-6.4 12.8-12.8V108.8c0-6.4-6.4-12.8-12.8-12.8h-22.4c-6.4 0-12.8 6.4-12.8 12.8v230.4c0 6.4 6.4 12.8 12.8 12.8zm-192 0h22.4c6.4 0 12.8-6.4 12.8-12.8V140.8c0-6.4-6.4-12.8-12.8-12.8h-22.4c-6.4 0-12.8 6.4-12.8 12.8v198.4c0 6.4 6.4 12.8 12.8 12.8zm96 0h22.4c6.4 0 12.8-6.4 12.8-12.8V204.8c0-6.4-6.4-12.8-12.8-12.8h-22.4c-6.4 0-12.8 6.4-12.8 12.8v134.4c0 6.4 6.4 12.8 12.8 12.8zM496 400H48V80c0-8.84-7.16-16-16-16H16C7.16 64 0 71.16 0 80v336c0 17.67 14.33 32 32 32h464c8.84 0 16-7.16 16-16v-16c0-8.84-7.16-16-16-16zm-387.2-48h22.4c6.4 0 12.8-6.4 12.8-12.8v-70.4c0-6.4-6.4-12.8-12.8-12.8h-22.4c-6.4 0-12.8 6.4-12.8 12.8v70.4c0 6.4 6.4 12.8 12.8 12.8z\" class=\"\"><\/path><\/svg><\/i> <img loading=\"lazy\" decoding=\"async\" width=\"16\" height=\"16\" alt=\"Loading\" src=\"https:\/\/ciesas.edu.mx\/investigacion\/wp-content\/plugins\/page-views-count\/ajax-loader-2x.gif\" border=0 \/><\/p>\n<div class=\"pvc_clear\"><\/div>\n","protected":false},"author":5,"featured_media":0,"parent":0,"menu_order":135,"comment_status":"closed","ping_status":"closed","template":"","meta":{"qubely_global_settings":"true","qubely_interactions":"","om_disable_all_campaigns":false,"_uag_custom_page_level_css":"","_monsterinsights_skip_tracking":false,"_monsterinsights_sitenote_active":false,"_monsterinsights_sitenote_note":"","_monsterinsights_sitenote_category":0,"footnotes":""},"class_list":["post-5514","page","type-page","status-publish","hentry"],"aioseo_notices":[],"featured_image_urls_v2":{"full":"","thumbnail":"","medium":"","medium_large":"","large":"","1536x1536":"","2048x2048":"","qubely_landscape":"","qubely_portrait":"","qubely_thumbnail":"","gb-block-post-grid-landscape":"","gb-block-post-grid-square":"","ciesas":"","noticias":"","noticias_portrait":"","posgrados":"","fotoacademicos":"","noticias-investigacion":"","academico":"","academico-listado":"","sedes-foto":""},"post_excerpt_stackable_v2":"<p>Qui\u00e9nes somos El CIESAS Pac\u00edfico Sur inicia actividades en 1987 con un cuerpo b\u00e1sico de acad\u00e9micos, encabezado por el antrop\u00f3logo Salom\u00f3n Nahmad, a partir de un acuerdo entre el Centro de Investigaciones y Estudios Superiores en Antropolog\u00eda Social (CIESAS) y el Gobierno del Estado de Oaxaca, el cual ten\u00eda como fundamento un proyecto orientado a la investigaci\u00f3n y vinculaci\u00f3n con los pueblos ind\u00edgenas de la zona. Al ser el \u00fanico centro p\u00fablico del Consejo Nacional de Humanidades, Ciencias y Tecnolog\u00edas (CONAHCYT) en Oaxaca, sus investigaciones antropol\u00f3gicas sobre la regi\u00f3n contribuyen activamente al estudio del sur de la rep\u00fablica mexicana, al&hellip;<\/p>\n<div class=\"pvc_clear\"><\/div>\n<p id=\"pvc_stats_5514\" class=\"pvc_stats all  \" data-element-id=\"5514\" style=\"\"><i class=\"pvc-stats-icon small\" aria-hidden=\"true\"><svg aria-hidden=\"true\" focusable=\"false\" data-prefix=\"far\" data-icon=\"chart-bar\" role=\"img\" xmlns=\"http:\/\/www.w3.org\/2000\/svg\" viewBox=\"0 0 512 512\" class=\"svg-inline--fa fa-chart-bar fa-w-16 fa-2x\"><path fill=\"currentColor\" d=\"M396.8 352h22.4c6.4 0 12.8-6.4 12.8-12.8V108.8c0-6.4-6.4-12.8-12.8-12.8h-22.4c-6.4 0-12.8 6.4-12.8 12.8v230.4c0 6.4 6.4 12.8 12.8 12.8zm-192 0h22.4c6.4 0 12.8-6.4 12.8-12.8V140.8c0-6.4-6.4-12.8-12.8-12.8h-22.4c-6.4 0-12.8 6.4-12.8 12.8v198.4c0 6.4 6.4 12.8 12.8 12.8zm96 0h22.4c6.4 0 12.8-6.4 12.8-12.8V204.8c0-6.4-6.4-12.8-12.8-12.8h-22.4c-6.4 0-12.8 6.4-12.8 12.8v134.4c0 6.4 6.4 12.8 12.8 12.8zM496 400H48V80c0-8.84-7.16-16-16-16H16C7.16 64 0 71.16 0 80v336c0 17.67 14.33 32 32 32h464c8.84 0 16-7.16 16-16v-16c0-8.84-7.16-16-16-16zm-387.2-48h22.4c6.4 0 12.8-6.4 12.8-12.8v-70.4c0-6.4-6.4-12.8-12.8-12.8h-22.4c-6.4 0-12.8 6.4-12.8 12.8v70.4c0 6.4 6.4 12.8 12.8 12.8z\" class=\"\"><\/path><\/svg><\/i> <img loading=\"lazy\" decoding=\"async\" width=\"16\" height=\"16\" alt=\"Loading\" src=\"https:\/\/ciesas.edu.mx\/investigacion\/wp-content\/plugins\/page-views-count\/ajax-loader-2x.gif\" border=0 \/><\/p>\n<div class=\"pvc_clear\"><\/div>\n","category_list_v2":"","author_info_v2":{"name":"Elizabeth","url":"https:\/\/ciesas.edu.mx\/investigacion\/author\/elizabeth\/"},"comments_num_v2":"0 comentarios","featured_image_src":null,"featured_image_src_square":null,"uagb_featured_image_src":{"full":false,"thumbnail":false,"medium":false,"medium_large":false,"large":false,"1536x1536":false,"2048x2048":false,"qubely_landscape":false,"qubely_portrait":false,"qubely_thumbnail":false,"gb-block-post-grid-landscape":false,"gb-block-post-grid-square":false,"ciesas":false,"noticias":false,"noticias_portrait":false,"posgrados":false,"fotoacademicos":false,"noticias-investigacion":false,"academico":false,"academico-listado":false,"sedes-foto":false},"uagb_author_info":{"display_name":"Elizabeth","author_link":"https:\/\/ciesas.edu.mx\/investigacion\/author\/elizabeth\/"},"uagb_comment_info":0,"uagb_excerpt":null,"_links":{"self":[{"href":"https:\/\/ciesas.edu.mx\/investigacion\/wp-json\/wp\/v2\/pages\/5514","targetHints":{"allow":["GET"]}}],"collection":[{"href":"https:\/\/ciesas.edu.mx\/investigacion\/wp-json\/wp\/v2\/pages"}],"about":[{"href":"https:\/\/ciesas.edu.mx\/investigacion\/wp-json\/wp\/v2\/types\/page"}],"author":[{"embeddable":true,"href":"https:\/\/ciesas.edu.mx\/investigacion\/wp-json\/wp\/v2\/users\/5"}],"replies":[{"embeddable":true,"href":"https:\/\/ciesas.edu.mx\/investigacion\/wp-json\/wp\/v2\/comments?post=5514"}],"version-history":[{"count":0,"href":"https:\/\/ciesas.edu.mx\/investigacion\/wp-json\/wp\/v2\/pages\/5514\/revisions"}],"wp:attachment":[{"href":"https:\/\/ciesas.edu.mx\/investigacion\/wp-json\/wp\/v2\/media?parent=5514"}],"curies":[{"name":"wp","href":"https:\/\/api.w.org\/{rel}","templated":true}]}}