{"id":7573,"date":"2020-06-09T17:12:52","date_gmt":"2020-06-09T17:12:52","guid":{"rendered":"https:\/\/capazmente.com\/investigacion\/?page_id=7573"},"modified":"2024-08-30T23:59:41","modified_gmt":"2024-08-30T23:59:41","slug":"planta-academica-de-alto-nivel","status":"publish","type":"page","link":"https:\/\/ciesas.edu.mx\/investigacion\/capacidades-cientificas\/planta-academica-de-alto-nivel\/","title":{"rendered":"Planta acad\u00e9mica de alto nivel"},"content":{"rendered":"\n<div class=\"wp-block-stackable-columns stk-block-columns stk-block stk-f08bfbc\" data-block-id=\"f08bfbc\"><div class=\"stk-row stk-inner-blocks stk-block-content stk-content-align stk-f08bfbc-column\">\n<div class=\"wp-block-stackable-column stk-block-column stk-column stk-block stk-334a915\" data-v=\"4\" data-block-id=\"334a915\"><div class=\"stk-column-wrapper stk-block-column__content stk-container stk-334a915-container stk--no-background stk--no-padding\"><div class=\"stk-block-content stk-inner-blocks stk-334a915-inner-blocks\">\n<p>El CIESAS ha sido pionero en generar e impulsar nuevas miradas multidisciplinarias para resolver problemas urgentes. Desde su creaci\u00f3n (1973) ha tenido la capacidad de despertar la imaginaci\u00f3n de las ciencias sociales, desarrollar sus m\u00e9todos de investigaci\u00f3n y fomentar el trabajo en equipo, con base en la antropolog\u00eda, pero sin cerrarse a otras disciplinas, e impulsar la colaboraci\u00f3n interinstitucional.<\/p>\n\n\n\n<p>La investigaci\u00f3n que se realiza en el CIESAS no solo se basa en est\u00e1ndares de calidad internacional, sino que detecta las necesidades y problemas sociales de las regiones para analizarlos y conocerlos (investigaci\u00f3n b\u00e1sica), para compartir sus efectos y consecuencias (investigaci\u00f3n participante) y generar con la comunidad investigada, alternativas para superarlos (investigaci\u00f3n colaborativa).<\/p>\n\n\n\n<p>Nuestra planta acad\u00e9mica est\u00e1 integrada por 180 profesores-investigadores, de los cuales 95% cuenta con doctorado, el 74% pertenece al Sistema Nacional de Investigadores (SNI), 23 son nivel III y 3 em\u00e9ritos; y el 26% son miembros de la Academia Mexicana de Ciencias.<\/p>\n\n\n\n<p><a href=\"https:\/\/cdmx.ciesas.edu.mx\/investigadores-as-2\/\" target=\"_blank\" rel=\"noopener\" title=\"\">CIESAS Ciudad de M\u00e9xico<\/a><\/p>\n\n\n\n<p><a href=\"https:\/\/golfo.ciesas.edu.mx\/investigadores\/\" target=\"_blank\" rel=\"noopener\" title=\"\">CIESAS Golfo<\/a><\/p>\n\n\n\n<p><a href=\"https:\/\/pacificosur.ciesas.edu.mx\/investigadores-as\/\" target=\"_blank\" rel=\"noopener\" title=\"\">CIESAS Pac\u00edfico Sur<\/a><\/p>\n\n\n\n<p><a href=\"https:\/\/peninsular.ciesas.edu.mx\/investigadores-as-2\/\" target=\"_blank\" rel=\"noopener\" title=\"\">CIESAS Peninsular<\/a><\/p>\n\n\n\n<p><a href=\"https:\/\/noreste.ciesas.edu.mx\/investigadores\/\" target=\"_blank\" rel=\"noopener\" title=\"\">CIESAS Noreste<\/a><\/p>\n\n\n\n<p><a href=\"https:\/\/occidente.ciesas.edu.mx\/investigadores-as\/\" target=\"_blank\" rel=\"noopener\" title=\"\">CIESAS Occidente<\/a><\/p>\n\n\n\n<p><a href=\"https:\/\/sureste.ciesas.edu.mx\/investigacion\/\" target=\"_blank\" rel=\"noopener\" title=\"\">CIESAS Sureste <\/a><\/p>\n\n\n\n<p><\/p>\n\n\n\n<p><\/p>\n<\/div><\/div><\/div>\n<\/div><\/div>\n<div class=\"pvc_clear\"><\/div><p id=\"pvc_stats_7573\" class=\"pvc_stats all  \" data-element-id=\"7573\" style=\"\"><i class=\"pvc-stats-icon small\" aria-hidden=\"true\"><svg aria-hidden=\"true\" focusable=\"false\" data-prefix=\"far\" data-icon=\"chart-bar\" role=\"img\" xmlns=\"http:\/\/www.w3.org\/2000\/svg\" viewBox=\"0 0 512 512\" class=\"svg-inline--fa fa-chart-bar fa-w-16 fa-2x\"><path fill=\"currentColor\" d=\"M396.8 352h22.4c6.4 0 12.8-6.4 12.8-12.8V108.8c0-6.4-6.4-12.8-12.8-12.8h-22.4c-6.4 0-12.8 6.4-12.8 12.8v230.4c0 6.4 6.4 12.8 12.8 12.8zm-192 0h22.4c6.4 0 12.8-6.4 12.8-12.8V140.8c0-6.4-6.4-12.8-12.8-12.8h-22.4c-6.4 0-12.8 6.4-12.8 12.8v198.4c0 6.4 6.4 12.8 12.8 12.8zm96 0h22.4c6.4 0 12.8-6.4 12.8-12.8V204.8c0-6.4-6.4-12.8-12.8-12.8h-22.4c-6.4 0-12.8 6.4-12.8 12.8v134.4c0 6.4 6.4 12.8 12.8 12.8zM496 400H48V80c0-8.84-7.16-16-16-16H16C7.16 64 0 71.16 0 80v336c0 17.67 14.33 32 32 32h464c8.84 0 16-7.16 16-16v-16c0-8.84-7.16-16-16-16zm-387.2-48h22.4c6.4 0 12.8-6.4 12.8-12.8v-70.4c0-6.4-6.4-12.8-12.8-12.8h-22.4c-6.4 0-12.8 6.4-12.8 12.8v70.4c0 6.4 6.4 12.8 12.8 12.8z\" class=\"\"><\/path><\/svg><\/i> <img loading=\"lazy\" decoding=\"async\" width=\"16\" height=\"16\" alt=\"Loading\" src=\"https:\/\/ciesas.edu.mx\/investigacion\/wp-content\/plugins\/page-views-count\/ajax-loader-2x.gif\" border=0 \/><\/p><div class=\"pvc_clear\"><\/div>","protected":false},"excerpt":{"rendered":"<p>El CIESAS ha sido pionero en generar e impulsar nuevas miradas multidisciplinarias para resolver problemas urgentes. Desde su creaci\u00f3n (1973) ha tenido la capacidad de despertar la imaginaci\u00f3n de las ciencias sociales, desarrollar sus m\u00e9todos de investigaci\u00f3n y fomentar el trabajo en equipo, con base en la antropolog\u00eda, pero sin cerrarse a otras disciplinas, e [&hellip;]<\/p>\n<div class=\"pvc_clear\"><\/div>\n<p id=\"pvc_stats_7573\" class=\"pvc_stats all  \" data-element-id=\"7573\" style=\"\"><i class=\"pvc-stats-icon small\" aria-hidden=\"true\"><svg aria-hidden=\"true\" focusable=\"false\" data-prefix=\"far\" data-icon=\"chart-bar\" role=\"img\" xmlns=\"http:\/\/www.w3.org\/2000\/svg\" viewBox=\"0 0 512 512\" class=\"svg-inline--fa fa-chart-bar fa-w-16 fa-2x\"><path fill=\"currentColor\" d=\"M396.8 352h22.4c6.4 0 12.8-6.4 12.8-12.8V108.8c0-6.4-6.4-12.8-12.8-12.8h-22.4c-6.4 0-12.8 6.4-12.8 12.8v230.4c0 6.4 6.4 12.8 12.8 12.8zm-192 0h22.4c6.4 0 12.8-6.4 12.8-12.8V140.8c0-6.4-6.4-12.8-12.8-12.8h-22.4c-6.4 0-12.8 6.4-12.8 12.8v198.4c0 6.4 6.4 12.8 12.8 12.8zm96 0h22.4c6.4 0 12.8-6.4 12.8-12.8V204.8c0-6.4-6.4-12.8-12.8-12.8h-22.4c-6.4 0-12.8 6.4-12.8 12.8v134.4c0 6.4 6.4 12.8 12.8 12.8zM496 400H48V80c0-8.84-7.16-16-16-16H16C7.16 64 0 71.16 0 80v336c0 17.67 14.33 32 32 32h464c8.84 0 16-7.16 16-16v-16c0-8.84-7.16-16-16-16zm-387.2-48h22.4c6.4 0 12.8-6.4 12.8-12.8v-70.4c0-6.4-6.4-12.8-12.8-12.8h-22.4c-6.4 0-12.8 6.4-12.8 12.8v70.4c0 6.4 6.4 12.8 12.8 12.8z\" class=\"\"><\/path><\/svg><\/i> <img loading=\"lazy\" decoding=\"async\" width=\"16\" height=\"16\" alt=\"Loading\" src=\"https:\/\/ciesas.edu.mx\/investigacion\/wp-content\/plugins\/page-views-count\/ajax-loader-2x.gif\" border=0 \/><\/p>\n<div class=\"pvc_clear\"><\/div>\n","protected":false},"author":5,"featured_media":0,"parent":106,"menu_order":97,"comment_status":"closed","ping_status":"closed","template":"","meta":{"qubely_global_settings":"","qubely_interactions":"","om_disable_all_campaigns":false,"_uag_custom_page_level_css":"","_monsterinsights_skip_tracking":false,"_monsterinsights_sitenote_active":false,"_monsterinsights_sitenote_note":"","_monsterinsights_sitenote_category":0,"footnotes":""},"class_list":["post-7573","page","type-page","status-publish","hentry"],"aioseo_notices":[],"a3_pvc":{"activated":true,"total_views":24,"today_views":0},"featured_image_urls_v2":{"full":"","thumbnail":"","medium":"","medium_large":"","large":"","1536x1536":"","2048x2048":"","qubely_landscape":"","qubely_portrait":"","qubely_thumbnail":"","gb-block-post-grid-landscape":"","gb-block-post-grid-square":"","ciesas":"","noticias":"","noticias_portrait":"","posgrados":"","fotoacademicos":"","noticias-investigacion":"","academico":"","academico-listado":"","sedes-foto":""},"post_excerpt_stackable_v2":"<p>El CIESAS ha sido pionero en generar e impulsar nuevas miradas multidisciplinarias para resolver problemas urgentes. Desde su creaci\u00f3n (1973) ha tenido la capacidad de despertar la imaginaci\u00f3n de las ciencias sociales, desarrollar sus m\u00e9todos de investigaci\u00f3n y fomentar el trabajo en equipo, con base en la antropolog\u00eda, pero sin cerrarse a otras disciplinas, e impulsar la colaboraci\u00f3n interinstitucional. La investigaci\u00f3n que se realiza en el CIESAS no solo se basa en est\u00e1ndares de calidad internacional, sino que detecta las necesidades y problemas sociales de las regiones para analizarlos y conocerlos (investigaci\u00f3n b\u00e1sica), para compartir sus efectos y consecuencias (investigaci\u00f3n&hellip;<\/p>\n<div class=\"pvc_clear\"><\/div>\n<p id=\"pvc_stats_7573\" class=\"pvc_stats all  \" data-element-id=\"7573\" style=\"\"><i class=\"pvc-stats-icon small\" aria-hidden=\"true\"><svg aria-hidden=\"true\" focusable=\"false\" data-prefix=\"far\" data-icon=\"chart-bar\" role=\"img\" xmlns=\"http:\/\/www.w3.org\/2000\/svg\" viewBox=\"0 0 512 512\" class=\"svg-inline--fa fa-chart-bar fa-w-16 fa-2x\"><path fill=\"currentColor\" d=\"M396.8 352h22.4c6.4 0 12.8-6.4 12.8-12.8V108.8c0-6.4-6.4-12.8-12.8-12.8h-22.4c-6.4 0-12.8 6.4-12.8 12.8v230.4c0 6.4 6.4 12.8 12.8 12.8zm-192 0h22.4c6.4 0 12.8-6.4 12.8-12.8V140.8c0-6.4-6.4-12.8-12.8-12.8h-22.4c-6.4 0-12.8 6.4-12.8 12.8v198.4c0 6.4 6.4 12.8 12.8 12.8zm96 0h22.4c6.4 0 12.8-6.4 12.8-12.8V204.8c0-6.4-6.4-12.8-12.8-12.8h-22.4c-6.4 0-12.8 6.4-12.8 12.8v134.4c0 6.4 6.4 12.8 12.8 12.8zM496 400H48V80c0-8.84-7.16-16-16-16H16C7.16 64 0 71.16 0 80v336c0 17.67 14.33 32 32 32h464c8.84 0 16-7.16 16-16v-16c0-8.84-7.16-16-16-16zm-387.2-48h22.4c6.4 0 12.8-6.4 12.8-12.8v-70.4c0-6.4-6.4-12.8-12.8-12.8h-22.4c-6.4 0-12.8 6.4-12.8 12.8v70.4c0 6.4 6.4 12.8 12.8 12.8z\" class=\"\"><\/path><\/svg><\/i> <img loading=\"lazy\" decoding=\"async\" width=\"16\" height=\"16\" alt=\"Loading\" src=\"https:\/\/ciesas.edu.mx\/investigacion\/wp-content\/plugins\/page-views-count\/ajax-loader-2x.gif\" border=0 \/><\/p>\n<div class=\"pvc_clear\"><\/div>\n","category_list_v2":"","author_info_v2":{"name":"Elizabeth","url":"https:\/\/ciesas.edu.mx\/investigacion\/author\/elizabeth\/"},"comments_num_v2":"0 comentarios","featured_image_src":null,"featured_image_src_square":null,"uagb_featured_image_src":{"full":false,"thumbnail":false,"medium":false,"medium_large":false,"large":false,"1536x1536":false,"2048x2048":false,"qubely_landscape":false,"qubely_portrait":false,"qubely_thumbnail":false,"gb-block-post-grid-landscape":false,"gb-block-post-grid-square":false,"ciesas":false,"noticias":false,"noticias_portrait":false,"posgrados":false,"fotoacademicos":false,"noticias-investigacion":false,"academico":false,"academico-listado":false,"sedes-foto":false},"uagb_author_info":{"display_name":"Elizabeth","author_link":"https:\/\/ciesas.edu.mx\/investigacion\/author\/elizabeth\/"},"uagb_comment_info":0,"uagb_excerpt":"El CIESAS ha sido pionero en generar e impulsar nuevas miradas multidisciplinarias para resolver problemas urgentes. Desde su creaci\u00f3n (1973) ha tenido la capacidad de despertar la imaginaci\u00f3n de las ciencias sociales, desarrollar sus m\u00e9todos de investigaci\u00f3n y fomentar el trabajo en equipo, con base en la antropolog\u00eda, pero sin cerrarse a otras disciplinas, e&hellip;","_links":{"self":[{"href":"https:\/\/ciesas.edu.mx\/investigacion\/wp-json\/wp\/v2\/pages\/7573","targetHints":{"allow":["GET"]}}],"collection":[{"href":"https:\/\/ciesas.edu.mx\/investigacion\/wp-json\/wp\/v2\/pages"}],"about":[{"href":"https:\/\/ciesas.edu.mx\/investigacion\/wp-json\/wp\/v2\/types\/page"}],"author":[{"embeddable":true,"href":"https:\/\/ciesas.edu.mx\/investigacion\/wp-json\/wp\/v2\/users\/5"}],"replies":[{"embeddable":true,"href":"https:\/\/ciesas.edu.mx\/investigacion\/wp-json\/wp\/v2\/comments?post=7573"}],"version-history":[{"count":5,"href":"https:\/\/ciesas.edu.mx\/investigacion\/wp-json\/wp\/v2\/pages\/7573\/revisions"}],"predecessor-version":[{"id":17131,"href":"https:\/\/ciesas.edu.mx\/investigacion\/wp-json\/wp\/v2\/pages\/7573\/revisions\/17131"}],"up":[{"embeddable":true,"href":"https:\/\/ciesas.edu.mx\/investigacion\/wp-json\/wp\/v2\/pages\/106"}],"wp:attachment":[{"href":"https:\/\/ciesas.edu.mx\/investigacion\/wp-json\/wp\/v2\/media?parent=7573"}],"curies":[{"name":"wp","href":"https:\/\/api.w.org\/{rel}","templated":true}]}}