{"id":8835,"date":"2020-08-03T16:06:20","date_gmt":"2020-08-03T16:06:20","guid":{"rendered":"https:\/\/capazmente.com\/investigacion\/?page_id=8835"},"modified":"2021-11-21T20:32:42","modified_gmt":"2021-11-21T20:32:42","slug":"datos-de-investigacion-ciesas","status":"publish","type":"page","link":"https:\/\/ciesas.edu.mx\/investigacion\/datos-de-investigacion-ciesas\/","title":{"rendered":"L\u00edneas de Investigaci\u00f3n"},"content":{"rendered":"\n<div class=\"wp-block-qubely-row qubely-section qubely-block-6058eb\"><div class=\"qubely-row-overlay\"><\/div><div class=\"qubely-container\"><div class=\"qubely-row \">\n<div class=\"wp-block-qubely-column qubely-column qubely-column-front qubely-block-056343\"><div class=\"qubely-column-inner\">\n\n\n\n\n<div class=\"wp-block-group\"><div class=\"wp-block-group__inner-container is-layout-flow wp-block-group-is-layout-flow\">\n<h6 class=\"has-text-align-left wp-block-heading\"><a href=\"https:\/\/ciesas.edu.mx\/investigacion\/na\/sin-referencia-geografica\" target=\"_blank\" rel=\"noreferrer noopener\"><span style=\"color: #ffffff;\" class=\"ugb-highlight\"><span style=\"background-color: #505c6b;\" data=\"#505c6b\" class=\"qubely-text-has-bgcolor\">Sin referencia geogr\u00e1fica<\/span><\/span><\/a><\/h6>\n<\/div><\/div>\n\n\n\n<div class=\"wp-block-ugb-button ugb-button-wrapper ugb-2c1c37c ugb-main-block\"><style>.ugb-2c1c37c .ugb-block-content{justify-content:center !important}.ugb-2c1c37c .ugb-button1{background-color:#387dd1}.ugb-2c1c37c .ugb-button1 .ugb-button--inner,.ugb-2c1c37c .ugb-button1 svg:not(.ugb-custom-icon){color:#ffffff !important}.ugb-2c1c37c .ugb-inner-block{text-align:center}<\/style><div class=\"ugb-inner-block\"><div class=\"ugb-block-content\"><div class=\"ugb-button-container\"><a class=\"ugb-button1 ugb-button ugb-button--size-normal\" href=\"https:\/\/ciesas.edu.mx\/investigacion\/proyectos-en-los-estados\/\" rel=\"\" title=\"\"><span class=\"ugb-button--inner\">Mapa interactivo<\/span><\/a><\/div><\/div><\/div><\/div>\n<\/div><\/div>\n\n\n\n<div class=\"wp-block-qubely-column qubely-column qubely-column-front qubely-block-17d0c2\"><div class=\"qubely-column-inner\">\n<div class=\"wp-block-ugb-accordion ugb-accordion ugb-0199723 ugb-accordion--v2 ugb-accordion--design-basic ugb-main-block\" aria-expanded=\"false\"><div class=\"ugb-inner-block\"><div class=\"ugb-block-content\"><div class=\"ugb-accordion__item\"><div class=\"ugb-accordion__heading\" role=\"button\" tabindex=\"0\"><h4 class=\"ugb-accordion__title\">Nota aclaratoria<\/h4><svg xmlns=\"http:\/\/www.w3.org\/2000\/svg\" viewbox=\"0 0 20 20\" class=\"ugb-accordion__arrow\" width=\"20\" height=\"20\"><path d=\"M16.7 3.3L10 10 3.3 3.4 0 6.7l10 10v-.1l10-9.9z\"><\/path><\/svg><\/div><div class=\"ugb-accordion__content\" role=\"region\"><div class=\"ugb-accordion__content-inner\">\n<p><strong>Nota aclaratoria: \u201cLa presente agrupaci\u00f3n de proyectos en L\u00edneas de Investigaci\u00f3n, es una propuesta sujeta a cambios, construida a partir de la informaci\u00f3n obtenida en la consulta realizada a trav\u00e9s del SIIAC (corte 20 junio&nbsp;<\/strong><strong>de 2020<\/strong><strong>), del Intercambio por correo y en el Blog&nbsp;(corte 16 octubre&nbsp;<\/strong><strong>de 2020<\/strong><strong>), y complementada con&nbsp;equivalencias a partir de&nbsp;los datos de las XVII L\u00edneas previas.\u201d<\/strong>&nbsp;&nbsp;<\/p>\n\n\n\n<p><\/p>\n<\/div><\/div><\/div><\/div><\/div><\/div>\n\n\n\n<div class=\"wp-block-qubely-row qubely-section qubely-block-0090a2\"><div class=\"qubely-row-overlay\"><\/div><div class=\"qubely-container-fluid\"><div class=\"qubely-row \">\n<div class=\"wp-block-qubely-column qubely-column qubely-column-front qubely-block-905e1f\"><div class=\"qubely-column-inner\">\n<div class=\"wp-block-qubely-infobox qubely-block-24a360\"><div class=\"qubely-block-info-box  qubely-info-box-layout-1\"><div class=\"qubely-info-box-media qubely-media-has-bg\"><img decoding=\"async\" class=\"qubely-info-box-image\" src=\"https:\/\/ciesas.edu.mx\/investigacion\/wp-content\/uploads\/2020\/11\/01_pas-e1607281746556.png\" srcset=\"\" alt=\"\"\/><\/div><div class=\"qubely-info-box-body\"><div class=\"qubely-info-box-title-container  qubely-separator-position-top\"><div class=\"qubely-info-box-title-inner\"><h6 class=\"qubely-info-box-title\"><a href=\"https:\/\/ciesas.edu.mx\/investigacion\/agrupacion-tematica-y-por-sedes\/linea-1-politicas-ambiente-y-sociedad\/\">L\u00ednea 1. Pol\u00edticas, ambiente y sociedad<\/a><br><\/h6><\/div><\/div><div class=\"qubely-info-box-content\"><div class=\"qubely-info-box-text\"><br><\/div><\/div><\/div><\/div><\/div>\n<\/div><\/div>\n\n\n\n<div class=\"wp-block-qubely-column qubely-column qubely-column-front qubely-block-c3996c\"><div class=\"qubely-column-inner\">\n<div class=\"wp-block-qubely-infobox qubely-block-a155ed\"><div class=\"qubely-block-info-box  qubely-info-box-layout-1\"><div class=\"qubely-info-box-media qubely-media-has-bg\"><img decoding=\"async\" class=\"qubely-info-box-image\" src=\"https:\/\/ciesas.edu.mx\/investigacion\/wp-content\/uploads\/2020\/12\/002_AHS-1.png\" srcset=\"\" alt=\"\"\/><\/div><div class=\"qubely-info-box-body\"><div class=\"qubely-info-box-title-container  qubely-separator-position-top\"><div class=\"qubely-info-box-title-inner\"><h6 class=\"qubely-info-box-title\"><a href=\"https:\/\/ciesas.edu.mx\/investigacion\/agrupacion-tematica-y-por-sedes\/linea-2-antropologia-historia-social-y-economica-y-globalizacion\/\">2. Antropolog\u00eda, historia social,  econ\u00f3mica, y globalizaci\u00f3n<br><\/a><\/h6><\/div><\/div><div class=\"qubely-info-box-content\"><div class=\"qubely-info-box-text\"><\/div><\/div><\/div><\/div><\/div>\n<\/div><\/div>\n\n\n\n<div class=\"wp-block-qubely-column qubely-column qubely-column-front qubely-block-23c219\"><div class=\"qubely-column-inner\">\n<div class=\"wp-block-qubely-infobox qubely-block-7452f4\"><div class=\"qubely-block-info-box  qubely-info-box-layout-1\"><div class=\"qubely-info-box-media qubely-media-has-bg\"><img decoding=\"async\" class=\"qubely-info-box-image\" src=\"https:\/\/ciesas.edu.mx\/investigacion\/wp-content\/uploads\/2020\/12\/003_PP.png\" srcset=\"\" alt=\"\"\/><\/div><div class=\"qubely-info-box-body\"><div class=\"qubely-info-box-title-container  qubely-separator-position-top\"><div class=\"qubely-info-box-title-inner\"><h6 class=\"qubely-info-box-title\"><a href=\"https:\/\/ciesas.edu.mx\/investigacion\/agrupacion-tematica-y-por-sedes\/linea-3-procesos-politicas-y-actores-educativos-historicos-y-contemporaneos\/\" target=\"_blank\" rel=\"noreferrer noopener\">3. Procesos, pol\u00edticas y actores  educativos hist\u00f3ricos y contempor\u00e1neos<\/a><\/h6><\/div><\/div><div class=\"qubely-info-box-content\"><div class=\"qubely-info-box-text\"><br><\/div><\/div><\/div><\/div><\/div>\n<\/div><\/div>\n<\/div><\/div><\/div>\n\n\n\n<div class=\"wp-block-qubely-row qubely-section qubely-block-5c376f\"><div class=\"qubely-row-overlay\"><\/div><div class=\"qubely-container-fluid\"><div class=\"qubely-row \">\n<div class=\"wp-block-qubely-column qubely-column qubely-column-front qubely-block-6db563\"><div class=\"qubely-column-inner\">\n<div class=\"wp-block-qubely-infobox qubely-block-e63cf1\"><div class=\"qubely-block-info-box  qubely-info-box-layout-1\"><div class=\"qubely-info-box-media qubely-media-has-bg\"><img decoding=\"async\" class=\"qubely-info-box-image\" src=\"https:\/\/ciesas.edu.mx\/investigacion\/wp-content\/uploads\/2020\/11\/004_AJ-e1607218753630.png\" srcset=\"\" alt=\"\"\/><\/div><div class=\"qubely-info-box-body\"><div class=\"qubely-info-box-title-container  qubely-separator-position-top\"><div class=\"qubely-info-box-title-inner\"><h6 class=\"qubely-info-box-title\"><a href=\"https:\/\/ciesas.edu.mx\/investigacion\/agrupacion-tematica-y-por-sedes\/linea-4-antropologia-juridica-y-estudios-politicos-poder-democracia-violencia-y-genero\/\" target=\"_blank\" rel=\"noreferrer noopener\">4. Antropolog\u00eda jur\u00eddica y estudios pol\u00edticos: poder, democracia, violencia y g\u00e9nero<\/a><\/h6><\/div><\/div><div class=\"qubely-info-box-content\"><div class=\"qubely-info-box-text\"><\/div><\/div><\/div><\/div><\/div>\n<\/div><\/div>\n\n\n\n<div class=\"wp-block-qubely-column qubely-column qubely-column-front qubely-block-118b36\"><div class=\"qubely-column-inner\">\n<div class=\"wp-block-qubely-infobox qubely-block-14429f\"><div class=\"qubely-block-info-box  qubely-info-box-layout-1\"><div class=\"qubely-info-box-media qubely-media-has-bg\"><img decoding=\"async\" class=\"qubely-info-box-image\" src=\"https:\/\/ciesas.edu.mx\/investigacion\/wp-content\/uploads\/2020\/11\/005_AM-copia.png\" srcset=\"\" alt=\"\"\/><\/div><div class=\"qubely-info-box-body\"><div class=\"qubely-info-box-title-container  qubely-separator-position-top\"><div class=\"qubely-info-box-title-inner\"><h5 class=\"qubely-info-box-title\"><a href=\"https:\/\/ciesas.edu.mx\/investigacion\/agrupacion-tematica-y-por-sedes\/linea5-antropologia-medica\/\" target=\"_blank\" rel=\"noreferrer noopener\">5. Antropolog\u00eda M\u00e9dica<br><\/a><br><\/h5><\/div><\/div><div class=\"qubely-info-box-content\"><div class=\"qubely-info-box-text\"><\/div><\/div><\/div><\/div><\/div>\n<\/div><\/div>\n\n\n\n<div class=\"wp-block-qubely-column qubely-column qubely-column-front qubely-block-a9fcc7\"><div class=\"qubely-column-inner\">\n<div class=\"wp-block-qubely-infobox qubely-block-8eeb38\"><div class=\"qubely-block-info-box  qubely-info-box-layout-1\"><div class=\"qubely-info-box-media qubely-media-has-bg\"><img decoding=\"async\" class=\"qubely-info-box-image\" src=\"https:\/\/ciesas.edu.mx\/investigacion\/wp-content\/uploads\/2020\/11\/007_EU-e1607218790152-1.png\" srcset=\"\" alt=\"\"\/><\/div><div class=\"qubely-info-box-body\"><div class=\"qubely-info-box-title-container  qubely-separator-position-top\"><div class=\"qubely-info-box-title-inner\"><h5 class=\"qubely-info-box-title\"><a href=\"https:\/\/ciesas.edu.mx\/investigacion\/agrupacion-tematica-y-por-sedes\/linea-6-estudios-de-las-migraciones\/\" target=\"_blank\" rel=\"noreferrer noopener\">6. Estudios de las migraciones<br><\/a><br><\/h5><\/div><\/div><div class=\"qubely-info-box-content\"><div class=\"qubely-info-box-text\"><\/div><\/div><\/div><\/div><\/div>\n<\/div><\/div>\n<\/div><\/div><\/div>\n\n\n\n<div class=\"wp-block-qubely-row qubely-section qubely-block-d849af\"><div class=\"qubely-row-overlay\"><\/div><div class=\"qubely-container-fluid\"><div class=\"qubely-row \">\n<div class=\"wp-block-qubely-column qubely-column qubely-column-front qubely-block-cc2b6e\"><div class=\"qubely-column-inner\">\n<div class=\"wp-block-qubely-infobox qubely-block-144631\"><div class=\"qubely-block-info-box  qubely-info-box-layout-1\"><div class=\"qubely-info-box-media qubely-media-has-bg\"><img decoding=\"async\" class=\"qubely-info-box-image\" src=\"https:\/\/ciesas.edu.mx\/investigacion\/wp-content\/uploads\/2020\/11\/004_AJ-e1607218753630.png\" srcset=\"\" alt=\"\"\/><\/div><div class=\"qubely-info-box-body\"><div class=\"qubely-info-box-title-container  qubely-separator-position-top\"><div class=\"qubely-info-box-title-inner\"><h5 class=\"qubely-info-box-title\"><a href=\"https:\/\/ciesas.edu.mx\/investigacion\/agrupacion-tematica-y-por-sedes\/linea-7-estudios-urbanos\/\" target=\"_blank\" rel=\"noreferrer noopener\">7. Estudios urbanos<\/a><\/h5><\/div><\/div><div class=\"qubely-info-box-content\"><div class=\"qubely-info-box-text\"><\/div><\/div><\/div><\/div><\/div>\n<\/div><\/div>\n\n\n\n<div class=\"wp-block-qubely-column qubely-column qubely-column-front qubely-block-38e5ea\"><div class=\"qubely-column-inner\">\n<div class=\"wp-block-qubely-infobox qubely-block-f1bf07\"><div class=\"qubely-block-info-box  qubely-info-box-layout-1\"><div class=\"qubely-info-box-media qubely-media-has-bg\"><img decoding=\"async\" class=\"qubely-info-box-image\" src=\"https:\/\/ciesas.edu.mx\/investigacion\/wp-content\/uploads\/2020\/11\/008_PLI-e1607218805653-1.png\" srcset=\"\" alt=\"\"\/><\/div><div class=\"qubely-info-box-body\"><div class=\"qubely-info-box-title-container  qubely-separator-position-top\"><div class=\"qubely-info-box-title-inner\"><h2 class=\"qubely-info-box-title\"><a href=\"https:\/\/ciesas.edu.mx\/investigacion\/agrupacion-tematica-y-por-sedes\/linea-8-pueblos-y-lenguas-indigenas-pasado-y-presente\/\" target=\"_blank\" rel=\"noreferrer noopener\">8. Pueblos y lenguas ind\u00edgenas, pasado y presente<\/a><\/h2><\/div><\/div><div class=\"qubely-info-box-content\"><div class=\"qubely-info-box-text\"><\/div><\/div><\/div><\/div><\/div>\n<\/div><\/div>\n\n\n\n<div class=\"wp-block-qubely-column qubely-column qubely-column-front qubely-block-3a1a53\"><div class=\"qubely-column-inner\">\n<div class=\"wp-block-qubely-infobox qubely-block-06fdee\"><div class=\"qubely-block-info-box  qubely-info-box-layout-1\"><div class=\"qubely-info-box-media qubely-media-has-bg\"><img decoding=\"async\" class=\"qubely-info-box-image\" src=\"https:\/\/ciesas.edu.mx\/investigacion\/wp-content\/uploads\/2020\/11\/009_EC-e1607218817572.png\" srcset=\"\" alt=\"\"\/><\/div><div class=\"qubely-info-box-body\"><div class=\"qubely-info-box-title-container  qubely-separator-position-top\"><div class=\"qubely-info-box-title-inner\"><h5 class=\"qubely-info-box-title\"><a href=\"https:\/\/ciesas.edu.mx\/investigacion\/agrupacion-tematica-y-por-sedes\/linea-9-estudios-de-la-cultura\/\" target=\"_blank\" rel=\"noreferrer noopener\">9. Estudios de la cultura<br><\/a><br><\/h5><\/div><\/div><div class=\"qubely-info-box-content\"><div class=\"qubely-info-box-text\"><br><br><\/div><\/div><\/div><\/div><\/div>\n<\/div><\/div>\n<\/div><\/div><\/div>\n\n\n\n<div class=\"wp-block-qubely-row qubely-section qubely-block-8798e3\"><div class=\"qubely-row-overlay\"><\/div><div class=\"qubely-container-fluid\"><div class=\"qubely-row \">\n<div class=\"wp-block-qubely-column qubely-column qubely-column-front qubely-block-415fc3\"><div class=\"qubely-column-inner\">\n<div class=\"wp-block-qubely-infobox qubely-block-32257d\"><div class=\"qubely-block-info-box  qubely-info-box-layout-1\"><div class=\"qubely-info-box-media qubely-media-has-bg\"><img decoding=\"async\" class=\"qubely-info-box-image\" src=\"https:\/\/ciesas.edu.mx\/investigacion\/wp-content\/uploads\/2020\/11\/010_H-e1607218829270.png\" srcset=\"\" alt=\"\"\/><\/div><div class=\"qubely-info-box-body\"><div class=\"qubely-info-box-title-container  qubely-separator-position-top\"><div class=\"qubely-info-box-title-inner\"><h5 class=\"qubely-info-box-title\"><a href=\"https:\/\/ciesas.edu.mx\/investigacion\/agrupacion-tematica-y-por-sedes\/linea-10-historia\/\" target=\"_blank\" rel=\"noreferrer noopener\">10. Historia<\/a><\/h5><\/div><\/div><div class=\"qubely-info-box-content\"><div class=\"qubely-info-box-text\"><\/div><\/div><\/div><\/div><\/div>\n<\/div><\/div>\n\n\n\n<div class=\"wp-block-qubely-column qubely-column qubely-column-front qubely-block-ef3f0c\"><div class=\"qubely-column-inner\">\n<div class=\"wp-block-qubely-infobox qubely-block-4bf317\"><div class=\"qubely-block-info-box  qubely-info-box-layout-1\"><div class=\"qubely-info-box-media qubely-media-has-bg\"><img decoding=\"async\" class=\"qubely-info-box-image\" src=\"https:\/\/ciesas.edu.mx\/investigacion\/wp-content\/uploads\/2020\/11\/011_AE-e1607218841533-1.png\" srcset=\"\" alt=\"\"\/><\/div><div class=\"qubely-info-box-body\"><div class=\"qubely-info-box-title-container  qubely-separator-position-top\"><div class=\"qubely-info-box-title-inner\"><h5 class=\"qubely-info-box-title\"><a href=\"https:\/\/ciesas.edu.mx\/investigacion\/agrupacion-tematica-y-por-sedes\/linea-11-antropologias-emergentes\/\" target=\"_blank\" rel=\"noreferrer noopener\">11. Antropolog\u00edas emergentes<br><\/a><\/h5><\/div><\/div><div class=\"qubely-info-box-content\"><div class=\"qubely-info-box-text\"><br><\/div><\/div><\/div><\/div><\/div>\n<\/div><\/div>\n\n\n\n<div class=\"wp-block-qubely-column qubely-column qubely-column-front qubely-block-22165c\"><div class=\"qubely-column-inner\">\n<div class=\"wp-block-qubely-infobox qubely-block-148914\"><div class=\"qubely-block-info-box  qubely-info-box-layout-1\"><div class=\"qubely-info-box-media qubely-media-has-bg\"><img decoding=\"async\" class=\"qubely-info-box-image\" src=\"https:\/\/ciesas.edu.mx\/investigacion\/wp-content\/uploads\/2020\/11\/012_MCC-e1607283390841-1.png\" srcset=\"\" alt=\"\"\/><\/div><div class=\"qubely-info-box-body\"><div class=\"qubely-info-box-title-container  qubely-separator-position-top\"><div class=\"qubely-info-box-title-inner\"><h5 class=\"qubely-info-box-title\"><a href=\"https:\/\/ciesas.edu.mx\/investigacion\/linea-12-mesoamerica-y-su-complejidad-cultural-en-el-periodo-prehispanico-y-colonial\/\" target=\"_blank\" rel=\"noreferrer noopener\">12. Mesoam\u00e9rica y su complejidad cultural en el periodo prehisp\u00e1nico y colonial<br><\/a><br><\/h5><\/div><\/div><div class=\"qubely-info-box-content\"><div class=\"qubely-info-box-text\"><br><br><\/div><\/div><\/div><\/div><\/div>\n<\/div><\/div>\n<\/div><\/div><\/div>\n\n\n\n<div class=\"wp-block-qubely-row qubely-section qubely-block-e31cdd\"><div class=\"qubely-row-overlay\"><\/div><div class=\"qubely-container-fluid\"><div class=\"qubely-row \">\n<div class=\"wp-block-qubely-column qubely-column qubely-column-front qubely-block-562180\"><div class=\"qubely-column-inner\">\n<div class=\"wp-block-qubely-infobox qubely-block-e76fd1\"><div class=\"qubely-block-info-box  qubely-info-box-layout-1\"><div class=\"qubely-info-box-media qubely-media-has-bg\"><img decoding=\"async\" class=\"qubely-info-box-image\" src=\"https:\/\/ciesas.edu.mx\/investigacion\/wp-content\/uploads\/2020\/11\/013_Otros-e1607218866951-2.png\" srcset=\"\" alt=\"\"\/><\/div><div class=\"qubely-info-box-body\"><div class=\"qubely-info-box-title-container  qubely-separator-position-top\"><div class=\"qubely-info-box-title-inner\"><h5 class=\"qubely-info-box-title\"><a href=\"https:\/\/ciesas.edu.mx\/investigacion\/agrupacion-tematica-y-por-sedes\/9-otra\/\">13. Otras<br><\/a><br><\/h5><\/div><\/div><div class=\"qubely-info-box-content\"><div class=\"qubely-info-box-text\"><br><br><\/div><\/div><\/div><\/div><\/div>\n<\/div><\/div>\n\n\n\n<div class=\"wp-block-qubely-column qubely-column qubely-column-front qubely-block-339bbd\"><div class=\"qubely-column-inner\"><\/div><\/div>\n\n\n\n<div class=\"wp-block-qubely-column qubely-column qubely-column-front qubely-block-1d6aad\"><div class=\"qubely-column-inner\">\n<div class=\"wp-block-qubely-infobox qubely-block-f6a499\"><div class=\"qubely-block-info-box  qubely-info-box-layout-1\"><div class=\"qubely-info-box-media qubely-media-has-bg\"><img decoding=\"async\" class=\"qubely-info-box-image\" src=\"https:\/\/ciesas.edu.mx\/investigacion\/wp-content\/uploads\/2020\/12\/todos-1.png\" srcset=\"\" alt=\"\"\/><\/div><div class=\"qubely-info-box-body\"><div class=\"qubely-info-box-title-container  qubely-separator-position-top\"><div class=\"qubely-info-box-title-inner\"><h5 class=\"qubely-info-box-title\"><a href=\"https:\/\/ciesas.edu.mx\/investigacion\/11597-2\/\" target=\"_blank\" rel=\"noreferrer noopener\">Todas<br><\/a><br><\/h5><\/div><\/div><div class=\"qubely-info-box-content\"><div class=\"qubely-info-box-text\"><br><br><\/div><\/div><\/div><\/div><\/div>\n<\/div><\/div>\n<\/div><\/div><\/div>\n<\/div><\/div>\n<\/div><\/div><\/div>\n\n\n\n<p><a href=\"https:\/\/capazmente.com\/investigacion\/wp-admin\/edit.php?post_type=page\"><\/a><\/p>\n<div class=\"pvc_clear\"><\/div><p id=\"pvc_stats_8835\" class=\"pvc_stats all  \" data-element-id=\"8835\" style=\"\"><i class=\"pvc-stats-icon small\" aria-hidden=\"true\"><svg aria-hidden=\"true\" focusable=\"false\" data-prefix=\"far\" data-icon=\"chart-bar\" role=\"img\" xmlns=\"http:\/\/www.w3.org\/2000\/svg\" viewBox=\"0 0 512 512\" class=\"svg-inline--fa fa-chart-bar fa-w-16 fa-2x\"><path fill=\"currentColor\" d=\"M396.8 352h22.4c6.4 0 12.8-6.4 12.8-12.8V108.8c0-6.4-6.4-12.8-12.8-12.8h-22.4c-6.4 0-12.8 6.4-12.8 12.8v230.4c0 6.4 6.4 12.8 12.8 12.8zm-192 0h22.4c6.4 0 12.8-6.4 12.8-12.8V140.8c0-6.4-6.4-12.8-12.8-12.8h-22.4c-6.4 0-12.8 6.4-12.8 12.8v198.4c0 6.4 6.4 12.8 12.8 12.8zm96 0h22.4c6.4 0 12.8-6.4 12.8-12.8V204.8c0-6.4-6.4-12.8-12.8-12.8h-22.4c-6.4 0-12.8 6.4-12.8 12.8v134.4c0 6.4 6.4 12.8 12.8 12.8zM496 400H48V80c0-8.84-7.16-16-16-16H16C7.16 64 0 71.16 0 80v336c0 17.67 14.33 32 32 32h464c8.84 0 16-7.16 16-16v-16c0-8.84-7.16-16-16-16zm-387.2-48h22.4c6.4 0 12.8-6.4 12.8-12.8v-70.4c0-6.4-6.4-12.8-12.8-12.8h-22.4c-6.4 0-12.8 6.4-12.8 12.8v70.4c0 6.4 6.4 12.8 12.8 12.8z\" class=\"\"><\/path><\/svg><\/i> <img loading=\"lazy\" decoding=\"async\" width=\"16\" height=\"16\" alt=\"Loading\" src=\"https:\/\/ciesas.edu.mx\/investigacion\/wp-content\/plugins\/page-views-count\/ajax-loader-2x.gif\" border=0 \/><\/p><div class=\"pvc_clear\"><\/div>","protected":false},"excerpt":{"rendered":"<div class=\"pvc_clear\"><\/div>\n<p id=\"pvc_stats_8835\" class=\"pvc_stats all  \" data-element-id=\"8835\" style=\"\"><i class=\"pvc-stats-icon small\" aria-hidden=\"true\"><svg aria-hidden=\"true\" focusable=\"false\" data-prefix=\"far\" data-icon=\"chart-bar\" role=\"img\" xmlns=\"http:\/\/www.w3.org\/2000\/svg\" viewBox=\"0 0 512 512\" class=\"svg-inline--fa fa-chart-bar fa-w-16 fa-2x\"><path fill=\"currentColor\" d=\"M396.8 352h22.4c6.4 0 12.8-6.4 12.8-12.8V108.8c0-6.4-6.4-12.8-12.8-12.8h-22.4c-6.4 0-12.8 6.4-12.8 12.8v230.4c0 6.4 6.4 12.8 12.8 12.8zm-192 0h22.4c6.4 0 12.8-6.4 12.8-12.8V140.8c0-6.4-6.4-12.8-12.8-12.8h-22.4c-6.4 0-12.8 6.4-12.8 12.8v198.4c0 6.4 6.4 12.8 12.8 12.8zm96 0h22.4c6.4 0 12.8-6.4 12.8-12.8V204.8c0-6.4-6.4-12.8-12.8-12.8h-22.4c-6.4 0-12.8 6.4-12.8 12.8v134.4c0 6.4 6.4 12.8 12.8 12.8zM496 400H48V80c0-8.84-7.16-16-16-16H16C7.16 64 0 71.16 0 80v336c0 17.67 14.33 32 32 32h464c8.84 0 16-7.16 16-16v-16c0-8.84-7.16-16-16-16zm-387.2-48h22.4c6.4 0 12.8-6.4 12.8-12.8v-70.4c0-6.4-6.4-12.8-12.8-12.8h-22.4c-6.4 0-12.8 6.4-12.8 12.8v70.4c0 6.4 6.4 12.8 12.8 12.8z\" class=\"\"><\/path><\/svg><\/i> <img loading=\"lazy\" decoding=\"async\" width=\"16\" height=\"16\" alt=\"Loading\" src=\"https:\/\/ciesas.edu.mx\/investigacion\/wp-content\/plugins\/page-views-count\/ajax-loader-2x.gif\" border=0 \/><\/p>\n<div class=\"pvc_clear\"><\/div>\n","protected":false},"author":5,"featured_media":0,"parent":0,"menu_order":87,"comment_status":"closed","ping_status":"closed","template":"","meta":{"qubely_global_settings":"","qubely_interactions":"","om_disable_all_campaigns":false,"_uag_custom_page_level_css":"","_monsterinsights_skip_tracking":false,"_monsterinsights_sitenote_active":false,"_monsterinsights_sitenote_note":"","_monsterinsights_sitenote_category":0,"footnotes":""},"class_list":["post-8835","page","type-page","status-publish","hentry"],"aioseo_notices":[],"a3_pvc":{"activated":true,"total_views":5710,"today_views":1},"featured_image_urls_v2":{"full":"","thumbnail":"","medium":"","medium_large":"","large":"","1536x1536":"","2048x2048":"","qubely_landscape":"","qubely_portrait":"","qubely_thumbnail":"","gb-block-post-grid-landscape":"","gb-block-post-grid-square":"","ciesas":"","noticias":"","noticias_portrait":"","posgrados":"","fotoacademicos":"","noticias-investigacion":"","academico":"","academico-listado":"","sedes-foto":""},"post_excerpt_stackable_v2":"<p>Sin referencia geogr\u00e1fica Mapa interactivo Nota aclaratoria Nota aclaratoria: \u201cLa presente agrupaci\u00f3n de proyectos en L\u00edneas de Investigaci\u00f3n, es una propuesta sujeta a cambios, construida a partir de la informaci\u00f3n obtenida en la consulta realizada a trav\u00e9s del SIIAC (corte 20 junio&nbsp;de 2020), del Intercambio por correo y en el Blog&nbsp;(corte 16 octubre&nbsp;de 2020), y complementada con&nbsp;equivalencias a partir de&nbsp;los datos de las XVII L\u00edneas previas.\u201d&nbsp;&nbsp; L\u00ednea 1. Pol\u00edticas, ambiente y sociedad 2. Antropolog\u00eda, historia social, econ\u00f3mica, y globalizaci\u00f3n 3. Procesos, pol\u00edticas y actores educativos hist\u00f3ricos y contempor\u00e1neos 4. Antropolog\u00eda jur\u00eddica y estudios pol\u00edticos: poder, democracia, violencia y g\u00e9nero 5.&hellip;<\/p>\n<div class=\"pvc_clear\"><\/div>\n<p id=\"pvc_stats_8835\" class=\"pvc_stats all  \" data-element-id=\"8835\" style=\"\"><i class=\"pvc-stats-icon small\" aria-hidden=\"true\"><svg aria-hidden=\"true\" focusable=\"false\" data-prefix=\"far\" data-icon=\"chart-bar\" role=\"img\" xmlns=\"http:\/\/www.w3.org\/2000\/svg\" viewBox=\"0 0 512 512\" class=\"svg-inline--fa fa-chart-bar fa-w-16 fa-2x\"><path fill=\"currentColor\" d=\"M396.8 352h22.4c6.4 0 12.8-6.4 12.8-12.8V108.8c0-6.4-6.4-12.8-12.8-12.8h-22.4c-6.4 0-12.8 6.4-12.8 12.8v230.4c0 6.4 6.4 12.8 12.8 12.8zm-192 0h22.4c6.4 0 12.8-6.4 12.8-12.8V140.8c0-6.4-6.4-12.8-12.8-12.8h-22.4c-6.4 0-12.8 6.4-12.8 12.8v198.4c0 6.4 6.4 12.8 12.8 12.8zm96 0h22.4c6.4 0 12.8-6.4 12.8-12.8V204.8c0-6.4-6.4-12.8-12.8-12.8h-22.4c-6.4 0-12.8 6.4-12.8 12.8v134.4c0 6.4 6.4 12.8 12.8 12.8zM496 400H48V80c0-8.84-7.16-16-16-16H16C7.16 64 0 71.16 0 80v336c0 17.67 14.33 32 32 32h464c8.84 0 16-7.16 16-16v-16c0-8.84-7.16-16-16-16zm-387.2-48h22.4c6.4 0 12.8-6.4 12.8-12.8v-70.4c0-6.4-6.4-12.8-12.8-12.8h-22.4c-6.4 0-12.8 6.4-12.8 12.8v70.4c0 6.4 6.4 12.8 12.8 12.8z\" class=\"\"><\/path><\/svg><\/i> <img loading=\"lazy\" decoding=\"async\" width=\"16\" height=\"16\" alt=\"Loading\" src=\"https:\/\/ciesas.edu.mx\/investigacion\/wp-content\/plugins\/page-views-count\/ajax-loader-2x.gif\" border=0 \/><\/p>\n<div class=\"pvc_clear\"><\/div>\n","category_list_v2":"","author_info_v2":{"name":"Elizabeth","url":"https:\/\/ciesas.edu.mx\/investigacion\/author\/elizabeth\/"},"comments_num_v2":"0 comentarios","featured_image_src":null,"featured_image_src_square":null,"uagb_featured_image_src":{"full":false,"thumbnail":false,"medium":false,"medium_large":false,"large":false,"1536x1536":false,"2048x2048":false,"qubely_landscape":false,"qubely_portrait":false,"qubely_thumbnail":false,"gb-block-post-grid-landscape":false,"gb-block-post-grid-square":false,"ciesas":false,"noticias":false,"noticias_portrait":false,"posgrados":false,"fotoacademicos":false,"noticias-investigacion":false,"academico":false,"academico-listado":false,"sedes-foto":false},"uagb_author_info":{"display_name":"Elizabeth","author_link":"https:\/\/ciesas.edu.mx\/investigacion\/author\/elizabeth\/"},"uagb_comment_info":0,"uagb_excerpt":null,"_links":{"self":[{"href":"https:\/\/ciesas.edu.mx\/investigacion\/wp-json\/wp\/v2\/pages\/8835","targetHints":{"allow":["GET"]}}],"collection":[{"href":"https:\/\/ciesas.edu.mx\/investigacion\/wp-json\/wp\/v2\/pages"}],"about":[{"href":"https:\/\/ciesas.edu.mx\/investigacion\/wp-json\/wp\/v2\/types\/page"}],"author":[{"embeddable":true,"href":"https:\/\/ciesas.edu.mx\/investigacion\/wp-json\/wp\/v2\/users\/5"}],"replies":[{"embeddable":true,"href":"https:\/\/ciesas.edu.mx\/investigacion\/wp-json\/wp\/v2\/comments?post=8835"}],"version-history":[{"count":0,"href":"https:\/\/ciesas.edu.mx\/investigacion\/wp-json\/wp\/v2\/pages\/8835\/revisions"}],"wp:attachment":[{"href":"https:\/\/ciesas.edu.mx\/investigacion\/wp-json\/wp\/v2\/media?parent=8835"}],"curies":[{"name":"wp","href":"https:\/\/api.w.org\/{rel}","templated":true}]}}