{"id":9,"date":"2020-04-22T16:43:40","date_gmt":"2020-04-22T16:43:40","guid":{"rendered":"https:\/\/capazmente.com\/investigacion\/?page_id=9"},"modified":"2021-01-30T18:12:50","modified_gmt":"2021-01-30T18:12:50","slug":"direccion-general","status":"publish","type":"page","link":"https:\/\/ciesas.edu.mx\/investigacion\/direccion-general\/","title":{"rendered":"Soporte administrativo"},"content":{"rendered":"\n<div class=\"wp-block-ugb-container ugb-container ugb-4b5576b ugb-container--v2 ugb-container--design-basic ugb-main-block ugb--has-custom-content-width\"><style>.ugb-4b5576b.ugb-container{justify-content:center}.ugb-4b5576b.ugb-container > .ugb-inner-block{max-width:960px !important}<\/style><div class=\"ugb-inner-block\"><div class=\"ugb-block-content\"><div class=\"ugb-container__wrapper ugb-4b5576b-wrapper ugb--shadow-0\"><div class=\"ugb-container__side\"><div class=\"ugb-container__content-wrapper ugb-4b5576b-content-wrapper\">\n<div class=\"aligncenter wp-block-ugb-feature-grid ugb-feature-grid ugb-5155efc ugb-feature-grid--v2 ugb-feature-grid--columns-3 ugb-feature-grid--design-basic ugb-main-block ugb--has-custom-content-width\"><style>.ugb-5155efc .ugb-feature-grid__item{border-style:solid !important;border-color:#000000 !important;border-top-width:0px !important;border-right-width:0px !important;border-bottom-width:0px !important;border-left-width:0px !important}.ugb-5155efc.ugb-feature-grid{justify-content:center}.ugb-5155efc.ugb-feature-grid > .ugb-inner-block{max-width:1170px !important}<\/style><div class=\"ugb-inner-block\"><div class=\"ugb-block-content\"><div class=\"ugb-feature-grid__item ugb-feature-grid__item1 ugb--shadow-8\"><div class=\"ugb-feature-grid__content\"><h5 class=\"ugb-feature-grid__title\"><strong>Subdirecci\u00f3n de Investigaci\u00f3n<\/strong><\/h5><p class=\"ugb-feature-grid__description\">\u00c1rea de la Direcci\u00f3n Acad\u00e9mica que fomenta y analiza la viabilidad de los proyectos de investigaci\u00f3n cient\u00edfica.<br>Revisa y aprueba los proyectos de investigaci\u00f3n que son realizados mediante convenios de colaboraci\u00f3n, y\u00a0 proporciona soporte administrativo a los programas de investigaci\u00f3n de la instituci\u00f3n.<br><strong>Armando Alc\u00e1ntara Berumen<\/strong><br>Ext. 1155<br><a href=\"mailto:investi@ciesas.edu.mx\">investi@ciesas.edu.mx<\/a><\/p><\/div><\/div><div class=\"ugb-feature-grid__item ugb-feature-grid__item2 ugb--shadow-8\"><div class=\"ugb-feature-grid__content\"><h5 class=\"ugb-feature-grid__title\"><strong>Coordinaci\u00f3n de Gesti\u00f3n y Administraci\u00f3n de Proyectos con Financiamiento Externo<\/strong><\/h5><p class=\"ugb-feature-grid__description\">\u00c1rea de la Direcci\u00f3n de Vinculaci\u00f3n que proporciona apoyo t\u00e9cnico-administrativo para la formalizaci\u00f3n, implementaci\u00f3n y cierre de proyectos de investigaci\u00f3n con financiamiento externo.<br>Organiza y da mantenimiento a la base de datos sobre oportunidades financiamiento para la investigaci\u00f3n.<br><strong>Reyna Lara Sant\u00e9s<\/strong><br>Ext. 1169<br><a href=\"mailto:dirvinc@ciesas.edu.mx\">dirvinc@ciesas.edu.mx<\/a><\/p><\/div><\/div><div class=\"ugb-feature-grid__item ugb-feature-grid__item3 ugb--shadow-8\"><div class=\"ugb-feature-grid__content\"><h5 class=\"ugb-feature-grid__title\"><strong>Coordinaci\u00f3n de Administraci\u00f3n Financiera de Proyectos<\/strong><\/h5><p class=\"ugb-feature-grid__description\">\u00c1rea de la Direcci\u00f3n de Administraci\u00f3n responsable de llevar el control fiscal y contable de los proyectos con financiamiento externo, en coordinaci\u00f3n con el(la) coordinador(a) del proyecto.<br><strong>Guillermo Cancino S\u00e1nchez<\/strong><br>Ext. 1014<br><a href=\"mailto:gcancino@ciesas.edu.mx\">gcancino@ciesas.edu.mx<\/a><\/p><\/div><\/div><\/div><\/div><\/div>\n<\/div><\/div><\/div><\/div><\/div><\/div>\n<div class=\"pvc_clear\"><\/div><p id=\"pvc_stats_9\" class=\"pvc_stats all  \" data-element-id=\"9\" style=\"\"><i class=\"pvc-stats-icon small\" aria-hidden=\"true\"><svg aria-hidden=\"true\" focusable=\"false\" data-prefix=\"far\" data-icon=\"chart-bar\" role=\"img\" xmlns=\"http:\/\/www.w3.org\/2000\/svg\" viewBox=\"0 0 512 512\" class=\"svg-inline--fa fa-chart-bar fa-w-16 fa-2x\"><path fill=\"currentColor\" d=\"M396.8 352h22.4c6.4 0 12.8-6.4 12.8-12.8V108.8c0-6.4-6.4-12.8-12.8-12.8h-22.4c-6.4 0-12.8 6.4-12.8 12.8v230.4c0 6.4 6.4 12.8 12.8 12.8zm-192 0h22.4c6.4 0 12.8-6.4 12.8-12.8V140.8c0-6.4-6.4-12.8-12.8-12.8h-22.4c-6.4 0-12.8 6.4-12.8 12.8v198.4c0 6.4 6.4 12.8 12.8 12.8zm96 0h22.4c6.4 0 12.8-6.4 12.8-12.8V204.8c0-6.4-6.4-12.8-12.8-12.8h-22.4c-6.4 0-12.8 6.4-12.8 12.8v134.4c0 6.4 6.4 12.8 12.8 12.8zM496 400H48V80c0-8.84-7.16-16-16-16H16C7.16 64 0 71.16 0 80v336c0 17.67 14.33 32 32 32h464c8.84 0 16-7.16 16-16v-16c0-8.84-7.16-16-16-16zm-387.2-48h22.4c6.4 0 12.8-6.4 12.8-12.8v-70.4c0-6.4-6.4-12.8-12.8-12.8h-22.4c-6.4 0-12.8 6.4-12.8 12.8v70.4c0 6.4 6.4 12.8 12.8 12.8z\" class=\"\"><\/path><\/svg><\/i> <img loading=\"lazy\" decoding=\"async\" width=\"16\" height=\"16\" alt=\"Loading\" src=\"https:\/\/ciesas.edu.mx\/investigacion\/wp-content\/plugins\/page-views-count\/ajax-loader-2x.gif\" border=0 \/><\/p><div class=\"pvc_clear\"><\/div>","protected":false},"excerpt":{"rendered":"<p>Subdirecci\u00f3n de Investigaci\u00f3n \u00c1rea de la Direcci\u00f3n Acad\u00e9mica que fomenta y analiza la viabilidad de los proyectos de investigaci\u00f3n cient\u00edfica.Revisa y aprueba los proyectos de investigaci\u00f3n que son realizados mediante convenios de colaboraci\u00f3n, y\u00a0 proporciona soporte administrativo a los programas de investigaci\u00f3n de la instituci\u00f3n.Armando Alc\u00e1ntara BerumenExt. 1155investi@ciesas.edu.mx Coordinaci\u00f3n de Gesti\u00f3n y Administraci\u00f3n de Proyectos [&hellip;]<\/p>\n<div class=\"pvc_clear\"><\/div>\n<p id=\"pvc_stats_9\" class=\"pvc_stats all  \" data-element-id=\"9\" style=\"\"><i class=\"pvc-stats-icon small\" aria-hidden=\"true\"><svg aria-hidden=\"true\" focusable=\"false\" data-prefix=\"far\" data-icon=\"chart-bar\" role=\"img\" xmlns=\"http:\/\/www.w3.org\/2000\/svg\" viewBox=\"0 0 512 512\" class=\"svg-inline--fa fa-chart-bar fa-w-16 fa-2x\"><path fill=\"currentColor\" d=\"M396.8 352h22.4c6.4 0 12.8-6.4 12.8-12.8V108.8c0-6.4-6.4-12.8-12.8-12.8h-22.4c-6.4 0-12.8 6.4-12.8 12.8v230.4c0 6.4 6.4 12.8 12.8 12.8zm-192 0h22.4c6.4 0 12.8-6.4 12.8-12.8V140.8c0-6.4-6.4-12.8-12.8-12.8h-22.4c-6.4 0-12.8 6.4-12.8 12.8v198.4c0 6.4 6.4 12.8 12.8 12.8zm96 0h22.4c6.4 0 12.8-6.4 12.8-12.8V204.8c0-6.4-6.4-12.8-12.8-12.8h-22.4c-6.4 0-12.8 6.4-12.8 12.8v134.4c0 6.4 6.4 12.8 12.8 12.8zM496 400H48V80c0-8.84-7.16-16-16-16H16C7.16 64 0 71.16 0 80v336c0 17.67 14.33 32 32 32h464c8.84 0 16-7.16 16-16v-16c0-8.84-7.16-16-16-16zm-387.2-48h22.4c6.4 0 12.8-6.4 12.8-12.8v-70.4c0-6.4-6.4-12.8-12.8-12.8h-22.4c-6.4 0-12.8 6.4-12.8 12.8v70.4c0 6.4 6.4 12.8 12.8 12.8z\" class=\"\"><\/path><\/svg><\/i> <img loading=\"lazy\" decoding=\"async\" width=\"16\" height=\"16\" alt=\"Loading\" src=\"https:\/\/ciesas.edu.mx\/investigacion\/wp-content\/plugins\/page-views-count\/ajax-loader-2x.gif\" border=0 \/><\/p>\n<div class=\"pvc_clear\"><\/div>\n","protected":false},"author":5,"featured_media":0,"parent":0,"menu_order":152,"comment_status":"closed","ping_status":"closed","template":"page.php","meta":{"qubely_global_settings":"true","qubely_interactions":"","om_disable_all_campaigns":false,"_uag_custom_page_level_css":"","_monsterinsights_skip_tracking":false,"_monsterinsights_sitenote_active":false,"_monsterinsights_sitenote_note":"","_monsterinsights_sitenote_category":0,"footnotes":""},"class_list":["post-9","page","type-page","status-publish","hentry"],"aioseo_notices":[],"featured_image_urls_v2":{"full":"","thumbnail":"","medium":"","medium_large":"","large":"","1536x1536":"","2048x2048":"","qubely_landscape":"","qubely_portrait":"","qubely_thumbnail":"","gb-block-post-grid-landscape":"","gb-block-post-grid-square":"","ciesas":"","noticias":"","noticias_portrait":"","posgrados":"","fotoacademicos":"","noticias-investigacion":"","academico":"","academico-listado":"","sedes-foto":""},"post_excerpt_stackable_v2":"<p>Subdirecci\u00f3n de Investigaci\u00f3n\u00c1rea de la Direcci\u00f3n Acad\u00e9mica que fomenta y analiza la viabilidad de los proyectos de investigaci\u00f3n cient\u00edfica.Revisa y aprueba los proyectos de investigaci\u00f3n que son realizados mediante convenios de colaboraci\u00f3n, y\u00a0 proporciona soporte administrativo a los programas de investigaci\u00f3n de la instituci\u00f3n.Armando Alc\u00e1ntara BerumenExt. 1155investi@ciesas.edu.mxCoordinaci\u00f3n de Gesti\u00f3n y Administraci\u00f3n de Proyectos con Financiamiento Externo\u00c1rea de la Direcci\u00f3n de Vinculaci\u00f3n que proporciona apoyo t\u00e9cnico-administrativo para la formalizaci\u00f3n, implementaci\u00f3n y cierre de proyectos de investigaci\u00f3n con financiamiento externo.Organiza y da mantenimiento a la base de datos sobre oportunidades financiamiento para la investigaci\u00f3n.Reyna Lara Sant\u00e9sExt. 1169dirvinc@ciesas.edu.mxCoordinaci\u00f3n de Administraci\u00f3n Financiera de Proyectos\u00c1rea&hellip;<\/p>\n<div class=\"pvc_clear\"><\/div>\n<p id=\"pvc_stats_9\" class=\"pvc_stats all  \" data-element-id=\"9\" style=\"\"><i class=\"pvc-stats-icon small\" aria-hidden=\"true\"><svg aria-hidden=\"true\" focusable=\"false\" data-prefix=\"far\" data-icon=\"chart-bar\" role=\"img\" xmlns=\"http:\/\/www.w3.org\/2000\/svg\" viewBox=\"0 0 512 512\" class=\"svg-inline--fa fa-chart-bar fa-w-16 fa-2x\"><path fill=\"currentColor\" d=\"M396.8 352h22.4c6.4 0 12.8-6.4 12.8-12.8V108.8c0-6.4-6.4-12.8-12.8-12.8h-22.4c-6.4 0-12.8 6.4-12.8 12.8v230.4c0 6.4 6.4 12.8 12.8 12.8zm-192 0h22.4c6.4 0 12.8-6.4 12.8-12.8V140.8c0-6.4-6.4-12.8-12.8-12.8h-22.4c-6.4 0-12.8 6.4-12.8 12.8v198.4c0 6.4 6.4 12.8 12.8 12.8zm96 0h22.4c6.4 0 12.8-6.4 12.8-12.8V204.8c0-6.4-6.4-12.8-12.8-12.8h-22.4c-6.4 0-12.8 6.4-12.8 12.8v134.4c0 6.4 6.4 12.8 12.8 12.8zM496 400H48V80c0-8.84-7.16-16-16-16H16C7.16 64 0 71.16 0 80v336c0 17.67 14.33 32 32 32h464c8.84 0 16-7.16 16-16v-16c0-8.84-7.16-16-16-16zm-387.2-48h22.4c6.4 0 12.8-6.4 12.8-12.8v-70.4c0-6.4-6.4-12.8-12.8-12.8h-22.4c-6.4 0-12.8 6.4-12.8 12.8v70.4c0 6.4 6.4 12.8 12.8 12.8z\" class=\"\"><\/path><\/svg><\/i> <img loading=\"lazy\" decoding=\"async\" width=\"16\" height=\"16\" alt=\"Loading\" src=\"https:\/\/ciesas.edu.mx\/investigacion\/wp-content\/plugins\/page-views-count\/ajax-loader-2x.gif\" border=0 \/><\/p>\n<div class=\"pvc_clear\"><\/div>\n","category_list_v2":"","author_info_v2":{"name":"Elizabeth","url":"https:\/\/ciesas.edu.mx\/investigacion\/author\/elizabeth\/"},"comments_num_v2":"0 comentarios","featured_image_src":null,"featured_image_src_square":null,"uagb_featured_image_src":{"full":false,"thumbnail":false,"medium":false,"medium_large":false,"large":false,"1536x1536":false,"2048x2048":false,"qubely_landscape":false,"qubely_portrait":false,"qubely_thumbnail":false,"gb-block-post-grid-landscape":false,"gb-block-post-grid-square":false,"ciesas":false,"noticias":false,"noticias_portrait":false,"posgrados":false,"fotoacademicos":false,"noticias-investigacion":false,"academico":false,"academico-listado":false,"sedes-foto":false},"uagb_author_info":{"display_name":"Elizabeth","author_link":"https:\/\/ciesas.edu.mx\/investigacion\/author\/elizabeth\/"},"uagb_comment_info":0,"uagb_excerpt":"Subdirecci\u00f3n de Investigaci\u00f3n \u00c1rea de la Direcci\u00f3n Acad\u00e9mica que fomenta y analiza la viabilidad de los proyectos de investigaci\u00f3n cient\u00edfica.Revisa y aprueba los proyectos de investigaci\u00f3n que son realizados mediante convenios de colaboraci\u00f3n, y\u00a0 proporciona soporte administrativo a los programas de investigaci\u00f3n de la instituci\u00f3n.Armando Alc\u00e1ntara BerumenExt. 1155investi@ciesas.edu.mx Coordinaci\u00f3n de Gesti\u00f3n y Administraci\u00f3n de Proyectos&hellip;","_links":{"self":[{"href":"https:\/\/ciesas.edu.mx\/investigacion\/wp-json\/wp\/v2\/pages\/9","targetHints":{"allow":["GET"]}}],"collection":[{"href":"https:\/\/ciesas.edu.mx\/investigacion\/wp-json\/wp\/v2\/pages"}],"about":[{"href":"https:\/\/ciesas.edu.mx\/investigacion\/wp-json\/wp\/v2\/types\/page"}],"author":[{"embeddable":true,"href":"https:\/\/ciesas.edu.mx\/investigacion\/wp-json\/wp\/v2\/users\/5"}],"replies":[{"embeddable":true,"href":"https:\/\/ciesas.edu.mx\/investigacion\/wp-json\/wp\/v2\/comments?post=9"}],"version-history":[{"count":0,"href":"https:\/\/ciesas.edu.mx\/investigacion\/wp-json\/wp\/v2\/pages\/9\/revisions"}],"wp:attachment":[{"href":"https:\/\/ciesas.edu.mx\/investigacion\/wp-json\/wp\/v2\/media?parent=9"}],"curies":[{"name":"wp","href":"https:\/\/api.w.org\/{rel}","templated":true}]}}