{"id":9024,"date":"2020-11-22T21:48:00","date_gmt":"2020-11-22T21:48:00","guid":{"rendered":"https:\/\/capazmente.com\/investigacion\/?page_id=9024"},"modified":"2021-01-19T22:20:33","modified_gmt":"2021-01-19T22:20:33","slug":"9-otra","status":"publish","type":"page","link":"https:\/\/ciesas.edu.mx\/investigacion\/agrupacion-tematica-y-por-sedes\/9-otra\/","title":{"rendered":"13. Otras"},"content":{"rendered":"\n<div class=\"wp-block-qubely-row qubely-section qubely-block-5db93e\"><div class=\"qubely-row-overlay\"><\/div><div class=\"qubely-container\"><div class=\"qubely-row \">\n<div class=\"wp-block-qubely-column qubely-column qubely-column-front qubely-block-880798\"><div class=\"qubely-column-inner\">\n<div class=\"wp-block-qubely-row qubely-section qubely-block-99a432\"><div class=\"qubely-row-overlay\"><\/div><div class=\"qubely-container-fluid\"><div class=\"qubely-row \">\n<div class=\"wp-block-qubely-column qubely-column qubely-column-front qubely-block-f2e141\"><div class=\"qubely-column-inner\">\n\n<\/div><\/div>\n\n\n\n<div class=\"wp-block-qubely-column qubely-column qubely-column-front qubely-block-452183\"><div class=\"qubely-column-inner\">\n<div class=\"qubely-block-accordion  qubely-block-7c292f\" data-item-toggle=\"true\">\n<div class=\"wp-block-qubely-accordion-item qubely-block-0c329d\"><div class=\"qubely-accordion-item qubely-type-fill false\"><div class=\"qubely-accordion-panel qubely-icon-position-right\"><span class=\"qubely-accordion-panel-handler\" role=\"button\"><span class=\"qubely-accordion-panel-handler-label\">Definici\u00f3n<\/span><span class=\"qubely-accordion-icon fa fa-plus\"><\/span><\/span><\/div><div class=\"qubely-accordion-body\"><div itemprop=\"text\">\n<p><strong>Definici\u00f3n<\/strong><\/p>\n<\/div><\/div><\/div><\/div>\n\n\n\n<div class=\"wp-block-qubely-accordion-item qubely-block-c9afa0\"><div class=\"qubely-accordion-item qubely-type-fill false\"><div class=\"qubely-accordion-panel qubely-icon-position-right\"><span class=\"qubely-accordion-panel-handler\" role=\"button\"><span class=\"qubely-accordion-panel-handler-label\">Subl\u00edneas<\/span><span class=\"qubely-accordion-icon fa fa-plus\"><\/span><\/span><\/div><div class=\"qubely-accordion-body\"><div itemprop=\"text\">\n<p><strong>Subl\u00edneas<\/strong><\/p>\n<\/div><\/div><\/div><\/div>\n<\/div>\n\n\n\n<table id=\"tablepress-9\" class=\"tablepress tablepress-id-9 tablepress-responsive\">\n<thead>\n<tr class=\"row-1\">\n\t<th class=\"column-1\">L\u00ednea 1<\/th><th class=\"column-2\">L\u00ednea 2<\/th><th class=\"column-3\">Titulo de Proyecto<\/th><th class=\"column-4\">Estado<\/th><th class=\"column-5\">Sede<\/th><th class=\"column-6\">Nombre completo<\/th>\n<\/tr>\n<\/thead>\n<tbody class=\"row-striping row-hover\">\n<tr class=\"row-2\">\n\t<td class=\"column-1\">13. Otra<\/td><td class=\"column-2\"><\/td><td class=\"column-3\">Desarrollo y Operaci\u00f3n del Consorcio CIDIGLO<\/td><td class=\"column-4\">Jalisco Michoac\u00e1n San Luis Potos\u00ed Yucat\u00e1n<\/td><td class=\"column-5\">Occidente<\/td><td class=\"column-6\"><a href=\"https:\/\/ciesas.edu.mx\/investigacion\/2020\/03\/26\/bernache-perez-gerardo\/\" rel=\"noopener\" target=\"_blank\">Gerardo Bernache P\u00e9rez<\/a><\/td>\n<\/tr>\n<tr class=\"row-3\">\n\t<td class=\"column-1\">13. Otra<\/td><td class=\"column-2\"><\/td><td class=\"column-3\">Experiencias de presupuestos participativos en Jalisco M\u00e9xico<\/td><td class=\"column-4\">Jalisco<\/td><td class=\"column-5\">Occidente<\/td><td class=\"column-6\"><a href=\"https:\/\/ciesas.edu.mx\/investigacion\/2020\/06\/17\/antonio-canez-cota\/\" rel=\"noopener\" target=\"_blank\">Antonio C\u00e1\u00f1ez Cota<\/a><\/td>\n<\/tr>\n<tr class=\"row-4\">\n\t<td class=\"column-1\">13. Otra<\/td><td class=\"column-2\"><\/td><td class=\"column-3\">Diagn\u00f3stico del Turismo en la Regi\u00f3n Valles, Jalisco<\/td><td class=\"column-4\">Jalisco<\/td><td class=\"column-5\">Occidente<\/td><td class=\"column-6\"><a href=\"https:\/\/ciesas.edu.mx\/investigacion\/2020\/06\/17\/antonio-canez-cota\/\" rel=\"noopener\" target=\"_blank\">Antonio C\u00e1\u00f1ez Cota<\/a><\/td>\n<\/tr>\n<tr class=\"row-5\">\n\t<td class=\"column-1\">13. Otra<\/td><td class=\"column-2\"><\/td><td class=\"column-3\">Problem\u00e1tica de la cadena de valor del aguacate en la regi\u00f3n sur de Jalisco<\/td><td class=\"column-4\">Jalisco<\/td><td class=\"column-5\">Occidente<\/td><td class=\"column-6\"><a href=\"https:\/\/ciesas.edu.mx\/investigacion\/2020\/06\/17\/antonio-canez-cota\/\" rel=\"noopener\" target=\"_blank\">Antonio C\u00e1\u00f1ez Cota<\/a><\/td>\n<\/tr>\n<tr class=\"row-6\">\n\t<td class=\"column-1\">13. Otra<\/td><td class=\"column-2\"><\/td><td class=\"column-3\">Sistema de tratamiento de efluentes municipales de bajo consumo energ\u00e9tico y su reutilizaci\u00f3n en actividades productivas agr\u00edcolas e industriales del Estado de Jalisco<\/td><td class=\"column-4\">Jalisco<\/td><td class=\"column-5\">Occidente<\/td><td class=\"column-6\"><a href=\"https:\/\/ciesas.edu.mx\/investigacion\/2020\/06\/17\/antonio-canez-cota\/\" rel=\"noopener\" target=\"_blank\">Antonio C\u00e1\u00f1ez Cota<\/a><\/td>\n<\/tr>\n<tr class=\"row-7\">\n\t<td class=\"column-1\">13. Otra<\/td><td class=\"column-2\">10. Historia<\/td><td class=\"column-3\">La desamortizaci\u00f3n civil en m\u00e9xico en los siglos XIX Y XX. Efectos y consecuencias para los ayuntamientos y pueblos ind\u00edgenas, 1856-1936<\/td><td class=\"column-4\">Michoac\u00e1n<\/td><td class=\"column-5\">Ciudad de M\u00e9xico<\/td><td class=\"column-6\"><a href=\"https:\/\/ciesas.edu.mx\/investigacion\/2020\/03\/30\/escobar-ohmstede-antonio\/\" rel=\"noopener\" target=\"_blank\">Antonio Escobar Ohmstede<\/a><\/td>\n<\/tr>\n<tr class=\"row-8\">\n\t<td class=\"column-1\">13. Otra<\/td><td class=\"column-2\">10. Historia<\/td><td class=\"column-3\">Conserving Indigenous Memories of Land Privatization in Mexico: Michoac\u00e1ns Libros de Hijuelas, 1719?1929<\/td><td class=\"column-4\">Oaxaca<\/td><td class=\"column-5\">Ciudad de M\u00e9xico<\/td><td class=\"column-6\"><a href=\"https:\/\/ciesas.edu.mx\/investigacion\/2020\/03\/30\/escobar-ohmstede-antonio\/\" rel=\"noopener\" target=\"_blank\">Antonio Escobar Ohmstede<\/a><\/td>\n<\/tr>\n<tr class=\"row-9\">\n\t<td class=\"column-1\">13. Otra<\/td><td class=\"column-2\"><\/td><td class=\"column-3\">De M\u00e9xico a Dinamarca: los daneses como \"OTROS\"<\/td><td class=\"column-4\">Dinamarca<\/td><td class=\"column-5\">Peninsular<\/td><td class=\"column-6\"><a href=\"https:\/\/ciesas.edu.mx\/investigacion\/2020\/03\/27\/3011-2\/\" rel=\"noopener\" target=\"_blank\">Mar\u00eda Patricia Fortuny Loret De Mola<\/a><\/td>\n<\/tr>\n<tr class=\"row-10\">\n\t<td class=\"column-1\">13. Otra<\/td><td class=\"column-2\"><\/td><td class=\"column-3\">C\u00e1tedras CONACYT. M\u00e9xico incluyente: grupos vulnerables y desarrollo<\/td><td class=\"column-4\">Jalisco<\/td><td class=\"column-5\">Occidente<\/td><td class=\"column-6\"><a href=\"https:\/\/ciesas.edu.mx\/investigacion\/2020\/03\/26\/gonzalez-de-la-rocha-mercedes\/\" rel=\"noopener\" target=\"_blank\">Mercedes Gonz\u00e1lez De la Rocha<\/a><\/td>\n<\/tr>\n<tr class=\"row-11\">\n\t<td class=\"column-1\">13. Otra<\/td><td class=\"column-2\"><\/td><td class=\"column-3\">Reconfiguraci\u00f3n agroecol\u00f3gica: Innovaci\u00f3n socio-t\u00e9cnica en los sistemas alimentarios territoriales<\/td><td class=\"column-4\">M\u00e9xico Sud\u00e1frica<\/td><td class=\"column-5\">Occidente<\/td><td class=\"column-6\"><a href=\"https:\/\/ciesas.edu.mx\/investigacion\/2020\/03\/26\/gonzalez-chavez-humberto\/\" rel=\"noopener\" target=\"_blank\">Humberto Gonz\u00e1lez Ch\u00e1vez<\/a><\/td>\n<\/tr>\n<tr class=\"row-12\">\n\t<td class=\"column-1\">13. Otra<\/td><td class=\"column-2\"><\/td><td class=\"column-3\">Reg\u00edmenes de controles democr\u00e1ticos en perspectiva comparada: instituciones participativas, violencia e intermediaci\u00f3n<\/td><td class=\"column-4\">Veracruz Jalisco Michoac\u00e1n<\/td><td class=\"column-5\">Golfo<\/td><td class=\"column-6\"><a href=\"https:\/\/ciesas.edu.mx\/investigacion\/2020\/03\/26\/isunza-vera-ernesto\/\" rel=\"noopener\" target=\"_blank\">Ernesto Isunza Vera<\/a><\/td>\n<\/tr>\n<tr class=\"row-13\">\n\t<td class=\"column-1\">13. Otra<\/td><td class=\"column-2\"><\/td><td class=\"column-3\">El coraz\u00f3n del movimiento zapatista: historia sociopol\u00edtica de la tierra liberada<\/td><td class=\"column-4\">Chiapas<\/td><td class=\"column-5\">Sureste<\/td><td class=\"column-6\"><a href=\"https:\/\/ciesas.edu.mx\/investigacion\/2020\/03\/27\/leyva-solano-xochitl\/\" rel=\"noopener\" target=\"_blank\">X\u00f3chitl Leyva Solano<\/a><\/td>\n<\/tr>\n<tr class=\"row-14\">\n\t<td class=\"column-1\">13. Otra<\/td><td class=\"column-2\"><\/td><td class=\"column-3\">Reconfiguraci\u00f3n agroecol\u00f3gica: Innovaci\u00f3n socio-t\u00e9cnica en los sistemas alimentarios territoriales<\/td><td class=\"column-4\">No Aplica<\/td><td class=\"column-5\">Pac\u00edfico Sur<\/td><td class=\"column-6\"><a href=\"https:\/\/ciesas.edu.mx\/investigacion\/2020\/06\/17\/juan-carlos-martinez-martinez\/\" rel=\"noopener\" target=\"_blank\">Juan Carlos Mart\u00ednez Mart\u00ednez<\/a><\/td>\n<\/tr>\n<tr class=\"row-15\">\n\t<td class=\"column-1\">13. Otra<\/td><td class=\"column-2\"><\/td><td class=\"column-3\">Grupo binacional Guatemala-M\u00e9xico de estudios de las fronteras: din\u00e1micas transfronterizas y perspectivas multidimensionales<\/td><td class=\"column-4\">Chiapas Tabasco Campeche Quintana Roo  Huehuetenango Pet\u00e9n (Guatemala)<\/td><td class=\"column-5\">Sureste<\/td><td class=\"column-6\"><a href=\"https:\/\/ciesas.edu.mx\/investigacion\/2020\/03\/27\/mejia-gonzalez-ludivina\/\" rel=\"noopener\" target=\"_blank\">Ludivina Mej\u00eda Gonz\u00e1lez<\/a><\/td>\n<\/tr>\n<tr class=\"row-16\">\n\t<td class=\"column-1\">13. Otra<\/td><td class=\"column-2\"><\/td><td class=\"column-3\">Percepci\u00f3n de vulnerabilidad y pr\u00e1cticas de reducci\u00f3n de da\u00f1o. Etnograf\u00eda de la prevenci\u00f3n de la obesidad infantil en Nuevo Le\u00f3n<\/td><td class=\"column-4\">Nuevo Le\u00f3n<\/td><td class=\"column-5\">Noreste<\/td><td class=\"column-6\"><a href=\"https:\/\/ciesas.edu.mx\/investigacion\/2020\/06\/17\/jose-alejandro-meza-palmeros\/\" rel=\"noopener\" target=\"_blank\">Jose Alejandro Meza Palmeros<\/a><\/td>\n<\/tr>\n<tr class=\"row-17\">\n\t<td class=\"column-1\">13. Otra<\/td><td class=\"column-2\"><\/td><td class=\"column-3\">Reconfiguraci\u00f3n agroecol\u00f3gica: Innovaci\u00f3n socio-t\u00e9cnica en los sistemas alimentarios territoriales<\/td><td class=\"column-4\">Jalisco Chiapas Oaxaca<\/td><td class=\"column-5\">Sureste<\/td><td class=\"column-6\"><a href=\"https:\/\/ciesas.edu.mx\/investigacion\/2020\/03\/27\/nigh-nielsen-ronald\/\" rel=\"noopener\" target=\"_blank\">Ronald Byron Nigh Nielsen<\/a><\/td>\n<\/tr>\n<tr class=\"row-18\">\n\t<td class=\"column-1\">13. Otra<\/td><td class=\"column-2\"><\/td><td class=\"column-3\">Estudios diversos sobre el espa\u00f1ol de M\u00e9xico<\/td><td class=\"column-4\">Veracruz<\/td><td class=\"column-5\">Golfo<\/td><td class=\"column-6\"><a href=\"https:\/\/ciesas.edu.mx\/investigacion\/2020\/03\/26\/oropeza-escobar-minerva\/\" rel=\"noopener\" target=\"_blank\">Minerva Oropeza Escobar<\/a><\/td>\n<\/tr>\n<tr class=\"row-19\">\n\t<td class=\"column-1\">13. Otra<\/td><td class=\"column-2\"><\/td><td class=\"column-3\">Documenting oral tradition among African-background population in the Mexican State of Veracruz<\/td><td class=\"column-4\">Veracruz<\/td><td class=\"column-5\">Golfo<\/td><td class=\"column-6\"><a href=\"https:\/\/ciesas.edu.mx\/investigacion\/2020\/03\/26\/oropeza-escobar-minerva\/\" rel=\"noopener\" target=\"_blank\">Minerva Oropeza Escobar<\/a><\/td>\n<\/tr>\n<tr class=\"row-20\">\n\t<td class=\"column-1\">13. Otra<\/td><td class=\"column-2\"><\/td><td class=\"column-3\">Atlas ling\u00fc\u00edstico del Tseltal occidental (ALTO) 2017-2018<\/td><td class=\"column-4\">Chiapas<\/td><td class=\"column-5\">Sureste<\/td><td class=\"column-6\"><a href=\"https:\/\/ciesas.edu.mx\/investigacion\/2020\/03\/27\/polian-gilles\/\" rel=\"noopener\" target=\"_blank\">Gilles Polian Marcus<\/a><\/td>\n<\/tr>\n<tr class=\"row-21\">\n\t<td class=\"column-1\">13. Otra<\/td><td class=\"column-2\"><\/td><td class=\"column-3\">Diplomacia y funerales de Estado: Amado Nervo, a un siglo de su muerte<\/td><td class=\"column-4\">Ciudad de M\u00e9xico Jalisco y varias ciudades de M\u00e9xico y Estados Unidos.<\/td><td class=\"column-5\">Occidente<\/td><td class=\"column-6\"><a href=\"https:\/\/ciesas.edu.mx\/investigacion\/2020\/03\/26\/preciado-zamora-julia\/\" rel=\"noopener\" target=\"_blank\">Julia Preciado Zamora<\/a><\/td>\n<\/tr>\n<tr class=\"row-22\">\n\t<td class=\"column-1\">13. Otra<\/td><td class=\"column-2\"><\/td><td class=\"column-3\">G\u00e9nero, violencia y diversidad cultural en la frontera de ciudad Ju\u00e1rez<\/td><td class=\"column-4\">Chihuahua<\/td><td class=\"column-5\">Ciudad de M\u00e9xico<\/td><td class=\"column-6\"><a href=\"https:\/\/ciesas.edu.mx\/investigacion\/2020\/03\/30\/ravelo-blancas-patricia\/\" rel=\"noopener\" target=\"_blank\">Patricia Ravelo Blancas<\/a><\/td>\n<\/tr>\n<tr class=\"row-23\">\n\t<td class=\"column-1\">13. Otra<\/td><td class=\"column-2\"><\/td><td class=\"column-3\">Vivir al margen. Migrantes centroamericanos en la regi\u00f3n central de Veracruz<\/td><td class=\"column-4\">Veracruz<\/td><td class=\"column-5\">Golfo<\/td><td class=\"column-6\"><a href=\"https:\/\/ciesas.edu.mx\/investigacion\/2020\/03\/26\/rodriguez-lopez-maria-teresa\/\" rel=\"noopener\" target=\"_blank\">Mar\u00eda Teresa Rodr\u00edguez L\u00f3pez<\/a><\/td>\n<\/tr>\n<tr class=\"row-24\">\n\t<td class=\"column-1\">13. Otra<\/td><td class=\"column-2\"><\/td><td class=\"column-3\">Pol\u00edticas interculturales en la educaci\u00f3n superior en Oaxaca. Lo instituido y lo instituyente en la construcci\u00f3n de un campo social<\/td><td class=\"column-4\">Oaxaca<\/td><td class=\"column-5\">Pac\u00edfico Sur<\/td><td class=\"column-6\">Ang\u00e9lica Rojas Cort\u00e9s<\/td>\n<\/tr>\n<tr class=\"row-25\">\n\t<td class=\"column-1\">13. Otra<\/td><td class=\"column-2\"><\/td><td class=\"column-3\">G\u00e9nero, violencia y diversidad cultural en la frontera de ciudad Ju\u00e1rez<\/td><td class=\"column-4\">Chihuahua<\/td><td class=\"column-5\">Ciudad de M\u00e9xico<\/td><td class=\"column-6\"><a href=\"https:\/\/ciesas.edu.mx\/investigacion\/2020\/03\/31\/sanchez-diaz-sergio-guadalupe\/\" rel=\"noopener\" target=\"_blank\">Sergio Guadalupe S\u00e1nchez D\u00edaz<\/a><\/td>\n<\/tr>\n<tr class=\"row-26\">\n\t<td class=\"column-1\">13. Otra<\/td><td class=\"column-2\"><\/td><td class=\"column-3\">Jornaleros y agroindustria de exportaci\u00f3n<\/td><td class=\"column-4\">Jalisco Puebla Nuevo Le\u00f3n<\/td><td class=\"column-5\">Occidente<\/td><td class=\"column-6\"><a href=\"https:\/\/ciesas.edu.mx\/investigacion\/2020\/06\/17\/david-omar-stabridis-arana\/\" rel=\"noopener\" target=\"_blank\">David Omar Stabridis Arana<\/a><\/td>\n<\/tr>\n<tr class=\"row-27\">\n\t<td class=\"column-1\">13. Otra<\/td><td class=\"column-2\"><\/td><td class=\"column-3\">DISEN?O Y PUESTA EN MARCHA DEL PROGRAMA NACIONAL ESTRATE?GICO EN MOVILIDAD Y DERECHOS HUMANOS<\/td><td class=\"column-4\">Veracruz  Arizona  San Salvador  Guatemala<\/td><td class=\"column-5\">Golfo<\/td><td class=\"column-6\"><a href=\"https:\/\/ciesas.edu.mx\/investigacion\/2020\/03\/26\/zamudio-grave-patricia-eugenia\/\" rel=\"noopener\" target=\"_blank\">Patricia Eugenia Zamudio Grave<\/a><\/td>\n<\/tr>\n<\/tbody>\n<\/table>\n\n<\/div><\/div>\n<\/div><\/div><\/div>\n\n\n\n<p><\/p>\n<\/div><\/div>\n<\/div><\/div><\/div>\n<div class=\"pvc_clear\"><\/div><p id=\"pvc_stats_9024\" class=\"pvc_stats all  \" data-element-id=\"9024\" style=\"\"><i class=\"pvc-stats-icon small\" aria-hidden=\"true\"><svg aria-hidden=\"true\" focusable=\"false\" data-prefix=\"far\" data-icon=\"chart-bar\" role=\"img\" xmlns=\"http:\/\/www.w3.org\/2000\/svg\" viewBox=\"0 0 512 512\" class=\"svg-inline--fa fa-chart-bar fa-w-16 fa-2x\"><path fill=\"currentColor\" d=\"M396.8 352h22.4c6.4 0 12.8-6.4 12.8-12.8V108.8c0-6.4-6.4-12.8-12.8-12.8h-22.4c-6.4 0-12.8 6.4-12.8 12.8v230.4c0 6.4 6.4 12.8 12.8 12.8zm-192 0h22.4c6.4 0 12.8-6.4 12.8-12.8V140.8c0-6.4-6.4-12.8-12.8-12.8h-22.4c-6.4 0-12.8 6.4-12.8 12.8v198.4c0 6.4 6.4 12.8 12.8 12.8zm96 0h22.4c6.4 0 12.8-6.4 12.8-12.8V204.8c0-6.4-6.4-12.8-12.8-12.8h-22.4c-6.4 0-12.8 6.4-12.8 12.8v134.4c0 6.4 6.4 12.8 12.8 12.8zM496 400H48V80c0-8.84-7.16-16-16-16H16C7.16 64 0 71.16 0 80v336c0 17.67 14.33 32 32 32h464c8.84 0 16-7.16 16-16v-16c0-8.84-7.16-16-16-16zm-387.2-48h22.4c6.4 0 12.8-6.4 12.8-12.8v-70.4c0-6.4-6.4-12.8-12.8-12.8h-22.4c-6.4 0-12.8 6.4-12.8 12.8v70.4c0 6.4 6.4 12.8 12.8 12.8z\" class=\"\"><\/path><\/svg><\/i> <img loading=\"lazy\" decoding=\"async\" width=\"16\" height=\"16\" alt=\"Loading\" src=\"https:\/\/ciesas.edu.mx\/investigacion\/wp-content\/plugins\/page-views-count\/ajax-loader-2x.gif\" border=0 \/><\/p><div class=\"pvc_clear\"><\/div>","protected":false},"excerpt":{"rendered":"<div class=\"pvc_clear\"><\/div>\n<p id=\"pvc_stats_9024\" class=\"pvc_stats all  \" data-element-id=\"9024\" style=\"\"><i class=\"pvc-stats-icon small\" aria-hidden=\"true\"><svg aria-hidden=\"true\" focusable=\"false\" data-prefix=\"far\" data-icon=\"chart-bar\" role=\"img\" xmlns=\"http:\/\/www.w3.org\/2000\/svg\" viewBox=\"0 0 512 512\" class=\"svg-inline--fa fa-chart-bar fa-w-16 fa-2x\"><path fill=\"currentColor\" d=\"M396.8 352h22.4c6.4 0 12.8-6.4 12.8-12.8V108.8c0-6.4-6.4-12.8-12.8-12.8h-22.4c-6.4 0-12.8 6.4-12.8 12.8v230.4c0 6.4 6.4 12.8 12.8 12.8zm-192 0h22.4c6.4 0 12.8-6.4 12.8-12.8V140.8c0-6.4-6.4-12.8-12.8-12.8h-22.4c-6.4 0-12.8 6.4-12.8 12.8v198.4c0 6.4 6.4 12.8 12.8 12.8zm96 0h22.4c6.4 0 12.8-6.4 12.8-12.8V204.8c0-6.4-6.4-12.8-12.8-12.8h-22.4c-6.4 0-12.8 6.4-12.8 12.8v134.4c0 6.4 6.4 12.8 12.8 12.8zM496 400H48V80c0-8.84-7.16-16-16-16H16C7.16 64 0 71.16 0 80v336c0 17.67 14.33 32 32 32h464c8.84 0 16-7.16 16-16v-16c0-8.84-7.16-16-16-16zm-387.2-48h22.4c6.4 0 12.8-6.4 12.8-12.8v-70.4c0-6.4-6.4-12.8-12.8-12.8h-22.4c-6.4 0-12.8 6.4-12.8 12.8v70.4c0 6.4 6.4 12.8 12.8 12.8z\" class=\"\"><\/path><\/svg><\/i> <img loading=\"lazy\" decoding=\"async\" width=\"16\" height=\"16\" alt=\"Loading\" src=\"https:\/\/ciesas.edu.mx\/investigacion\/wp-content\/plugins\/page-views-count\/ajax-loader-2x.gif\" border=0 \/><\/p>\n<div class=\"pvc_clear\"><\/div>\n","protected":false},"author":5,"featured_media":0,"parent":12222,"menu_order":15,"comment_status":"closed","ping_status":"closed","template":"","meta":{"qubely_global_settings":"","qubely_interactions":"","om_disable_all_campaigns":false,"_uag_custom_page_level_css":"","_monsterinsights_skip_tracking":false,"_monsterinsights_sitenote_active":false,"_monsterinsights_sitenote_note":"","_monsterinsights_sitenote_category":0,"footnotes":""},"class_list":["post-9024","page","type-page","status-publish","hentry"],"aioseo_notices":[],"a3_pvc":{"activated":true,"total_views":657,"today_views":0},"featured_image_urls_v2":{"full":"","thumbnail":"","medium":"","medium_large":"","large":"","1536x1536":"","2048x2048":"","qubely_landscape":"","qubely_portrait":"","qubely_thumbnail":"","gb-block-post-grid-landscape":"","gb-block-post-grid-square":"","ciesas":"","noticias":"","noticias_portrait":"","posgrados":"","fotoacademicos":"","noticias-investigacion":"","academico":"","academico-listado":"","sedes-foto":""},"post_excerpt_stackable_v2":"<p>Definici\u00f3n Definici\u00f3n Subl\u00edneas Subl\u00edneas L\u00ednea 1L\u00ednea 2Titulo de ProyectoEstadoSedeNombre completo 13. OtraDesarrollo y Operaci\u00f3n del Consorcio CIDIGLOJalisco Michoac\u00e1n San Luis Potos\u00ed Yucat\u00e1nOccidenteGerardo Bernache P\u00e9rez 13. OtraExperiencias de presupuestos participativos en Jalisco M\u00e9xicoJaliscoOccidenteAntonio C\u00e1\u00f1ez Cota 13. OtraDiagn\u00f3stico del Turismo en la Regi\u00f3n Valles, JaliscoJaliscoOccidenteAntonio C\u00e1\u00f1ez Cota 13. OtraProblem\u00e1tica de la cadena de valor del aguacate en la regi\u00f3n sur de JaliscoJaliscoOccidenteAntonio C\u00e1\u00f1ez Cota 13. OtraSistema de tratamiento de efluentes municipales de bajo consumo energ\u00e9tico y su reutilizaci\u00f3n en actividades productivas agr\u00edcolas e industriales del Estado de JaliscoJaliscoOccidenteAntonio C\u00e1\u00f1ez Cota 13. Otra10. HistoriaLa desamortizaci\u00f3n civil en m\u00e9xico en los siglos XIX Y&hellip;<\/p>\n<div class=\"pvc_clear\"><\/div>\n<p id=\"pvc_stats_9024\" class=\"pvc_stats all  \" data-element-id=\"9024\" style=\"\"><i class=\"pvc-stats-icon small\" aria-hidden=\"true\"><svg aria-hidden=\"true\" focusable=\"false\" data-prefix=\"far\" data-icon=\"chart-bar\" role=\"img\" xmlns=\"http:\/\/www.w3.org\/2000\/svg\" viewBox=\"0 0 512 512\" class=\"svg-inline--fa fa-chart-bar fa-w-16 fa-2x\"><path fill=\"currentColor\" d=\"M396.8 352h22.4c6.4 0 12.8-6.4 12.8-12.8V108.8c0-6.4-6.4-12.8-12.8-12.8h-22.4c-6.4 0-12.8 6.4-12.8 12.8v230.4c0 6.4 6.4 12.8 12.8 12.8zm-192 0h22.4c6.4 0 12.8-6.4 12.8-12.8V140.8c0-6.4-6.4-12.8-12.8-12.8h-22.4c-6.4 0-12.8 6.4-12.8 12.8v198.4c0 6.4 6.4 12.8 12.8 12.8zm96 0h22.4c6.4 0 12.8-6.4 12.8-12.8V204.8c0-6.4-6.4-12.8-12.8-12.8h-22.4c-6.4 0-12.8 6.4-12.8 12.8v134.4c0 6.4 6.4 12.8 12.8 12.8zM496 400H48V80c0-8.84-7.16-16-16-16H16C7.16 64 0 71.16 0 80v336c0 17.67 14.33 32 32 32h464c8.84 0 16-7.16 16-16v-16c0-8.84-7.16-16-16-16zm-387.2-48h22.4c6.4 0 12.8-6.4 12.8-12.8v-70.4c0-6.4-6.4-12.8-12.8-12.8h-22.4c-6.4 0-12.8 6.4-12.8 12.8v70.4c0 6.4 6.4 12.8 12.8 12.8z\" class=\"\"><\/path><\/svg><\/i> <img loading=\"lazy\" decoding=\"async\" width=\"16\" height=\"16\" alt=\"Loading\" src=\"https:\/\/ciesas.edu.mx\/investigacion\/wp-content\/plugins\/page-views-count\/ajax-loader-2x.gif\" border=0 \/><\/p>\n<div class=\"pvc_clear\"><\/div>\n","category_list_v2":"","author_info_v2":{"name":"Elizabeth","url":"https:\/\/ciesas.edu.mx\/investigacion\/author\/elizabeth\/"},"comments_num_v2":"0 comentarios","featured_image_src":null,"featured_image_src_square":null,"uagb_featured_image_src":{"full":false,"thumbnail":false,"medium":false,"medium_large":false,"large":false,"1536x1536":false,"2048x2048":false,"qubely_landscape":false,"qubely_portrait":false,"qubely_thumbnail":false,"gb-block-post-grid-landscape":false,"gb-block-post-grid-square":false,"ciesas":false,"noticias":false,"noticias_portrait":false,"posgrados":false,"fotoacademicos":false,"noticias-investigacion":false,"academico":false,"academico-listado":false,"sedes-foto":false},"uagb_author_info":{"display_name":"Elizabeth","author_link":"https:\/\/ciesas.edu.mx\/investigacion\/author\/elizabeth\/"},"uagb_comment_info":0,"uagb_excerpt":null,"_links":{"self":[{"href":"https:\/\/ciesas.edu.mx\/investigacion\/wp-json\/wp\/v2\/pages\/9024","targetHints":{"allow":["GET"]}}],"collection":[{"href":"https:\/\/ciesas.edu.mx\/investigacion\/wp-json\/wp\/v2\/pages"}],"about":[{"href":"https:\/\/ciesas.edu.mx\/investigacion\/wp-json\/wp\/v2\/types\/page"}],"author":[{"embeddable":true,"href":"https:\/\/ciesas.edu.mx\/investigacion\/wp-json\/wp\/v2\/users\/5"}],"replies":[{"embeddable":true,"href":"https:\/\/ciesas.edu.mx\/investigacion\/wp-json\/wp\/v2\/comments?post=9024"}],"version-history":[{"count":0,"href":"https:\/\/ciesas.edu.mx\/investigacion\/wp-json\/wp\/v2\/pages\/9024\/revisions"}],"up":[{"embeddable":true,"href":"https:\/\/ciesas.edu.mx\/investigacion\/wp-json\/wp\/v2\/pages\/12222"}],"wp:attachment":[{"href":"https:\/\/ciesas.edu.mx\/investigacion\/wp-json\/wp\/v2\/media?parent=9024"}],"curies":[{"name":"wp","href":"https:\/\/api.w.org\/{rel}","templated":true}]}}