{"id":9264,"date":"2020-09-17T16:51:46","date_gmt":"2020-09-17T16:51:46","guid":{"rendered":"https:\/\/capazmente.com\/investigacion\/?page_id=9264"},"modified":"2025-01-20T23:53:13","modified_gmt":"2025-01-20T23:53:13","slug":"catedras","status":"publish","type":"page","link":"https:\/\/ciesas.edu.mx\/investigacion\/investigacion\/catedras\/","title":{"rendered":"C\u00e1tedras"},"content":{"rendered":"\n<div class=\"wp-block-qubely-row qubely-section qubely-block-5bce3d\"><div class=\"qubely-row-overlay\"><\/div><div class=\"qubely-container\"><div class=\"qubely-row \">\n<div class=\"wp-block-qubely-column qubely-column qubely-column-front qubely-block-c8bf25\"><div class=\"qubely-column-inner\">\n<p>El prop\u00f3sito de las c\u00e1tedras institucionales es fomentar la investigaci\u00f3n y la formaci\u00f3n de profesionistas en los campos y las tem\u00e1ticas que trabajaron y promovieron los acad\u00e9micos cuyos nombres las determinan; as\u00ed como ser un veh\u00edculo de integraci\u00f3n entre los investigadores de las distintas instituciones acad\u00e9micas.<\/p>\n\n\n\n<div class=\"wp-block-stackable-columns stk-block-columns stk-block stk-452a15f\" data-block-id=\"452a15f\"><div class=\"stk-row stk-inner-blocks stk-block-content stk-content-align stk-452a15f-column\">\n<div class=\"wp-block-stackable-column stk-block-column stk-column stk-block stk-58b8985\" data-v=\"4\" data-block-id=\"58b8985\"><div class=\"stk-column-wrapper stk-block-column__content stk-container stk-58b8985-container stk--no-background stk--no-padding\"><div class=\"stk-block-content stk-inner-blocks stk-58b8985-inner-blocks\">\n<figure class=\"wp-block-image size-full\"><a href=\"https:\/\/ciesas.edu.mx\/investigacion\/catedra-de-geografia-humanaelisee-reclus\/\"><img loading=\"lazy\" decoding=\"async\" width=\"600\" height=\"400\" src=\"https:\/\/ciesas.edu.mx\/investigacion\/wp-content\/uploads\/2025\/01\/Catedra-EliseeReclus.jpg\" alt=\"\" class=\"wp-image-17181\" srcset=\"https:\/\/ciesas.edu.mx\/investigacion\/wp-content\/uploads\/2025\/01\/Catedra-EliseeReclus.jpg 600w, https:\/\/ciesas.edu.mx\/investigacion\/wp-content\/uploads\/2025\/01\/Catedra-EliseeReclus-300x200.jpg 300w, https:\/\/ciesas.edu.mx\/investigacion\/wp-content\/uploads\/2025\/01\/Catedra-EliseeReclus-437x291.jpg 437w\" sizes=\"auto, (max-width: 600px) 100vw, 600px\" \/><\/a><\/figure>\n<\/div><\/div><\/div>\n\n\n\n<div class=\"wp-block-stackable-column stk-block-column stk-column stk-block stk-9575831\" data-v=\"4\" data-block-id=\"9575831\"><div class=\"stk-column-wrapper stk-block-column__content stk-container stk-9575831-container stk--no-background stk--no-padding\"><div class=\"stk-block-content stk-inner-blocks stk-9575831-inner-blocks\">\n<figure class=\"wp-block-image size-full\"><a href=\"https:\/\/ciesas.edu.mx\/investigacion\/catedra-arturo-warman-2\/\"><img loading=\"lazy\" decoding=\"async\" width=\"600\" height=\"400\" src=\"https:\/\/ciesas.edu.mx\/investigacion\/wp-content\/uploads\/2025\/01\/Catedra-ArturoWarman.jpg\" alt=\"\" class=\"wp-image-17180\" srcset=\"https:\/\/ciesas.edu.mx\/investigacion\/wp-content\/uploads\/2025\/01\/Catedra-ArturoWarman.jpg 600w, https:\/\/ciesas.edu.mx\/investigacion\/wp-content\/uploads\/2025\/01\/Catedra-ArturoWarman-300x200.jpg 300w, https:\/\/ciesas.edu.mx\/investigacion\/wp-content\/uploads\/2025\/01\/Catedra-ArturoWarman-437x291.jpg 437w\" sizes=\"auto, (max-width: 600px) 100vw, 600px\" \/><\/a><\/figure>\n<\/div><\/div><\/div>\n<\/div><\/div>\n\n\n\n<div class=\"wp-block-stackable-columns stk-block-columns stk-block stk-e56190c\" data-block-id=\"e56190c\"><div class=\"stk-row stk-inner-blocks stk-block-content stk-content-align stk-e56190c-column\">\n<div class=\"wp-block-stackable-column stk-block-column stk-column stk-block stk-aa05383\" data-v=\"4\" data-block-id=\"aa05383\"><div class=\"stk-column-wrapper stk-block-column__content stk-container stk-aa05383-container stk--no-background stk--no-padding\"><div class=\"stk-block-content stk-inner-blocks stk-aa05383-inner-blocks\">\n<figure class=\"wp-block-image size-full\"><a href=\"https:\/\/ciesas.edu.mx\/investigacion\/angel-palerm\/\"><img loading=\"lazy\" decoding=\"async\" width=\"600\" height=\"400\" src=\"https:\/\/ciesas.edu.mx\/investigacion\/wp-content\/uploads\/2025\/01\/Catedra-AngelPalerm.jpg\" alt=\"\" class=\"wp-image-17179\" srcset=\"https:\/\/ciesas.edu.mx\/investigacion\/wp-content\/uploads\/2025\/01\/Catedra-AngelPalerm.jpg 600w, https:\/\/ciesas.edu.mx\/investigacion\/wp-content\/uploads\/2025\/01\/Catedra-AngelPalerm-300x200.jpg 300w, https:\/\/ciesas.edu.mx\/investigacion\/wp-content\/uploads\/2025\/01\/Catedra-AngelPalerm-437x291.jpg 437w\" sizes=\"auto, (max-width: 600px) 100vw, 600px\" \/><\/a><\/figure>\n<\/div><\/div><\/div>\n\n\n\n<div class=\"wp-block-stackable-column stk-block-column stk-column stk-block stk-741c094\" data-v=\"4\" data-block-id=\"741c094\"><div class=\"stk-column-wrapper stk-block-column__content stk-container stk-741c094-container stk--no-background stk--no-padding\"><div class=\"stk-block-content stk-inner-blocks stk-741c094-inner-blocks\">\n<figure class=\"wp-block-image size-full\"><a href=\"https:\/\/ciesas.edu.mx\/investigacion\/gonzalo-aguirre-beltran\/\"><img loading=\"lazy\" decoding=\"async\" width=\"600\" height=\"400\" src=\"https:\/\/ciesas.edu.mx\/investigacion\/wp-content\/uploads\/2025\/01\/Catedra-GuillermoAguirre.jpg\" alt=\"\" class=\"wp-image-17182\" srcset=\"https:\/\/ciesas.edu.mx\/investigacion\/wp-content\/uploads\/2025\/01\/Catedra-GuillermoAguirre.jpg 600w, https:\/\/ciesas.edu.mx\/investigacion\/wp-content\/uploads\/2025\/01\/Catedra-GuillermoAguirre-300x200.jpg 300w, https:\/\/ciesas.edu.mx\/investigacion\/wp-content\/uploads\/2025\/01\/Catedra-GuillermoAguirre-437x291.jpg 437w\" sizes=\"auto, (max-width: 600px) 100vw, 600px\" \/><\/a><\/figure>\n<\/div><\/div><\/div>\n<\/div><\/div>\n\n\n\n<div class=\"wp-block-stackable-columns stk-block-columns stk-block stk-7d28190\" data-block-id=\"7d28190\"><div class=\"stk-row stk-inner-blocks stk-block-content stk-content-align stk-7d28190-column\">\n<div class=\"wp-block-stackable-column stk-block-column stk-column stk-block stk-2cfa1c4\" data-v=\"4\" data-block-id=\"2cfa1c4\"><div class=\"stk-column-wrapper stk-block-column__content stk-container stk-2cfa1c4-container stk--no-background stk--no-padding\"><div class=\"stk-block-content stk-inner-blocks stk-2cfa1c4-inner-blocks\">\n<figure class=\"wp-block-image size-full\"><a href=\"https:\/\/ciesas.edu.mx\/investigacion\/jorge-alonso\/\"><img loading=\"lazy\" decoding=\"async\" width=\"600\" height=\"400\" src=\"https:\/\/ciesas.edu.mx\/investigacion\/wp-content\/uploads\/2025\/01\/Catedra-JorgeAlons.jpg\" alt=\"\" class=\"wp-image-17185\" srcset=\"https:\/\/ciesas.edu.mx\/investigacion\/wp-content\/uploads\/2025\/01\/Catedra-JorgeAlons.jpg 600w, https:\/\/ciesas.edu.mx\/investigacion\/wp-content\/uploads\/2025\/01\/Catedra-JorgeAlons-300x200.jpg 300w, https:\/\/ciesas.edu.mx\/investigacion\/wp-content\/uploads\/2025\/01\/Catedra-JorgeAlons-437x291.jpg 437w\" sizes=\"auto, (max-width: 600px) 100vw, 600px\" \/><\/a><\/figure>\n<\/div><\/div><\/div>\n\n\n\n<div class=\"wp-block-stackable-column stk-block-column stk-column stk-block stk-08c4b92\" data-v=\"4\" data-block-id=\"08c4b92\"><div class=\"stk-column-wrapper stk-block-column__content stk-container stk-08c4b92-container stk--no-background stk--no-padding\"><div class=\"stk-block-content stk-inner-blocks stk-08c4b92-inner-blocks\">\n<figure class=\"wp-block-image size-full\"><a href=\"https:\/\/ciesas.edu.mx\/investigacion\/roberto-cardoso-de-oliveira\/\"><img loading=\"lazy\" decoding=\"async\" width=\"600\" height=\"400\" src=\"https:\/\/ciesas.edu.mx\/investigacion\/wp-content\/uploads\/2025\/01\/Catedra-RobertoCardoso.jpg\" alt=\"\" class=\"wp-image-17187\" srcset=\"https:\/\/ciesas.edu.mx\/investigacion\/wp-content\/uploads\/2025\/01\/Catedra-RobertoCardoso.jpg 600w, https:\/\/ciesas.edu.mx\/investigacion\/wp-content\/uploads\/2025\/01\/Catedra-RobertoCardoso-300x200.jpg 300w, https:\/\/ciesas.edu.mx\/investigacion\/wp-content\/uploads\/2025\/01\/Catedra-RobertoCardoso-437x291.jpg 437w\" sizes=\"auto, (max-width: 600px) 100vw, 600px\" \/><\/a><\/figure>\n<\/div><\/div><\/div>\n<\/div><\/div>\n\n\n\n<div class=\"wp-block-stackable-columns stk-block-columns stk-block stk-b875219\" data-block-id=\"b875219\"><div class=\"stk-row stk-inner-blocks stk-block-content stk-content-align stk-b875219-column\">\n<div class=\"wp-block-stackable-column stk-block-column stk-column stk-block stk-88122d1\" data-v=\"4\" data-block-id=\"88122d1\"><div class=\"stk-column-wrapper stk-block-column__content stk-container stk-88122d1-container stk--no-background stk--no-padding\"><div class=\"stk-block-content stk-inner-blocks stk-88122d1-inner-blocks\">\n<figure class=\"wp-block-image size-full\"><a href=\"https:\/\/ciesas.edu.mx\/investigacion\/jan-de-vos\/\"><img loading=\"lazy\" decoding=\"async\" width=\"600\" height=\"400\" src=\"https:\/\/ciesas.edu.mx\/investigacion\/wp-content\/uploads\/2025\/01\/Catedra-JanDeVos.jpg\" alt=\"\" class=\"wp-image-17184\" srcset=\"https:\/\/ciesas.edu.mx\/investigacion\/wp-content\/uploads\/2025\/01\/Catedra-JanDeVos.jpg 600w, https:\/\/ciesas.edu.mx\/investigacion\/wp-content\/uploads\/2025\/01\/Catedra-JanDeVos-300x200.jpg 300w, https:\/\/ciesas.edu.mx\/investigacion\/wp-content\/uploads\/2025\/01\/Catedra-JanDeVos-437x291.jpg 437w\" sizes=\"auto, (max-width: 600px) 100vw, 600px\" \/><\/a><\/figure>\n<\/div><\/div><\/div>\n\n\n\n<div class=\"wp-block-stackable-column stk-block-column stk-column stk-block stk-42cf21e\" data-v=\"4\" data-block-id=\"42cf21e\"><div class=\"stk-column-wrapper stk-block-column__content stk-container stk-42cf21e-container stk--no-background stk--no-padding\"><div class=\"stk-block-content stk-inner-blocks stk-42cf21e-inner-blocks\">\n<figure class=\"wp-block-image size-full\"><a href=\"https:\/\/ciesas.edu.mx\/investigacion\/marcela-lagarde-y-de-los-rios\/\"><img loading=\"lazy\" decoding=\"async\" width=\"600\" height=\"400\" src=\"https:\/\/ciesas.edu.mx\/investigacion\/wp-content\/uploads\/2025\/01\/Catedra-MarcelaLagarde.jpg\" alt=\"\" class=\"wp-image-17186\" srcset=\"https:\/\/ciesas.edu.mx\/investigacion\/wp-content\/uploads\/2025\/01\/Catedra-MarcelaLagarde.jpg 600w, https:\/\/ciesas.edu.mx\/investigacion\/wp-content\/uploads\/2025\/01\/Catedra-MarcelaLagarde-300x200.jpg 300w, https:\/\/ciesas.edu.mx\/investigacion\/wp-content\/uploads\/2025\/01\/Catedra-MarcelaLagarde-437x291.jpg 437w\" sizes=\"auto, (max-width: 600px) 100vw, 600px\" \/><\/a><\/figure>\n<\/div><\/div><\/div>\n<\/div><\/div>\n\n\n\n<div class=\"wp-block-stackable-columns stk-block-columns stk-block stk-17e54df\" data-block-id=\"17e54df\"><div class=\"stk-row stk-inner-blocks stk-block-content stk-content-align stk-17e54df-column\">\n<div class=\"wp-block-stackable-column stk-block-column stk-column stk-block stk-ef2b809\" data-v=\"4\" data-block-id=\"ef2b809\"><div class=\"stk-column-wrapper stk-block-column__content stk-container stk-ef2b809-container stk--no-background stk--no-padding\"><div class=\"stk-block-content stk-inner-blocks stk-ef2b809-inner-blocks\">\n<figure class=\"wp-block-image size-full\"><a href=\"https:\/\/ciesas.edu.mx\/investigacion\/regionales-guillermo-de-la-pena\/\"><img loading=\"lazy\" decoding=\"async\" width=\"600\" height=\"400\" src=\"https:\/\/ciesas.edu.mx\/investigacion\/wp-content\/uploads\/2025\/01\/Catedra-GuillermoDeLaPena.jpg\" alt=\"\" class=\"wp-image-17183\" srcset=\"https:\/\/ciesas.edu.mx\/investigacion\/wp-content\/uploads\/2025\/01\/Catedra-GuillermoDeLaPena.jpg 600w, https:\/\/ciesas.edu.mx\/investigacion\/wp-content\/uploads\/2025\/01\/Catedra-GuillermoDeLaPena-300x200.jpg 300w, https:\/\/ciesas.edu.mx\/investigacion\/wp-content\/uploads\/2025\/01\/Catedra-GuillermoDeLaPena-437x291.jpg 437w\" sizes=\"auto, (max-width: 600px) 100vw, 600px\" \/><\/a><\/figure>\n<\/div><\/div><\/div>\n\n\n\n<div class=\"wp-block-stackable-column stk-block-column stk-column stk-block stk-b7b62f3\" data-v=\"4\" data-block-id=\"b7b62f3\"><div class=\"stk-column-wrapper stk-block-column__content stk-container stk-b7b62f3-container stk--no-background stk--no-padding\"><div class=\"stk-block-content stk-inner-blocks stk-b7b62f3-inner-blocks\">\n<figure class=\"wp-block-image size-full\"><a href=\"https:\/\/ciesas.edu.mx\/investigacion\/unesco-afrodescendientes-en-mexico-y-centroamerica-reconocimiento-expresiones-y-diversidad-cultural\/\"><img loading=\"lazy\" decoding=\"async\" width=\"600\" height=\"400\" src=\"https:\/\/ciesas.edu.mx\/investigacion\/wp-content\/uploads\/2025\/01\/Catedra-UNESCO.jpg\" alt=\"\" class=\"wp-image-17188\" srcset=\"https:\/\/ciesas.edu.mx\/investigacion\/wp-content\/uploads\/2025\/01\/Catedra-UNESCO.jpg 600w, https:\/\/ciesas.edu.mx\/investigacion\/wp-content\/uploads\/2025\/01\/Catedra-UNESCO-300x200.jpg 300w, https:\/\/ciesas.edu.mx\/investigacion\/wp-content\/uploads\/2025\/01\/Catedra-UNESCO-437x291.jpg 437w\" sizes=\"auto, (max-width: 600px) 100vw, 600px\" \/><\/a><\/figure>\n<\/div><\/div><\/div>\n<\/div><\/div>\n<\/div><\/div>\n<\/div><\/div><\/div>\n<div class=\"pvc_clear\"><\/div><p id=\"pvc_stats_9264\" class=\"pvc_stats all  \" data-element-id=\"9264\" style=\"\"><i class=\"pvc-stats-icon small\" aria-hidden=\"true\"><svg aria-hidden=\"true\" focusable=\"false\" data-prefix=\"far\" data-icon=\"chart-bar\" role=\"img\" xmlns=\"http:\/\/www.w3.org\/2000\/svg\" viewBox=\"0 0 512 512\" class=\"svg-inline--fa fa-chart-bar fa-w-16 fa-2x\"><path fill=\"currentColor\" d=\"M396.8 352h22.4c6.4 0 12.8-6.4 12.8-12.8V108.8c0-6.4-6.4-12.8-12.8-12.8h-22.4c-6.4 0-12.8 6.4-12.8 12.8v230.4c0 6.4 6.4 12.8 12.8 12.8zm-192 0h22.4c6.4 0 12.8-6.4 12.8-12.8V140.8c0-6.4-6.4-12.8-12.8-12.8h-22.4c-6.4 0-12.8 6.4-12.8 12.8v198.4c0 6.4 6.4 12.8 12.8 12.8zm96 0h22.4c6.4 0 12.8-6.4 12.8-12.8V204.8c0-6.4-6.4-12.8-12.8-12.8h-22.4c-6.4 0-12.8 6.4-12.8 12.8v134.4c0 6.4 6.4 12.8 12.8 12.8zM496 400H48V80c0-8.84-7.16-16-16-16H16C7.16 64 0 71.16 0 80v336c0 17.67 14.33 32 32 32h464c8.84 0 16-7.16 16-16v-16c0-8.84-7.16-16-16-16zm-387.2-48h22.4c6.4 0 12.8-6.4 12.8-12.8v-70.4c0-6.4-6.4-12.8-12.8-12.8h-22.4c-6.4 0-12.8 6.4-12.8 12.8v70.4c0 6.4 6.4 12.8 12.8 12.8z\" class=\"\"><\/path><\/svg><\/i> <img loading=\"lazy\" decoding=\"async\" width=\"16\" height=\"16\" alt=\"Loading\" src=\"https:\/\/ciesas.edu.mx\/investigacion\/wp-content\/plugins\/page-views-count\/ajax-loader-2x.gif\" border=0 \/><\/p><div class=\"pvc_clear\"><\/div>","protected":false},"excerpt":{"rendered":"<div class=\"pvc_clear\"><\/div>\n<p id=\"pvc_stats_9264\" class=\"pvc_stats all  \" data-element-id=\"9264\" style=\"\"><i class=\"pvc-stats-icon small\" aria-hidden=\"true\"><svg aria-hidden=\"true\" focusable=\"false\" data-prefix=\"far\" data-icon=\"chart-bar\" role=\"img\" xmlns=\"http:\/\/www.w3.org\/2000\/svg\" viewBox=\"0 0 512 512\" class=\"svg-inline--fa fa-chart-bar fa-w-16 fa-2x\"><path fill=\"currentColor\" d=\"M396.8 352h22.4c6.4 0 12.8-6.4 12.8-12.8V108.8c0-6.4-6.4-12.8-12.8-12.8h-22.4c-6.4 0-12.8 6.4-12.8 12.8v230.4c0 6.4 6.4 12.8 12.8 12.8zm-192 0h22.4c6.4 0 12.8-6.4 12.8-12.8V140.8c0-6.4-6.4-12.8-12.8-12.8h-22.4c-6.4 0-12.8 6.4-12.8 12.8v198.4c0 6.4 6.4 12.8 12.8 12.8zm96 0h22.4c6.4 0 12.8-6.4 12.8-12.8V204.8c0-6.4-6.4-12.8-12.8-12.8h-22.4c-6.4 0-12.8 6.4-12.8 12.8v134.4c0 6.4 6.4 12.8 12.8 12.8zM496 400H48V80c0-8.84-7.16-16-16-16H16C7.16 64 0 71.16 0 80v336c0 17.67 14.33 32 32 32h464c8.84 0 16-7.16 16-16v-16c0-8.84-7.16-16-16-16zm-387.2-48h22.4c6.4 0 12.8-6.4 12.8-12.8v-70.4c0-6.4-6.4-12.8-12.8-12.8h-22.4c-6.4 0-12.8 6.4-12.8 12.8v70.4c0 6.4 6.4 12.8 12.8 12.8z\" class=\"\"><\/path><\/svg><\/i> <img loading=\"lazy\" decoding=\"async\" width=\"16\" height=\"16\" alt=\"Loading\" src=\"https:\/\/ciesas.edu.mx\/investigacion\/wp-content\/plugins\/page-views-count\/ajax-loader-2x.gif\" border=0 \/><\/p>\n<div class=\"pvc_clear\"><\/div>\n","protected":false},"author":5,"featured_media":0,"parent":7,"menu_order":85,"comment_status":"closed","ping_status":"closed","template":"","meta":{"qubely_global_settings":"","qubely_interactions":"","om_disable_all_campaigns":false,"_uag_custom_page_level_css":"","_monsterinsights_skip_tracking":false,"_monsterinsights_sitenote_active":false,"_monsterinsights_sitenote_note":"","_monsterinsights_sitenote_category":0,"footnotes":""},"class_list":["post-9264","page","type-page","status-publish","hentry"],"aioseo_notices":[],"a3_pvc":{"activated":true,"total_views":1793,"today_views":5},"featured_image_urls_v2":{"full":"","thumbnail":"","medium":"","medium_large":"","large":"","1536x1536":"","2048x2048":"","qubely_landscape":"","qubely_portrait":"","qubely_thumbnail":"","gb-block-post-grid-landscape":"","gb-block-post-grid-square":"","ciesas":"","noticias":"","noticias_portrait":"","posgrados":"","fotoacademicos":"","noticias-investigacion":"","academico":"","academico-listado":"","sedes-foto":""},"post_excerpt_stackable_v2":"<p>El prop\u00f3sito de las c\u00e1tedras institucionales es fomentar la investigaci\u00f3n y la formaci\u00f3n de profesionistas en los campos y las tem\u00e1ticas que trabajaron y promovieron los acad\u00e9micos cuyos nombres las determinan; as\u00ed como ser un veh\u00edculo de integraci\u00f3n entre los investigadores de las distintas instituciones acad\u00e9micas.<\/p>\n<div class=\"pvc_clear\"><\/div>\n<p id=\"pvc_stats_9264\" class=\"pvc_stats all  \" data-element-id=\"9264\" style=\"\"><i class=\"pvc-stats-icon small\" aria-hidden=\"true\"><svg aria-hidden=\"true\" focusable=\"false\" data-prefix=\"far\" data-icon=\"chart-bar\" role=\"img\" xmlns=\"http:\/\/www.w3.org\/2000\/svg\" viewBox=\"0 0 512 512\" class=\"svg-inline--fa fa-chart-bar fa-w-16 fa-2x\"><path fill=\"currentColor\" d=\"M396.8 352h22.4c6.4 0 12.8-6.4 12.8-12.8V108.8c0-6.4-6.4-12.8-12.8-12.8h-22.4c-6.4 0-12.8 6.4-12.8 12.8v230.4c0 6.4 6.4 12.8 12.8 12.8zm-192 0h22.4c6.4 0 12.8-6.4 12.8-12.8V140.8c0-6.4-6.4-12.8-12.8-12.8h-22.4c-6.4 0-12.8 6.4-12.8 12.8v198.4c0 6.4 6.4 12.8 12.8 12.8zm96 0h22.4c6.4 0 12.8-6.4 12.8-12.8V204.8c0-6.4-6.4-12.8-12.8-12.8h-22.4c-6.4 0-12.8 6.4-12.8 12.8v134.4c0 6.4 6.4 12.8 12.8 12.8zM496 400H48V80c0-8.84-7.16-16-16-16H16C7.16 64 0 71.16 0 80v336c0 17.67 14.33 32 32 32h464c8.84 0 16-7.16 16-16v-16c0-8.84-7.16-16-16-16zm-387.2-48h22.4c6.4 0 12.8-6.4 12.8-12.8v-70.4c0-6.4-6.4-12.8-12.8-12.8h-22.4c-6.4 0-12.8 6.4-12.8 12.8v70.4c0 6.4 6.4 12.8 12.8 12.8z\" class=\"\"><\/path><\/svg><\/i> <img loading=\"lazy\" decoding=\"async\" width=\"16\" height=\"16\" alt=\"Loading\" src=\"https:\/\/ciesas.edu.mx\/investigacion\/wp-content\/plugins\/page-views-count\/ajax-loader-2x.gif\" border=0 \/><\/p>\n<div class=\"pvc_clear\"><\/div>\n","category_list_v2":"","author_info_v2":{"name":"Elizabeth","url":"https:\/\/ciesas.edu.mx\/investigacion\/author\/elizabeth\/"},"comments_num_v2":"0 comentarios","featured_image_src":null,"featured_image_src_square":null,"uagb_featured_image_src":{"full":false,"thumbnail":false,"medium":false,"medium_large":false,"large":false,"1536x1536":false,"2048x2048":false,"qubely_landscape":false,"qubely_portrait":false,"qubely_thumbnail":false,"gb-block-post-grid-landscape":false,"gb-block-post-grid-square":false,"ciesas":false,"noticias":false,"noticias_portrait":false,"posgrados":false,"fotoacademicos":false,"noticias-investigacion":false,"academico":false,"academico-listado":false,"sedes-foto":false},"uagb_author_info":{"display_name":"Elizabeth","author_link":"https:\/\/ciesas.edu.mx\/investigacion\/author\/elizabeth\/"},"uagb_comment_info":0,"uagb_excerpt":null,"_links":{"self":[{"href":"https:\/\/ciesas.edu.mx\/investigacion\/wp-json\/wp\/v2\/pages\/9264","targetHints":{"allow":["GET"]}}],"collection":[{"href":"https:\/\/ciesas.edu.mx\/investigacion\/wp-json\/wp\/v2\/pages"}],"about":[{"href":"https:\/\/ciesas.edu.mx\/investigacion\/wp-json\/wp\/v2\/types\/page"}],"author":[{"embeddable":true,"href":"https:\/\/ciesas.edu.mx\/investigacion\/wp-json\/wp\/v2\/users\/5"}],"replies":[{"embeddable":true,"href":"https:\/\/ciesas.edu.mx\/investigacion\/wp-json\/wp\/v2\/comments?post=9264"}],"version-history":[{"count":7,"href":"https:\/\/ciesas.edu.mx\/investigacion\/wp-json\/wp\/v2\/pages\/9264\/revisions"}],"predecessor-version":[{"id":17214,"href":"https:\/\/ciesas.edu.mx\/investigacion\/wp-json\/wp\/v2\/pages\/9264\/revisions\/17214"}],"up":[{"embeddable":true,"href":"https:\/\/ciesas.edu.mx\/investigacion\/wp-json\/wp\/v2\/pages\/7"}],"wp:attachment":[{"href":"https:\/\/ciesas.edu.mx\/investigacion\/wp-json\/wp\/v2\/media?parent=9264"}],"curies":[{"name":"wp","href":"https:\/\/api.w.org\/{rel}","templated":true}]}}