{"id":9307,"date":"2020-09-17T23:22:55","date_gmt":"2020-09-17T23:22:55","guid":{"rendered":"https:\/\/capazmente.com\/investigacion\/?page_id=9307"},"modified":"2021-02-13T04:45:03","modified_gmt":"2021-02-13T04:45:03","slug":"laboratorio-de-lengua-y-cultura-llc","status":"publish","type":"page","link":"https:\/\/ciesas.edu.mx\/investigacion\/laboratorio-de-lengua-y-cultura-llc\/","title":{"rendered":"Laboratorio de Lengua y Cultura (LLC)"},"content":{"rendered":"\n<div class=\"wp-block-qubely-row qubely-section qubely-block-4a5cf7\"><div class=\"qubely-row-overlay\"><\/div><div class=\"qubely-container\"><div class=\"qubely-row \">\n<div class=\"wp-block-qubely-column qubely-column qubely-column-front qubely-block-42d832\"><div class=\"qubely-column-inner\">\n<p style=\"background-color:#505c6b; color:white;font-size:18px;text-align:center;\">\nLaboratorios<\/p>\n\n\n<div class=\"menu-laboratorios-container\"><ul id=\"short_menu_69edaaab24e7c\" class=\"shortcode_menu  wpsm-menu wpsm-vertical menu_enhance  \"><li id=\"menu-item-14614\" class=\"menu-item menu-item-type-custom menu-item-object-custom menu-item-14614\"><a href=\"https:\/\/tlacuatzin.org\/\">Acervo Digital de Lenguas Ind\u00edgenas<\/a><\/li>\n<li id=\"menu-item-14615\" class=\"menu-item menu-item-type-custom menu-item-object-custom menu-item-14615\"><a href=\"https:\/\/ciesas.edu.mx\/investigacion\/laboratorio-de-lengua-y-cultura-llc\">Laboratorio de Lengua y Cultura<\/a><\/li>\n<li id=\"menu-item-14616\" class=\"menu-item menu-item-type-custom menu-item-object-custom menu-item-14616\"><a href=\"https:\/\/lab.ciesas.edu.mx\/audiovisual\">Lab. Audiovisual-RIAV<\/a><\/li>\n<\/ul><\/div><div class=\"clear\"><\/div>\n            <style>\n                #short_menu_69edaaab24e7c { background:#505c6b;  }\n                #short_menu_69edaaab24e7c ul.wpsm-arrow-enabled:before {  } \n                #short_menu_69edaaab24e7c ul, #short_menu_69edaaab24e7c ul ul {  }\n                #short_menu_69edaaab24e7c a { color:#ffffff;  }\n                #short_menu_69edaaab24e7c a:hover { color:#ffffff;  }\n                #short_menu_69edaaab24e7c ul a {  }\n                #short_menu_69edaaab24e7c ul a:hover {  }\n                \n            <\/style>\n            <script type=\"text\/javascript\">\n                var show_arrow = \"true\";var $sm = jQuery.noConflict();\n                jQuery(function ($) {\n                    $(\"#short_menu_69edaaab24e7c\").tinyNav();\n                    $(\"#short_menu_69edaaab24e7c\").next().addClass(\"shortcode-menu-mobile\");\n                    shortcode_menu_responsive();\n                });\n                jQuery(window).resize(function($){\n                    shortcode_menu_responsive();\n                });\n                function shortcode_menu_responsive() {\n                    var window_width = $sm(window).width();\n                    if (window_width <= 650) {\n                        $sm(\"#short_menu_69edaaab24e7c\").hide();\n                        $sm(\"#short_menu_69edaaab24e7c\").next().show();\n                    } else {\n                        $sm(\"#short_menu_69edaaab24e7c\").show();\n                        $sm(\"#short_menu_69edaaab24e7c\").next().hide();\n                    }\n                }<\/script>\n<\/div><\/div>\n\n\n\n<div class=\"wp-block-qubely-column qubely-column qubely-column-front qubely-block-87440f\"><div class=\"qubely-column-inner\">\n<figure class=\"wp-block-video aligncenter\"><video height=\"480\" style=\"aspect-ratio: 854 \/ 480;\" width=\"854\" autoplay controls poster=\"https:\/\/ciesas.edu.mx\/investigacion\/wp-content\/uploads\/2020\/11\/LLC_2-003-2.png\" preload=\"auto\" src=\"https:\/\/ciesas.edu.mx\/investigacion\/wp-content\/uploads\/2020\/12\/LogoLaboratorioLenguaCultura-sd-540p-2.mp4\"><\/video><\/figure>\n\n\n\n<p>El Laboratorio de Lengua y Cultura forma parte de los laboratorios del Centro de Investigaciones y Estudios Superiores en Antropolog\u00eda Social (CIESAS). Tiene su sede en la emblem\u00e1tica Casa Chata del CIESAS ciudad de M\u00e9xico. En \u00e9l participan especialistas interesados, desde distintas \u00f3pticas, en la relaci\u00f3n lengua &#8211; cultura. Nuestra propuesta considera el lenguaje como un fen\u00f3meno social.<\/p>\n\n\n\n<p>El LLC es un lugar de experimentaci\u00f3n cient\u00edfica en el cual realizamos exploraciones multidisciplinarias con el fin de proponer formas innovadoras de investigaci\u00f3n b\u00e1sica y aplicada. El LLC<\/p>\n\n\n\n<p>\u2022 Trabaja a favor de la conservaci\u00f3n y resguardo del patrimonio ling\u00fc\u00edstico y cultural de M\u00e9xico.<\/p>\n\n\n\n<p>\u2022 Lleva a cabo investigaci\u00f3n sobre las lenguas de M\u00e9xico y otros sistemas de significaci\u00f3n.<\/p>\n\n\n\n<p>\u2022 Alienta la innovaci\u00f3n en el desarrollo de materiales educativos orientados a la ense\u00f1anza y la revaloraci\u00f3n de la diversidad cultural y ling\u00fc\u00edstica, y la divulgaci\u00f3n del conocimiento sobre esta diversidad.<\/p>\n\n\n\n<p>\u2022 Conduce estudios colaborativos y transfiere tecnolog\u00eda relacionada con los materiales que genera a las comunidades de habla, instituciones y grupos interesados en el fortalecimiento y desarrollo de las lenguas.<\/p>\n\n\n\n<p>Aspiramos a constituirnos en un punto de referencia para todos aquellos interesados en los temas que trabajamos.<\/p>\n<\/div><\/div>\n\n\n\n<div class=\"wp-block-qubely-column qubely-column qubely-column-front qubely-block-3c59d3\"><div class=\"qubely-column-inner\">\n<p style=\"background-color:#505c6b; color:white;font-size:18px;text-align:center;\">\nOpciones de Men\u00fa<\/p>\n\n\n<div class=\"menu-temas-de-investigacion-container\"><ul id=\"short_menu_69edaaab276ce\" class=\"shortcode_menu  wpsm-menu wpsm-vertical menu_enhance  \"><li id=\"menu-item-14564\" class=\"menu-item menu-item-type-post_type menu-item-object-page menu-item-14564\"><a href=\"https:\/\/ciesas.edu.mx\/investigacion\/datos-de-investigacion-ciesas\/\">L\u00edneas de Investigaci\u00f3n<\/a><\/li>\n<li id=\"menu-item-14561\" class=\"menu-item menu-item-type-post_type menu-item-object-page menu-item-14561\"><a href=\"https:\/\/ciesas.edu.mx\/investigacion\/investigacion\/catedras\/\">C\u00e1tedras<\/a><\/li>\n<li id=\"menu-item-14562\" class=\"menu-item menu-item-type-post_type menu-item-object-page menu-item-14562\"><a href=\"https:\/\/ciesas.edu.mx\/investigacion\/?page_id=9266\">Laboratorios<\/a><\/li>\n<li id=\"menu-item-14563\" class=\"menu-item menu-item-type-post_type menu-item-object-page menu-item-14563\"><a href=\"https:\/\/ciesas.edu.mx\/investigacion\/?page_id=9268\">Observatorios<\/a><\/li>\n<\/ul><\/div><div class=\"clear\"><\/div>\n            <style>\n                #short_menu_69edaaab276ce { background:#505c6b;  }\n                #short_menu_69edaaab276ce ul.wpsm-arrow-enabled:before {  } \n                #short_menu_69edaaab276ce ul, #short_menu_69edaaab276ce ul ul {  }\n                #short_menu_69edaaab276ce a { color:#ffffff;  }\n                #short_menu_69edaaab276ce a:hover { color:#1e73be;  }\n                #short_menu_69edaaab276ce ul a {  }\n                #short_menu_69edaaab276ce ul a:hover {  }\n                &lt;br \/&gt;\n\n            <\/style>\n            <script type=\"text\/javascript\">\n                var show_arrow = \"true\";var $sm = jQuery.noConflict();\n                jQuery(function ($) {\n                    $(\"#short_menu_69edaaab276ce\").tinyNav();\n                    $(\"#short_menu_69edaaab276ce\").next().addClass(\"shortcode-menu-mobile\");\n                    shortcode_menu_responsive();\n                });\n                jQuery(window).resize(function($){\n                    shortcode_menu_responsive();\n                });\n                function shortcode_menu_responsive() {\n                    var window_width = $sm(window).width();\n                    if (window_width <= 650) {\n                        $sm(\"#short_menu_69edaaab276ce\").hide();\n                        $sm(\"#short_menu_69edaaab276ce\").next().show();\n                    } else {\n                        $sm(\"#short_menu_69edaaab276ce\").show();\n                        $sm(\"#short_menu_69edaaab276ce\").next().hide();\n                    }\n                }<\/script>\n<\/div><\/div>\n<\/div><\/div><\/div>\n\n\n\n<p><\/p>\n<div class=\"pvc_clear\"><\/div><p id=\"pvc_stats_9307\" class=\"pvc_stats all  \" data-element-id=\"9307\" style=\"\"><i class=\"pvc-stats-icon small\" aria-hidden=\"true\"><svg aria-hidden=\"true\" focusable=\"false\" data-prefix=\"far\" data-icon=\"chart-bar\" role=\"img\" xmlns=\"http:\/\/www.w3.org\/2000\/svg\" viewBox=\"0 0 512 512\" class=\"svg-inline--fa fa-chart-bar fa-w-16 fa-2x\"><path fill=\"currentColor\" d=\"M396.8 352h22.4c6.4 0 12.8-6.4 12.8-12.8V108.8c0-6.4-6.4-12.8-12.8-12.8h-22.4c-6.4 0-12.8 6.4-12.8 12.8v230.4c0 6.4 6.4 12.8 12.8 12.8zm-192 0h22.4c6.4 0 12.8-6.4 12.8-12.8V140.8c0-6.4-6.4-12.8-12.8-12.8h-22.4c-6.4 0-12.8 6.4-12.8 12.8v198.4c0 6.4 6.4 12.8 12.8 12.8zm96 0h22.4c6.4 0 12.8-6.4 12.8-12.8V204.8c0-6.4-6.4-12.8-12.8-12.8h-22.4c-6.4 0-12.8 6.4-12.8 12.8v134.4c0 6.4 6.4 12.8 12.8 12.8zM496 400H48V80c0-8.84-7.16-16-16-16H16C7.16 64 0 71.16 0 80v336c0 17.67 14.33 32 32 32h464c8.84 0 16-7.16 16-16v-16c0-8.84-7.16-16-16-16zm-387.2-48h22.4c6.4 0 12.8-6.4 12.8-12.8v-70.4c0-6.4-6.4-12.8-12.8-12.8h-22.4c-6.4 0-12.8 6.4-12.8 12.8v70.4c0 6.4 6.4 12.8 12.8 12.8z\" class=\"\"><\/path><\/svg><\/i> <img loading=\"lazy\" decoding=\"async\" width=\"16\" height=\"16\" alt=\"Loading\" src=\"https:\/\/ciesas.edu.mx\/investigacion\/wp-content\/plugins\/page-views-count\/ajax-loader-2x.gif\" border=0 \/><\/p><div class=\"pvc_clear\"><\/div>","protected":false},"excerpt":{"rendered":"<div class=\"pvc_clear\"><\/div>\n<p id=\"pvc_stats_9307\" class=\"pvc_stats all  \" data-element-id=\"9307\" style=\"\"><i class=\"pvc-stats-icon small\" aria-hidden=\"true\"><svg aria-hidden=\"true\" focusable=\"false\" data-prefix=\"far\" data-icon=\"chart-bar\" role=\"img\" xmlns=\"http:\/\/www.w3.org\/2000\/svg\" viewBox=\"0 0 512 512\" class=\"svg-inline--fa fa-chart-bar fa-w-16 fa-2x\"><path fill=\"currentColor\" d=\"M396.8 352h22.4c6.4 0 12.8-6.4 12.8-12.8V108.8c0-6.4-6.4-12.8-12.8-12.8h-22.4c-6.4 0-12.8 6.4-12.8 12.8v230.4c0 6.4 6.4 12.8 12.8 12.8zm-192 0h22.4c6.4 0 12.8-6.4 12.8-12.8V140.8c0-6.4-6.4-12.8-12.8-12.8h-22.4c-6.4 0-12.8 6.4-12.8 12.8v198.4c0 6.4 6.4 12.8 12.8 12.8zm96 0h22.4c6.4 0 12.8-6.4 12.8-12.8V204.8c0-6.4-6.4-12.8-12.8-12.8h-22.4c-6.4 0-12.8 6.4-12.8 12.8v134.4c0 6.4 6.4 12.8 12.8 12.8zM496 400H48V80c0-8.84-7.16-16-16-16H16C7.16 64 0 71.16 0 80v336c0 17.67 14.33 32 32 32h464c8.84 0 16-7.16 16-16v-16c0-8.84-7.16-16-16-16zm-387.2-48h22.4c6.4 0 12.8-6.4 12.8-12.8v-70.4c0-6.4-6.4-12.8-12.8-12.8h-22.4c-6.4 0-12.8 6.4-12.8 12.8v70.4c0 6.4 6.4 12.8 12.8 12.8z\" class=\"\"><\/path><\/svg><\/i> <img loading=\"lazy\" decoding=\"async\" width=\"16\" height=\"16\" alt=\"Loading\" src=\"https:\/\/ciesas.edu.mx\/investigacion\/wp-content\/plugins\/page-views-count\/ajax-loader-2x.gif\" border=0 \/><\/p>\n<div class=\"pvc_clear\"><\/div>\n","protected":false},"author":5,"featured_media":0,"parent":0,"menu_order":80,"comment_status":"closed","ping_status":"closed","template":"","meta":{"qubely_global_settings":"","qubely_interactions":"","om_disable_all_campaigns":false,"_uag_custom_page_level_css":"","_monsterinsights_skip_tracking":false,"_monsterinsights_sitenote_active":false,"_monsterinsights_sitenote_note":"","_monsterinsights_sitenote_category":0,"footnotes":""},"class_list":["post-9307","page","type-page","status-publish","hentry"],"aioseo_notices":[],"a3_pvc":{"activated":true,"total_views":498,"today_views":0},"featured_image_urls_v2":{"full":"","thumbnail":"","medium":"","medium_large":"","large":"","1536x1536":"","2048x2048":"","qubely_landscape":"","qubely_portrait":"","qubely_thumbnail":"","gb-block-post-grid-landscape":"","gb-block-post-grid-square":"","ciesas":"","noticias":"","noticias_portrait":"","posgrados":"","fotoacademicos":"","noticias-investigacion":"","academico":"","academico-listado":"","sedes-foto":""},"post_excerpt_stackable_v2":"<p>Laboratorios Acervo Digital de Lenguas Ind\u00edgenas Laboratorio de Lengua y Cultura Lab. Audiovisual-RIAV El Laboratorio de Lengua y Cultura forma parte de los laboratorios del Centro de Investigaciones y Estudios Superiores en Antropolog\u00eda Social (CIESAS). Tiene su sede en la emblem\u00e1tica Casa Chata del CIESAS ciudad de M\u00e9xico. En \u00e9l participan especialistas interesados, desde distintas \u00f3pticas, en la relaci\u00f3n lengua &#8211; cultura. Nuestra propuesta considera el lenguaje como un fen\u00f3meno social. El LLC es un lugar de experimentaci\u00f3n cient\u00edfica en el cual realizamos exploraciones multidisciplinarias con el fin de proponer formas innovadoras de investigaci\u00f3n b\u00e1sica y aplicada. El LLC \u2022&hellip;<\/p>\n<div class=\"pvc_clear\"><\/div>\n<p id=\"pvc_stats_9307\" class=\"pvc_stats all  \" data-element-id=\"9307\" style=\"\"><i class=\"pvc-stats-icon small\" aria-hidden=\"true\"><svg aria-hidden=\"true\" focusable=\"false\" data-prefix=\"far\" data-icon=\"chart-bar\" role=\"img\" xmlns=\"http:\/\/www.w3.org\/2000\/svg\" viewBox=\"0 0 512 512\" class=\"svg-inline--fa fa-chart-bar fa-w-16 fa-2x\"><path fill=\"currentColor\" d=\"M396.8 352h22.4c6.4 0 12.8-6.4 12.8-12.8V108.8c0-6.4-6.4-12.8-12.8-12.8h-22.4c-6.4 0-12.8 6.4-12.8 12.8v230.4c0 6.4 6.4 12.8 12.8 12.8zm-192 0h22.4c6.4 0 12.8-6.4 12.8-12.8V140.8c0-6.4-6.4-12.8-12.8-12.8h-22.4c-6.4 0-12.8 6.4-12.8 12.8v198.4c0 6.4 6.4 12.8 12.8 12.8zm96 0h22.4c6.4 0 12.8-6.4 12.8-12.8V204.8c0-6.4-6.4-12.8-12.8-12.8h-22.4c-6.4 0-12.8 6.4-12.8 12.8v134.4c0 6.4 6.4 12.8 12.8 12.8zM496 400H48V80c0-8.84-7.16-16-16-16H16C7.16 64 0 71.16 0 80v336c0 17.67 14.33 32 32 32h464c8.84 0 16-7.16 16-16v-16c0-8.84-7.16-16-16-16zm-387.2-48h22.4c6.4 0 12.8-6.4 12.8-12.8v-70.4c0-6.4-6.4-12.8-12.8-12.8h-22.4c-6.4 0-12.8 6.4-12.8 12.8v70.4c0 6.4 6.4 12.8 12.8 12.8z\" class=\"\"><\/path><\/svg><\/i> <img loading=\"lazy\" decoding=\"async\" width=\"16\" height=\"16\" alt=\"Loading\" src=\"https:\/\/ciesas.edu.mx\/investigacion\/wp-content\/plugins\/page-views-count\/ajax-loader-2x.gif\" border=0 \/><\/p>\n<div class=\"pvc_clear\"><\/div>\n","category_list_v2":"","author_info_v2":{"name":"Elizabeth","url":"https:\/\/ciesas.edu.mx\/investigacion\/author\/elizabeth\/"},"comments_num_v2":"0 comentarios","featured_image_src":null,"featured_image_src_square":null,"uagb_featured_image_src":{"full":false,"thumbnail":false,"medium":false,"medium_large":false,"large":false,"1536x1536":false,"2048x2048":false,"qubely_landscape":false,"qubely_portrait":false,"qubely_thumbnail":false,"gb-block-post-grid-landscape":false,"gb-block-post-grid-square":false,"ciesas":false,"noticias":false,"noticias_portrait":false,"posgrados":false,"fotoacademicos":false,"noticias-investigacion":false,"academico":false,"academico-listado":false,"sedes-foto":false},"uagb_author_info":{"display_name":"Elizabeth","author_link":"https:\/\/ciesas.edu.mx\/investigacion\/author\/elizabeth\/"},"uagb_comment_info":0,"uagb_excerpt":null,"_links":{"self":[{"href":"https:\/\/ciesas.edu.mx\/investigacion\/wp-json\/wp\/v2\/pages\/9307","targetHints":{"allow":["GET"]}}],"collection":[{"href":"https:\/\/ciesas.edu.mx\/investigacion\/wp-json\/wp\/v2\/pages"}],"about":[{"href":"https:\/\/ciesas.edu.mx\/investigacion\/wp-json\/wp\/v2\/types\/page"}],"author":[{"embeddable":true,"href":"https:\/\/ciesas.edu.mx\/investigacion\/wp-json\/wp\/v2\/users\/5"}],"replies":[{"embeddable":true,"href":"https:\/\/ciesas.edu.mx\/investigacion\/wp-json\/wp\/v2\/comments?post=9307"}],"version-history":[{"count":0,"href":"https:\/\/ciesas.edu.mx\/investigacion\/wp-json\/wp\/v2\/pages\/9307\/revisions"}],"wp:attachment":[{"href":"https:\/\/ciesas.edu.mx\/investigacion\/wp-json\/wp\/v2\/media?parent=9307"}],"curies":[{"name":"wp","href":"https:\/\/api.w.org\/{rel}","templated":true}]}}