{"id":9324,"date":"2020-09-17T23:41:21","date_gmt":"2020-09-17T23:41:21","guid":{"rendered":"https:\/\/capazmente.com\/investigacion\/?page_id=9324"},"modified":"2020-09-17T23:41:21","modified_gmt":"2020-09-17T23:41:21","slug":"observatorio-etnografico-de-las-violencias","status":"publish","type":"page","link":"https:\/\/ciesas.edu.mx\/investigacion\/observatorio-etnografico-de-las-violencias\/","title":{"rendered":"Observatorio Etnogr\u00e1fico de las Violencias"},"content":{"rendered":"\n<div class=\"wp-block-qubely-row qubely-section qubely-block-1eb941\"><div class=\"qubely-row-overlay\"><\/div><div class=\"qubely-container\"><div class=\"qubely-row \">\n<div class=\"wp-block-qubely-column qubely-column qubely-column-front qubely-block-4e42f6\"><div class=\"qubely-column-inner\">\n<p>La necesidad de crear este Observatorio surge ante la crisis de derechos humanos que vivimos actualmente en M\u00e9xico. Desde los distintos casos jur\u00eddicos en los cuales hemos participado e investigado, identificamos la importancia de trabajar de manera interdisciplinaria y con apoyo para fortalecer la capacidad de incidir desde la academia en un an\u00e1lisis complejo de las violencias y el desarrollo de estrategias para la justiciabilidad de los derechos de las v\u00edctimas.&nbsp;&nbsp;<\/p>\n\n\n<p>El Observatorio Etnogr\u00e1fico de las Violencias (OEV) es un espacio de producci\u00f3n de conocimiento social en torno a violencias y graves violaciones a los Derechos Humanos, que tiene como base&nbsp;un trabajo de investigaci\u00f3n colaborativa&nbsp;con distintos actores involucrados en el campo de la justicia, la reparaci\u00f3n de las v\u00edctimas, la documentaci\u00f3n de casos y el an\u00e1lisis de los patrones de violencia.&nbsp;<\/p>\n\n\n<p>Este proyecto re\u00fane las experiencias de investigaci\u00f3n del equipo de Antropolog\u00eda Jur\u00eddica de CIESAS Ciudad de M\u00e9xico, del Grupo de Investigaciones en Antropolog\u00eda Social y Forense (GIASF), as\u00ed como de investigadoras de otras sedes regionales del CIESAS y externas.&nbsp;&nbsp;<\/p>\n\n\n<p><strong>Actividades<\/strong><\/p>\n\n\n<p>Como espacio f\u00edsico, el OEV concentra tecnolog\u00eda de punta puesta al servicio de la investigaci\u00f3n y la producci\u00f3n de datos densos sobre violencias con un enfoque interseccional, hist\u00f3rico y territorial. Contamos con drones para producir an\u00e1lisis georreferenciados de los territorios afectados por las violencias, equipos para digitalizar documentos de inter\u00e9s hist\u00f3rico, softwares de an\u00e1lisis estad\u00edstico, geogr\u00e1fico y cualitativo, equipos para la producci\u00f3n de materiales audiovisuales y herramientas especializadas para la b\u00fasqueda de personas desaparecidas y la producci\u00f3n de dict\u00e1menes cient\u00edficos en antropolog\u00eda forense.&nbsp;&nbsp;<\/p>\n\n\n<p>Entre nuestras actividades se encuentran:&nbsp;<\/p>\n\n\n<ul class=\"wp-block-list\"><li>Investigaciones colectivas sobre casos espec\u00edficos de violencias extremas y estructurales en diferentes regiones de M\u00e9xico y Centroam\u00e9rica.&nbsp;&nbsp;<\/li><li>Espacios pedag\u00f3gicos y de intercambio de conocimientos en torno al uso de las tecnolog\u00edas para la investigaci\u00f3n social.&nbsp;<\/li><li>Reflexiones te\u00f3ricas y metodol\u00f3gicas en torno al estudio de las violencias.&nbsp;<\/li><li>Producci\u00f3n de publicaciones cient\u00edficas y de divulgaci\u00f3n en torno a los resultados de las investigaciones.&nbsp;&nbsp;<\/li><li>Elaboraci\u00f3n de peritajes interdisciplinarios para la juridificaci\u00f3n de casos de graves violaciones a Derechos Humanos.&nbsp;&nbsp;<\/li><\/ul>\n\n\n<p>El Laboratorio de Antropolog\u00eda Jur\u00eddica y Forense, es un proyecto preliminar que desemboc\u00f3 en el OEV. Si bien trabajamos para ambos proyectos, estos se materializan institucionalmente en el Observatorio Etnogr\u00e1fico de las Violencias.&nbsp;<\/p>\n\n\n<p>Le integran:&nbsp;<\/p>\n\n\n<p>Coordinaci\u00f3n: Carolina Robledo Silvestre.&nbsp;<\/p>\n\n\n<p>Asistente del Observatorio: Cecilia L\u00f3pez R.&nbsp;<\/p>\n\n\n<p>Investigadoras del GIASF:&nbsp;<\/p>\n\n\n<ul class=\"wp-block-list\"><li>May-ek Querales&nbsp;<\/li><li>Liliana L\u00f3pez L\u00f3pez&nbsp;&nbsp;<\/li><li>Alejandro Arteaga&nbsp;<\/li><\/ul>\n\n\n<p>Estudiantes asociadas y j\u00f3venes Investigadoras:&nbsp;<\/p>\n\n\n<ul class=\"wp-block-list\"><li>Sandra Odeth Gerardo P\u00e9rez&nbsp;<\/li><li>Alejandra P. Ram\u00edrez&nbsp;&nbsp;<\/li><li>Ra\u00fal Gonz\u00e1lez Pelayo&nbsp;<\/li><li>Isabel Beltr\u00e1n Gil&nbsp;<\/li><li>Mitzi E. Robles Rodr\u00edguez&nbsp;<\/li><li>Mar\u00eda Couttolenc L\u00f3pez&nbsp;<\/li><li>David L\u00f3pez N\u00e1jera&nbsp;<\/li><\/ul>\n\n\n<p>Investigadoras del CIESAS:&nbsp;&nbsp;<\/p>\n\n\n<ul class=\"wp-block-list\"><li>Mar\u00eda Teresa Sierra C.&nbsp;<\/li><li>A\u00edda Hern\u00e1ndez C.&nbsp;<\/li><li>Dolores Figueroa&nbsp;<\/li><li>Mariana Mora&nbsp;<\/li><li>Emiliana Cruz&nbsp;<\/li><li>Natalia De Marinis&nbsp;<\/li><\/ul>\n\n\n<p>Otras investigadoras:&nbsp;&nbsp;<\/p>\n\n\n<ul class=\"wp-block-list\"><li>Marisol Alcocer P.&nbsp;<\/li><li>Yacotzin Bravo&nbsp;<\/li><\/ul>\n\n\n<p><strong>Proyectos generados<\/strong><\/p>\n\n\n<p>(pendiente enviar informaci\u00f3n)<\/p>\n<\/div><\/div>\n<\/div><\/div><\/div>\n<div class=\"pvc_clear\"><\/div><p id=\"pvc_stats_9324\" class=\"pvc_stats all  \" data-element-id=\"9324\" style=\"\"><i class=\"pvc-stats-icon small\" aria-hidden=\"true\"><svg aria-hidden=\"true\" focusable=\"false\" data-prefix=\"far\" data-icon=\"chart-bar\" role=\"img\" xmlns=\"http:\/\/www.w3.org\/2000\/svg\" viewBox=\"0 0 512 512\" class=\"svg-inline--fa fa-chart-bar fa-w-16 fa-2x\"><path fill=\"currentColor\" d=\"M396.8 352h22.4c6.4 0 12.8-6.4 12.8-12.8V108.8c0-6.4-6.4-12.8-12.8-12.8h-22.4c-6.4 0-12.8 6.4-12.8 12.8v230.4c0 6.4 6.4 12.8 12.8 12.8zm-192 0h22.4c6.4 0 12.8-6.4 12.8-12.8V140.8c0-6.4-6.4-12.8-12.8-12.8h-22.4c-6.4 0-12.8 6.4-12.8 12.8v198.4c0 6.4 6.4 12.8 12.8 12.8zm96 0h22.4c6.4 0 12.8-6.4 12.8-12.8V204.8c0-6.4-6.4-12.8-12.8-12.8h-22.4c-6.4 0-12.8 6.4-12.8 12.8v134.4c0 6.4 6.4 12.8 12.8 12.8zM496 400H48V80c0-8.84-7.16-16-16-16H16C7.16 64 0 71.16 0 80v336c0 17.67 14.33 32 32 32h464c8.84 0 16-7.16 16-16v-16c0-8.84-7.16-16-16-16zm-387.2-48h22.4c6.4 0 12.8-6.4 12.8-12.8v-70.4c0-6.4-6.4-12.8-12.8-12.8h-22.4c-6.4 0-12.8 6.4-12.8 12.8v70.4c0 6.4 6.4 12.8 12.8 12.8z\" class=\"\"><\/path><\/svg><\/i> <img loading=\"lazy\" decoding=\"async\" width=\"16\" height=\"16\" alt=\"Loading\" src=\"https:\/\/ciesas.edu.mx\/investigacion\/wp-content\/plugins\/page-views-count\/ajax-loader-2x.gif\" border=0 \/><\/p><div class=\"pvc_clear\"><\/div>","protected":false},"excerpt":{"rendered":"<div class=\"pvc_clear\"><\/div>\n<p id=\"pvc_stats_9324\" class=\"pvc_stats all  \" data-element-id=\"9324\" style=\"\"><i class=\"pvc-stats-icon small\" aria-hidden=\"true\"><svg aria-hidden=\"true\" focusable=\"false\" data-prefix=\"far\" data-icon=\"chart-bar\" role=\"img\" xmlns=\"http:\/\/www.w3.org\/2000\/svg\" viewBox=\"0 0 512 512\" class=\"svg-inline--fa fa-chart-bar fa-w-16 fa-2x\"><path fill=\"currentColor\" d=\"M396.8 352h22.4c6.4 0 12.8-6.4 12.8-12.8V108.8c0-6.4-6.4-12.8-12.8-12.8h-22.4c-6.4 0-12.8 6.4-12.8 12.8v230.4c0 6.4 6.4 12.8 12.8 12.8zm-192 0h22.4c6.4 0 12.8-6.4 12.8-12.8V140.8c0-6.4-6.4-12.8-12.8-12.8h-22.4c-6.4 0-12.8 6.4-12.8 12.8v198.4c0 6.4 6.4 12.8 12.8 12.8zm96 0h22.4c6.4 0 12.8-6.4 12.8-12.8V204.8c0-6.4-6.4-12.8-12.8-12.8h-22.4c-6.4 0-12.8 6.4-12.8 12.8v134.4c0 6.4 6.4 12.8 12.8 12.8zM496 400H48V80c0-8.84-7.16-16-16-16H16C7.16 64 0 71.16 0 80v336c0 17.67 14.33 32 32 32h464c8.84 0 16-7.16 16-16v-16c0-8.84-7.16-16-16-16zm-387.2-48h22.4c6.4 0 12.8-6.4 12.8-12.8v-70.4c0-6.4-6.4-12.8-12.8-12.8h-22.4c-6.4 0-12.8 6.4-12.8 12.8v70.4c0 6.4 6.4 12.8 12.8 12.8z\" class=\"\"><\/path><\/svg><\/i> <img loading=\"lazy\" decoding=\"async\" width=\"16\" height=\"16\" alt=\"Loading\" src=\"https:\/\/ciesas.edu.mx\/investigacion\/wp-content\/plugins\/page-views-count\/ajax-loader-2x.gif\" border=0 \/><\/p>\n<div class=\"pvc_clear\"><\/div>\n","protected":false},"author":5,"featured_media":0,"parent":0,"menu_order":79,"comment_status":"closed","ping_status":"closed","template":"","meta":{"qubely_global_settings":"","qubely_interactions":"","om_disable_all_campaigns":false,"_uag_custom_page_level_css":"","_monsterinsights_skip_tracking":false,"_monsterinsights_sitenote_active":false,"_monsterinsights_sitenote_note":"","_monsterinsights_sitenote_category":0,"footnotes":""},"class_list":["post-9324","page","type-page","status-publish","hentry"],"aioseo_notices":[],"a3_pvc":{"activated":true,"total_views":429,"today_views":0},"featured_image_urls_v2":{"full":"","thumbnail":"","medium":"","medium_large":"","large":"","1536x1536":"","2048x2048":"","qubely_landscape":"","qubely_portrait":"","qubely_thumbnail":"","gb-block-post-grid-landscape":"","gb-block-post-grid-square":"","ciesas":"","noticias":"","noticias_portrait":"","posgrados":"","fotoacademicos":"","noticias-investigacion":"","academico":"","academico-listado":"","sedes-foto":""},"post_excerpt_stackable_v2":"<p>La necesidad de crear este Observatorio surge ante la crisis de derechos humanos que vivimos actualmente en M\u00e9xico. Desde los distintos casos jur\u00eddicos en los cuales hemos participado e investigado, identificamos la importancia de trabajar de manera interdisciplinaria y con apoyo para fortalecer la capacidad de incidir desde la academia en un an\u00e1lisis complejo de las violencias y el desarrollo de estrategias para la justiciabilidad de los derechos de las v\u00edctimas.&nbsp;&nbsp; El Observatorio Etnogr\u00e1fico de las Violencias (OEV) es un espacio de producci\u00f3n de conocimiento social en torno a violencias y graves violaciones a los Derechos Humanos, que tiene como&hellip;<\/p>\n<div class=\"pvc_clear\"><\/div>\n<p id=\"pvc_stats_9324\" class=\"pvc_stats all  \" data-element-id=\"9324\" style=\"\"><i class=\"pvc-stats-icon small\" aria-hidden=\"true\"><svg aria-hidden=\"true\" focusable=\"false\" data-prefix=\"far\" data-icon=\"chart-bar\" role=\"img\" xmlns=\"http:\/\/www.w3.org\/2000\/svg\" viewBox=\"0 0 512 512\" class=\"svg-inline--fa fa-chart-bar fa-w-16 fa-2x\"><path fill=\"currentColor\" d=\"M396.8 352h22.4c6.4 0 12.8-6.4 12.8-12.8V108.8c0-6.4-6.4-12.8-12.8-12.8h-22.4c-6.4 0-12.8 6.4-12.8 12.8v230.4c0 6.4 6.4 12.8 12.8 12.8zm-192 0h22.4c6.4 0 12.8-6.4 12.8-12.8V140.8c0-6.4-6.4-12.8-12.8-12.8h-22.4c-6.4 0-12.8 6.4-12.8 12.8v198.4c0 6.4 6.4 12.8 12.8 12.8zm96 0h22.4c6.4 0 12.8-6.4 12.8-12.8V204.8c0-6.4-6.4-12.8-12.8-12.8h-22.4c-6.4 0-12.8 6.4-12.8 12.8v134.4c0 6.4 6.4 12.8 12.8 12.8zM496 400H48V80c0-8.84-7.16-16-16-16H16C7.16 64 0 71.16 0 80v336c0 17.67 14.33 32 32 32h464c8.84 0 16-7.16 16-16v-16c0-8.84-7.16-16-16-16zm-387.2-48h22.4c6.4 0 12.8-6.4 12.8-12.8v-70.4c0-6.4-6.4-12.8-12.8-12.8h-22.4c-6.4 0-12.8 6.4-12.8 12.8v70.4c0 6.4 6.4 12.8 12.8 12.8z\" class=\"\"><\/path><\/svg><\/i> <img loading=\"lazy\" decoding=\"async\" width=\"16\" height=\"16\" alt=\"Loading\" src=\"https:\/\/ciesas.edu.mx\/investigacion\/wp-content\/plugins\/page-views-count\/ajax-loader-2x.gif\" border=0 \/><\/p>\n<div class=\"pvc_clear\"><\/div>\n","category_list_v2":"","author_info_v2":{"name":"Elizabeth","url":"https:\/\/ciesas.edu.mx\/investigacion\/author\/elizabeth\/"},"comments_num_v2":"0 comentarios","featured_image_src":null,"featured_image_src_square":null,"uagb_featured_image_src":{"full":false,"thumbnail":false,"medium":false,"medium_large":false,"large":false,"1536x1536":false,"2048x2048":false,"qubely_landscape":false,"qubely_portrait":false,"qubely_thumbnail":false,"gb-block-post-grid-landscape":false,"gb-block-post-grid-square":false,"ciesas":false,"noticias":false,"noticias_portrait":false,"posgrados":false,"fotoacademicos":false,"noticias-investigacion":false,"academico":false,"academico-listado":false,"sedes-foto":false},"uagb_author_info":{"display_name":"Elizabeth","author_link":"https:\/\/ciesas.edu.mx\/investigacion\/author\/elizabeth\/"},"uagb_comment_info":0,"uagb_excerpt":null,"_links":{"self":[{"href":"https:\/\/ciesas.edu.mx\/investigacion\/wp-json\/wp\/v2\/pages\/9324","targetHints":{"allow":["GET"]}}],"collection":[{"href":"https:\/\/ciesas.edu.mx\/investigacion\/wp-json\/wp\/v2\/pages"}],"about":[{"href":"https:\/\/ciesas.edu.mx\/investigacion\/wp-json\/wp\/v2\/types\/page"}],"author":[{"embeddable":true,"href":"https:\/\/ciesas.edu.mx\/investigacion\/wp-json\/wp\/v2\/users\/5"}],"replies":[{"embeddable":true,"href":"https:\/\/ciesas.edu.mx\/investigacion\/wp-json\/wp\/v2\/comments?post=9324"}],"version-history":[{"count":0,"href":"https:\/\/ciesas.edu.mx\/investigacion\/wp-json\/wp\/v2\/pages\/9324\/revisions"}],"wp:attachment":[{"href":"https:\/\/ciesas.edu.mx\/investigacion\/wp-json\/wp\/v2\/media?parent=9324"}],"curies":[{"name":"wp","href":"https:\/\/api.w.org\/{rel}","templated":true}]}}