{"id":9422,"date":"2020-09-19T18:49:14","date_gmt":"2020-09-19T18:49:14","guid":{"rendered":"https:\/\/capazmente.com\/investigacion\/?page_id=9422"},"modified":"2025-01-20T23:40:40","modified_gmt":"2025-01-20T23:40:40","slug":"angel-palerm","status":"publish","type":"page","link":"https:\/\/ciesas.edu.mx\/investigacion\/angel-palerm\/","title":{"rendered":"\u00c1ngel Palerm"},"content":{"rendered":"\n<div class=\"wp-block-qubely-row qubely-section qubely-block-7a00cf\"><div class=\"qubely-row-overlay\"><\/div><div class=\"qubely-container\"><div class=\"qubely-row \">\n<div class=\"wp-block-qubely-column qubely-column qubely-column-front qubely-block-505abf\"><div class=\"qubely-column-inner\"><\/div><\/div>\n\n\n\n<div class=\"wp-block-qubely-column qubely-column qubely-column-front qubely-block-4bfa70\"><div class=\"qubely-column-inner\"><div class=\"wp-block-image\">\n<figure class=\"aligncenter size-large is-resized\"><img loading=\"lazy\" decoding=\"async\" width=\"600\" height=\"400\" src=\"https:\/\/ciesas.edu.mx\/investigacion\/wp-content\/uploads\/2020\/04\/catedra-angel-palerm-1.png\" alt=\"\" class=\"wp-image-4924\" style=\"width:700px\" srcset=\"https:\/\/ciesas.edu.mx\/investigacion\/wp-content\/uploads\/2020\/04\/catedra-angel-palerm-1.png 600w, https:\/\/ciesas.edu.mx\/investigacion\/wp-content\/uploads\/2020\/04\/catedra-angel-palerm-1-300x200.png 300w, https:\/\/ciesas.edu.mx\/investigacion\/wp-content\/uploads\/2020\/04\/catedra-angel-palerm-1-437x291.png 437w\" sizes=\"auto, (max-width: 600px) 100vw, 600px\" \/><\/figure><\/div>\n\n\n<p><b>C\u00e1tedra \u00c1ngel Palerm<\/b><\/p>\n<p>Coordinadora: Dra. Mar\u00eda Teresa Rodr\u00edguez L\u00f3pez (CIESAS Golfo)<br \/>Correo: mtrguez@ciesas.edu.mx<\/p>\n<p style=\"text-align: justify;\">El prop\u00f3sito de establecer la C\u00e1tedra Angel Palerm es el de fomentar la investigaci\u00f3n y la formaci\u00f3n de profesionistas en los diversos campos que trabaj\u00f3 y promovi\u00f3 este destacado antrop\u00f3logo, fundador del CIS-INAH hoy CIESAS (Centro de Investigaciones y Estudios Superiores en Antropolog\u00eda Social). \u00c1ngel Palerm fue maestro de cient\u00edficos sociales cr\u00edticos comprometidos con su realidad y adem\u00e1s tuvo un papel fundamental en la creaci\u00f3n de instituciones claves para el desarrollo de la antropolog\u00eda en M\u00e9xico.<\/p>\n<p style=\"text-align: justify;\">El objetivo principal de dicha C\u00e1tedra es la de fomentar la ense\u00f1anza-investigaci\u00f3n en las tem\u00e1ticas que el Dr. A. Palerm trabaj\u00f3 en torno a los siguientes ejes: la relaci\u00f3n agricultura-sociedad, el Estado y la organizaci\u00f3n social, la planificaci\u00f3n regional, historia de la antropolog\u00eda, problemas del desarrollo econ\u00f3mico con relaci\u00f3n a la evoluci\u00f3n del capitalismo, el papel de la tecnolog\u00eda en la evoluci\u00f3n social, las articulaciones de los diferentes sectores (por clase, origen \u00e9tnico, o grupos de poder) que constituyen una sociedad nacional. Para hacer honra a su esp\u00edritu cr\u00edtico y apertura intelectual, tambi\u00e9n se considerar\u00e1n aquellas tem\u00e1ticas que al ser \u201cinnovadoras\u201d planteen nuevos retos al conocimiento para las ciencias sociales. En concordancia con los trabajos realizados por Palerm, se privilegiar\u00e1n los estudios comparativos con el enfoque de la ecolog\u00eda cultural y utilizando principalmente las herramientas de la historia y de la antropolog\u00eda social; pero tambi\u00e9n se considerar\u00e1n otros enfoques materialistas y t\u00e9cnicas interdisciplinarias.<\/p>\n<\/p>\n<\/div><\/div>\n\n\n\n<div class=\"wp-block-qubely-column qubely-column qubely-column-front qubely-block-4ff3ff\"><div class=\"qubely-column-inner\"><\/div><\/div>\n<\/div><\/div><\/div>\n\n\n\n<div class=\"wp-block-qubely-row qubely-section qubely-block-8fe842\"><div class=\"qubely-row-overlay\"><\/div><div class=\"qubely-container\"><div class=\"qubely-row \">\n<div class=\"wp-block-qubely-column qubely-column qubely-column-front qubely-block-a2c933\"><div class=\"qubely-column-inner\"><\/div><\/div>\n\n\n\n<div class=\"wp-block-qubely-column qubely-column qubely-column-front qubely-block-033bd1\"><div class=\"qubely-column-inner\">\n<p class=\"has-text-align-center\"><strong>Actividades<\/strong><\/p>\n\n\n\n<table id=\"tablepress-14\" class=\"tablepress tablepress-id-14 tablepress-responsive\">\n<thead>\n<tr class=\"row-1\">\n\t<th class=\"column-1\">T\u00edtulo del curso<\/th><th class=\"column-2\">Profesor\/Instituci\u00f3n<\/th><th class=\"column-3\">Fecha del curso<\/th><th class=\"column-4\">Lugar<\/th><td class=\"column-5\"><\/td>\n<\/tr>\n<\/thead>\n<tbody class=\"row-striping row-hover\">\n<tr class=\"row-2\">\n\t<td class=\"column-1\">C\u00e1tedra \u00c1ngel Palerm<br \/>\nSeminario: Problem\u00e1ticas y enfoques de la antropolog\u00eda espa\u00f1ola actual. Lectura del paisaje: Sistemas de riego en el Acolhuacan septentrional, 30 enero.<br \/>\nPresentaci\u00f3n del convenio de colaboraci\u00f3n entre universidades espa\u00f1olas y la C\u00e1tedra \u00c1ngel Palerm para el fomento y estudio de su obra, 29 enero.<br \/>\nCurso corto: Sexo, amor y g\u00e9nero en la globalizaci\u00f3n, impartido por Jordi Roca, Universidad Rovira I Virgili de Tarragona, 20-24 enero<\/td><td class=\"column-2\">Jordi Roca (Universidad Rovira I Virgili de Tarragona)<\/td><td class=\"column-3\">2014<\/td><td class=\"column-4\">CDMX<\/td><td class=\"column-5\"><\/td>\n<\/tr>\n<tr class=\"row-3\">\n\t<td class=\"column-1\">Desbordar la Periferia. Seminario y Lectura de Paisaje<\/td><td class=\"column-2\">Mar\u00eda ana Portal y Antonio Zirion<\/td><td class=\"column-3\">2015<\/td><td class=\"column-4\">UAM-I<\/td><td class=\"column-5\"><\/td>\n<\/tr>\n<tr class=\"row-4\">\n\t<td class=\"column-1\">Conferencia: Antropolog\u00eda del ayer, de hoy y de ma\u00f1ana Gustavo Lins Riveiro (UnB)<\/td><td class=\"column-2\">Gustavo Lins Riveiro (UnB)<\/td><td class=\"column-3\">2016<\/td><td class=\"column-4\">CIESAS OCC<\/td><td class=\"column-5\"><\/td>\n<\/tr>\n<tr class=\"row-5\">\n\t<td class=\"column-1\">La obra de \u00c1ngel Palerm: una revisi\u00f3n.<\/td><td class=\"column-2\">Andr\u00e9s F\u00e1bregas Puig (CIESAS Occidente)<\/td><td class=\"column-3\">2016<\/td><td class=\"column-4\">QUERETARO<\/td><td class=\"column-5\"><\/td>\n<\/tr>\n<tr class=\"row-6\">\n\t<td class=\"column-1\">C\u00e1tedra interinstitucional \u00c1ngel Palerm.<br \/>\n100 aniversario del natalicio de \u00c1ngel Palerm<\/td><td class=\"column-2\">COLOQUIO \u00c1NGEL PALERM, UN SIGLO DESPU\u00c9S<\/td><td class=\"column-3\">2017<\/td><td class=\"column-4\">Universidad Iberoamericana, Ciudad de M\u00e9xico<\/td><td class=\"column-5\"><\/td>\n<\/tr>\n<tr class=\"row-7\">\n\t<td class=\"column-1\">Recorrido de campo en el sur de Jalisco. Lectura de Paisaje.<br \/>\nCIESAS Occidente<\/td><td class=\"column-2\">Coord. Andr\u00e9s F\u00e1bregas Puig (CIESAS- Occidente)<\/td><td class=\"column-3\">2018<\/td><td class=\"column-4\">CIESAS OCC<\/td><td class=\"column-5\"><\/td>\n<\/tr>\n<tr class=\"row-8\">\n\t<td class=\"column-1\">Seminario y Lectura del Paisaje 2019.<br \/>\n\u201cLos mercados p\u00fablicos y sus contextos socioespaciales en la ciudad de M\u00e9xico\u201d<\/td><td class=\"column-2\">En el Departamento de Antropolog\u00eda de la Universidad                Aut\u00f3noma                de Metropolitana\/campus Iztapalapa. En esta ocasi\u00f3n,   la   Doctora   \u00c1ngela   Giglia   y   el Doctor    Antonio    Ziri\u00f3n   en    calidad    de coordinadores     del     evento,     dirigieron diversas    actividades    dentro    del    tema designado  para  este  a\u00f1o:  el  observar  los mercados    como    espacios    de    estudio antropol\u00f3gico desde sus propios contextos socioespaciales. Para alcanzar los objetivos del  seminario,  la  din\u00e1mica  del  mismo  se dividi\u00f3   en   dos   momentos:   un   primer momento dedicado a exponer trabajos de investigaci\u00f3n         que         abordan         las problem\u00e1ticas  que  se  suscitan  dentro  de estos  espacios  urbanos  de  abasto  en  sus diferentes    contextos,    y    un    segundo momento   en   el   que   el   objetivo   era sensibilizarnos        bajo        un        enfoque etnogr\u00e1fico,  realizando  un  recorrido  por<br \/>\ncuatro    mercados    emblem\u00e1ticos    de    la<\/td><td class=\"column-3\">8 y 9 de octubre<br \/>\nde 2019<\/td><td class=\"column-4\">UAM-I<\/td><td class=\"column-5\"><\/td>\n<\/tr>\n<tr class=\"row-9\">\n\t<td class=\"column-1\"><\/td><td class=\"column-2\">Ciudad  de  M\u00e9xico.  Asistieron  estudiantes de    tres    de    las    cuatro    instituciones convocantes:         CIESAS,         Universidad Iberoamericana y UAM-Iztapalapa.<\/td><td class=\"column-3\"><\/td><td class=\"column-4\"><\/td><td class=\"column-5\"><\/td>\n<\/tr>\n<\/tbody>\n<\/table>\n\n<\/div><\/div>\n\n\n\n<div class=\"wp-block-qubely-column qubely-column qubely-column-front qubely-block-8b4121\"><div class=\"qubely-column-inner\"><\/div><\/div>\n<\/div><\/div><\/div>\n<div class=\"pvc_clear\"><\/div><p id=\"pvc_stats_9422\" class=\"pvc_stats all  \" data-element-id=\"9422\" style=\"\"><i class=\"pvc-stats-icon small\" aria-hidden=\"true\"><svg aria-hidden=\"true\" focusable=\"false\" data-prefix=\"far\" data-icon=\"chart-bar\" role=\"img\" xmlns=\"http:\/\/www.w3.org\/2000\/svg\" viewBox=\"0 0 512 512\" class=\"svg-inline--fa fa-chart-bar fa-w-16 fa-2x\"><path fill=\"currentColor\" d=\"M396.8 352h22.4c6.4 0 12.8-6.4 12.8-12.8V108.8c0-6.4-6.4-12.8-12.8-12.8h-22.4c-6.4 0-12.8 6.4-12.8 12.8v230.4c0 6.4 6.4 12.8 12.8 12.8zm-192 0h22.4c6.4 0 12.8-6.4 12.8-12.8V140.8c0-6.4-6.4-12.8-12.8-12.8h-22.4c-6.4 0-12.8 6.4-12.8 12.8v198.4c0 6.4 6.4 12.8 12.8 12.8zm96 0h22.4c6.4 0 12.8-6.4 12.8-12.8V204.8c0-6.4-6.4-12.8-12.8-12.8h-22.4c-6.4 0-12.8 6.4-12.8 12.8v134.4c0 6.4 6.4 12.8 12.8 12.8zM496 400H48V80c0-8.84-7.16-16-16-16H16C7.16 64 0 71.16 0 80v336c0 17.67 14.33 32 32 32h464c8.84 0 16-7.16 16-16v-16c0-8.84-7.16-16-16-16zm-387.2-48h22.4c6.4 0 12.8-6.4 12.8-12.8v-70.4c0-6.4-6.4-12.8-12.8-12.8h-22.4c-6.4 0-12.8 6.4-12.8 12.8v70.4c0 6.4 6.4 12.8 12.8 12.8z\" class=\"\"><\/path><\/svg><\/i> <img loading=\"lazy\" decoding=\"async\" width=\"16\" height=\"16\" alt=\"Loading\" src=\"https:\/\/ciesas.edu.mx\/investigacion\/wp-content\/plugins\/page-views-count\/ajax-loader-2x.gif\" border=0 \/><\/p><div class=\"pvc_clear\"><\/div>","protected":false},"excerpt":{"rendered":"<div class=\"pvc_clear\"><\/div>\n<p id=\"pvc_stats_9422\" class=\"pvc_stats all  \" data-element-id=\"9422\" style=\"\"><i class=\"pvc-stats-icon small\" aria-hidden=\"true\"><svg aria-hidden=\"true\" focusable=\"false\" data-prefix=\"far\" data-icon=\"chart-bar\" role=\"img\" xmlns=\"http:\/\/www.w3.org\/2000\/svg\" viewBox=\"0 0 512 512\" class=\"svg-inline--fa fa-chart-bar fa-w-16 fa-2x\"><path fill=\"currentColor\" d=\"M396.8 352h22.4c6.4 0 12.8-6.4 12.8-12.8V108.8c0-6.4-6.4-12.8-12.8-12.8h-22.4c-6.4 0-12.8 6.4-12.8 12.8v230.4c0 6.4 6.4 12.8 12.8 12.8zm-192 0h22.4c6.4 0 12.8-6.4 12.8-12.8V140.8c0-6.4-6.4-12.8-12.8-12.8h-22.4c-6.4 0-12.8 6.4-12.8 12.8v198.4c0 6.4 6.4 12.8 12.8 12.8zm96 0h22.4c6.4 0 12.8-6.4 12.8-12.8V204.8c0-6.4-6.4-12.8-12.8-12.8h-22.4c-6.4 0-12.8 6.4-12.8 12.8v134.4c0 6.4 6.4 12.8 12.8 12.8zM496 400H48V80c0-8.84-7.16-16-16-16H16C7.16 64 0 71.16 0 80v336c0 17.67 14.33 32 32 32h464c8.84 0 16-7.16 16-16v-16c0-8.84-7.16-16-16-16zm-387.2-48h22.4c6.4 0 12.8-6.4 12.8-12.8v-70.4c0-6.4-6.4-12.8-12.8-12.8h-22.4c-6.4 0-12.8 6.4-12.8 12.8v70.4c0 6.4 6.4 12.8 12.8 12.8z\" class=\"\"><\/path><\/svg><\/i> <img loading=\"lazy\" decoding=\"async\" width=\"16\" height=\"16\" alt=\"Loading\" src=\"https:\/\/ciesas.edu.mx\/investigacion\/wp-content\/plugins\/page-views-count\/ajax-loader-2x.gif\" border=0 \/><\/p>\n<div class=\"pvc_clear\"><\/div>\n","protected":false},"author":5,"featured_media":0,"parent":0,"menu_order":76,"comment_status":"closed","ping_status":"closed","template":"","meta":{"qubely_global_settings":"","qubely_interactions":"","om_disable_all_campaigns":false,"_uag_custom_page_level_css":"","_monsterinsights_skip_tracking":false,"_monsterinsights_sitenote_active":false,"_monsterinsights_sitenote_note":"","_monsterinsights_sitenote_category":0,"footnotes":""},"class_list":["post-9422","page","type-page","status-publish","hentry"],"aioseo_notices":[],"a3_pvc":{"activated":true,"total_views":350,"today_views":0},"featured_image_urls_v2":{"full":"","thumbnail":"","medium":"","medium_large":"","large":"","1536x1536":"","2048x2048":"","qubely_landscape":"","qubely_portrait":"","qubely_thumbnail":"","gb-block-post-grid-landscape":"","gb-block-post-grid-square":"","ciesas":"","noticias":"","noticias_portrait":"","posgrados":"","fotoacademicos":"","noticias-investigacion":"","academico":"","academico-listado":"","sedes-foto":""},"post_excerpt_stackable_v2":"<p>C\u00e1tedra \u00c1ngel Palerm Coordinadora: Dra. Mar\u00eda Teresa Rodr\u00edguez L\u00f3pez (CIESAS Golfo)Correo: mtrguez@ciesas.edu.mx El prop\u00f3sito de establecer la C\u00e1tedra Angel Palerm es el de fomentar la investigaci\u00f3n y la formaci\u00f3n de profesionistas en los diversos campos que trabaj\u00f3 y promovi\u00f3 este destacado antrop\u00f3logo, fundador del CIS-INAH hoy CIESAS (Centro de Investigaciones y Estudios Superiores en Antropolog\u00eda Social). \u00c1ngel Palerm fue maestro de cient\u00edficos sociales cr\u00edticos comprometidos con su realidad y adem\u00e1s tuvo un papel fundamental en la creaci\u00f3n de instituciones claves para el desarrollo de la antropolog\u00eda en M\u00e9xico. El objetivo principal de dicha C\u00e1tedra es la de fomentar la ense\u00f1anza-investigaci\u00f3n&hellip;<\/p>\n<div class=\"pvc_clear\"><\/div>\n<p id=\"pvc_stats_9422\" class=\"pvc_stats all  \" data-element-id=\"9422\" style=\"\"><i class=\"pvc-stats-icon small\" aria-hidden=\"true\"><svg aria-hidden=\"true\" focusable=\"false\" data-prefix=\"far\" data-icon=\"chart-bar\" role=\"img\" xmlns=\"http:\/\/www.w3.org\/2000\/svg\" viewBox=\"0 0 512 512\" class=\"svg-inline--fa fa-chart-bar fa-w-16 fa-2x\"><path fill=\"currentColor\" d=\"M396.8 352h22.4c6.4 0 12.8-6.4 12.8-12.8V108.8c0-6.4-6.4-12.8-12.8-12.8h-22.4c-6.4 0-12.8 6.4-12.8 12.8v230.4c0 6.4 6.4 12.8 12.8 12.8zm-192 0h22.4c6.4 0 12.8-6.4 12.8-12.8V140.8c0-6.4-6.4-12.8-12.8-12.8h-22.4c-6.4 0-12.8 6.4-12.8 12.8v198.4c0 6.4 6.4 12.8 12.8 12.8zm96 0h22.4c6.4 0 12.8-6.4 12.8-12.8V204.8c0-6.4-6.4-12.8-12.8-12.8h-22.4c-6.4 0-12.8 6.4-12.8 12.8v134.4c0 6.4 6.4 12.8 12.8 12.8zM496 400H48V80c0-8.84-7.16-16-16-16H16C7.16 64 0 71.16 0 80v336c0 17.67 14.33 32 32 32h464c8.84 0 16-7.16 16-16v-16c0-8.84-7.16-16-16-16zm-387.2-48h22.4c6.4 0 12.8-6.4 12.8-12.8v-70.4c0-6.4-6.4-12.8-12.8-12.8h-22.4c-6.4 0-12.8 6.4-12.8 12.8v70.4c0 6.4 6.4 12.8 12.8 12.8z\" class=\"\"><\/path><\/svg><\/i> <img loading=\"lazy\" decoding=\"async\" width=\"16\" height=\"16\" alt=\"Loading\" src=\"https:\/\/ciesas.edu.mx\/investigacion\/wp-content\/plugins\/page-views-count\/ajax-loader-2x.gif\" border=0 \/><\/p>\n<div class=\"pvc_clear\"><\/div>\n","category_list_v2":"","author_info_v2":{"name":"Elizabeth","url":"https:\/\/ciesas.edu.mx\/investigacion\/author\/elizabeth\/"},"comments_num_v2":"0 comentarios","featured_image_src":null,"featured_image_src_square":null,"uagb_featured_image_src":{"full":false,"thumbnail":false,"medium":false,"medium_large":false,"large":false,"1536x1536":false,"2048x2048":false,"qubely_landscape":false,"qubely_portrait":false,"qubely_thumbnail":false,"gb-block-post-grid-landscape":false,"gb-block-post-grid-square":false,"ciesas":false,"noticias":false,"noticias_portrait":false,"posgrados":false,"fotoacademicos":false,"noticias-investigacion":false,"academico":false,"academico-listado":false,"sedes-foto":false},"uagb_author_info":{"display_name":"Elizabeth","author_link":"https:\/\/ciesas.edu.mx\/investigacion\/author\/elizabeth\/"},"uagb_comment_info":0,"uagb_excerpt":null,"_links":{"self":[{"href":"https:\/\/ciesas.edu.mx\/investigacion\/wp-json\/wp\/v2\/pages\/9422","targetHints":{"allow":["GET"]}}],"collection":[{"href":"https:\/\/ciesas.edu.mx\/investigacion\/wp-json\/wp\/v2\/pages"}],"about":[{"href":"https:\/\/ciesas.edu.mx\/investigacion\/wp-json\/wp\/v2\/types\/page"}],"author":[{"embeddable":true,"href":"https:\/\/ciesas.edu.mx\/investigacion\/wp-json\/wp\/v2\/users\/5"}],"replies":[{"embeddable":true,"href":"https:\/\/ciesas.edu.mx\/investigacion\/wp-json\/wp\/v2\/comments?post=9422"}],"version-history":[{"count":1,"href":"https:\/\/ciesas.edu.mx\/investigacion\/wp-json\/wp\/v2\/pages\/9422\/revisions"}],"predecessor-version":[{"id":17198,"href":"https:\/\/ciesas.edu.mx\/investigacion\/wp-json\/wp\/v2\/pages\/9422\/revisions\/17198"}],"wp:attachment":[{"href":"https:\/\/ciesas.edu.mx\/investigacion\/wp-json\/wp\/v2\/media?parent=9422"}],"curies":[{"name":"wp","href":"https:\/\/api.w.org\/{rel}","templated":true}]}}