{"id":9443,"date":"2020-09-19T19:07:46","date_gmt":"2020-09-19T19:07:46","guid":{"rendered":"https:\/\/capazmente.com\/investigacion\/?page_id=9443"},"modified":"2025-01-20T23:53:02","modified_gmt":"2025-01-20T23:53:02","slug":"unesco-afrodescendientes-en-mexico-y-centroamerica-reconocimiento-expresiones-y-diversidad-cultural","status":"publish","type":"page","link":"https:\/\/ciesas.edu.mx\/investigacion\/unesco-afrodescendientes-en-mexico-y-centroamerica-reconocimiento-expresiones-y-diversidad-cultural\/","title":{"rendered":"UNESCO"},"content":{"rendered":"\n<div class=\"wp-block-qubely-row qubely-section qubely-block-6af3ff\"><div class=\"qubely-row-overlay\"><\/div><div class=\"qubely-container\"><div class=\"qubely-row \">\n<div class=\"wp-block-qubely-column qubely-column qubely-column-front qubely-block-467e2e\"><div class=\"qubely-column-inner\"><\/div><\/div>\n\n\n\n<div class=\"wp-block-qubely-column qubely-column qubely-column-front qubely-block-cbc3a1\"><div class=\"qubely-column-inner\">\n<p><b>C\u00e1tedra UNESCO Afrodescendientes en M\u00e9xico y Centro Am\u00e9rica: Reconocimiento, expresiones y diversidad cultural<\/b><\/p>\n<p>Coordinadora: Nahayeilli Juarez Huet <br \/>Correo:\u00a0 <a href=\"mailto:nahahuet@gmail.com\">nahahuet@gmail.com<\/a><\/p>\n<p style=\"text-align: justify;\">El prop\u00f3sito de la C\u00e1tedra es fortalecer el trabajo de instituciones acad\u00e9micas, para que a trav\u00e9s del desarrollo de actividades de investigaci\u00f3n, docencia y divulgaci\u00f3n, se avance en el conocimiento cient\u00edfico de investigaci\u00f3n hist\u00f3rica y antropol\u00f3gica sobre grupos afrodescendientes y sus expresiones culturales en M\u00e9xico y los pa\u00edses de Centroam\u00e9rica.\u00a0 Es tambi\u00e9n objetivo de la C\u00e1tedra que se visibilicen, reconozcan y divulguen las contribuciones econ\u00f3micas, sociales y culturales de las poblaciones africanas y afrodescendientes en el pasado y el presente de estos pa\u00edses. La C\u00e1tedra tiene tres ejes principales: la investigaci\u00f3n hist\u00f3rica y contempor\u00e1nea sobre poblaciones y expresiones culturales afrodescendientes; la formaci\u00f3n de recursos humanos interesados en estas problem\u00e1ticas y un programa de divulgaci\u00f3n que sensibilice a los responsables de las pol\u00edticas p\u00fablicas sobre la importancia\u00a0 de fomentar el di\u00e1logo intercultural\u00a0 y una cultura de paz que socave el racismo.<\/p>\n<p style=\"text-align: justify;\">\n<p style=\"text-align: justify;\">\n<\/div><\/div>\n\n\n\n<div class=\"wp-block-qubely-column qubely-column qubely-column-front qubely-block-14a1bd\"><div class=\"qubely-column-inner\"><\/div><\/div>\n<\/div><\/div><\/div>\n\n\n\n<div class=\"wp-block-qubely-row qubely-section qubely-block-12732f\"><div class=\"qubely-row-overlay\"><\/div><div class=\"qubely-container\"><div class=\"qubely-row \">\n<div class=\"wp-block-qubely-column qubely-column qubely-column-front qubely-block-55dbe7\"><div class=\"qubely-column-inner\"><\/div><\/div>\n\n\n\n<div class=\"wp-block-qubely-column qubely-column qubely-column-front qubely-block-edcd14\"><div class=\"qubely-column-inner\">\n<table id=\"tablepress-20\" class=\"tablepress tablepress-id-20 tablepress-responsive\">\n<thead>\n<tr class=\"row-1\">\n\t<th class=\"column-1\">T\u00edtulo del curso<\/th><th class=\"column-2\">Profesor\/Instituci\u00f3n<\/th><th class=\"column-3\">Fecha del curso<\/th><th class=\"column-4\">Lugar<\/th>\n<\/tr>\n<\/thead>\n<tbody class=\"row-striping row-hover\">\n<tr class=\"row-2\">\n\t<td class=\"column-1\">Inauguraci\u00f3n C\u00e1tedra UNESCO<\/td><td class=\"column-2\">El INAH en colaboraci\u00f3n con CIESAS reciben en 2017 el reconocimiento oficial de la UNESCO para coordinar la Catedra UNESCO Afrodescendientes en M\u00e9xico y Centroam\u00e9rica: reconocimiento, expresiones y diversidad cultural bajo la coordinaci\u00f3n acad\u00e9mica de Mar\u00eda Elisa Vel\u00e1zquez (INAH) y Nahayeilli B. Ju\u00e1rez Huet (CIESAS). La C\u00e1tedra fue inaugurada el 8 de mayo de 2017 en el Museo Nacional de Antropolog\u00eda con una vigencia de cuatro a\u00f1os y con posibilidades de renovaci\u00f3n.<\/td><td class=\"column-3\">2017<\/td><td class=\"column-4\">CDMX<\/td>\n<\/tr>\n<tr class=\"row-3\">\n\t<td class=\"column-1\">Congreso Internacional Estudios afromexicanos: reflexiones, debates y retos.<\/td><td class=\"column-2\">C\u00e1tedra UNESCO Afrodescendientes y Diversidad Cultural. Organiza: Nahayeilli B. Ju\u00e1rez Huet (CIESAS Peninsular)<\/td><td class=\"column-3\">2017<\/td><td class=\"column-4\">Oaxaca<\/td>\n<\/tr>\n<tr class=\"row-4\">\n\t<td class=\"column-1\">Jornada Internacional representaciones Visuales de las afro-descendencias en M\u00e9xico, Centroam\u00e9rica y el Caribe con el auspicio de la C\u00e1tedra UNESCO<\/td><td class=\"column-2\">Coord. Nahayeilli Ju\u00e1rez Huet (CIESAS Peninsular), Laura Machuca (CIESAS Peninsular) y Margaret Shrimpton (UADY)<br \/>\nCoorg. CIESAS y la UADY<\/td><td class=\"column-3\">2018<\/td><td class=\"column-4\">CIESAS PENINSULAR<br \/>\nSede. Parque Cient\u00edfico y Tecnol\u00f3gico<br \/>\nde Yucat\u00e1n<\/td>\n<\/tr>\n<tr class=\"row-5\">\n\t<td class=\"column-1\">VIII Jornada Internacional Biograf\u00edas y Relatos de vida: Afrodescendientes en el sur de M\u00e9xico, Centroam\u00e9rica y el Caribe. C\u00e1tedra UNESCO.<\/td><td class=\"column-2\">Ju\u00e1rez Nahayelli Beatriz - Peninsular<\/td><td class=\"column-3\">2019,<br \/>\n20 de Septiembre de <\/td><td class=\"column-4\">Instituto Nacional de Antropolog\u00eda e Historia<\/td>\n<\/tr>\n<\/tbody>\n<\/table>\n\n<\/div><\/div>\n\n\n\n<div class=\"wp-block-qubely-column qubely-column qubely-column-front qubely-block-ec57e1\"><div class=\"qubely-column-inner\"><\/div><\/div>\n<\/div><\/div><\/div>\n<div class=\"pvc_clear\"><\/div><p id=\"pvc_stats_9443\" class=\"pvc_stats all  \" data-element-id=\"9443\" style=\"\"><i class=\"pvc-stats-icon small\" aria-hidden=\"true\"><svg aria-hidden=\"true\" focusable=\"false\" data-prefix=\"far\" data-icon=\"chart-bar\" role=\"img\" xmlns=\"http:\/\/www.w3.org\/2000\/svg\" viewBox=\"0 0 512 512\" class=\"svg-inline--fa fa-chart-bar fa-w-16 fa-2x\"><path fill=\"currentColor\" d=\"M396.8 352h22.4c6.4 0 12.8-6.4 12.8-12.8V108.8c0-6.4-6.4-12.8-12.8-12.8h-22.4c-6.4 0-12.8 6.4-12.8 12.8v230.4c0 6.4 6.4 12.8 12.8 12.8zm-192 0h22.4c6.4 0 12.8-6.4 12.8-12.8V140.8c0-6.4-6.4-12.8-12.8-12.8h-22.4c-6.4 0-12.8 6.4-12.8 12.8v198.4c0 6.4 6.4 12.8 12.8 12.8zm96 0h22.4c6.4 0 12.8-6.4 12.8-12.8V204.8c0-6.4-6.4-12.8-12.8-12.8h-22.4c-6.4 0-12.8 6.4-12.8 12.8v134.4c0 6.4 6.4 12.8 12.8 12.8zM496 400H48V80c0-8.84-7.16-16-16-16H16C7.16 64 0 71.16 0 80v336c0 17.67 14.33 32 32 32h464c8.84 0 16-7.16 16-16v-16c0-8.84-7.16-16-16-16zm-387.2-48h22.4c6.4 0 12.8-6.4 12.8-12.8v-70.4c0-6.4-6.4-12.8-12.8-12.8h-22.4c-6.4 0-12.8 6.4-12.8 12.8v70.4c0 6.4 6.4 12.8 12.8 12.8z\" class=\"\"><\/path><\/svg><\/i> <img loading=\"lazy\" decoding=\"async\" width=\"16\" height=\"16\" alt=\"Loading\" src=\"https:\/\/ciesas.edu.mx\/investigacion\/wp-content\/plugins\/page-views-count\/ajax-loader-2x.gif\" border=0 \/><\/p><div class=\"pvc_clear\"><\/div>","protected":false},"excerpt":{"rendered":"<div class=\"pvc_clear\"><\/div>\n<p id=\"pvc_stats_9443\" class=\"pvc_stats all  \" data-element-id=\"9443\" style=\"\"><i class=\"pvc-stats-icon small\" aria-hidden=\"true\"><svg aria-hidden=\"true\" focusable=\"false\" data-prefix=\"far\" data-icon=\"chart-bar\" role=\"img\" xmlns=\"http:\/\/www.w3.org\/2000\/svg\" viewBox=\"0 0 512 512\" class=\"svg-inline--fa fa-chart-bar fa-w-16 fa-2x\"><path fill=\"currentColor\" d=\"M396.8 352h22.4c6.4 0 12.8-6.4 12.8-12.8V108.8c0-6.4-6.4-12.8-12.8-12.8h-22.4c-6.4 0-12.8 6.4-12.8 12.8v230.4c0 6.4 6.4 12.8 12.8 12.8zm-192 0h22.4c6.4 0 12.8-6.4 12.8-12.8V140.8c0-6.4-6.4-12.8-12.8-12.8h-22.4c-6.4 0-12.8 6.4-12.8 12.8v198.4c0 6.4 6.4 12.8 12.8 12.8zm96 0h22.4c6.4 0 12.8-6.4 12.8-12.8V204.8c0-6.4-6.4-12.8-12.8-12.8h-22.4c-6.4 0-12.8 6.4-12.8 12.8v134.4c0 6.4 6.4 12.8 12.8 12.8zM496 400H48V80c0-8.84-7.16-16-16-16H16C7.16 64 0 71.16 0 80v336c0 17.67 14.33 32 32 32h464c8.84 0 16-7.16 16-16v-16c0-8.84-7.16-16-16-16zm-387.2-48h22.4c6.4 0 12.8-6.4 12.8-12.8v-70.4c0-6.4-6.4-12.8-12.8-12.8h-22.4c-6.4 0-12.8 6.4-12.8 12.8v70.4c0 6.4 6.4 12.8 12.8 12.8z\" class=\"\"><\/path><\/svg><\/i> <img loading=\"lazy\" decoding=\"async\" width=\"16\" height=\"16\" alt=\"Loading\" src=\"https:\/\/ciesas.edu.mx\/investigacion\/wp-content\/plugins\/page-views-count\/ajax-loader-2x.gif\" border=0 \/><\/p>\n<div class=\"pvc_clear\"><\/div>\n","protected":false},"author":5,"featured_media":0,"parent":0,"menu_order":70,"comment_status":"closed","ping_status":"closed","template":"","meta":{"qubely_global_settings":"","qubely_interactions":"","om_disable_all_campaigns":false,"_uag_custom_page_level_css":"","_monsterinsights_skip_tracking":false,"_monsterinsights_sitenote_active":false,"_monsterinsights_sitenote_note":"","_monsterinsights_sitenote_category":0,"footnotes":""},"class_list":["post-9443","page","type-page","status-publish","hentry"],"aioseo_notices":[],"featured_image_urls_v2":{"full":"","thumbnail":"","medium":"","medium_large":"","large":"","1536x1536":"","2048x2048":"","qubely_landscape":"","qubely_portrait":"","qubely_thumbnail":"","gb-block-post-grid-landscape":"","gb-block-post-grid-square":"","ciesas":"","noticias":"","noticias_portrait":"","posgrados":"","fotoacademicos":"","noticias-investigacion":"","academico":"","academico-listado":"","sedes-foto":""},"post_excerpt_stackable_v2":"<p>C\u00e1tedra UNESCO Afrodescendientes en M\u00e9xico y Centro Am\u00e9rica: Reconocimiento, expresiones y diversidad cultural Coordinadora: Nahayeilli Juarez Huet Correo:\u00a0 nahahuet@gmail.com El prop\u00f3sito de la C\u00e1tedra es fortalecer el trabajo de instituciones acad\u00e9micas, para que a trav\u00e9s del desarrollo de actividades de investigaci\u00f3n, docencia y divulgaci\u00f3n, se avance en el conocimiento cient\u00edfico de investigaci\u00f3n hist\u00f3rica y antropol\u00f3gica sobre grupos afrodescendientes y sus expresiones culturales en M\u00e9xico y los pa\u00edses de Centroam\u00e9rica.\u00a0 Es tambi\u00e9n objetivo de la C\u00e1tedra que se visibilicen, reconozcan y divulguen las contribuciones econ\u00f3micas, sociales y culturales de las poblaciones africanas y afrodescendientes en el pasado y el presente de&hellip;<\/p>\n<div class=\"pvc_clear\"><\/div>\n<p id=\"pvc_stats_9443\" class=\"pvc_stats all  \" data-element-id=\"9443\" style=\"\"><i class=\"pvc-stats-icon small\" aria-hidden=\"true\"><svg aria-hidden=\"true\" focusable=\"false\" data-prefix=\"far\" data-icon=\"chart-bar\" role=\"img\" xmlns=\"http:\/\/www.w3.org\/2000\/svg\" viewBox=\"0 0 512 512\" class=\"svg-inline--fa fa-chart-bar fa-w-16 fa-2x\"><path fill=\"currentColor\" d=\"M396.8 352h22.4c6.4 0 12.8-6.4 12.8-12.8V108.8c0-6.4-6.4-12.8-12.8-12.8h-22.4c-6.4 0-12.8 6.4-12.8 12.8v230.4c0 6.4 6.4 12.8 12.8 12.8zm-192 0h22.4c6.4 0 12.8-6.4 12.8-12.8V140.8c0-6.4-6.4-12.8-12.8-12.8h-22.4c-6.4 0-12.8 6.4-12.8 12.8v198.4c0 6.4 6.4 12.8 12.8 12.8zm96 0h22.4c6.4 0 12.8-6.4 12.8-12.8V204.8c0-6.4-6.4-12.8-12.8-12.8h-22.4c-6.4 0-12.8 6.4-12.8 12.8v134.4c0 6.4 6.4 12.8 12.8 12.8zM496 400H48V80c0-8.84-7.16-16-16-16H16C7.16 64 0 71.16 0 80v336c0 17.67 14.33 32 32 32h464c8.84 0 16-7.16 16-16v-16c0-8.84-7.16-16-16-16zm-387.2-48h22.4c6.4 0 12.8-6.4 12.8-12.8v-70.4c0-6.4-6.4-12.8-12.8-12.8h-22.4c-6.4 0-12.8 6.4-12.8 12.8v70.4c0 6.4 6.4 12.8 12.8 12.8z\" class=\"\"><\/path><\/svg><\/i> <img loading=\"lazy\" decoding=\"async\" width=\"16\" height=\"16\" alt=\"Loading\" src=\"https:\/\/ciesas.edu.mx\/investigacion\/wp-content\/plugins\/page-views-count\/ajax-loader-2x.gif\" border=0 \/><\/p>\n<div class=\"pvc_clear\"><\/div>\n","category_list_v2":"","author_info_v2":{"name":"Elizabeth","url":"https:\/\/ciesas.edu.mx\/investigacion\/author\/elizabeth\/"},"comments_num_v2":"0 comentarios","featured_image_src":null,"featured_image_src_square":null,"uagb_featured_image_src":{"full":false,"thumbnail":false,"medium":false,"medium_large":false,"large":false,"1536x1536":false,"2048x2048":false,"qubely_landscape":false,"qubely_portrait":false,"qubely_thumbnail":false,"gb-block-post-grid-landscape":false,"gb-block-post-grid-square":false,"ciesas":false,"noticias":false,"noticias_portrait":false,"posgrados":false,"fotoacademicos":false,"noticias-investigacion":false,"academico":false,"academico-listado":false,"sedes-foto":false},"uagb_author_info":{"display_name":"Elizabeth","author_link":"https:\/\/ciesas.edu.mx\/investigacion\/author\/elizabeth\/"},"uagb_comment_info":0,"uagb_excerpt":null,"_links":{"self":[{"href":"https:\/\/ciesas.edu.mx\/investigacion\/wp-json\/wp\/v2\/pages\/9443","targetHints":{"allow":["GET"]}}],"collection":[{"href":"https:\/\/ciesas.edu.mx\/investigacion\/wp-json\/wp\/v2\/pages"}],"about":[{"href":"https:\/\/ciesas.edu.mx\/investigacion\/wp-json\/wp\/v2\/types\/page"}],"author":[{"embeddable":true,"href":"https:\/\/ciesas.edu.mx\/investigacion\/wp-json\/wp\/v2\/users\/5"}],"replies":[{"embeddable":true,"href":"https:\/\/ciesas.edu.mx\/investigacion\/wp-json\/wp\/v2\/comments?post=9443"}],"version-history":[{"count":2,"href":"https:\/\/ciesas.edu.mx\/investigacion\/wp-json\/wp\/v2\/pages\/9443\/revisions"}],"predecessor-version":[{"id":17213,"href":"https:\/\/ciesas.edu.mx\/investigacion\/wp-json\/wp\/v2\/pages\/9443\/revisions\/17213"}],"wp:attachment":[{"href":"https:\/\/ciesas.edu.mx\/investigacion\/wp-json\/wp\/v2\/media?parent=9443"}],"curies":[{"name":"wp","href":"https:\/\/api.w.org\/{rel}","templated":true}]}}