{"id":9446,"date":"2020-09-19T19:11:52","date_gmt":"2020-09-19T19:11:52","guid":{"rendered":"https:\/\/capazmente.com\/investigacion\/?page_id=9446"},"modified":"2021-02-11T00:17:30","modified_gmt":"2021-02-11T00:17:30","slug":"friedrich-katz","status":"publish","type":"page","link":"https:\/\/ciesas.edu.mx\/investigacion\/friedrich-katz\/","title":{"rendered":"Friedrich Katz"},"content":{"rendered":"\n<div class=\"wp-block-qubely-row qubely-section qubely-block-658d4b\"><div class=\"qubely-row-overlay\"><\/div><div class=\"qubely-container\"><div class=\"qubely-row \">\n<div class=\"wp-block-qubely-column qubely-column qubely-column-front qubely-block-4e2225\"><div class=\"qubely-column-inner\">\n<p style=\"background-color:#505c6b; color:white;font-size:18px;text-align:center;\">\nOpciones de Men\u00fa<\/p>\n\n\n<div class=\"menu-catedras-container\"><ul id=\"short_menu_69d64eb91c8ef\" class=\"shortcode_menu  wpsm-menu wpsm-vertical menu_enhance  \"><li id=\"menu-item-14602\" class=\"menu-item menu-item-type-custom menu-item-object-custom menu-item-14602\"><a href=\"https:\/\/ciesas.edu.mx\/investigacion\/catedra-de-geografia-humanaelisee-reclus\/\">Elisee Reclus<\/a><\/li>\n<li id=\"menu-item-14603\" class=\"menu-item menu-item-type-custom menu-item-object-custom menu-item-14603\"><a href=\"https:\/\/ciesas.edu.mx\/investigacion\/catedra-arturo-warman-2\/\">Arturo Warman<\/a><\/li>\n<li id=\"menu-item-14604\" class=\"menu-item menu-item-type-custom menu-item-object-custom menu-item-14604\"><a href=\"https:\/\/ciesas.edu.mx\/investigacion\/angel-palerm\/\">Angel Palerm<\/a><\/li>\n<li id=\"menu-item-14605\" class=\"menu-item menu-item-type-custom menu-item-object-custom menu-item-14605\"><a href=\"https:\/\/ciesas.edu.mx\/investigacion\/gonzalo-aguirre-beltran\/\">Gonzalo Aguirre Beltr\u00e1n<\/a><\/li>\n<li id=\"menu-item-14606\" class=\"menu-item menu-item-type-custom menu-item-object-custom menu-item-14606\"><a href=\"https:\/\/ciesas.edu.mx\/investigacion\/roberto-cardoso-de-oliveira\/\">Roberto Cardoso de Oliveira<\/a><\/li>\n<li id=\"menu-item-14607\" class=\"menu-item menu-item-type-custom menu-item-object-custom menu-item-14607\"><a href=\"https:\/\/ciesas.edu.mx\/investigacion\/jorge-alonso\/\">Jorge ALonso<\/a><\/li>\n<li id=\"menu-item-14608\" class=\"menu-item menu-item-type-custom menu-item-object-custom menu-item-14608\"><a href=\"https:\/\/ciesas.edu.mx\/investigacion\/jan-de-vos\/\">Jan de Vos<\/a><\/li>\n<li id=\"menu-item-14609\" class=\"menu-item menu-item-type-custom menu-item-object-custom menu-item-14609\"><a href=\"https:\/\/ciesas.edu.mx\/investigacion\/unesco-afrodescendientes-en-mexico-y-centroamerica-reconocimiento-expresiones-y-diversidad-cultural\/\">UNESCO: Afrodesendientes<\/a><\/li>\n<li id=\"menu-item-14610\" class=\"menu-item menu-item-type-custom menu-item-object-custom menu-item-14610\"><a href=\"https:\/\/ciesas.edu.mx\/investigacion\/friedrich-katz\/\">Friedrich Katz<\/a><\/li>\n<li id=\"menu-item-14611\" class=\"menu-item menu-item-type-custom menu-item-object-custom menu-item-14611\"><a href=\"https:\/\/ciesas.edu.mx\/investigacion\/regionales-guillermo-de-la-pena\/\">Guillermo de la Pe\u00f1a<\/a><\/li>\n<li id=\"menu-item-14612\" class=\"menu-item menu-item-type-custom menu-item-object-custom menu-item-14612\"><a href=\"https:\/\/ciesas.edu.mx\/investigacion\/marcela-lagarde-y-de-los-rios\/\">Marcela Lagarde<\/a><\/li>\n<\/ul><\/div><div class=\"clear\"><\/div>\n            <style>\n                #short_menu_69d64eb91c8ef { background:#505c6b;  }\n                #short_menu_69d64eb91c8ef ul.wpsm-arrow-enabled:before {  } \n                #short_menu_69d64eb91c8ef ul, #short_menu_69d64eb91c8ef ul ul {  }\n                #short_menu_69d64eb91c8ef a { color:#ffffff;  }\n                #short_menu_69d64eb91c8ef a:hover { color:#1e73be;  }\n                #short_menu_69d64eb91c8ef ul a {  }\n                #short_menu_69d64eb91c8ef ul a:hover {  }\n                &lt;br \/&gt;\n\n            <\/style>\n            <script type=\"text\/javascript\">\n                var show_arrow = \"true\";var $sm = jQuery.noConflict();\n                jQuery(function ($) {\n                    $(\"#short_menu_69d64eb91c8ef\").tinyNav();\n                    $(\"#short_menu_69d64eb91c8ef\").next().addClass(\"shortcode-menu-mobile\");\n                    shortcode_menu_responsive();\n                });\n                jQuery(window).resize(function($){\n                    shortcode_menu_responsive();\n                });\n                function shortcode_menu_responsive() {\n                    var window_width = $sm(window).width();\n                    if (window_width <= 650) {\n                        $sm(\"#short_menu_69d64eb91c8ef\").hide();\n                        $sm(\"#short_menu_69d64eb91c8ef\").next().show();\n                    } else {\n                        $sm(\"#short_menu_69d64eb91c8ef\").show();\n                        $sm(\"#short_menu_69d64eb91c8ef\").next().hide();\n                    }\n                }<\/script>\n<\/div><\/div>\n\n\n\n<div class=\"wp-block-qubely-column qubely-column qubely-column-front qubely-block-94f1de\"><div class=\"qubely-column-inner\">\n<div class=\"wp-block-image\"><figure class=\"aligncenter size-large is-resized\"><img loading=\"lazy\" decoding=\"async\" src=\"https:\/\/ciesas.edu.mx\/investigacion\/wp-content\/uploads\/2020\/11\/Sin-titulo-1.gif\" alt=\"\" class=\"wp-image-10838\" width=\"410\" height=\"273\"\/><\/figure><\/div>\n\n\n\n<p><b>C\u00e1tedra Internacional Friedrich Katz<\/b><\/p>\n<p>Coordinadora: Dra. Mar\u00eda Teresa Fern\u00e1ndez Aceves (CIESAS Occidente)\u00a0\u00a0<br \/>Correo:\u00a0 <a href=\"mailto:materesafdez@gmail.com\">materesafdez@gmail.com<\/a><\/p>\n<p style=\"text-align: justify;\">La C\u00e1tedra Internacional Friedrich Katz es una reuni\u00f3n acad\u00e9mica anual dedicada a explorar tanto los diversos temas que definieron la obra hist\u00f3rica de Friedrich Katz como las experiencias internacionales que marcaron su vida a lo largo del siglo 20: la Revoluci\u00f3n mexicana, los movimientos campesinos, las relaciones internacionales y el imperialismo, la guerra y las ideolog\u00edas, los exilios, las migraciones, etc.<\/p>\n<p style=\"text-align: justify;\">La C\u00e1tedra es una colaboraci\u00f3n entre seis instituciones: la Universidad de Chicago, El Colegio de M\u00e9xico, el CIESAS, la Universidad Libre de Berl\u00edn, la Universidad de Viena y la Universidad de Columbia. Se celebrar\u00e1, de modo rotativo.<\/p>\n<p style=\"text-align: justify;\">\u00a0<\/p>\n<\/div><\/div>\n\n\n\n<div class=\"wp-block-qubely-column qubely-column qubely-column-front qubely-block-fc61d2\"><div class=\"qubely-column-inner\"><\/div><\/div>\n<\/div><\/div><\/div>\n\n\n\n<div class=\"wp-block-qubely-row qubely-section qubely-block-cd1d2c\"><div class=\"qubely-row-overlay\"><\/div><div class=\"qubely-container\"><div class=\"qubely-row \">\n<div class=\"wp-block-qubely-column qubely-column qubely-column-front qubely-block-1b91ef\"><div class=\"qubely-column-inner\"><\/div><\/div>\n\n\n\n<div class=\"wp-block-qubely-column qubely-column qubely-column-front qubely-block-5d36cf\"><div class=\"qubely-column-inner\">\n<table id=\"tablepress-22\" class=\"tablepress tablepress-id-22 tablepress-responsive\">\n<thead>\n<tr class=\"row-1\">\n\t<th class=\"column-1\">T\u00edtulo del curso<\/th><th class=\"column-2\">Profesor\/Instituci\u00f3n<\/th><th class=\"column-3\">Fecha del curso<\/th><th class=\"column-4\">Lugar<\/th>\n<\/tr>\n<\/thead>\n<tbody class=\"row-striping row-hover\">\n<tr class=\"row-2\">\n\t<td class=\"column-1\">La C\u00e1tedra Katz es una reuni\u00f3n acad\u00e9mica anual dedicada a explorar los diversos temas que definieron la obra hist\u00f3rica de Friedrich Katz.<\/td><td class=\"column-2\">La C\u00e1tedra inaugural se llevar\u00e1 a cabo en Chicago el viernes 30 de octubre de 2015, auspiciada por el Centro Katz de la Universidad de Chicago.<br \/>\nFriday, October 30, 2015<br \/>\nViernes 30 de octubre de 2015 Commons Room, Stuart Hall<br \/>\n1025 East 58th St., Chicago, Illinois 1:30 PM - WELCOME\/BIENVENIDA<br \/>\nEmilio Kour\u00ed (University of Chicago)<br \/>\n2:00 PM - KEYNOTE LECTURE\/CONFERENCIA MAGISTRAL<br \/>\nJohn Womack, Jr. (Harvard University)<br \/>\nThe Mexican Revolution: What It Did, What It Made Possible, and What It Did Not Do<br \/>\n3:30 PM - PANEL: NEW RESEARCH ON KATZIAN THEMES NUEVAS INVESTIGACIONES SOBRE TEMAS KATZIANOS<br \/>\nPatrick Iber (University of Texas)<br \/>\nHumanismo, revoluci\u00f3n, y las leyendas negras del siglo XX Casey Lurtz (Harvard University)<\/td><td class=\"column-3\">viernes 30 de octubre de 2015<\/td><td class=\"column-4\">la Universidad de Chicago<\/td>\n<\/tr>\n<tr class=\"row-3\">\n\t<td class=\"column-1\"><\/td><td class=\"column-2\">Rethinking the Porfirian Countryside - Export Agriculture and Rural Development in Chiapas<br \/>\nBerthold Molden (Universit\u00e4t Wien)<br \/>\nHistoria global avant la lettre. El impacto de Friedrich Katz sobre la historiograf\u00eda actual de la Primera Guerra Mundial<br \/>\nJos\u00e9 Luis Ramos (Valparaiso University)<br \/>\nThe Origins of United States-Mexico History and the Persistence of Progressivism<br \/>\nJulia Young (Catholic University)<br \/>\nCatholic Nationalism in the Mexican Diaspora Moderator: Mauricio Tenorio (University of Chicago)<br \/>\n6:00 PM - CLOSING &amp; RECEPTION\/CLAUSURA Y VINO DE HONOR<\/td><td class=\"column-3\"><\/td><td class=\"column-4\"><\/td>\n<\/tr>\n<tr class=\"row-4\">\n\t<td class=\"column-1\">Nuevas miradas sobre la obra de Katz<\/td><td class=\"column-2\">Impartida por: Valentina Garza (CIESAS CDMX)<\/td><td class=\"column-3\">JUEVES 20 DE OCTUBRE 2016<\/td><td class=\"column-4\">COLMEX<\/td>\n<\/tr>\n<tr class=\"row-5\">\n\t<td class=\"column-1\">Entrelazamiento: vida y obra de Friedrich Katz y su influencia en la historiograf\u00eda sobre Am\u00e9rica Latina<\/td><td class=\"column-2\">Enrique Cemo Calev, Berthold Molden, Ricardo P\u00e9rez Montfort, Stefan Rinke, Bernd Hausberger.<\/td><td class=\"column-3\">26 de junio<br \/>\nde 2017<\/td><td class=\"column-4\">Universidad Libre de Berl\u00edn.<\/td>\n<\/tr>\n<tr class=\"row-6\">\n\t<td class=\"column-1\">Walking Through Walls, Transgressing Frontiers Border Regimes and Phantom Borders in North America and Central Europe since 1848<\/td><td class=\"column-2\">This  conference,  a  joint  venture  by  the  University  of  Chicago  and  the University of Vienna, takes place in Vienna in October 2018. As the fourth Catedra  Katz  it  will  focus  on  one  of  the  core  research  interests  of  late Mexicanist Friedrich Katz.<br \/>\nExtending   Katz\u2019s   original   focus   on   Mexico\u2019s   northern   frontier   as   a transnational space, we will discuss issues of labor migration, economy, and border regimes.<br \/>\nOur debates will tackle topics stretching from current controversies about bordering empires in the northern hemisphere (EU, USA) back to changes to   the   political   maps   of   North  America   and   Central   Europe   in  the Nineteenth Century.<br \/>\nEventually,  border  regimes  related  to  global  migration  flows  will  offer theoretical  and  juridical glimpses of the  Twentieth  and  the  Twenty-first Centuries.<br \/>\nRector\u2019s Office of International Relations Faculty of History and Cultural Studies<br \/>\nDepartment of History, Latin America Research Group<br \/>\nOctober 18, 2018, 18:30 | HS 1, main building, staircase 1, court 1 Martina Kaller, University of Vienna,<br \/>\nWelcome address<br \/>\nBerthold Molden, University of Vienna Border Boy. The Frontiers of Friedrich Katz<br \/>\nKate\u0159ina B\u0159ezinova, Metropolitan University of Praha<br \/>\nKeynote: The Mexican-American Border Wall and its Impact on North American Integration<br \/>\nOctober 19, 2018, 09:45 to 18:30 | HS 2, main building, staircase 5, court<br \/>\n3<br \/>\nLaurin Blecha, University of Vienna<br \/>\nAlong the post-1822 Mexican-Central American Border Markus Muller, Free University Berlin<br \/>\n\"A System of Vigorous Reprisal:\" The US Borderland Indian Campaigns as Crucible of Imperial Violence<br \/>\nAndrea Komlosy, University of Vienna<\/td><td class=\"column-3\">La C\u00e1tedra inaugural se llevar\u00e1 a cabo en Chicago el viernes 30 de octubre de 2015, auspiciada por el Centro Katz de la Universidad de Chicago.<br \/>\nFriday, October 30, 2015<br \/>\nViernes 30 de octubre de 2015 Commons Room, Stuart Hall<br \/>\n1025 East 58th St., Chicago, Illinois 1:30 PM - WELCOME\/BIENVENIDA<br \/>\nEmilio Kour\u00ed (University of Chicago)<br \/>\n2:00 PM - KEYNOTE LECTURE\/CONFERENCIA MAGISTRAL<br \/>\nJohn Womack, Jr. (Harvard University)<br \/>\nThe Mexican Revolution: What It Did, What It Made Possible, and What It Did Not Do<br \/>\n3:30 PM - PANEL: NEW RESEARCH ON KATZIAN THEMES NUEVAS INVESTIGACIONES SOBRE TEMAS KATZIANOS<br \/>\nPatrick Iber (University of Texas)<br \/>\nHumanismo, revoluci\u00f3n, y las leyendas negras del siglo XX Casey Lurtz (Harvard University)<\/td><td class=\"column-4\">University of Vienna<\/td>\n<\/tr>\n<tr class=\"row-7\">\n\t<td class=\"column-1\"><\/td><td class=\"column-2\">bordering empires in the northern hemisphere (EU, USA) back to changes to   the   political   maps   of   North  America   and   Central   Europe   in  the Nineteenth Century.<br \/>\nEventually,  border  regimes  related  to  global  migration  flows  will  offer theoretical  and  juridical glimpses of the  Twentieth  and  the  Twenty-first Centuries.<br \/>\nRector\u2019s Office of International Relations Faculty of History and Cultural Studies<br \/>\nDepartment of History, Latin America Research Group<br \/>\nOctober 18, 2018, 18:30 | HS 1, main building, staircase 1, court 1 Martina Kaller, University of Vienna,<br \/>\nWelcome address<br \/>\nBerthold Molden, University of Vienna Border Boy. The Frontiers of Friedrich Katz<br \/>\nKate\u0159ina B\u0159ezinova, Metropolitan University of Praha<br \/>\nKeynote: The Mexican-American Border Wall and its Impact on North American Integration<br \/>\nOctober 19, 2018, 09:45 to 18:30 | HS 2, main building, staircase 5, court<br \/>\n3<br \/>\nLaurin Blecha, University of Vienna<br \/>\nAlong the post-1822 Mexican-Central American Border Markus Muller, Free University Berlin<br \/>\n\"A System of Vigorous Reprisal:\" The US Borderland Indian Campaigns as Crucible of Imperial Violence<br \/>\nAndrea Komlosy, University of Vienna<\/td><td class=\"column-3\"><\/td><td class=\"column-4\"><\/td>\n<\/tr>\n<tr class=\"row-8\">\n\t<td class=\"column-1\"><\/td><td class=\"column-2\">The shifting empire: Austria-Hungary\u2019s Reorganization in the Face of Nationalism: 1848 \u2192 1867 \u21921918<br \/>\nAlberto Barrera Enderle, CIESAS Unidad Noreste, Mexico<br \/>\nSmuggling at the American Mexican Border in the Twentieth Century Chair: Martina Kaller<br \/>\nBreak 13:00 to 14:30<br \/>\nClaudia Kraft, University of Vienna<br \/>\nAlong the former Iron Curtain in Central Europe Daniela Ingruber, Donau University Krems<br \/>\nChallenges of Undocumented Immigration and Radical Responses: Walls,Fences, Military Enforcement<br \/>\nJonathan Ordonez Gaitan, University of Milan<br \/>\nBorders in Central America: Origins, Functions and Future Chair: Berthold Molden<\/td><td class=\"column-3\"><\/td><td class=\"column-4\"><\/td>\n<\/tr>\n<tr class=\"row-9\">\n\t<td class=\"column-1\">New Ruralities in Mexico: Phenomenology and Genealogies<\/td><td class=\"column-2\">Claudio Lomnitz, Campbell Family Professor of Anthropology Director, Center for Mexican Studies.<\/td><td class=\"column-3\">20  y 21 de febrero de 2020<\/td><td class=\"column-4\">Columbia University's Center for Mexican Studies,<br \/>\nChicago<\/td>\n<\/tr>\n<\/tbody>\n<\/table>\n\n<\/div><\/div>\n\n\n\n<div class=\"wp-block-qubely-column qubely-column qubely-column-front qubely-block-709aa0\"><div class=\"qubely-column-inner\"><\/div><\/div>\n<\/div><\/div><\/div>\n<div class=\"pvc_clear\"><\/div><p id=\"pvc_stats_9446\" class=\"pvc_stats all  \" data-element-id=\"9446\" style=\"\"><i class=\"pvc-stats-icon small\" aria-hidden=\"true\"><svg aria-hidden=\"true\" focusable=\"false\" data-prefix=\"far\" data-icon=\"chart-bar\" role=\"img\" xmlns=\"http:\/\/www.w3.org\/2000\/svg\" viewBox=\"0 0 512 512\" class=\"svg-inline--fa fa-chart-bar fa-w-16 fa-2x\"><path fill=\"currentColor\" d=\"M396.8 352h22.4c6.4 0 12.8-6.4 12.8-12.8V108.8c0-6.4-6.4-12.8-12.8-12.8h-22.4c-6.4 0-12.8 6.4-12.8 12.8v230.4c0 6.4 6.4 12.8 12.8 12.8zm-192 0h22.4c6.4 0 12.8-6.4 12.8-12.8V140.8c0-6.4-6.4-12.8-12.8-12.8h-22.4c-6.4 0-12.8 6.4-12.8 12.8v198.4c0 6.4 6.4 12.8 12.8 12.8zm96 0h22.4c6.4 0 12.8-6.4 12.8-12.8V204.8c0-6.4-6.4-12.8-12.8-12.8h-22.4c-6.4 0-12.8 6.4-12.8 12.8v134.4c0 6.4 6.4 12.8 12.8 12.8zM496 400H48V80c0-8.84-7.16-16-16-16H16C7.16 64 0 71.16 0 80v336c0 17.67 14.33 32 32 32h464c8.84 0 16-7.16 16-16v-16c0-8.84-7.16-16-16-16zm-387.2-48h22.4c6.4 0 12.8-6.4 12.8-12.8v-70.4c0-6.4-6.4-12.8-12.8-12.8h-22.4c-6.4 0-12.8 6.4-12.8 12.8v70.4c0 6.4 6.4 12.8 12.8 12.8z\" class=\"\"><\/path><\/svg><\/i> <img loading=\"lazy\" decoding=\"async\" width=\"16\" height=\"16\" alt=\"Loading\" src=\"https:\/\/ciesas.edu.mx\/investigacion\/wp-content\/plugins\/page-views-count\/ajax-loader-2x.gif\" border=0 \/><\/p><div class=\"pvc_clear\"><\/div>","protected":false},"excerpt":{"rendered":"<div class=\"pvc_clear\"><\/div>\n<p id=\"pvc_stats_9446\" class=\"pvc_stats all  \" data-element-id=\"9446\" style=\"\"><i class=\"pvc-stats-icon small\" aria-hidden=\"true\"><svg aria-hidden=\"true\" focusable=\"false\" data-prefix=\"far\" data-icon=\"chart-bar\" role=\"img\" xmlns=\"http:\/\/www.w3.org\/2000\/svg\" viewBox=\"0 0 512 512\" class=\"svg-inline--fa fa-chart-bar fa-w-16 fa-2x\"><path fill=\"currentColor\" d=\"M396.8 352h22.4c6.4 0 12.8-6.4 12.8-12.8V108.8c0-6.4-6.4-12.8-12.8-12.8h-22.4c-6.4 0-12.8 6.4-12.8 12.8v230.4c0 6.4 6.4 12.8 12.8 12.8zm-192 0h22.4c6.4 0 12.8-6.4 12.8-12.8V140.8c0-6.4-6.4-12.8-12.8-12.8h-22.4c-6.4 0-12.8 6.4-12.8 12.8v198.4c0 6.4 6.4 12.8 12.8 12.8zm96 0h22.4c6.4 0 12.8-6.4 12.8-12.8V204.8c0-6.4-6.4-12.8-12.8-12.8h-22.4c-6.4 0-12.8 6.4-12.8 12.8v134.4c0 6.4 6.4 12.8 12.8 12.8zM496 400H48V80c0-8.84-7.16-16-16-16H16C7.16 64 0 71.16 0 80v336c0 17.67 14.33 32 32 32h464c8.84 0 16-7.16 16-16v-16c0-8.84-7.16-16-16-16zm-387.2-48h22.4c6.4 0 12.8-6.4 12.8-12.8v-70.4c0-6.4-6.4-12.8-12.8-12.8h-22.4c-6.4 0-12.8 6.4-12.8 12.8v70.4c0 6.4 6.4 12.8 12.8 12.8z\" class=\"\"><\/path><\/svg><\/i> <img loading=\"lazy\" decoding=\"async\" width=\"16\" height=\"16\" alt=\"Loading\" src=\"https:\/\/ciesas.edu.mx\/investigacion\/wp-content\/plugins\/page-views-count\/ajax-loader-2x.gif\" border=0 \/><\/p>\n<div class=\"pvc_clear\"><\/div>\n","protected":false},"author":5,"featured_media":0,"parent":0,"menu_order":69,"comment_status":"closed","ping_status":"closed","template":"","meta":{"qubely_global_settings":"","qubely_interactions":"","om_disable_all_campaigns":false,"_uag_custom_page_level_css":"","_monsterinsights_skip_tracking":false,"_monsterinsights_sitenote_active":false,"_monsterinsights_sitenote_note":"","_monsterinsights_sitenote_category":0,"footnotes":""},"class_list":["post-9446","page","type-page","status-publish","hentry"],"aioseo_notices":[],"featured_image_urls_v2":{"full":"","thumbnail":"","medium":"","medium_large":"","large":"","1536x1536":"","2048x2048":"","qubely_landscape":"","qubely_portrait":"","qubely_thumbnail":"","gb-block-post-grid-landscape":"","gb-block-post-grid-square":"","ciesas":"","noticias":"","noticias_portrait":"","posgrados":"","fotoacademicos":"","noticias-investigacion":"","academico":"","academico-listado":"","sedes-foto":""},"post_excerpt_stackable_v2":"<p>Opciones de Men\u00fa Elisee Reclus Arturo Warman Angel Palerm Gonzalo Aguirre Beltr\u00e1n Roberto Cardoso de Oliveira Jorge ALonso Jan de Vos UNESCO: Afrodesendientes Friedrich Katz Guillermo de la Pe\u00f1a Marcela Lagarde C\u00e1tedra Internacional Friedrich Katz Coordinadora: Dra. Mar\u00eda Teresa Fern\u00e1ndez Aceves (CIESAS Occidente)\u00a0\u00a0Correo:\u00a0 materesafdez@gmail.com La C\u00e1tedra Internacional Friedrich Katz es una reuni\u00f3n acad\u00e9mica anual dedicada a explorar tanto los diversos temas que definieron la obra hist\u00f3rica de Friedrich Katz como las experiencias internacionales que marcaron su vida a lo largo del siglo 20: la Revoluci\u00f3n mexicana, los movimientos campesinos, las relaciones internacionales y el imperialismo, la guerra y las ideolog\u00edas,&hellip;<\/p>\n<div class=\"pvc_clear\"><\/div>\n<p id=\"pvc_stats_9446\" class=\"pvc_stats all  \" data-element-id=\"9446\" style=\"\"><i class=\"pvc-stats-icon small\" aria-hidden=\"true\"><svg aria-hidden=\"true\" focusable=\"false\" data-prefix=\"far\" data-icon=\"chart-bar\" role=\"img\" xmlns=\"http:\/\/www.w3.org\/2000\/svg\" viewBox=\"0 0 512 512\" class=\"svg-inline--fa fa-chart-bar fa-w-16 fa-2x\"><path fill=\"currentColor\" d=\"M396.8 352h22.4c6.4 0 12.8-6.4 12.8-12.8V108.8c0-6.4-6.4-12.8-12.8-12.8h-22.4c-6.4 0-12.8 6.4-12.8 12.8v230.4c0 6.4 6.4 12.8 12.8 12.8zm-192 0h22.4c6.4 0 12.8-6.4 12.8-12.8V140.8c0-6.4-6.4-12.8-12.8-12.8h-22.4c-6.4 0-12.8 6.4-12.8 12.8v198.4c0 6.4 6.4 12.8 12.8 12.8zm96 0h22.4c6.4 0 12.8-6.4 12.8-12.8V204.8c0-6.4-6.4-12.8-12.8-12.8h-22.4c-6.4 0-12.8 6.4-12.8 12.8v134.4c0 6.4 6.4 12.8 12.8 12.8zM496 400H48V80c0-8.84-7.16-16-16-16H16C7.16 64 0 71.16 0 80v336c0 17.67 14.33 32 32 32h464c8.84 0 16-7.16 16-16v-16c0-8.84-7.16-16-16-16zm-387.2-48h22.4c6.4 0 12.8-6.4 12.8-12.8v-70.4c0-6.4-6.4-12.8-12.8-12.8h-22.4c-6.4 0-12.8 6.4-12.8 12.8v70.4c0 6.4 6.4 12.8 12.8 12.8z\" class=\"\"><\/path><\/svg><\/i> <img loading=\"lazy\" decoding=\"async\" width=\"16\" height=\"16\" alt=\"Loading\" src=\"https:\/\/ciesas.edu.mx\/investigacion\/wp-content\/plugins\/page-views-count\/ajax-loader-2x.gif\" border=0 \/><\/p>\n<div class=\"pvc_clear\"><\/div>\n","category_list_v2":"","author_info_v2":{"name":"Elizabeth","url":"https:\/\/ciesas.edu.mx\/investigacion\/author\/elizabeth\/"},"comments_num_v2":"0 comentarios","featured_image_src":null,"featured_image_src_square":null,"uagb_featured_image_src":{"full":false,"thumbnail":false,"medium":false,"medium_large":false,"large":false,"1536x1536":false,"2048x2048":false,"qubely_landscape":false,"qubely_portrait":false,"qubely_thumbnail":false,"gb-block-post-grid-landscape":false,"gb-block-post-grid-square":false,"ciesas":false,"noticias":false,"noticias_portrait":false,"posgrados":false,"fotoacademicos":false,"noticias-investigacion":false,"academico":false,"academico-listado":false,"sedes-foto":false},"uagb_author_info":{"display_name":"Elizabeth","author_link":"https:\/\/ciesas.edu.mx\/investigacion\/author\/elizabeth\/"},"uagb_comment_info":0,"uagb_excerpt":null,"_links":{"self":[{"href":"https:\/\/ciesas.edu.mx\/investigacion\/wp-json\/wp\/v2\/pages\/9446","targetHints":{"allow":["GET"]}}],"collection":[{"href":"https:\/\/ciesas.edu.mx\/investigacion\/wp-json\/wp\/v2\/pages"}],"about":[{"href":"https:\/\/ciesas.edu.mx\/investigacion\/wp-json\/wp\/v2\/types\/page"}],"author":[{"embeddable":true,"href":"https:\/\/ciesas.edu.mx\/investigacion\/wp-json\/wp\/v2\/users\/5"}],"replies":[{"embeddable":true,"href":"https:\/\/ciesas.edu.mx\/investigacion\/wp-json\/wp\/v2\/comments?post=9446"}],"version-history":[{"count":0,"href":"https:\/\/ciesas.edu.mx\/investigacion\/wp-json\/wp\/v2\/pages\/9446\/revisions"}],"wp:attachment":[{"href":"https:\/\/ciesas.edu.mx\/investigacion\/wp-json\/wp\/v2\/media?parent=9446"}],"curies":[{"name":"wp","href":"https:\/\/api.w.org\/{rel}","templated":true}]}}