{"id":9449,"date":"2020-09-19T19:17:02","date_gmt":"2020-09-19T19:17:02","guid":{"rendered":"https:\/\/capazmente.com\/investigacion\/?page_id=9449"},"modified":"2025-01-20T23:51:06","modified_gmt":"2025-01-20T23:51:06","slug":"regionales-guillermo-de-la-pena","status":"publish","type":"page","link":"https:\/\/ciesas.edu.mx\/investigacion\/regionales-guillermo-de-la-pena\/","title":{"rendered":"Estudios Regionales Guillermo de la Pe\u00f1a"},"content":{"rendered":"\n<div class=\"wp-block-qubely-row qubely-section qubely-block-28e41b\"><div class=\"qubely-row-overlay\"><\/div><div class=\"qubely-container\"><div class=\"qubely-row \">\n<div class=\"wp-block-qubely-column qubely-column qubely-column-front qubely-block-2b9f42\"><div class=\"qubely-column-inner\"><\/div><\/div>\n\n\n\n<div class=\"wp-block-qubely-column qubely-column qubely-column-front qubely-block-34a5e7\"><div class=\"qubely-column-inner\"><div class=\"wp-block-image is-resized\">\n<figure class=\"aligncenter size-large\"><img loading=\"lazy\" decoding=\"async\" width=\"600\" height=\"400\" src=\"https:\/\/ciesas.edu.mx\/investigacion\/wp-content\/uploads\/2020\/04\/catedra-guillermo-de-la-pena.png\" alt=\"\" class=\"wp-image-4928\" srcset=\"https:\/\/ciesas.edu.mx\/investigacion\/wp-content\/uploads\/2020\/04\/catedra-guillermo-de-la-pena.png 600w, https:\/\/ciesas.edu.mx\/investigacion\/wp-content\/uploads\/2020\/04\/catedra-guillermo-de-la-pena-300x200.png 300w, https:\/\/ciesas.edu.mx\/investigacion\/wp-content\/uploads\/2020\/04\/catedra-guillermo-de-la-pena-437x291.png 437w\" sizes=\"auto, (max-width: 600px) 100vw, 600px\" \/><\/figure>\n<\/div>\n\n\n<p><b>C\u00e1tedra de Estudios Regionales Guillermo de la Pe\u00f1a<\/b><\/p>\n<p>Secretaria T\u00e9cnica: Olimpia Mu\u00f1oz (CIESAS Occidente)<br \/>Correo: <a href=\"mailto:catedra.estudiosregionales@gmail.com\" target=\"_blank\" rel=\"noreferrer noopener\">catedra.estudiosregionales@gmail.com<\/a><\/p>\n<p style=\"text-align: justify;\">Creada en 2016 por el Centro Universitario del Sur (CUSur) de la Universidad de Guadalajara y el CIESAS Occidente, la c\u00e1tedra tiene el objetivo de consolidar y ampliar el trabajo realizado durante m\u00e1s de 40 a\u00f1os en esta materia y fortalecer en ambas instituciones las actividades de docencia, investigaci\u00f3n, vinculaci\u00f3n y difusi\u00f3n del quehacer cient\u00edfico en las Ciencias Sociales y territoriales.<\/p>\n<p style=\"text-align: justify;\">La c\u00e1tedra busca asimismo reconocer la labor del antrop\u00f3logo Guillermo de la Pe\u00f1a, quien fue fundador del CIESAS Occidente y del Centro de Estudios Antropol\u00f3gicos de El Colegio de Michoac\u00e1n e inici\u00f3, entre 1970 y 1980, un vasto proyecto de investigaci\u00f3n sobre el sur de Jalisco, que marc\u00f3 pautas para estudios regionales posteriores.<\/p>\n<p style=\"text-align: justify;\">En palabras de Guillermo de la Pe\u00f1a, la idea de la c\u00e1tedra es \u201crecuperar en el Occidente de M\u00e9xico el inter\u00e9s sobre la regi\u00f3n como sujeto de estudio. Aunque no hab\u00eda desaparecido, se hab\u00eda diluido en el contexto de un M\u00e9xico globalizado. Pensamos, sin embargo, que precisamente en tal contexto muchos temas actuales y candentes requieren de miradas espec\u00edficas a las regiones y a sus procesos de reconfiguraci\u00f3n\u201d.<\/p>\n<\/div><\/div>\n\n\n\n<div class=\"wp-block-qubely-column qubely-column qubely-column-front qubely-block-c5f577\"><div class=\"qubely-column-inner\"><\/div><\/div>\n<\/div><\/div><\/div>\n\n\n\n<div class=\"wp-block-qubely-row qubely-section qubely-block-4f68c1\"><div class=\"qubely-row-overlay\"><\/div><div class=\"qubely-container\"><div class=\"qubely-row \">\n<div class=\"wp-block-qubely-column qubely-column qubely-column-front qubely-block-cffc25\"><div class=\"qubely-column-inner\"><\/div><\/div>\n\n\n\n<div class=\"wp-block-qubely-column qubely-column qubely-column-front qubely-block-e0872c\"><div class=\"qubely-column-inner\">\n<table id=\"tablepress-23\" class=\"tablepress tablepress-id-23 tablepress-responsive\">\n<thead>\n<tr class=\"row-1\">\n\t<th class=\"column-1\">T\u00edtulo del curso<\/th><th class=\"column-2\">Profesor\/Instituci\u00f3n<\/th><th class=\"column-3\">Fecha del curso<\/th><th class=\"column-4\">Lugar<\/th>\n<\/tr>\n<\/thead>\n<tbody class=\"row-striping row-hover\">\n<tr class=\"row-2\">\n\t<td class=\"column-1\">Seminarios.<br \/>\nRegi\u00f3n, ciudad y campo - 2 y 3 de marzo:<br \/>\nInd\u00edgenas y Rancheros en la tierra n\u00f3mada: homenaje a Phil Weigand.<br \/>\nArqueolog\u00eda y etnohistoria de Jalisco: homenaje a Otto Sch\u00f6ndube<br \/>\nHistoria regional, el pasado y el presente: homenaje a Enrique Florescano<\/td><td class=\"column-2\">Dr. Bryan R. Roberts de la Universidad de Texas, Dr. Agust\u00edn Escobar Latap\u00ed de CIESAS, Dr. Alejandro Mac\u00edas Mac\u00edas de la Universidad de Guadalajara, Dra. Emilia Vel\u00e1zquez de CIESAS,<br \/>\nDr. Andr\u00e9s F\u00e1bregas Puig<br \/>\nde CIESAS Occidente,Dr. Eduardo Williams de El Colegio de Michoac\u00e1n, Mtra. Ericka Blanco del Centro Interpretativo Guachimontones, Dr. V\u00edctor T\u00e9llez de la Universidad de Guadalajara, Mtro. Otto Sch\u00f6ndube, Dra. Julia Preciado de CIESAS Occidente, el Dr. Joseph Mountjou de la Universidad de Guadalajara y el Dr. Manuel Aguilar Moreno de la Universidad del Estado de California en Los \u00c1ngeles,<br \/>\nDr.   Enrique   Florescano,   Dra.   Elisa   C\u00e1rdenas   de   la   Universidad   de Guadalajara, la Dra. Cecilia Sheridan de CIESAS Noreste y el Dr. Thomas Calvo de El Colegio de Michoac\u00e1n.<\/td><td class=\"column-3\">2017<\/td><td class=\"column-4\">CIESAS OCC<\/td>\n<\/tr>\n<tr class=\"row-3\">\n\t<td class=\"column-1\"><\/td><td class=\"column-2\">Luis Alberto Vargas Guadarrama, Instituto de Investigaciones en Ecosistemas y Sustentabilidad de la UNAM<br \/>\nClaudia Maga\u00f1a, equipo de investigaci\u00f3n sobre la Alimentaci\u00f3n en Contextos Vulnerables, de la Universidad de Barcelona<br \/>\nStefan Igor Ayora Diaz, Facultad de Ciencias Antropol\u00f3gicas de la Universidad de Yucat\u00e1n<br \/>\nSarah Bak-Geller Corona, Instituto de Investigaciones Antropol\u00f3gicas de la UNAM<br \/>\nAlejandro Casas Fern\u00e1ndez, Instituto de Investigaciones en Ecosistemas y Sustentabilidad de la UNAM<br \/>\nRicardo \u00c1vila Palafox, Departamento de Estudios Mesoamericanos y Mexicanos de la Universidad de Guadalajara<\/td><td class=\"column-3\">14 y 15 de<br \/>\nmarzo de 2019<\/td><td class=\"column-4\">Centro Universitario del Sur de la Universidad de Guadalajara, Ciudad Guzm\u00e1n, Jalisco.<\/td>\n<\/tr>\n<\/tbody>\n<\/table>\n\n<\/div><\/div>\n\n\n\n<div class=\"wp-block-qubely-column qubely-column qubely-column-front qubely-block-4775a0\"><div class=\"qubely-column-inner\"><\/div><\/div>\n<\/div><\/div><\/div>\n<div class=\"pvc_clear\"><\/div><p id=\"pvc_stats_9449\" class=\"pvc_stats all  \" data-element-id=\"9449\" style=\"\"><i class=\"pvc-stats-icon small\" aria-hidden=\"true\"><svg aria-hidden=\"true\" focusable=\"false\" data-prefix=\"far\" data-icon=\"chart-bar\" role=\"img\" xmlns=\"http:\/\/www.w3.org\/2000\/svg\" viewBox=\"0 0 512 512\" class=\"svg-inline--fa fa-chart-bar fa-w-16 fa-2x\"><path fill=\"currentColor\" d=\"M396.8 352h22.4c6.4 0 12.8-6.4 12.8-12.8V108.8c0-6.4-6.4-12.8-12.8-12.8h-22.4c-6.4 0-12.8 6.4-12.8 12.8v230.4c0 6.4 6.4 12.8 12.8 12.8zm-192 0h22.4c6.4 0 12.8-6.4 12.8-12.8V140.8c0-6.4-6.4-12.8-12.8-12.8h-22.4c-6.4 0-12.8 6.4-12.8 12.8v198.4c0 6.4 6.4 12.8 12.8 12.8zm96 0h22.4c6.4 0 12.8-6.4 12.8-12.8V204.8c0-6.4-6.4-12.8-12.8-12.8h-22.4c-6.4 0-12.8 6.4-12.8 12.8v134.4c0 6.4 6.4 12.8 12.8 12.8zM496 400H48V80c0-8.84-7.16-16-16-16H16C7.16 64 0 71.16 0 80v336c0 17.67 14.33 32 32 32h464c8.84 0 16-7.16 16-16v-16c0-8.84-7.16-16-16-16zm-387.2-48h22.4c6.4 0 12.8-6.4 12.8-12.8v-70.4c0-6.4-6.4-12.8-12.8-12.8h-22.4c-6.4 0-12.8 6.4-12.8 12.8v70.4c0 6.4 6.4 12.8 12.8 12.8z\" class=\"\"><\/path><\/svg><\/i> <img loading=\"lazy\" decoding=\"async\" width=\"16\" height=\"16\" alt=\"Loading\" src=\"https:\/\/ciesas.edu.mx\/investigacion\/wp-content\/plugins\/page-views-count\/ajax-loader-2x.gif\" border=0 \/><\/p><div class=\"pvc_clear\"><\/div>","protected":false},"excerpt":{"rendered":"<div class=\"pvc_clear\"><\/div>\n<p id=\"pvc_stats_9449\" class=\"pvc_stats all  \" data-element-id=\"9449\" style=\"\"><i class=\"pvc-stats-icon small\" aria-hidden=\"true\"><svg aria-hidden=\"true\" focusable=\"false\" data-prefix=\"far\" data-icon=\"chart-bar\" role=\"img\" xmlns=\"http:\/\/www.w3.org\/2000\/svg\" viewBox=\"0 0 512 512\" class=\"svg-inline--fa fa-chart-bar fa-w-16 fa-2x\"><path fill=\"currentColor\" d=\"M396.8 352h22.4c6.4 0 12.8-6.4 12.8-12.8V108.8c0-6.4-6.4-12.8-12.8-12.8h-22.4c-6.4 0-12.8 6.4-12.8 12.8v230.4c0 6.4 6.4 12.8 12.8 12.8zm-192 0h22.4c6.4 0 12.8-6.4 12.8-12.8V140.8c0-6.4-6.4-12.8-12.8-12.8h-22.4c-6.4 0-12.8 6.4-12.8 12.8v198.4c0 6.4 6.4 12.8 12.8 12.8zm96 0h22.4c6.4 0 12.8-6.4 12.8-12.8V204.8c0-6.4-6.4-12.8-12.8-12.8h-22.4c-6.4 0-12.8 6.4-12.8 12.8v134.4c0 6.4 6.4 12.8 12.8 12.8zM496 400H48V80c0-8.84-7.16-16-16-16H16C7.16 64 0 71.16 0 80v336c0 17.67 14.33 32 32 32h464c8.84 0 16-7.16 16-16v-16c0-8.84-7.16-16-16-16zm-387.2-48h22.4c6.4 0 12.8-6.4 12.8-12.8v-70.4c0-6.4-6.4-12.8-12.8-12.8h-22.4c-6.4 0-12.8 6.4-12.8 12.8v70.4c0 6.4 6.4 12.8 12.8 12.8z\" class=\"\"><\/path><\/svg><\/i> <img loading=\"lazy\" decoding=\"async\" width=\"16\" height=\"16\" alt=\"Loading\" src=\"https:\/\/ciesas.edu.mx\/investigacion\/wp-content\/plugins\/page-views-count\/ajax-loader-2x.gif\" border=0 \/><\/p>\n<div class=\"pvc_clear\"><\/div>\n","protected":false},"author":5,"featured_media":0,"parent":0,"menu_order":68,"comment_status":"closed","ping_status":"closed","template":"","meta":{"qubely_global_settings":"","qubely_interactions":"","om_disable_all_campaigns":false,"_uag_custom_page_level_css":"","_monsterinsights_skip_tracking":false,"_monsterinsights_sitenote_active":false,"_monsterinsights_sitenote_note":"","_monsterinsights_sitenote_category":0,"footnotes":""},"class_list":["post-9449","page","type-page","status-publish","hentry"],"aioseo_notices":[],"a3_pvc":{"activated":true,"total_views":291,"today_views":0},"featured_image_urls_v2":{"full":"","thumbnail":"","medium":"","medium_large":"","large":"","1536x1536":"","2048x2048":"","qubely_landscape":"","qubely_portrait":"","qubely_thumbnail":"","gb-block-post-grid-landscape":"","gb-block-post-grid-square":"","ciesas":"","noticias":"","noticias_portrait":"","posgrados":"","fotoacademicos":"","noticias-investigacion":"","academico":"","academico-listado":"","sedes-foto":""},"post_excerpt_stackable_v2":"<p>C\u00e1tedra de Estudios Regionales Guillermo de la Pe\u00f1a Secretaria T\u00e9cnica: Olimpia Mu\u00f1oz (CIESAS Occidente)Correo: catedra.estudiosregionales@gmail.com Creada en 2016 por el Centro Universitario del Sur (CUSur) de la Universidad de Guadalajara y el CIESAS Occidente, la c\u00e1tedra tiene el objetivo de consolidar y ampliar el trabajo realizado durante m\u00e1s de 40 a\u00f1os en esta materia y fortalecer en ambas instituciones las actividades de docencia, investigaci\u00f3n, vinculaci\u00f3n y difusi\u00f3n del quehacer cient\u00edfico en las Ciencias Sociales y territoriales. La c\u00e1tedra busca asimismo reconocer la labor del antrop\u00f3logo Guillermo de la Pe\u00f1a, quien fue fundador del CIESAS Occidente y del Centro de Estudios&hellip;<\/p>\n<div class=\"pvc_clear\"><\/div>\n<p id=\"pvc_stats_9449\" class=\"pvc_stats all  \" data-element-id=\"9449\" style=\"\"><i class=\"pvc-stats-icon small\" aria-hidden=\"true\"><svg aria-hidden=\"true\" focusable=\"false\" data-prefix=\"far\" data-icon=\"chart-bar\" role=\"img\" xmlns=\"http:\/\/www.w3.org\/2000\/svg\" viewBox=\"0 0 512 512\" class=\"svg-inline--fa fa-chart-bar fa-w-16 fa-2x\"><path fill=\"currentColor\" d=\"M396.8 352h22.4c6.4 0 12.8-6.4 12.8-12.8V108.8c0-6.4-6.4-12.8-12.8-12.8h-22.4c-6.4 0-12.8 6.4-12.8 12.8v230.4c0 6.4 6.4 12.8 12.8 12.8zm-192 0h22.4c6.4 0 12.8-6.4 12.8-12.8V140.8c0-6.4-6.4-12.8-12.8-12.8h-22.4c-6.4 0-12.8 6.4-12.8 12.8v198.4c0 6.4 6.4 12.8 12.8 12.8zm96 0h22.4c6.4 0 12.8-6.4 12.8-12.8V204.8c0-6.4-6.4-12.8-12.8-12.8h-22.4c-6.4 0-12.8 6.4-12.8 12.8v134.4c0 6.4 6.4 12.8 12.8 12.8zM496 400H48V80c0-8.84-7.16-16-16-16H16C7.16 64 0 71.16 0 80v336c0 17.67 14.33 32 32 32h464c8.84 0 16-7.16 16-16v-16c0-8.84-7.16-16-16-16zm-387.2-48h22.4c6.4 0 12.8-6.4 12.8-12.8v-70.4c0-6.4-6.4-12.8-12.8-12.8h-22.4c-6.4 0-12.8 6.4-12.8 12.8v70.4c0 6.4 6.4 12.8 12.8 12.8z\" class=\"\"><\/path><\/svg><\/i> <img loading=\"lazy\" decoding=\"async\" width=\"16\" height=\"16\" alt=\"Loading\" src=\"https:\/\/ciesas.edu.mx\/investigacion\/wp-content\/plugins\/page-views-count\/ajax-loader-2x.gif\" border=0 \/><\/p>\n<div class=\"pvc_clear\"><\/div>\n","category_list_v2":"","author_info_v2":{"name":"Elizabeth","url":"https:\/\/ciesas.edu.mx\/investigacion\/author\/elizabeth\/"},"comments_num_v2":"0 comentarios","featured_image_src":null,"featured_image_src_square":null,"uagb_featured_image_src":{"full":false,"thumbnail":false,"medium":false,"medium_large":false,"large":false,"1536x1536":false,"2048x2048":false,"qubely_landscape":false,"qubely_portrait":false,"qubely_thumbnail":false,"gb-block-post-grid-landscape":false,"gb-block-post-grid-square":false,"ciesas":false,"noticias":false,"noticias_portrait":false,"posgrados":false,"fotoacademicos":false,"noticias-investigacion":false,"academico":false,"academico-listado":false,"sedes-foto":false},"uagb_author_info":{"display_name":"Elizabeth","author_link":"https:\/\/ciesas.edu.mx\/investigacion\/author\/elizabeth\/"},"uagb_comment_info":0,"uagb_excerpt":null,"_links":{"self":[{"href":"https:\/\/ciesas.edu.mx\/investigacion\/wp-json\/wp\/v2\/pages\/9449","targetHints":{"allow":["GET"]}}],"collection":[{"href":"https:\/\/ciesas.edu.mx\/investigacion\/wp-json\/wp\/v2\/pages"}],"about":[{"href":"https:\/\/ciesas.edu.mx\/investigacion\/wp-json\/wp\/v2\/types\/page"}],"author":[{"embeddable":true,"href":"https:\/\/ciesas.edu.mx\/investigacion\/wp-json\/wp\/v2\/users\/5"}],"replies":[{"embeddable":true,"href":"https:\/\/ciesas.edu.mx\/investigacion\/wp-json\/wp\/v2\/comments?post=9449"}],"version-history":[{"count":1,"href":"https:\/\/ciesas.edu.mx\/investigacion\/wp-json\/wp\/v2\/pages\/9449\/revisions"}],"predecessor-version":[{"id":17210,"href":"https:\/\/ciesas.edu.mx\/investigacion\/wp-json\/wp\/v2\/pages\/9449\/revisions\/17210"}],"wp:attachment":[{"href":"https:\/\/ciesas.edu.mx\/investigacion\/wp-json\/wp\/v2\/media?parent=9449"}],"curies":[{"name":"wp","href":"https:\/\/api.w.org\/{rel}","templated":true}]}}