{"id":9453,"date":"2020-09-19T19:21:55","date_gmt":"2020-09-19T19:21:55","guid":{"rendered":"https:\/\/capazmente.com\/investigacion\/?page_id=9453"},"modified":"2025-01-20T23:49:42","modified_gmt":"2025-01-20T23:49:42","slug":"marcela-lagarde-y-de-los-rios","status":"publish","type":"page","link":"https:\/\/ciesas.edu.mx\/investigacion\/marcela-lagarde-y-de-los-rios\/","title":{"rendered":"Marcela Lagarde y de los R\u00edos"},"content":{"rendered":"\n<div class=\"wp-block-qubely-row qubely-section qubely-block-7c9684\"><div class=\"qubely-row-overlay\"><\/div><div class=\"qubely-container\"><div class=\"qubely-row \">\n<div class=\"wp-block-qubely-column qubely-column qubely-column-front qubely-block-a03d50\"><div class=\"qubely-column-inner\"><\/div><\/div>\n\n\n\n<div class=\"wp-block-qubely-column qubely-column qubely-column-front qubely-block-454b29\"><div class=\"qubely-column-inner\"><div class=\"wp-block-image\">\n<figure class=\"aligncenter size-large is-resized\"><img loading=\"lazy\" decoding=\"async\" width=\"600\" height=\"400\" src=\"https:\/\/ciesas.edu.mx\/investigacion\/wp-content\/uploads\/2020\/04\/catedra-marcela-lagarde.png\" alt=\"\" class=\"wp-image-4930\" style=\"width:700px\" srcset=\"https:\/\/ciesas.edu.mx\/investigacion\/wp-content\/uploads\/2020\/04\/catedra-marcela-lagarde.png 600w, https:\/\/ciesas.edu.mx\/investigacion\/wp-content\/uploads\/2020\/04\/catedra-marcela-lagarde-300x200.png 300w, https:\/\/ciesas.edu.mx\/investigacion\/wp-content\/uploads\/2020\/04\/catedra-marcela-lagarde-437x291.png 437w\" sizes=\"auto, (max-width: 600px) 100vw, 600px\" \/><\/figure>\n<\/div>\n\n\n<p><b>C\u00e1tedra Internacional Marcela Lagarde y de los R\u00edos<\/b><\/p>\n<p>Coordinadora: Dra. Patricia Ravelo Blancas (CIESAS CDMX)<br \/>Correo: <a href=\"mailto:patriciaraveloblancas@gmail.com\">patriciaraveloblancas@gmail.com<\/a><\/p>\n<p style=\"text-align: justify;\">Esta c\u00e1tedra surge de la iniciativa entre la Universidad de Texas en Austin, la Universidad Nacional Aut\u00f3noma de M\u00e9xico, el Centro de Investigaciones y Estudios Superiores en Antropolog\u00eda Social y la Universidad Aut\u00f3noma de Ciudad Ju\u00e1rez, que en 2015 convocaron a conformar un espacio acad\u00e9mico, de investigaci\u00f3n, formaci\u00f3n e incidencia pol\u00edtica en el que se desarrollen actividades en torno a la erradicaci\u00f3n de la violencia de g\u00e9nero y la consolidaci\u00f3n de los derechos humanos de las mujeres en M\u00e9xico y otros pa\u00edses iberoamericanos. El evento constituye un espacio de di\u00e1logo y reflexi\u00f3n, no s\u00f3lo con la Dra. Marcela Lagarde, a partir de sus intervenciones y de la lectura de su obra, sino de los especialistas que buscan interactuar con estudiantes, integrantes de entidades acad\u00e9micas, activistas, artistas, intelectuales, funcionarios, hombres y mujeres legisladores, pol\u00edticas, comunic\u00f3logas, relatoras y visitadoras derecho humanistas.<\/p>\n<\/div><\/div>\n\n\n\n<div class=\"wp-block-qubely-column qubely-column qubely-column-front qubely-block-8c7dcc\"><div class=\"qubely-column-inner\"><\/div><\/div>\n<\/div><\/div><\/div>\n\n\n\n<div class=\"wp-block-qubely-row qubely-section qubely-block-c28958\"><div class=\"qubely-row-overlay\"><\/div><div class=\"qubely-container\"><div class=\"qubely-row \">\n<div class=\"wp-block-qubely-column qubely-column qubely-column-front qubely-block-778fd6\"><div class=\"qubely-column-inner\"><\/div><\/div>\n\n\n\n<div class=\"wp-block-qubely-column qubely-column qubely-column-front qubely-block-034f85\"><div class=\"qubely-column-inner\">\n<table id=\"tablepress-21\" class=\"tablepress tablepress-id-21 tablepress-responsive\">\n<thead>\n<tr class=\"row-1\">\n\t<th class=\"column-1\">T\u00edtulo del curso<\/th><th class=\"column-2\">Profesor\/Instituci\u00f3n<\/th><th class=\"column-3\">Fecha del curso<\/th><th class=\"column-4\">Lugar<\/th>\n<\/tr>\n<\/thead>\n<tbody class=\"row-striping row-hover\">\n<tr class=\"row-2\">\n\t<td class=\"column-1\">\u201cC\u00e1tedra internacional \u2018Marcela Lagarde y de los R\u00edos\u201d.<br \/>\nConferencia magistral \u201cClaves feministas para la alerta de violencia de g\u00e9nero\"<\/td><td class=\"column-2\">impartida por la Dra. Marcela Lagarde y de los Rios<\/td><td class=\"column-3\">2018<\/td><td class=\"column-4\">OAXACA<\/td>\n<\/tr>\n<tr class=\"row-3\">\n\t<td class=\"column-1\">C\u00e1tedra Marcela Lagarde y de los R\u00edos. Seminario Internacional Feminismos y Violencias.<br \/>\nDesaf\u00edos Actuales<\/td><td class=\"column-2\">impartida por la Dra. Marcela Lagarde y de los Rios<\/td><td class=\"column-3\">25 y 26 de<br \/>\nabril de 2019<\/td><td class=\"column-4\">CIESAS CDMX<\/td>\n<\/tr>\n<\/tbody>\n<\/table>\n\n<\/div><\/div>\n\n\n\n<div class=\"wp-block-qubely-column qubely-column qubely-column-front qubely-block-cbb5c9\"><div class=\"qubely-column-inner\"><\/div><\/div>\n<\/div><\/div><\/div>\n<div class=\"pvc_clear\"><\/div><p id=\"pvc_stats_9453\" class=\"pvc_stats all  \" data-element-id=\"9453\" style=\"\"><i class=\"pvc-stats-icon small\" aria-hidden=\"true\"><svg aria-hidden=\"true\" focusable=\"false\" data-prefix=\"far\" data-icon=\"chart-bar\" role=\"img\" xmlns=\"http:\/\/www.w3.org\/2000\/svg\" viewBox=\"0 0 512 512\" class=\"svg-inline--fa fa-chart-bar fa-w-16 fa-2x\"><path fill=\"currentColor\" d=\"M396.8 352h22.4c6.4 0 12.8-6.4 12.8-12.8V108.8c0-6.4-6.4-12.8-12.8-12.8h-22.4c-6.4 0-12.8 6.4-12.8 12.8v230.4c0 6.4 6.4 12.8 12.8 12.8zm-192 0h22.4c6.4 0 12.8-6.4 12.8-12.8V140.8c0-6.4-6.4-12.8-12.8-12.8h-22.4c-6.4 0-12.8 6.4-12.8 12.8v198.4c0 6.4 6.4 12.8 12.8 12.8zm96 0h22.4c6.4 0 12.8-6.4 12.8-12.8V204.8c0-6.4-6.4-12.8-12.8-12.8h-22.4c-6.4 0-12.8 6.4-12.8 12.8v134.4c0 6.4 6.4 12.8 12.8 12.8zM496 400H48V80c0-8.84-7.16-16-16-16H16C7.16 64 0 71.16 0 80v336c0 17.67 14.33 32 32 32h464c8.84 0 16-7.16 16-16v-16c0-8.84-7.16-16-16-16zm-387.2-48h22.4c6.4 0 12.8-6.4 12.8-12.8v-70.4c0-6.4-6.4-12.8-12.8-12.8h-22.4c-6.4 0-12.8 6.4-12.8 12.8v70.4c0 6.4 6.4 12.8 12.8 12.8z\" class=\"\"><\/path><\/svg><\/i> <img loading=\"lazy\" decoding=\"async\" width=\"16\" height=\"16\" alt=\"Loading\" src=\"https:\/\/ciesas.edu.mx\/investigacion\/wp-content\/plugins\/page-views-count\/ajax-loader-2x.gif\" border=0 \/><\/p><div class=\"pvc_clear\"><\/div>","protected":false},"excerpt":{"rendered":"<div class=\"pvc_clear\"><\/div>\n<p id=\"pvc_stats_9453\" class=\"pvc_stats all  \" data-element-id=\"9453\" style=\"\"><i class=\"pvc-stats-icon small\" aria-hidden=\"true\"><svg aria-hidden=\"true\" focusable=\"false\" data-prefix=\"far\" data-icon=\"chart-bar\" role=\"img\" xmlns=\"http:\/\/www.w3.org\/2000\/svg\" viewBox=\"0 0 512 512\" class=\"svg-inline--fa fa-chart-bar fa-w-16 fa-2x\"><path fill=\"currentColor\" d=\"M396.8 352h22.4c6.4 0 12.8-6.4 12.8-12.8V108.8c0-6.4-6.4-12.8-12.8-12.8h-22.4c-6.4 0-12.8 6.4-12.8 12.8v230.4c0 6.4 6.4 12.8 12.8 12.8zm-192 0h22.4c6.4 0 12.8-6.4 12.8-12.8V140.8c0-6.4-6.4-12.8-12.8-12.8h-22.4c-6.4 0-12.8 6.4-12.8 12.8v198.4c0 6.4 6.4 12.8 12.8 12.8zm96 0h22.4c6.4 0 12.8-6.4 12.8-12.8V204.8c0-6.4-6.4-12.8-12.8-12.8h-22.4c-6.4 0-12.8 6.4-12.8 12.8v134.4c0 6.4 6.4 12.8 12.8 12.8zM496 400H48V80c0-8.84-7.16-16-16-16H16C7.16 64 0 71.16 0 80v336c0 17.67 14.33 32 32 32h464c8.84 0 16-7.16 16-16v-16c0-8.84-7.16-16-16-16zm-387.2-48h22.4c6.4 0 12.8-6.4 12.8-12.8v-70.4c0-6.4-6.4-12.8-12.8-12.8h-22.4c-6.4 0-12.8 6.4-12.8 12.8v70.4c0 6.4 6.4 12.8 12.8 12.8z\" class=\"\"><\/path><\/svg><\/i> <img loading=\"lazy\" decoding=\"async\" width=\"16\" height=\"16\" alt=\"Loading\" src=\"https:\/\/ciesas.edu.mx\/investigacion\/wp-content\/plugins\/page-views-count\/ajax-loader-2x.gif\" border=0 \/><\/p>\n<div class=\"pvc_clear\"><\/div>\n","protected":false},"author":5,"featured_media":0,"parent":0,"menu_order":67,"comment_status":"closed","ping_status":"closed","template":"","meta":{"qubely_global_settings":"","qubely_interactions":"","om_disable_all_campaigns":false,"_uag_custom_page_level_css":"","_monsterinsights_skip_tracking":false,"_monsterinsights_sitenote_active":false,"_monsterinsights_sitenote_note":"","_monsterinsights_sitenote_category":0,"footnotes":""},"class_list":["post-9453","page","type-page","status-publish","hentry"],"aioseo_notices":[],"a3_pvc":{"activated":true,"total_views":507,"today_views":0},"featured_image_urls_v2":{"full":"","thumbnail":"","medium":"","medium_large":"","large":"","1536x1536":"","2048x2048":"","qubely_landscape":"","qubely_portrait":"","qubely_thumbnail":"","gb-block-post-grid-landscape":"","gb-block-post-grid-square":"","ciesas":"","noticias":"","noticias_portrait":"","posgrados":"","fotoacademicos":"","noticias-investigacion":"","academico":"","academico-listado":"","sedes-foto":""},"post_excerpt_stackable_v2":"<p>C\u00e1tedra Internacional Marcela Lagarde y de los R\u00edos Coordinadora: Dra. Patricia Ravelo Blancas (CIESAS CDMX)Correo: patriciaraveloblancas@gmail.com Esta c\u00e1tedra surge de la iniciativa entre la Universidad de Texas en Austin, la Universidad Nacional Aut\u00f3noma de M\u00e9xico, el Centro de Investigaciones y Estudios Superiores en Antropolog\u00eda Social y la Universidad Aut\u00f3noma de Ciudad Ju\u00e1rez, que en 2015 convocaron a conformar un espacio acad\u00e9mico, de investigaci\u00f3n, formaci\u00f3n e incidencia pol\u00edtica en el que se desarrollen actividades en torno a la erradicaci\u00f3n de la violencia de g\u00e9nero y la consolidaci\u00f3n de los derechos humanos de las mujeres en M\u00e9xico y otros pa\u00edses iberoamericanos. El&hellip;<\/p>\n<div class=\"pvc_clear\"><\/div>\n<p id=\"pvc_stats_9453\" class=\"pvc_stats all  \" data-element-id=\"9453\" style=\"\"><i class=\"pvc-stats-icon small\" aria-hidden=\"true\"><svg aria-hidden=\"true\" focusable=\"false\" data-prefix=\"far\" data-icon=\"chart-bar\" role=\"img\" xmlns=\"http:\/\/www.w3.org\/2000\/svg\" viewBox=\"0 0 512 512\" class=\"svg-inline--fa fa-chart-bar fa-w-16 fa-2x\"><path fill=\"currentColor\" d=\"M396.8 352h22.4c6.4 0 12.8-6.4 12.8-12.8V108.8c0-6.4-6.4-12.8-12.8-12.8h-22.4c-6.4 0-12.8 6.4-12.8 12.8v230.4c0 6.4 6.4 12.8 12.8 12.8zm-192 0h22.4c6.4 0 12.8-6.4 12.8-12.8V140.8c0-6.4-6.4-12.8-12.8-12.8h-22.4c-6.4 0-12.8 6.4-12.8 12.8v198.4c0 6.4 6.4 12.8 12.8 12.8zm96 0h22.4c6.4 0 12.8-6.4 12.8-12.8V204.8c0-6.4-6.4-12.8-12.8-12.8h-22.4c-6.4 0-12.8 6.4-12.8 12.8v134.4c0 6.4 6.4 12.8 12.8 12.8zM496 400H48V80c0-8.84-7.16-16-16-16H16C7.16 64 0 71.16 0 80v336c0 17.67 14.33 32 32 32h464c8.84 0 16-7.16 16-16v-16c0-8.84-7.16-16-16-16zm-387.2-48h22.4c6.4 0 12.8-6.4 12.8-12.8v-70.4c0-6.4-6.4-12.8-12.8-12.8h-22.4c-6.4 0-12.8 6.4-12.8 12.8v70.4c0 6.4 6.4 12.8 12.8 12.8z\" class=\"\"><\/path><\/svg><\/i> <img loading=\"lazy\" decoding=\"async\" width=\"16\" height=\"16\" alt=\"Loading\" src=\"https:\/\/ciesas.edu.mx\/investigacion\/wp-content\/plugins\/page-views-count\/ajax-loader-2x.gif\" border=0 \/><\/p>\n<div class=\"pvc_clear\"><\/div>\n","category_list_v2":"","author_info_v2":{"name":"Elizabeth","url":"https:\/\/ciesas.edu.mx\/investigacion\/author\/elizabeth\/"},"comments_num_v2":"0 comentarios","featured_image_src":null,"featured_image_src_square":null,"uagb_featured_image_src":{"full":false,"thumbnail":false,"medium":false,"medium_large":false,"large":false,"1536x1536":false,"2048x2048":false,"qubely_landscape":false,"qubely_portrait":false,"qubely_thumbnail":false,"gb-block-post-grid-landscape":false,"gb-block-post-grid-square":false,"ciesas":false,"noticias":false,"noticias_portrait":false,"posgrados":false,"fotoacademicos":false,"noticias-investigacion":false,"academico":false,"academico-listado":false,"sedes-foto":false},"uagb_author_info":{"display_name":"Elizabeth","author_link":"https:\/\/ciesas.edu.mx\/investigacion\/author\/elizabeth\/"},"uagb_comment_info":0,"uagb_excerpt":null,"_links":{"self":[{"href":"https:\/\/ciesas.edu.mx\/investigacion\/wp-json\/wp\/v2\/pages\/9453","targetHints":{"allow":["GET"]}}],"collection":[{"href":"https:\/\/ciesas.edu.mx\/investigacion\/wp-json\/wp\/v2\/pages"}],"about":[{"href":"https:\/\/ciesas.edu.mx\/investigacion\/wp-json\/wp\/v2\/types\/page"}],"author":[{"embeddable":true,"href":"https:\/\/ciesas.edu.mx\/investigacion\/wp-json\/wp\/v2\/users\/5"}],"replies":[{"embeddable":true,"href":"https:\/\/ciesas.edu.mx\/investigacion\/wp-json\/wp\/v2\/comments?post=9453"}],"version-history":[{"count":1,"href":"https:\/\/ciesas.edu.mx\/investigacion\/wp-json\/wp\/v2\/pages\/9453\/revisions"}],"predecessor-version":[{"id":17207,"href":"https:\/\/ciesas.edu.mx\/investigacion\/wp-json\/wp\/v2\/pages\/9453\/revisions\/17207"}],"wp:attachment":[{"href":"https:\/\/ciesas.edu.mx\/investigacion\/wp-json\/wp\/v2\/media?parent=9453"}],"curies":[{"name":"wp","href":"https:\/\/api.w.org\/{rel}","templated":true}]}}