{"id":9635,"date":"2020-09-24T17:25:51","date_gmt":"2020-09-24T17:25:51","guid":{"rendered":"https:\/\/capazmente.com\/investigacion\/?page_id=9635"},"modified":"2020-09-24T17:25:51","modified_gmt":"2020-09-24T17:25:51","slug":"posgrados-y-lineas-de-especializacion-doctorado-en-antropologia-social","status":"publish","type":"page","link":"https:\/\/ciesas.edu.mx\/investigacion\/posgrados-y-lineas-de-especializacion-doctorado-en-antropologia-social\/","title":{"rendered":"Posgrados y l\u00edneas de especializaci\u00f3n: Doctorado en Antropolog\u00eda Social"},"content":{"rendered":"\n<div class=\"wp-block-qubely-row qubely-section qubely-block-112ad7\"><div class=\"qubely-row-overlay\"><\/div><div class=\"qubely-container\"><div class=\"qubely-row \">\n<div class=\"wp-block-qubely-column qubely-column qubely-column-front qubely-block-7fe38a\"><div class=\"qubely-column-inner\">\n<p>POSGRADOS<\/p>\n\n\n<p>DOCTORADOS<\/p>\n\n\n<p><a href=\"https:\/\/capazmente.com\/investigacion\/posgrados\/\" data-type=\"page\" data-id=\"9572\"><strong><em>Doctorado en Antropolog\u00eda<\/em><\/strong>&nbsp;<strong><em>Ciudad de M\u00e9xico<\/em><\/strong><\/a><\/p>\n\n\n<p><strong><em><a href=\"https:\/\/capazmente.com\/investigacion\/lineas-linguistica\/\">Doctorado en Ling\u00fc\u00edstica Indoamericana<\/a><\/em><\/strong><\/p>\n\n\n<p><a href=\"https:\/\/capazmente.com\/investigacion\/posgrados-y-lineas-de-especializacion-ciencias-sociales\/\"><strong><em>Ciudad de M\u00e9xico<\/em><\/strong>&nbsp;<strong><em>Doctorado en<\/em><\/strong>&nbsp;<strong><em>Ciencias Sociales<\/em><\/strong>&nbsp;<strong><em>Occidente<\/em><\/strong><\/a><\/p>\n\n\n<p><strong><em><a href=\"https:\/\/capazmente.com\/investigacion\/posgrados-y-lineas-de-especializacion-doctorado-en-historia-peninsular\/\">Doctorado en Historia, Peninsular<\/a><\/em><\/strong><\/p>\n\n\n<p><a href=\"https:\/\/capazmente.com\/investigacion\/posgrados-y-lineas-de-especializacion-doctorado-en-antropologia-social\/\" data-type=\"page\" data-id=\"9635\"><strong><em>Doctorado en Antropolog\u00eda Social<\/em><\/strong>, <strong><em>Sureste<\/em><\/strong><\/a><\/p>\n<\/div><\/div>\n\n\n<div class=\"wp-block-qubely-column qubely-column qubely-column-front qubely-block-d57d5f\"><div class=\"qubely-column-inner\">\n<p class=\"has-text-align-center has-medium-font-size\"><strong>Posgrados y l\u00edneas de especializaci\u00f3n<\/strong><\/p>\n\n\n<p class=\"has-text-align-center\"><strong><em>Doctorado en Ling\u00fc\u00edstica Indoamericana<\/em><\/strong>, <strong><em>Ciudad de M\u00e9xico<\/em><\/strong><\/p>\n\n\n<div class=\"wp-block-image mb-0 mt-0\"><figure class=\"aligncenter size-large is-resized\"><img loading=\"lazy\" decoding=\"async\" src=\"https:\/\/ciesas.edu.mx\/investigacion\/wp-content\/uploads\/2020\/09\/doctorado-sureste-A-social-2.png\" alt=\"\" class=\"wp-image-9587\" width=\"200\" height=\"200\"\/><\/figure><\/div>\n\n\n<p><\/p>\n\n\n<p class=\"has-text-align-center\">\u2022Antropolog\u00eda m\u00e9dica. <\/p>\n\n\n<p class=\"has-text-align-center\">\u2022Estudios territoriales y de frontera. <\/p>\n\n\n<p class=\"has-text-align-center\">\u2022Din\u00e1micas socioculturales contempor\u00e1neas.<\/p>\n<\/div><\/div>\n\n\n<div class=\"wp-block-qubely-column qubely-column qubely-column-front qubely-block-ab51a3\"><div class=\"qubely-column-inner\">\n<p><a href=\"https:\/\/capazmente.com\/investigacion\/lista-de-investigadores-y-proyecto\/\">Proyectos e investigadores<\/a><\/p>\n\n\n<p><a href=\"https:\/\/capazmente.com\/investigacion\/posgrados\/\" data-type=\"page\" data-id=\"9572\">Posgrados Doctorado<\/a><\/p>\n\n\n<p>Posgrados Maestr\u00eda <\/p>\n\n\n<p>Seminarios<\/p>\n\n\n<p>Publicaciones<\/p>\n\n\n<p>Tesis<\/p>\n\n\n<p><a href=\"https:\/\/capazmente.com\/investigacion\/investigacion\/catedras\/\">C\u00e1tedras<\/a><\/p>\n\n\n<p><a href=\"https:\/\/capazmente.com\/investigacion\/investigacion\/laboratorios\/\">Laboratorios<\/a><\/p>\n\n\n<p><a href=\"https:\/\/capazmente.com\/investigacion\/investigacion\/proyectos-especiales\/\">Proyectos Especiales<\/a><\/p>\n<\/div><\/div>\n<\/div><\/div><\/div>\n\n\n<p><\/p>\n<div class=\"pvc_clear\"><\/div><p id=\"pvc_stats_9635\" class=\"pvc_stats all  \" data-element-id=\"9635\" style=\"\"><i class=\"pvc-stats-icon small\" aria-hidden=\"true\"><svg aria-hidden=\"true\" focusable=\"false\" data-prefix=\"far\" data-icon=\"chart-bar\" role=\"img\" xmlns=\"http:\/\/www.w3.org\/2000\/svg\" viewBox=\"0 0 512 512\" class=\"svg-inline--fa fa-chart-bar fa-w-16 fa-2x\"><path fill=\"currentColor\" d=\"M396.8 352h22.4c6.4 0 12.8-6.4 12.8-12.8V108.8c0-6.4-6.4-12.8-12.8-12.8h-22.4c-6.4 0-12.8 6.4-12.8 12.8v230.4c0 6.4 6.4 12.8 12.8 12.8zm-192 0h22.4c6.4 0 12.8-6.4 12.8-12.8V140.8c0-6.4-6.4-12.8-12.8-12.8h-22.4c-6.4 0-12.8 6.4-12.8 12.8v198.4c0 6.4 6.4 12.8 12.8 12.8zm96 0h22.4c6.4 0 12.8-6.4 12.8-12.8V204.8c0-6.4-6.4-12.8-12.8-12.8h-22.4c-6.4 0-12.8 6.4-12.8 12.8v134.4c0 6.4 6.4 12.8 12.8 12.8zM496 400H48V80c0-8.84-7.16-16-16-16H16C7.16 64 0 71.16 0 80v336c0 17.67 14.33 32 32 32h464c8.84 0 16-7.16 16-16v-16c0-8.84-7.16-16-16-16zm-387.2-48h22.4c6.4 0 12.8-6.4 12.8-12.8v-70.4c0-6.4-6.4-12.8-12.8-12.8h-22.4c-6.4 0-12.8 6.4-12.8 12.8v70.4c0 6.4 6.4 12.8 12.8 12.8z\" class=\"\"><\/path><\/svg><\/i> <img loading=\"lazy\" decoding=\"async\" width=\"16\" height=\"16\" alt=\"Loading\" src=\"https:\/\/ciesas.edu.mx\/investigacion\/wp-content\/plugins\/page-views-count\/ajax-loader-2x.gif\" border=0 \/><\/p><div class=\"pvc_clear\"><\/div>","protected":false},"excerpt":{"rendered":"<div class=\"pvc_clear\"><\/div>\n<p id=\"pvc_stats_9635\" class=\"pvc_stats all  \" data-element-id=\"9635\" style=\"\"><i class=\"pvc-stats-icon small\" aria-hidden=\"true\"><svg aria-hidden=\"true\" focusable=\"false\" data-prefix=\"far\" data-icon=\"chart-bar\" role=\"img\" xmlns=\"http:\/\/www.w3.org\/2000\/svg\" viewBox=\"0 0 512 512\" class=\"svg-inline--fa fa-chart-bar fa-w-16 fa-2x\"><path fill=\"currentColor\" d=\"M396.8 352h22.4c6.4 0 12.8-6.4 12.8-12.8V108.8c0-6.4-6.4-12.8-12.8-12.8h-22.4c-6.4 0-12.8 6.4-12.8 12.8v230.4c0 6.4 6.4 12.8 12.8 12.8zm-192 0h22.4c6.4 0 12.8-6.4 12.8-12.8V140.8c0-6.4-6.4-12.8-12.8-12.8h-22.4c-6.4 0-12.8 6.4-12.8 12.8v198.4c0 6.4 6.4 12.8 12.8 12.8zm96 0h22.4c6.4 0 12.8-6.4 12.8-12.8V204.8c0-6.4-6.4-12.8-12.8-12.8h-22.4c-6.4 0-12.8 6.4-12.8 12.8v134.4c0 6.4 6.4 12.8 12.8 12.8zM496 400H48V80c0-8.84-7.16-16-16-16H16C7.16 64 0 71.16 0 80v336c0 17.67 14.33 32 32 32h464c8.84 0 16-7.16 16-16v-16c0-8.84-7.16-16-16-16zm-387.2-48h22.4c6.4 0 12.8-6.4 12.8-12.8v-70.4c0-6.4-6.4-12.8-12.8-12.8h-22.4c-6.4 0-12.8 6.4-12.8 12.8v70.4c0 6.4 6.4 12.8 12.8 12.8z\" class=\"\"><\/path><\/svg><\/i> <img loading=\"lazy\" decoding=\"async\" width=\"16\" height=\"16\" alt=\"Loading\" src=\"https:\/\/ciesas.edu.mx\/investigacion\/wp-content\/plugins\/page-views-count\/ajax-loader-2x.gif\" border=0 \/><\/p>\n<div class=\"pvc_clear\"><\/div>\n","protected":false},"author":5,"featured_media":0,"parent":0,"menu_order":62,"comment_status":"closed","ping_status":"closed","template":"","meta":{"qubely_global_settings":"","qubely_interactions":"","om_disable_all_campaigns":false,"_uag_custom_page_level_css":"","_monsterinsights_skip_tracking":false,"_monsterinsights_sitenote_active":false,"_monsterinsights_sitenote_note":"","_monsterinsights_sitenote_category":0,"footnotes":""},"class_list":["post-9635","page","type-page","status-publish","hentry"],"aioseo_notices":[],"a3_pvc":{"activated":true,"total_views":96,"today_views":1},"featured_image_urls_v2":{"full":"","thumbnail":"","medium":"","medium_large":"","large":"","1536x1536":"","2048x2048":"","qubely_landscape":"","qubely_portrait":"","qubely_thumbnail":"","gb-block-post-grid-landscape":"","gb-block-post-grid-square":"","ciesas":"","noticias":"","noticias_portrait":"","posgrados":"","fotoacademicos":"","noticias-investigacion":"","academico":"","academico-listado":"","sedes-foto":""},"post_excerpt_stackable_v2":"<p>POSGRADOS DOCTORADOS Doctorado en Antropolog\u00eda&nbsp;Ciudad de M\u00e9xico Doctorado en Ling\u00fc\u00edstica Indoamericana Ciudad de M\u00e9xico&nbsp;Doctorado en&nbsp;Ciencias Sociales&nbsp;Occidente Doctorado en Historia, Peninsular Doctorado en Antropolog\u00eda Social, Sureste Posgrados y l\u00edneas de especializaci\u00f3n Doctorado en Ling\u00fc\u00edstica Indoamericana, Ciudad de M\u00e9xico \u2022Antropolog\u00eda m\u00e9dica. \u2022Estudios territoriales y de frontera. \u2022Din\u00e1micas socioculturales contempor\u00e1neas. Proyectos e investigadores Posgrados Doctorado Posgrados Maestr\u00eda Seminarios Publicaciones Tesis C\u00e1tedras Laboratorios Proyectos Especiales<\/p>\n<div class=\"pvc_clear\"><\/div>\n<p id=\"pvc_stats_9635\" class=\"pvc_stats all  \" data-element-id=\"9635\" style=\"\"><i class=\"pvc-stats-icon small\" aria-hidden=\"true\"><svg aria-hidden=\"true\" focusable=\"false\" data-prefix=\"far\" data-icon=\"chart-bar\" role=\"img\" xmlns=\"http:\/\/www.w3.org\/2000\/svg\" viewBox=\"0 0 512 512\" class=\"svg-inline--fa fa-chart-bar fa-w-16 fa-2x\"><path fill=\"currentColor\" d=\"M396.8 352h22.4c6.4 0 12.8-6.4 12.8-12.8V108.8c0-6.4-6.4-12.8-12.8-12.8h-22.4c-6.4 0-12.8 6.4-12.8 12.8v230.4c0 6.4 6.4 12.8 12.8 12.8zm-192 0h22.4c6.4 0 12.8-6.4 12.8-12.8V140.8c0-6.4-6.4-12.8-12.8-12.8h-22.4c-6.4 0-12.8 6.4-12.8 12.8v198.4c0 6.4 6.4 12.8 12.8 12.8zm96 0h22.4c6.4 0 12.8-6.4 12.8-12.8V204.8c0-6.4-6.4-12.8-12.8-12.8h-22.4c-6.4 0-12.8 6.4-12.8 12.8v134.4c0 6.4 6.4 12.8 12.8 12.8zM496 400H48V80c0-8.84-7.16-16-16-16H16C7.16 64 0 71.16 0 80v336c0 17.67 14.33 32 32 32h464c8.84 0 16-7.16 16-16v-16c0-8.84-7.16-16-16-16zm-387.2-48h22.4c6.4 0 12.8-6.4 12.8-12.8v-70.4c0-6.4-6.4-12.8-12.8-12.8h-22.4c-6.4 0-12.8 6.4-12.8 12.8v70.4c0 6.4 6.4 12.8 12.8 12.8z\" class=\"\"><\/path><\/svg><\/i> <img loading=\"lazy\" decoding=\"async\" width=\"16\" height=\"16\" alt=\"Loading\" src=\"https:\/\/ciesas.edu.mx\/investigacion\/wp-content\/plugins\/page-views-count\/ajax-loader-2x.gif\" border=0 \/><\/p>\n<div class=\"pvc_clear\"><\/div>\n","category_list_v2":"","author_info_v2":{"name":"Elizabeth","url":"https:\/\/ciesas.edu.mx\/investigacion\/author\/elizabeth\/"},"comments_num_v2":"0 comentarios","featured_image_src":null,"featured_image_src_square":null,"uagb_featured_image_src":{"full":false,"thumbnail":false,"medium":false,"medium_large":false,"large":false,"1536x1536":false,"2048x2048":false,"qubely_landscape":false,"qubely_portrait":false,"qubely_thumbnail":false,"gb-block-post-grid-landscape":false,"gb-block-post-grid-square":false,"ciesas":false,"noticias":false,"noticias_portrait":false,"posgrados":false,"fotoacademicos":false,"noticias-investigacion":false,"academico":false,"academico-listado":false,"sedes-foto":false},"uagb_author_info":{"display_name":"Elizabeth","author_link":"https:\/\/ciesas.edu.mx\/investigacion\/author\/elizabeth\/"},"uagb_comment_info":0,"uagb_excerpt":null,"_links":{"self":[{"href":"https:\/\/ciesas.edu.mx\/investigacion\/wp-json\/wp\/v2\/pages\/9635","targetHints":{"allow":["GET"]}}],"collection":[{"href":"https:\/\/ciesas.edu.mx\/investigacion\/wp-json\/wp\/v2\/pages"}],"about":[{"href":"https:\/\/ciesas.edu.mx\/investigacion\/wp-json\/wp\/v2\/types\/page"}],"author":[{"embeddable":true,"href":"https:\/\/ciesas.edu.mx\/investigacion\/wp-json\/wp\/v2\/users\/5"}],"replies":[{"embeddable":true,"href":"https:\/\/ciesas.edu.mx\/investigacion\/wp-json\/wp\/v2\/comments?post=9635"}],"version-history":[{"count":0,"href":"https:\/\/ciesas.edu.mx\/investigacion\/wp-json\/wp\/v2\/pages\/9635\/revisions"}],"wp:attachment":[{"href":"https:\/\/ciesas.edu.mx\/investigacion\/wp-json\/wp\/v2\/media?parent=9635"}],"curies":[{"name":"wp","href":"https:\/\/api.w.org\/{rel}","templated":true}]}}