{"id":9724,"date":"2020-09-24T19:08:57","date_gmt":"2020-09-24T19:08:57","guid":{"rendered":"https:\/\/capazmente.com\/investigacion\/?page_id=9724"},"modified":"2020-09-24T19:08:57","modified_gmt":"2020-09-24T19:08:57","slug":"posgrados-y-lineas-de-especializacion-doctorado-en-antropologia-social-sureste","status":"publish","type":"page","link":"https:\/\/ciesas.edu.mx\/investigacion\/posgrados-y-lineas-de-especializacion-doctorado-en-antropologia-social-sureste\/","title":{"rendered":"Posgrados y l\u00edneas de especializaci\u00f3n: Doctorado en Antropolog\u00eda Social, Sureste"},"content":{"rendered":"\n<div class=\"wp-block-qubely-row qubely-section qubely-block-ce7409\"><div class=\"qubely-row-overlay\"><\/div><div class=\"qubely-container\"><div class=\"qubely-row \">\n<div class=\"wp-block-qubely-column qubely-column qubely-column-front qubely-block-cf89ab\"><div class=\"qubely-column-inner\">\n<p style=\"background-color:#505c6b; color:white;font-size:18px;text-align:center;\">\nPosgrados Doctorado<\/p>\n\n<div class=\"menu-posgrados-doctorado-container\"><ul id=\"short_menu_69ed7c983cc34\" class=\"shortcode_menu  wpsm-menu wpsm-vertical menu_enhance  \"><li id=\"menu-item-14591\" class=\"menu-item menu-item-type-custom menu-item-object-custom menu-item-14591\"><a href=\"https:\/\/capazmente.com\/investigacion\/posgrados\/\">L\u00edneas Antropolog\u00eda CDMX<\/a><\/li>\n<li id=\"menu-item-14592\" class=\"menu-item menu-item-type-custom menu-item-object-custom menu-item-14592\"><a href=\"https:\/\/capazmente.com\/investigacion\/lineas-linguistica\/\">L\u00edneas Ling\u00fc\u00edstica CDMX<\/a><\/li>\n<li id=\"menu-item-14593\" class=\"menu-item menu-item-type-custom menu-item-object-custom menu-item-14593\"><a href=\"https:\/\/capazmente.com\/investigacion\/posgrados-y-lineas-de-especializacion-ciencias-sociales\/\">L\u00edneas Ciencias Sociales Occidente<\/a><\/li>\n<li id=\"menu-item-14594\" class=\"menu-item menu-item-type-custom menu-item-object-custom menu-item-14594\"><a href=\"https:\/\/capazmente.com\/investigacion\/posgrados-y-lineas-de-especializacion-doctorado-en-historia-peninsular\/\">L\u00ednea Historia Peninsular<\/a><\/li>\n<li id=\"menu-item-14595\" class=\"menu-item menu-item-type-custom menu-item-object-custom menu-item-14595\"><a href=\"https:\/\/capazmente.com\/investigacion\/posgrados-y-lineas-de-especializacion-doctorado-en-antropologia-social-sureste\/\">L\u00ednea Antropolog\u00eda Social Sureste<\/a><\/li>\n<\/ul><\/div><div class=\"clear\"><\/div>\n            <style>\n                #short_menu_69ed7c983cc34 {  }\n                #short_menu_69ed7c983cc34 ul.wpsm-arrow-enabled:before {  } \n                #short_menu_69ed7c983cc34 ul, #short_menu_69ed7c983cc34 ul ul {  }\n                #short_menu_69ed7c983cc34 a { color:#ffffff;  }\n                #short_menu_69ed7c983cc34 a:hover {  }\n                #short_menu_69ed7c983cc34 ul a {  }\n                #short_menu_69ed7c983cc34 ul a:hover {  }\n                \n            <\/style>\n            <script type=\"text\/javascript\">\n                var show_arrow = \"true\";var $sm = jQuery.noConflict();\n                jQuery(function ($) {\n                    $(\"#short_menu_69ed7c983cc34\").tinyNav();\n                    $(\"#short_menu_69ed7c983cc34\").next().addClass(\"shortcode-menu-mobile\");\n                    shortcode_menu_responsive();\n                });\n                jQuery(window).resize(function($){\n                    shortcode_menu_responsive();\n                });\n                function shortcode_menu_responsive() {\n                    var window_width = $sm(window).width();\n                    if (window_width <= 650) {\n                        $sm(\"#short_menu_69ed7c983cc34\").hide();\n                        $sm(\"#short_menu_69ed7c983cc34\").next().show();\n                    } else {\n                        $sm(\"#short_menu_69ed7c983cc34\").show();\n                        $sm(\"#short_menu_69ed7c983cc34\").next().hide();\n                    }\n                }<\/script>\n<\/div><\/div>\n\n\n<div class=\"wp-block-qubely-column qubely-column qubely-column-front qubely-block-8a0afa\"><div class=\"qubely-column-inner\">\n<p class=\"has-text-align-center has-medium-font-size\"><strong>Posgrados y l\u00edneas de especializaci\u00f3n<\/strong><\/p>\n\n\n<p class=\"has-text-align-center\"><strong><em>Doctorado en Antropolog\u00eda Social, Sureste<\/em><\/strong><\/p>\n\n\n<div class=\"wp-block-image\"><figure class=\"aligncenter size-large is-resized\"><img loading=\"lazy\" decoding=\"async\" src=\"https:\/\/ciesas.edu.mx\/investigacion\/wp-content\/uploads\/2020\/09\/doctorado-sureste-A-social-2.png\" alt=\"\" class=\"wp-image-9587\" width=\"200\" height=\"200\"\/><\/figure><\/div>\n\n\n<p class=\"has-text-align-center\">\u2022Antropolog\u00eda m\u00e9dica. <\/p>\n\n\n<p class=\"has-text-align-center\">\u2022Estudios territoriales y de frontera. <\/p>\n\n\n<p class=\"has-text-align-center\">\u2022Din\u00e1micas socioculturales contempor\u00e1neas.<\/p>\n<\/div><\/div>\n\n\n<div class=\"wp-block-qubely-column qubely-column qubely-column-front qubely-block-ba228c\"><div class=\"qubely-column-inner\">\n<p style=\"background-color:#505c6b; color:white;font-size:18px;text-align:center;\">\nOpciones de Men\u00fa<\/p>\n\n<div class=\"menu-temas-de-investigacion-container\"><ul id=\"short_menu_69ed7c983f564\" class=\"shortcode_menu  wpsm-menu wpsm-vertical menu_enhance  \"><li id=\"menu-item-14564\" class=\"menu-item menu-item-type-post_type menu-item-object-page menu-item-14564\"><a href=\"https:\/\/ciesas.edu.mx\/investigacion\/datos-de-investigacion-ciesas\/\">L\u00edneas de Investigaci\u00f3n<\/a><\/li>\n<li id=\"menu-item-14561\" class=\"menu-item menu-item-type-post_type menu-item-object-page menu-item-14561\"><a href=\"https:\/\/ciesas.edu.mx\/investigacion\/investigacion\/catedras\/\">C\u00e1tedras<\/a><\/li>\n<li id=\"menu-item-14562\" class=\"menu-item menu-item-type-post_type menu-item-object-page menu-item-14562\"><a href=\"https:\/\/ciesas.edu.mx\/investigacion\/?page_id=9266\">Laboratorios<\/a><\/li>\n<li id=\"menu-item-14563\" class=\"menu-item menu-item-type-post_type menu-item-object-page menu-item-14563\"><a href=\"https:\/\/ciesas.edu.mx\/investigacion\/?page_id=9268\">Observatorios<\/a><\/li>\n<\/ul><\/div><div class=\"clear\"><\/div>\n            <style>\n                #short_menu_69ed7c983f564 { background:#505c6b;  }\n                #short_menu_69ed7c983f564 ul.wpsm-arrow-enabled:before {  } \n                #short_menu_69ed7c983f564 ul, #short_menu_69ed7c983f564 ul ul {  }\n                #short_menu_69ed7c983f564 a { color:#ffffff;  }\n                #short_menu_69ed7c983f564 a:hover { color:#e0f1ff;  }\n                #short_menu_69ed7c983f564 ul a {  }\n                #short_menu_69ed7c983f564 ul a:hover {  }\n                &lt;br \/&gt;\n\n            <\/style>\n            <script type=\"text\/javascript\">\n                var show_arrow = \"true\";var $sm = jQuery.noConflict();\n                jQuery(function ($) {\n                    $(\"#short_menu_69ed7c983f564\").tinyNav();\n                    $(\"#short_menu_69ed7c983f564\").next().addClass(\"shortcode-menu-mobile\");\n                    shortcode_menu_responsive();\n                });\n                jQuery(window).resize(function($){\n                    shortcode_menu_responsive();\n                });\n                function shortcode_menu_responsive() {\n                    var window_width = $sm(window).width();\n                    if (window_width <= 650) {\n                        $sm(\"#short_menu_69ed7c983f564\").hide();\n                        $sm(\"#short_menu_69ed7c983f564\").next().show();\n                    } else {\n                        $sm(\"#short_menu_69ed7c983f564\").show();\n                        $sm(\"#short_menu_69ed7c983f564\").next().hide();\n                    }\n                }<\/script>\n<\/div><\/div>\n<\/div><\/div><\/div>\n<div class=\"pvc_clear\"><\/div><p id=\"pvc_stats_9724\" class=\"pvc_stats all  \" data-element-id=\"9724\" style=\"\"><i class=\"pvc-stats-icon small\" aria-hidden=\"true\"><svg aria-hidden=\"true\" focusable=\"false\" data-prefix=\"far\" data-icon=\"chart-bar\" role=\"img\" xmlns=\"http:\/\/www.w3.org\/2000\/svg\" viewBox=\"0 0 512 512\" class=\"svg-inline--fa fa-chart-bar fa-w-16 fa-2x\"><path fill=\"currentColor\" d=\"M396.8 352h22.4c6.4 0 12.8-6.4 12.8-12.8V108.8c0-6.4-6.4-12.8-12.8-12.8h-22.4c-6.4 0-12.8 6.4-12.8 12.8v230.4c0 6.4 6.4 12.8 12.8 12.8zm-192 0h22.4c6.4 0 12.8-6.4 12.8-12.8V140.8c0-6.4-6.4-12.8-12.8-12.8h-22.4c-6.4 0-12.8 6.4-12.8 12.8v198.4c0 6.4 6.4 12.8 12.8 12.8zm96 0h22.4c6.4 0 12.8-6.4 12.8-12.8V204.8c0-6.4-6.4-12.8-12.8-12.8h-22.4c-6.4 0-12.8 6.4-12.8 12.8v134.4c0 6.4 6.4 12.8 12.8 12.8zM496 400H48V80c0-8.84-7.16-16-16-16H16C7.16 64 0 71.16 0 80v336c0 17.67 14.33 32 32 32h464c8.84 0 16-7.16 16-16v-16c0-8.84-7.16-16-16-16zm-387.2-48h22.4c6.4 0 12.8-6.4 12.8-12.8v-70.4c0-6.4-6.4-12.8-12.8-12.8h-22.4c-6.4 0-12.8 6.4-12.8 12.8v70.4c0 6.4 6.4 12.8 12.8 12.8z\" class=\"\"><\/path><\/svg><\/i> <img loading=\"lazy\" decoding=\"async\" width=\"16\" height=\"16\" alt=\"Loading\" src=\"https:\/\/ciesas.edu.mx\/investigacion\/wp-content\/plugins\/page-views-count\/ajax-loader-2x.gif\" border=0 \/><\/p><div class=\"pvc_clear\"><\/div>","protected":false},"excerpt":{"rendered":"<div class=\"pvc_clear\"><\/div>\n<p id=\"pvc_stats_9724\" class=\"pvc_stats all  \" data-element-id=\"9724\" style=\"\"><i class=\"pvc-stats-icon small\" aria-hidden=\"true\"><svg aria-hidden=\"true\" focusable=\"false\" data-prefix=\"far\" data-icon=\"chart-bar\" role=\"img\" xmlns=\"http:\/\/www.w3.org\/2000\/svg\" viewBox=\"0 0 512 512\" class=\"svg-inline--fa fa-chart-bar fa-w-16 fa-2x\"><path fill=\"currentColor\" d=\"M396.8 352h22.4c6.4 0 12.8-6.4 12.8-12.8V108.8c0-6.4-6.4-12.8-12.8-12.8h-22.4c-6.4 0-12.8 6.4-12.8 12.8v230.4c0 6.4 6.4 12.8 12.8 12.8zm-192 0h22.4c6.4 0 12.8-6.4 12.8-12.8V140.8c0-6.4-6.4-12.8-12.8-12.8h-22.4c-6.4 0-12.8 6.4-12.8 12.8v198.4c0 6.4 6.4 12.8 12.8 12.8zm96 0h22.4c6.4 0 12.8-6.4 12.8-12.8V204.8c0-6.4-6.4-12.8-12.8-12.8h-22.4c-6.4 0-12.8 6.4-12.8 12.8v134.4c0 6.4 6.4 12.8 12.8 12.8zM496 400H48V80c0-8.84-7.16-16-16-16H16C7.16 64 0 71.16 0 80v336c0 17.67 14.33 32 32 32h464c8.84 0 16-7.16 16-16v-16c0-8.84-7.16-16-16-16zm-387.2-48h22.4c6.4 0 12.8-6.4 12.8-12.8v-70.4c0-6.4-6.4-12.8-12.8-12.8h-22.4c-6.4 0-12.8 6.4-12.8 12.8v70.4c0 6.4 6.4 12.8 12.8 12.8z\" class=\"\"><\/path><\/svg><\/i> <img loading=\"lazy\" decoding=\"async\" width=\"16\" height=\"16\" alt=\"Loading\" src=\"https:\/\/ciesas.edu.mx\/investigacion\/wp-content\/plugins\/page-views-count\/ajax-loader-2x.gif\" border=0 \/><\/p>\n<div class=\"pvc_clear\"><\/div>\n","protected":false},"author":5,"featured_media":0,"parent":0,"menu_order":55,"comment_status":"closed","ping_status":"closed","template":"","meta":{"qubely_global_settings":"","qubely_interactions":"","om_disable_all_campaigns":false,"_uag_custom_page_level_css":"","_monsterinsights_skip_tracking":false,"_monsterinsights_sitenote_active":false,"_monsterinsights_sitenote_note":"","_monsterinsights_sitenote_category":0,"footnotes":""},"class_list":["post-9724","page","type-page","status-publish","hentry"],"aioseo_notices":[],"a3_pvc":{"activated":true,"total_views":25,"today_views":0},"featured_image_urls_v2":{"full":"","thumbnail":"","medium":"","medium_large":"","large":"","1536x1536":"","2048x2048":"","qubely_landscape":"","qubely_portrait":"","qubely_thumbnail":"","gb-block-post-grid-landscape":"","gb-block-post-grid-square":"","ciesas":"","noticias":"","noticias_portrait":"","posgrados":"","fotoacademicos":"","noticias-investigacion":"","academico":"","academico-listado":"","sedes-foto":""},"post_excerpt_stackable_v2":"<p>Posgrados Doctorado L\u00edneas Antropolog\u00eda CDMX L\u00edneas Ling\u00fc\u00edstica CDMX L\u00edneas Ciencias Sociales Occidente L\u00ednea Historia Peninsular L\u00ednea Antropolog\u00eda Social Sureste Posgrados y l\u00edneas de especializaci\u00f3n Doctorado en Antropolog\u00eda Social, Sureste \u2022Antropolog\u00eda m\u00e9dica. \u2022Estudios territoriales y de frontera. \u2022Din\u00e1micas socioculturales contempor\u00e1neas. Opciones de Men\u00fa L\u00edneas de Investigaci\u00f3n C\u00e1tedras Laboratorios Observatorios<\/p>\n<div class=\"pvc_clear\"><\/div>\n<p id=\"pvc_stats_9724\" class=\"pvc_stats all  \" data-element-id=\"9724\" style=\"\"><i class=\"pvc-stats-icon small\" aria-hidden=\"true\"><svg aria-hidden=\"true\" focusable=\"false\" data-prefix=\"far\" data-icon=\"chart-bar\" role=\"img\" xmlns=\"http:\/\/www.w3.org\/2000\/svg\" viewBox=\"0 0 512 512\" class=\"svg-inline--fa fa-chart-bar fa-w-16 fa-2x\"><path fill=\"currentColor\" d=\"M396.8 352h22.4c6.4 0 12.8-6.4 12.8-12.8V108.8c0-6.4-6.4-12.8-12.8-12.8h-22.4c-6.4 0-12.8 6.4-12.8 12.8v230.4c0 6.4 6.4 12.8 12.8 12.8zm-192 0h22.4c6.4 0 12.8-6.4 12.8-12.8V140.8c0-6.4-6.4-12.8-12.8-12.8h-22.4c-6.4 0-12.8 6.4-12.8 12.8v198.4c0 6.4 6.4 12.8 12.8 12.8zm96 0h22.4c6.4 0 12.8-6.4 12.8-12.8V204.8c0-6.4-6.4-12.8-12.8-12.8h-22.4c-6.4 0-12.8 6.4-12.8 12.8v134.4c0 6.4 6.4 12.8 12.8 12.8zM496 400H48V80c0-8.84-7.16-16-16-16H16C7.16 64 0 71.16 0 80v336c0 17.67 14.33 32 32 32h464c8.84 0 16-7.16 16-16v-16c0-8.84-7.16-16-16-16zm-387.2-48h22.4c6.4 0 12.8-6.4 12.8-12.8v-70.4c0-6.4-6.4-12.8-12.8-12.8h-22.4c-6.4 0-12.8 6.4-12.8 12.8v70.4c0 6.4 6.4 12.8 12.8 12.8z\" class=\"\"><\/path><\/svg><\/i> <img loading=\"lazy\" decoding=\"async\" width=\"16\" height=\"16\" alt=\"Loading\" src=\"https:\/\/ciesas.edu.mx\/investigacion\/wp-content\/plugins\/page-views-count\/ajax-loader-2x.gif\" border=0 \/><\/p>\n<div class=\"pvc_clear\"><\/div>\n","category_list_v2":"","author_info_v2":{"name":"Elizabeth","url":"https:\/\/ciesas.edu.mx\/investigacion\/author\/elizabeth\/"},"comments_num_v2":"0 comentarios","featured_image_src":null,"featured_image_src_square":null,"uagb_featured_image_src":{"full":false,"thumbnail":false,"medium":false,"medium_large":false,"large":false,"1536x1536":false,"2048x2048":false,"qubely_landscape":false,"qubely_portrait":false,"qubely_thumbnail":false,"gb-block-post-grid-landscape":false,"gb-block-post-grid-square":false,"ciesas":false,"noticias":false,"noticias_portrait":false,"posgrados":false,"fotoacademicos":false,"noticias-investigacion":false,"academico":false,"academico-listado":false,"sedes-foto":false},"uagb_author_info":{"display_name":"Elizabeth","author_link":"https:\/\/ciesas.edu.mx\/investigacion\/author\/elizabeth\/"},"uagb_comment_info":0,"uagb_excerpt":null,"_links":{"self":[{"href":"https:\/\/ciesas.edu.mx\/investigacion\/wp-json\/wp\/v2\/pages\/9724","targetHints":{"allow":["GET"]}}],"collection":[{"href":"https:\/\/ciesas.edu.mx\/investigacion\/wp-json\/wp\/v2\/pages"}],"about":[{"href":"https:\/\/ciesas.edu.mx\/investigacion\/wp-json\/wp\/v2\/types\/page"}],"author":[{"embeddable":true,"href":"https:\/\/ciesas.edu.mx\/investigacion\/wp-json\/wp\/v2\/users\/5"}],"replies":[{"embeddable":true,"href":"https:\/\/ciesas.edu.mx\/investigacion\/wp-json\/wp\/v2\/comments?post=9724"}],"version-history":[{"count":0,"href":"https:\/\/ciesas.edu.mx\/investigacion\/wp-json\/wp\/v2\/pages\/9724\/revisions"}],"wp:attachment":[{"href":"https:\/\/ciesas.edu.mx\/investigacion\/wp-json\/wp\/v2\/media?parent=9724"}],"curies":[{"name":"wp","href":"https:\/\/api.w.org\/{rel}","templated":true}]}}